{"id":809,"date":"2019-12-15T17:57:26","date_gmt":"2019-12-15T15:57:26","guid":{"rendered":"https:\/\/www.games4all.ee\/product\/dixit-mangulaiendid\/"},"modified":"2025-11-29T13:55:54","modified_gmt":"2025-11-29T11:55:54","slug":"dixit-mangulaiendid","status":"publish","type":"product","link":"https:\/\/www.games4all.ee\/et\/toode\/dixit-mangulaiendid\/","title":{"rendered":"Dixit m\u00e4ngulaiendid"},"content":{"rendered":"<p>T\u00e4iustage oma Dixiti kogemust p\u00f5nevate lisandmoodulitega! Need kaardilaiendused toovad v\u00e4rskust ja l\u00f5putud v\u00f5imalused kujutlusv\u00f5imele, muutes teie lemmikm\u00e4ngu veelgi k\u00f6itvamaks. Iga lisandmoodul sisaldab ainulaadselt illustreeritud kaarte, mis avavad uusi loomingulisi horisonte ja v\u00f5imalusi l\u00f5busaks jutuvestmiseks.  <\/p>\n<p><strong>Miks valida Dixiti lisandmoodulid?<\/strong><\/p>\n<ul>\n<li><strong>Rohkem valikut<\/strong>: iga laiendus sisaldab 84 kaunilt illustreeritud kaarti andekate kunstnike poolt. Unikaalsed kujundused inspireerivad loovust ja originaalseid assotsiatsioone. <\/li>\n<li><strong>Ideaalne igas vanuses<\/strong>: lisandmoodulid s\u00e4ilitavad p\u00f5him\u00e4ngu v\u00f5lu ja universaalse veetluse, muutes need ideaalseks igas vanuses m\u00e4ngijatele.<\/li>\n<li><strong>Suurenenud taasesitatavus<\/strong>: lisandmoodulid pakuvad teie m\u00e4ngu\u00f5htuteks lugematuid uusi stsenaariume, mis hoiavad p\u00f5nevust veel aastaid.<\/li>\n<\/ul>\n<p>Pole vaja keerulisi seadistusi ega oskusi \u2013 lihtsalt lisage need kaardid oma Dixiti p\u00f5him\u00e4ngu ja alustage m\u00e4ngimist! Segage ja sobitage oma lemmiklaiendusi, et luua oma ainulaadne kollektsioon. <\/p>\n<p><strong>Mis on karbis?<\/strong><\/p>\n<ul>\n<li>84 erilises stiilis illustreeritud kaarti (lisandmooduli kohta).<\/li>\n<li>Reeglid ja juhised.<\/li>\n<\/ul>\n<p>Pane t\u00e4hele, et nende lisandmoodulitega m\u00e4ngimiseks on vaja Dixiti baasm\u00e4ngu. K\u00f5ik kaardid on p\u00f5him\u00e4nguga t\u00e4ielikult \u00fchilduvad.<\/p>\n<p>Kas otsite rohkem? Lisateabe saamiseks oma m\u00e4ngukogemuse t\u00e4iustamiseks uurige meie veebisaidi jaotist &#8220;Lauam\u00e4ngude tarvikud&#8221;. Kiire kohaletoimetamine ja kvaliteet garanteeritud!<\/p>\n<p>Muutke oma m\u00e4ngu\u00f5htud kujutlusv\u00f5ime t\u00e4histamiseks Dixiti lisandmoodulitega. Telli kohe ja avasta uusi loovuse maailmu!<\/p>\n<p>Tuletame meelde, et ostes meilt m\u00e4ngu &#8220;Dixit m\u00e4ngulaiendid&#8221;, saate automaatselt meeldivaid boonuseid, n\u00e4iteks:<\/p>\n<p>\u2013 Kiire kohaletoimetamine <a href=\"https:\/\/www.omniva.ee\">Omniva <\/a> pakiautomaadiga<br \/>\n \u2013 Kohaletoimetamine 3-7 t\u00f6\u00f6p\u00e4eva jooksul<br \/>\n \u2013 Kvaliteedi garantii<br \/>\n \u2013 <a href=\"https:\/\/www.games4all.ee\/et\/muugitingimused\/\">Tagastusv\u00f5imalus <\/a> 14 p\u00e4eva jooksul p\u00e4rast k\u00e4ttesaamist<\/p>\n<p><span class=\"tlid-translation translation\" lang=\"ru\"><span title=\"\">Kirjastaja Libellud<br \/>\n Laius: 12 cm<br \/>\n Pikkus: 28 cm<br \/>\n K\u00f5rgus: 4 cm<br \/>\n Materjal: papp, plastik<br \/>\n<\/span><\/span><\/p>\n","protected":false},"excerpt":{"rendered":"<h2><strong>Mis on karbis?<\/strong><\/h2>\n<ul>\n<li>\n<h2>84 erilises stiilis illustreeritud kaarti (lisandmooduli kohta).<\/h2>\n<\/li>\n<li>\n<h2>Reeglid ja juhised.<\/h2>\n<\/li>\n<\/ul>\n<h2>Tuletame meelde, et ostes meilt m\u00e4ngu, saate meeldivaid boonuseid, n\u00e4iteks:<\/h2>\n<h2>\u2013 Kiire kohaletoimetamine <a href=\"https:\/\/www.omniva.ee\">Omniva <\/a> pakiautomaadiga<br \/>\n \u2013 Kohaletoimetamine 3-7 t\u00f6\u00f6p\u00e4eva jooksul<br \/>\n \u2013 Kvaliteedi garantii<br \/>\n \u2013 <a href=\"https:\/\/www.games4all.ee\/et\/muugitingimused\/\">Tagastusv\u00f5imalus <\/a> 14 p\u00e4eva jooksul p\u00e4rast k\u00e4ttesaamist<\/h2>\n","protected":false},"featured_media":4003,"comment_status":"closed","ping_status":"closed","template":"","meta":{"om_disable_all_campaigns":false,"site-sidebar-layout":"default","site-content-layout":"","ast-site-content-layout":"default","site-content-style":"default","site-sidebar-style":"default","ast-global-header-display":"","ast-banner-title-visibility":"","ast-main-header-display":"","ast-hfb-above-header-display":"","ast-hfb-below-header-display":"","ast-hfb-mobile-header-display":"","site-post-title":"","ast-breadcrumbs-content":"","ast-featured-img":"","footer-sml-layout":"","ast-disable-related-posts":"","theme-transparent-header-meta":"default","adv-header-id-meta":"","stick-header-meta":"","header-above-stick-meta":"","header-main-stick-meta":"","header-below-stick-meta":"","astra-migrate-meta-layouts":"default","ast-page-background-enabled":"default","ast-page-background-meta":{"desktop":{"background-color":"var(--ast-global-color-4)","background-image":"","background-repeat":"repeat","background-position":"center center","background-size":"auto","background-attachment":"scroll","background-type":"","background-media":"","overlay-type":"","overlay-color":"","overlay-opacity":"","overlay-gradient":""},"tablet":{"background-color":"","background-image":"","background-repeat":"repeat","background-position":"center center","background-size":"auto","background-attachment":"scroll","background-type":"","background-media":"","overlay-type":"","overlay-color":"","overlay-opacity":"","overlay-gradient":""},"mobile":{"background-color":"","background-image":"","background-repeat":"repeat","background-position":"center center","background-size":"auto","background-attachment":"scroll","background-type":"","background-media":"","overlay-type":"","overlay-color":"","overlay-opacity":"","overlay-gradient":""}},"ast-content-background-meta":{"desktop":{"background-color":"var(--ast-global-color-5)","background-image":"","background-repeat":"repeat","background-position":"center center","background-size":"auto","background-attachment":"scroll","background-type":"","background-media":"","overlay-type":"","overlay-color":"","overlay-opacity":"","overlay-gradient":""},"tablet":{"background-color":"var(--ast-global-color-5)","background-image":"","background-repeat":"repeat","background-position":"center center","background-size":"auto","background-attachment":"scroll","background-type":"","background-media":"","overlay-type":"","overlay-color":"","overlay-opacity":"","overlay-gradient":""},"mobile":{"background-color":"var(--ast-global-color-5)","background-image":"","background-repeat":"repeat","background-position":"center center","background-size":"auto","background-attachment":"scroll","background-type":"","background-media":"","overlay-type":"","overlay-color":"","overlay-opacity":"","overlay-gradient":""}}},"product_brand":[],"product_cat":[42,121],"product_tag":[],"class_list":{"0":"post-809","1":"product","2":"type-product","3":"status-publish","4":"has-post-thumbnail","6":"product_cat-lauamangud","7":"product_cat-mangud-vene-keeles","8":"pa_variant-dixit-10-mirrors","9":"pa_variant-dixit-2-et","10":"pa_variant-dixit-3-et","11":"pa_variant-dixit-4-et","12":"pa_variant-dixit-5-daydreams-et","13":"pa_variant-dixit-6-et","14":"pa_variant-dixit-7-et","15":"pa_variant-dixit-8-harmonies-et","16":"pa_variant-dixit-9-anniversary-et","17":"desktop-align-center","18":"tablet-align-left","19":"mobile-align-center","21":"first","22":"instock","23":"purchasable","24":"product-type-variable"},"yoast_head":"<!-- This site is optimized with the Yoast SEO plugin v27.2 - https:\/\/yoast.com\/product\/yoast-seo-wordpress\/ -->\n<title>Dixit m\u00e4ngulaiendid | Board games store in Estonia - Games4all<\/title>\n<meta name=\"description\" content=\"| Hind: 20,49\u20ac | Osta Dixit m\u00e4ngulaiendid lauam\u00e4ngude veebipoest Games4all. Kiire kohaletoimetamine Omniva ja SmartPosti pakiautomaadiga!\" \/>\n<meta name=\"robots\" content=\"index, follow, max-snippet:-1, max-image-preview:large, max-video-preview:-1\" \/>\n<link rel=\"canonical\" href=\"https:\/\/www.games4all.ee\/et\/toode\/dixit-mangulaiendid\/\" \/>\n<meta property=\"og:locale\" content=\"et_EE\" \/>\n<meta property=\"og:type\" content=\"article\" \/>\n<meta property=\"og:title\" content=\"Dixit m\u00e4ngulaiendid | Board games store in Estonia - Games4all\" \/>\n<meta property=\"og:description\" content=\"| Hind: 20,49\u20ac | Osta Dixit m\u00e4ngulaiendid lauam\u00e4ngude veebipoest Games4all. Kiire kohaletoimetamine Omniva ja SmartPosti pakiautomaadiga!\" \/>\n<meta property=\"og:url\" content=\"https:\/\/www.games4all.ee\/et\/toode\/dixit-mangulaiendid\/\" \/>\n<meta property=\"og:site_name\" content=\"Games4all\" \/>\n<meta property=\"article:publisher\" content=\"https:\/\/www.facebook.com\/Games4All.ee\" \/>\n<meta property=\"article:modified_time\" content=\"2025-11-29T11:55:54+00:00\" \/>\n<meta property=\"og:image\" content=\"https:\/\/www.games4all.ee\/wp-content\/uploads\/2019\/12\/dixit-add-ons.jpg\" \/>\n\t<meta property=\"og:image:width\" content=\"1200\" \/>\n\t<meta property=\"og:image:height\" content=\"800\" \/>\n\t<meta property=\"og:image:type\" content=\"image\/jpeg\" \/>\n<meta name=\"twitter:card\" content=\"summary_large_image\" \/>\n<meta name=\"twitter:label1\" content=\"Est. reading time\" \/>\n\t<meta name=\"twitter:data1\" content=\"1 minut\" \/>\n<script type=\"application\/ld+json\" class=\"yoast-schema-graph\">{\"@context\":\"https:\/\/schema.org\",\"@graph\":[{\"@type\":[\"WebPage\",\"ItemPage\"],\"@id\":\"https:\/\/www.games4all.ee\/et\/toode\/dixit-mangulaiendid\/\",\"url\":\"https:\/\/www.games4all.ee\/et\/toode\/dixit-mangulaiendid\/\",\"name\":\"Dixit m\u00e4ngulaiendid | Board games store in Estonia - Games4all\",\"isPartOf\":{\"@id\":\"https:\/\/www.games4all.ee\/et\/#website\"},\"primaryImageOfPage\":{\"@id\":\"https:\/\/www.games4all.ee\/et\/toode\/dixit-mangulaiendid\/#primaryimage\"},\"image\":{\"@id\":\"https:\/\/www.games4all.ee\/et\/toode\/dixit-mangulaiendid\/#primaryimage\"},\"thumbnailUrl\":\"https:\/\/www.games4all.ee\/wp-content\/uploads\/2019\/12\/dixit-add-ons.jpg\",\"datePublished\":\"2019-12-15T15:57:26+00:00\",\"dateModified\":\"2025-11-29T11:55:54+00:00\",\"description\":\"| Hind: 20,49\u20ac | Osta Dixit m\u00e4ngulaiendid lauam\u00e4ngude veebipoest Games4all. Kiire kohaletoimetamine Omniva ja SmartPosti pakiautomaadiga!\",\"breadcrumb\":{\"@id\":\"https:\/\/www.games4all.ee\/et\/toode\/dixit-mangulaiendid\/#breadcrumb\"},\"inLanguage\":\"et\",\"potentialAction\":[{\"@type\":\"ReadAction\",\"target\":[\"https:\/\/www.games4all.ee\/et\/toode\/dixit-mangulaiendid\/\"]}]},{\"@type\":\"ImageObject\",\"inLanguage\":\"et\",\"@id\":\"https:\/\/www.games4all.ee\/et\/toode\/dixit-mangulaiendid\/#primaryimage\",\"url\":\"https:\/\/www.games4all.ee\/wp-content\/uploads\/2019\/12\/dixit-add-ons.jpg\",\"contentUrl\":\"https:\/\/www.games4all.ee\/wp-content\/uploads\/2019\/12\/dixit-add-ons.jpg\",\"width\":1200,\"height\":800,\"caption\":\"Mitu Dixiti laienduskarpi reas, millel on v\u00e4rvilised s\u00fcrreaalsed kunstiteosed erinevatest Dixiti komplektidest; lugude jutustamise lauam\u00e4ngu tarvikud, mis on populaarsed nii Eestis kui ka Tallinnas.\"},{\"@type\":\"BreadcrumbList\",\"@id\":\"https:\/\/www.games4all.ee\/et\/toode\/dixit-mangulaiendid\/#breadcrumb\",\"itemListElement\":[{\"@type\":\"ListItem\",\"position\":1,\"name\":\"\u0413\u043b\u0430\u0432\u043d\u0430\u044f \u0441\u0442\u0440\u0430\u043d\u0438\u0446\u0430\",\"item\":\"https:\/\/www.games4all.ee\/et\/\"},{\"@type\":\"ListItem\",\"position\":2,\"name\":\"M\u00e4ngude pood\",\"item\":\"https:\/\/www.games4all.ee\/et\/mangude-pood\/\"},{\"@type\":\"ListItem\",\"position\":3,\"name\":\"Dixit m\u00e4ngulaiendid\"}]},{\"@type\":\"WebSite\",\"@id\":\"https:\/\/www.games4all.ee\/et\/#website\",\"url\":\"https:\/\/www.games4all.ee\/et\/\",\"name\":\"Games4all\",\"description\":\"Board games and more in Estonia\",\"publisher\":{\"@id\":\"https:\/\/www.games4all.ee\/et\/#organization\"},\"potentialAction\":[{\"@type\":\"SearchAction\",\"target\":{\"@type\":\"EntryPoint\",\"urlTemplate\":\"https:\/\/www.games4all.ee\/et\/?s={search_term_string}\"},\"query-input\":{\"@type\":\"PropertyValueSpecification\",\"valueRequired\":true,\"valueName\":\"search_term_string\"}}],\"inLanguage\":\"et\"},{\"@type\":\"Organization\",\"@id\":\"https:\/\/www.games4all.ee\/et\/#organization\",\"name\":\"Andan Group O\u00dc\",\"url\":\"https:\/\/www.games4all.ee\/et\/\",\"logo\":{\"@type\":\"ImageObject\",\"inLanguage\":\"et\",\"@id\":\"https:\/\/www.games4all.ee\/et\/#\/schema\/logo\/image\/\",\"url\":\"https:\/\/www.games4all.ee\/wp-content\/uploads\/2023\/07\/GAMES4ALL-LOGO-1.png\",\"contentUrl\":\"https:\/\/www.games4all.ee\/wp-content\/uploads\/2023\/07\/GAMES4ALL-LOGO-1.png\",\"width\":500,\"height\":500,\"caption\":\"Andan Group O\u00dc\"},\"image\":{\"@id\":\"https:\/\/www.games4all.ee\/et\/#\/schema\/logo\/image\/\"},\"sameAs\":[\"https:\/\/www.facebook.com\/Games4All.ee\"]}]}<\/script>\n<!-- \/ Yoast SEO plugin. -->","yoast_head_json":{"title":"Dixit m\u00e4ngulaiendid | Board games store in Estonia - Games4all","description":"| Hind: 20,49\u20ac | Osta Dixit m\u00e4ngulaiendid lauam\u00e4ngude veebipoest Games4all. Kiire kohaletoimetamine Omniva ja SmartPosti pakiautomaadiga!","robots":{"index":"index","follow":"follow","max-snippet":"max-snippet:-1","max-image-preview":"max-image-preview:large","max-video-preview":"max-video-preview:-1"},"canonical":"https:\/\/www.games4all.ee\/et\/toode\/dixit-mangulaiendid\/","og_locale":"et_EE","og_type":"article","og_title":"Dixit m\u00e4ngulaiendid | Board games store in Estonia - Games4all","og_description":"| Hind: 20,49\u20ac | Osta Dixit m\u00e4ngulaiendid lauam\u00e4ngude veebipoest Games4all. Kiire kohaletoimetamine Omniva ja SmartPosti pakiautomaadiga!","og_url":"https:\/\/www.games4all.ee\/et\/toode\/dixit-mangulaiendid\/","og_site_name":"Games4all","article_publisher":"https:\/\/www.facebook.com\/Games4All.ee","article_modified_time":"2025-11-29T11:55:54+00:00","og_image":[{"width":1200,"height":800,"url":"https:\/\/www.games4all.ee\/wp-content\/uploads\/2019\/12\/dixit-add-ons.jpg","type":"image\/jpeg"}],"twitter_card":"summary_large_image","twitter_misc":{"Est. reading time":"1 minut"},"schema":{"@context":"https:\/\/schema.org","@graph":[{"@type":["WebPage","ItemPage"],"@id":"https:\/\/www.games4all.ee\/et\/toode\/dixit-mangulaiendid\/","url":"https:\/\/www.games4all.ee\/et\/toode\/dixit-mangulaiendid\/","name":"Dixit m\u00e4ngulaiendid | Board games store in Estonia - Games4all","isPartOf":{"@id":"https:\/\/www.games4all.ee\/et\/#website"},"primaryImageOfPage":{"@id":"https:\/\/www.games4all.ee\/et\/toode\/dixit-mangulaiendid\/#primaryimage"},"image":{"@id":"https:\/\/www.games4all.ee\/et\/toode\/dixit-mangulaiendid\/#primaryimage"},"thumbnailUrl":"https:\/\/www.games4all.ee\/wp-content\/uploads\/2019\/12\/dixit-add-ons.jpg","datePublished":"2019-12-15T15:57:26+00:00","dateModified":"2025-11-29T11:55:54+00:00","description":"| Hind: 20,49\u20ac | Osta Dixit m\u00e4ngulaiendid lauam\u00e4ngude veebipoest Games4all. Kiire kohaletoimetamine Omniva ja SmartPosti pakiautomaadiga!","breadcrumb":{"@id":"https:\/\/www.games4all.ee\/et\/toode\/dixit-mangulaiendid\/#breadcrumb"},"inLanguage":"et","potentialAction":[{"@type":"ReadAction","target":["https:\/\/www.games4all.ee\/et\/toode\/dixit-mangulaiendid\/"]}]},{"@type":"ImageObject","inLanguage":"et","@id":"https:\/\/www.games4all.ee\/et\/toode\/dixit-mangulaiendid\/#primaryimage","url":"https:\/\/www.games4all.ee\/wp-content\/uploads\/2019\/12\/dixit-add-ons.jpg","contentUrl":"https:\/\/www.games4all.ee\/wp-content\/uploads\/2019\/12\/dixit-add-ons.jpg","width":1200,"height":800,"caption":"Mitu Dixiti laienduskarpi reas, millel on v\u00e4rvilised s\u00fcrreaalsed kunstiteosed erinevatest Dixiti komplektidest; lugude jutustamise lauam\u00e4ngu tarvikud, mis on populaarsed nii Eestis kui ka Tallinnas."},{"@type":"BreadcrumbList","@id":"https:\/\/www.games4all.ee\/et\/toode\/dixit-mangulaiendid\/#breadcrumb","itemListElement":[{"@type":"ListItem","position":1,"name":"\u0413\u043b\u0430\u0432\u043d\u0430\u044f \u0441\u0442\u0440\u0430\u043d\u0438\u0446\u0430","item":"https:\/\/www.games4all.ee\/et\/"},{"@type":"ListItem","position":2,"name":"M\u00e4ngude pood","item":"https:\/\/www.games4all.ee\/et\/mangude-pood\/"},{"@type":"ListItem","position":3,"name":"Dixit m\u00e4ngulaiendid"}]},{"@type":"WebSite","@id":"https:\/\/www.games4all.ee\/et\/#website","url":"https:\/\/www.games4all.ee\/et\/","name":"Games4all","description":"Board games and more in Estonia","publisher":{"@id":"https:\/\/www.games4all.ee\/et\/#organization"},"potentialAction":[{"@type":"SearchAction","target":{"@type":"EntryPoint","urlTemplate":"https:\/\/www.games4all.ee\/et\/?s={search_term_string}"},"query-input":{"@type":"PropertyValueSpecification","valueRequired":true,"valueName":"search_term_string"}}],"inLanguage":"et"},{"@type":"Organization","@id":"https:\/\/www.games4all.ee\/et\/#organization","name":"Andan Group O\u00dc","url":"https:\/\/www.games4all.ee\/et\/","logo":{"@type":"ImageObject","inLanguage":"et","@id":"https:\/\/www.games4all.ee\/et\/#\/schema\/logo\/image\/","url":"https:\/\/www.games4all.ee\/wp-content\/uploads\/2023\/07\/GAMES4ALL-LOGO-1.png","contentUrl":"https:\/\/www.games4all.ee\/wp-content\/uploads\/2023\/07\/GAMES4ALL-LOGO-1.png","width":500,"height":500,"caption":"Andan Group O\u00dc"},"image":{"@id":"https:\/\/www.games4all.ee\/et\/#\/schema\/logo\/image\/"},"sameAs":["https:\/\/www.facebook.com\/Games4All.ee"]}]}},"_links":{"self":[{"href":"https:\/\/www.games4all.ee\/et\/wp-json\/wp\/v2\/product\/809","targetHints":{"allow":["GET"]}}],"collection":[{"href":"https:\/\/www.games4all.ee\/et\/wp-json\/wp\/v2\/product"}],"about":[{"href":"https:\/\/www.games4all.ee\/et\/wp-json\/wp\/v2\/types\/product"}],"replies":[{"embeddable":true,"href":"https:\/\/www.games4all.ee\/et\/wp-json\/wp\/v2\/comments?post=809"}],"wp:featuredmedia":[{"embeddable":true,"href":"https:\/\/www.games4all.ee\/et\/wp-json\/wp\/v2\/media\/4003"}],"wp:attachment":[{"href":"https:\/\/www.games4all.ee\/et\/wp-json\/wp\/v2\/media?parent=809"}],"wp:term":[{"taxonomy":"product_brand","embeddable":true,"href":"https:\/\/www.games4all.ee\/et\/wp-json\/wp\/v2\/product_brand?post=809"},{"taxonomy":"product_cat","embeddable":true,"href":"https:\/\/www.games4all.ee\/et\/wp-json\/wp\/v2\/product_cat?post=809"},{"taxonomy":"product_tag","embeddable":true,"href":"https:\/\/www.games4all.ee\/et\/wp-json\/wp\/v2\/product_tag?post=809"}],"curies":[{"name":"wp","href":"https:\/\/api.w.org\/{rel}","templated":true}]}}