{"id":549,"date":"2019-10-25T11:28:51","date_gmt":"2019-10-29T12:38:42","guid":{"rendered":"https:\/\/www.games4all.ee\/product\/7-wonders-duel\/"},"modified":"2023-10-23T18:01:14","modified_gmt":"2023-10-23T16:01:14","slug":"7-wonders-duel-est","status":"publish","type":"product","link":"https:\/\/www.games4all.ee\/et\/toode\/7-wonders-duel-est\/","title":{"rendered":"7 Wonders Duel"},"content":{"rendered":"<p>7 Wonders Duel on m\u00e4ng kahele osalejale, kus salvestatakse baasm\u00e4ngu <strong>7 Wonders<\/strong> p\u00f5himehaanikat ja lisatakse uusi n\u00fcansse. V\u00f5itlus tuleb tuline! Milline vastastest suudab viia oma tsivilisatsiooni s\u00f5jalise, teadusliku v\u00f5i majandusliku v\u00f5iduni?<\/p>\n<p><b>M\u00e4ngijad ehitavad oma linna kolme ajastu<\/b>, m\u00e4ngukaartide ja maailma imet, kolme vooru (kolm ajastut) jaoks. Igal ajastul on oma kaardikomplekt. M\u00f5ni kaart toob m\u00fcnte, teised tugevdavad armeed v\u00f5i v\u00f5imaldavad teil teha teaduslikke avastusi ja varustada linnu.<\/p>\n<p><b>V\u00f5itmiseks on kolm viisi<\/b>: s\u00f5jalise v\u00f5i teadusliku \u00fcleoleku abil ning kui m\u00e4ngu ajal polnud \u00fcleolekut v\u00f5imalik saavutada, arvestatakse kolmanda ajastu l\u00f5pus k\u00f5ik teenitud punktid.<\/p>\n<p><span style=\"font-family: Lato, sans-serif; font-size: 15px; font-style: normal; font-weight: 300;\">Reeglid:<\/span> <a style=\"font-family: Lato, sans-serif; font-size: 15px; font-style: normal; font-weight: 300;\" href=\"https:\/\/www.games4all.ee\/wp-content\/uploads\/2019\/10\/7DU_MU07_Rules_EE_MULTI.pdf\">Eesti (PDF)<\/a><span style=\"font-family: Lato, sans-serif; font-size: 15px; font-style: normal; font-weight: 300;\">\/<\/span> <a style=\"font-family: Lato, sans-serif; font-size: 15px; font-style: normal; font-weight: 300;\" href=\"https:\/\/www.games4all.ee\/wp-content\/uploads\/2019\/10\/%D0%9F%D1%80%D0%B0%D0%B2%D0%B8%D0%BB%D0%B0-%D0%B8%D0%B3%D1%80%D1%8B-7-%D0%A7%D1%83%D0%B4%D0%B5%D1%81-%D0%94%D1%83%D1%8D%D0%BB%D1%8C.pdf\">Vene (PDF)<\/a><span style=\"font-family: Lato, sans-serif; font-size: 15px; font-style: normal; font-weight: 300;\">\/<\/span> <a style=\"font-family: Lato, sans-serif; font-size: 15px; font-style: normal; font-weight: 300;\" href=\"https:\/\/www.games4all.ee\/wp-content\/uploads\/2019\/10\/7-Wonders-Duel-Rules-US.pdf\">Inglise(PDF)<\/a><\/p>\n<p>Tuletame meelde, et ostes meilt m\u00e4ngu &#8220;7 Wonders Duel&#8221;, saate automaatselt meeldivaid boonuseid, n\u00e4iteks:<\/p>\n<p>\u2014 Kiire kohaletoimetamine <a href=\"https:\/\/www.omniva.ee\">Omniva<\/a> v\u00f5i Smartposti postiautomaadiga<br \/>\n&#8211; Kohaletoimetamine 3-7 t\u00f6\u00f6p\u00e4eva jooksul.<br \/>\n&#8211; Kvaliteedi tagamine<br \/>\n&#8211; Tagastamise <a href=\"https:\/\/www.games4all.ee\/ru\/%d1%83%d1%81%d0%bb%d0%be%d0%b2%d0%b8%d1%8f-%d0%bf%d1%80%d0%be%d0%b4%d0%b0%d0%b6\/\">v\u00f5imalus<\/a> 14 p\u00e4eva jooksul p\u00e4rast k\u00e4ttesaamist<\/p>\n<p>V\u00e4ljaandja: Asmodee<br \/>\nM\u00e4ngu kestvus: 30 min<br \/>\nM\u00e4ngijate arv: 2<br \/>\nVanus: 10+<br \/>\nLaius: 21 cm<br \/>\nPikkus: 21 cm<br \/>\nK\u00f5rgus: 6 cm<br \/>\nMaterjal: papp, plastik<\/p>\n","protected":false},"excerpt":{"rendered":"<h2><strong>7 Wonders Duel<\/strong> on m\u00e4ng kahele osalejale, kus salvestatakse baasm\u00e4ngu <strong>7 Wonders<\/strong> p\u00f5himehaanikat ja lisatakse uusi n\u00fcansse. V\u00f5itlus tuleb tuline! Milline vastastest suudab viia oma tsivilisatsiooni s\u00f5jalise, teadusliku v\u00f5i majandusliku v\u00f5iduni?<\/h2>\n<h2><b>V\u00f5itmiseks on kolm viisi<\/b>: s\u00f5jalise v\u00f5i teadusliku \u00fcleoleku abil ning kui m\u00e4ngu ajal polnud \u00fcleolekut v\u00f5imalik saavutada, arvestatakse kolmanda ajastu l\u00f5pus k\u00f5ik teenitud punktid.<\/h2>\n<h3>Tuletame meelde, et ostes meilt m\u00e4ngu &#8220;7 Wonders Duel&#8221;, saate automaatselt meeldivaid boonuseid, n\u00e4iteks:<\/h3>\n<h3>\u2014 Kiire kohaletoimetamine <a href=\"https:\/\/www.omniva.ee\">Omniva<\/a> v\u00f5i Smartposti postiautomaadiga<br \/>\n&#8211; Kohaletoimetamine 3-7 t\u00f6\u00f6p\u00e4eva jooksul.<br \/>\n&#8211; Kvaliteedi tagamine<br \/>\n&#8211; Tagastamise <a href=\"https:\/\/www.games4all.ee\/ru\/%d1%83%d1%81%d0%bb%d0%be%d0%b2%d0%b8%d1%8f-%d0%bf%d1%80%d0%be%d0%b4%d0%b0%d0%b6\/\">v\u00f5imalus<\/a> 14 p\u00e4eva jooksul p\u00e4rast k\u00e4ttesaamist<\/h3>\n","protected":false},"featured_media":524,"comment_status":"closed","ping_status":"closed","template":"","meta":{"om_disable_all_campaigns":false,"site-sidebar-layout":"default","site-content-layout":"","ast-site-content-layout":"default","site-content-style":"default","site-sidebar-style":"default","ast-global-header-display":"","ast-banner-title-visibility":"","ast-main-header-display":"","ast-hfb-above-header-display":"","ast-hfb-below-header-display":"","ast-hfb-mobile-header-display":"","site-post-title":"","ast-breadcrumbs-content":"","ast-featured-img":"","footer-sml-layout":"","ast-disable-related-posts":"","theme-transparent-header-meta":"default","adv-header-id-meta":"","stick-header-meta":"","header-above-stick-meta":"","header-main-stick-meta":"","header-below-stick-meta":"","astra-migrate-meta-layouts":"default","ast-page-background-enabled":"default","ast-page-background-meta":{"desktop":{"background-color":"var(--ast-global-color-4)","background-image":"","background-repeat":"repeat","background-position":"center center","background-size":"auto","background-attachment":"scroll","background-type":"","background-media":"","overlay-type":"","overlay-color":"","overlay-opacity":"","overlay-gradient":""},"tablet":{"background-color":"","background-image":"","background-repeat":"repeat","background-position":"center center","background-size":"auto","background-attachment":"scroll","background-type":"","background-media":"","overlay-type":"","overlay-color":"","overlay-opacity":"","overlay-gradient":""},"mobile":{"background-color":"","background-image":"","background-repeat":"repeat","background-position":"center center","background-size":"auto","background-attachment":"scroll","background-type":"","background-media":"","overlay-type":"","overlay-color":"","overlay-opacity":"","overlay-gradient":""}},"ast-content-background-meta":{"desktop":{"background-color":"var(--ast-global-color-5)","background-image":"","background-repeat":"repeat","background-position":"center center","background-size":"auto","background-attachment":"scroll","background-type":"","background-media":"","overlay-type":"","overlay-color":"","overlay-opacity":"","overlay-gradient":""},"tablet":{"background-color":"var(--ast-global-color-5)","background-image":"","background-repeat":"repeat","background-position":"center center","background-size":"auto","background-attachment":"scroll","background-type":"","background-media":"","overlay-type":"","overlay-color":"","overlay-opacity":"","overlay-gradient":""},"mobile":{"background-color":"var(--ast-global-color-5)","background-image":"","background-repeat":"repeat","background-position":"center center","background-size":"auto","background-attachment":"scroll","background-type":"","background-media":"","overlay-type":"","overlay-color":"","overlay-opacity":"","overlay-gradient":""}}},"product_brand":[],"product_cat":[42],"product_tag":[],"class_list":{"0":"post-549","1":"product","2":"type-product","3":"status-publish","4":"has-post-thumbnail","6":"product_cat-lauamangud","7":"desktop-align-center","8":"tablet-align-left","9":"mobile-align-center","11":"first","12":"instock","13":"purchasable","14":"product-type-simple"},"yoast_head":"<!-- This site is optimized with the Yoast SEO plugin v27.2 - https:\/\/yoast.com\/product\/yoast-seo-wordpress\/ -->\n<title>7 Wonders Duel | Lauam\u00e4ngud | Parim m\u00e4ngu e-pood Eestis - Games4all<\/title>\n<meta name=\"description\" content=\"| Hind: 29\u20ac | Osta e-poest lauam\u00e4ng 7 Wonders Duel Games4all | Kiire kohaletoimetamine Omniva pakiautomaadiga!\" \/>\n<meta name=\"robots\" content=\"index, follow, max-snippet:-1, max-image-preview:large, max-video-preview:-1\" \/>\n<link rel=\"canonical\" href=\"https:\/\/www.games4all.ee\/toode\/7-wonders-duel\/\" \/>\n<meta property=\"og:locale\" content=\"et_EE\" \/>\n<meta property=\"og:type\" content=\"article\" \/>\n<meta property=\"og:title\" content=\"7 Wonders Duel | Lauam\u00e4ngud | Parim m\u00e4ngu e-pood Eestis - Games4all\" \/>\n<meta property=\"og:description\" content=\"| Hind: 29\u20ac | Osta e-poest lauam\u00e4ng 7 Wonders Duel Games4all | Kiire kohaletoimetamine Omniva pakiautomaadiga!\" \/>\n<meta property=\"og:url\" content=\"https:\/\/www.games4all.ee\/toode\/7-wonders-duel\/\" \/>\n<meta property=\"og:site_name\" content=\"Games4all\" \/>\n<meta property=\"article:publisher\" content=\"https:\/\/www.facebook.com\/Games4All.ee\" \/>\n<meta property=\"article:modified_time\" content=\"2023-10-23T16:01:14+00:00\" \/>\n<meta property=\"og:image\" content=\"https:\/\/www.games4all.ee\/wp-content\/uploads\/2019\/10\/7-wonders-duel-baltic.jpg\" \/>\n\t<meta property=\"og:image:width\" content=\"800\" \/>\n\t<meta property=\"og:image:height\" content=\"800\" \/>\n\t<meta property=\"og:image:type\" content=\"image\/jpeg\" \/>\n<meta name=\"twitter:card\" content=\"summary_large_image\" \/>\n<meta name=\"twitter:label1\" content=\"Est. reading time\" \/>\n\t<meta name=\"twitter:data1\" content=\"1 minut\" \/>\n<script type=\"application\/ld+json\" class=\"yoast-schema-graph\">{\"@context\":\"https:\/\/schema.org\",\"@graph\":[{\"@type\":[\"WebPage\",\"ItemPage\"],\"@id\":\"https:\/\/www.games4all.ee\/toode\/7-wonders-duel\/\",\"url\":\"https:\/\/www.games4all.ee\/toode\/7-wonders-duel\/\",\"name\":\"7 Wonders Duel | Lauam\u00e4ngud | Parim m\u00e4ngu e-pood Eestis - Games4all\",\"isPartOf\":{\"@id\":\"https:\/\/www.games4all.ee\/et\/#website\"},\"primaryImageOfPage\":{\"@id\":\"https:\/\/www.games4all.ee\/toode\/7-wonders-duel\/#primaryimage\"},\"image\":{\"@id\":\"https:\/\/www.games4all.ee\/toode\/7-wonders-duel\/#primaryimage\"},\"thumbnailUrl\":\"https:\/\/www.games4all.ee\/wp-content\/uploads\/2019\/10\/7-wonders-duel-baltic.jpg\",\"datePublished\":\"2019-10-29T12:38:42+00:00\",\"dateModified\":\"2023-10-23T16:01:14+00:00\",\"description\":\"| Hind: 29\u20ac | Osta e-poest lauam\u00e4ng 7 Wonders Duel Games4all | Kiire kohaletoimetamine Omniva pakiautomaadiga!\",\"breadcrumb\":{\"@id\":\"https:\/\/www.games4all.ee\/toode\/7-wonders-duel\/#breadcrumb\"},\"inLanguage\":\"et\",\"potentialAction\":[{\"@type\":\"ReadAction\",\"target\":[\"https:\/\/www.games4all.ee\/toode\/7-wonders-duel\/\"]}]},{\"@type\":\"ImageObject\",\"inLanguage\":\"et\",\"@id\":\"https:\/\/www.games4all.ee\/toode\/7-wonders-duel\/#primaryimage\",\"url\":\"https:\/\/www.games4all.ee\/wp-content\/uploads\/2019\/10\/7-wonders-duel-baltic.jpg\",\"contentUrl\":\"https:\/\/www.games4all.ee\/wp-content\/uploads\/2019\/10\/7-wonders-duel-baltic.jpg\",\"width\":800,\"height\":800,\"caption\":\"7_ wonders_duel_est\"},{\"@type\":\"BreadcrumbList\",\"@id\":\"https:\/\/www.games4all.ee\/toode\/7-wonders-duel\/#breadcrumb\",\"itemListElement\":[{\"@type\":\"ListItem\",\"position\":1,\"name\":\"\u0413\u043b\u0430\u0432\u043d\u0430\u044f \u0441\u0442\u0440\u0430\u043d\u0438\u0446\u0430\",\"item\":\"https:\/\/www.games4all.ee\/et\/\"},{\"@type\":\"ListItem\",\"position\":2,\"name\":\"M\u00e4ngude pood\",\"item\":\"https:\/\/www.games4all.ee\/et\/mangude-pood\/\"},{\"@type\":\"ListItem\",\"position\":3,\"name\":\"7 Wonders Duel\"}]},{\"@type\":\"WebSite\",\"@id\":\"https:\/\/www.games4all.ee\/et\/#website\",\"url\":\"https:\/\/www.games4all.ee\/et\/\",\"name\":\"Games4all\",\"description\":\"Board games and more in Estonia\",\"publisher\":{\"@id\":\"https:\/\/www.games4all.ee\/et\/#organization\"},\"potentialAction\":[{\"@type\":\"SearchAction\",\"target\":{\"@type\":\"EntryPoint\",\"urlTemplate\":\"https:\/\/www.games4all.ee\/et\/?s={search_term_string}\"},\"query-input\":{\"@type\":\"PropertyValueSpecification\",\"valueRequired\":true,\"valueName\":\"search_term_string\"}}],\"inLanguage\":\"et\"},{\"@type\":\"Organization\",\"@id\":\"https:\/\/www.games4all.ee\/et\/#organization\",\"name\":\"Andan Group O\u00dc\",\"url\":\"https:\/\/www.games4all.ee\/et\/\",\"logo\":{\"@type\":\"ImageObject\",\"inLanguage\":\"et\",\"@id\":\"https:\/\/www.games4all.ee\/et\/#\/schema\/logo\/image\/\",\"url\":\"https:\/\/www.games4all.ee\/wp-content\/uploads\/2023\/07\/GAMES4ALL-LOGO-1.png\",\"contentUrl\":\"https:\/\/www.games4all.ee\/wp-content\/uploads\/2023\/07\/GAMES4ALL-LOGO-1.png\",\"width\":500,\"height\":500,\"caption\":\"Andan Group O\u00dc\"},\"image\":{\"@id\":\"https:\/\/www.games4all.ee\/et\/#\/schema\/logo\/image\/\"},\"sameAs\":[\"https:\/\/www.facebook.com\/Games4All.ee\"]}]}<\/script>\n<!-- \/ Yoast SEO plugin. -->","yoast_head_json":{"title":"7 Wonders Duel | Lauam\u00e4ngud | Parim m\u00e4ngu e-pood Eestis - Games4all","description":"| Hind: 29\u20ac | Osta e-poest lauam\u00e4ng 7 Wonders Duel Games4all | Kiire kohaletoimetamine Omniva pakiautomaadiga!","robots":{"index":"index","follow":"follow","max-snippet":"max-snippet:-1","max-image-preview":"max-image-preview:large","max-video-preview":"max-video-preview:-1"},"canonical":"https:\/\/www.games4all.ee\/toode\/7-wonders-duel\/","og_locale":"et_EE","og_type":"article","og_title":"7 Wonders Duel | Lauam\u00e4ngud | Parim m\u00e4ngu e-pood Eestis - Games4all","og_description":"| Hind: 29\u20ac | Osta e-poest lauam\u00e4ng 7 Wonders Duel Games4all | Kiire kohaletoimetamine Omniva pakiautomaadiga!","og_url":"https:\/\/www.games4all.ee\/toode\/7-wonders-duel\/","og_site_name":"Games4all","article_publisher":"https:\/\/www.facebook.com\/Games4All.ee","article_modified_time":"2023-10-23T16:01:14+00:00","og_image":[{"width":800,"height":800,"url":"https:\/\/www.games4all.ee\/wp-content\/uploads\/2019\/10\/7-wonders-duel-baltic.jpg","type":"image\/jpeg"}],"twitter_card":"summary_large_image","twitter_misc":{"Est. reading time":"1 minut"},"schema":{"@context":"https:\/\/schema.org","@graph":[{"@type":["WebPage","ItemPage"],"@id":"https:\/\/www.games4all.ee\/toode\/7-wonders-duel\/","url":"https:\/\/www.games4all.ee\/toode\/7-wonders-duel\/","name":"7 Wonders Duel | Lauam\u00e4ngud | Parim m\u00e4ngu e-pood Eestis - Games4all","isPartOf":{"@id":"https:\/\/www.games4all.ee\/et\/#website"},"primaryImageOfPage":{"@id":"https:\/\/www.games4all.ee\/toode\/7-wonders-duel\/#primaryimage"},"image":{"@id":"https:\/\/www.games4all.ee\/toode\/7-wonders-duel\/#primaryimage"},"thumbnailUrl":"https:\/\/www.games4all.ee\/wp-content\/uploads\/2019\/10\/7-wonders-duel-baltic.jpg","datePublished":"2019-10-29T12:38:42+00:00","dateModified":"2023-10-23T16:01:14+00:00","description":"| Hind: 29\u20ac | Osta e-poest lauam\u00e4ng 7 Wonders Duel Games4all | Kiire kohaletoimetamine Omniva pakiautomaadiga!","breadcrumb":{"@id":"https:\/\/www.games4all.ee\/toode\/7-wonders-duel\/#breadcrumb"},"inLanguage":"et","potentialAction":[{"@type":"ReadAction","target":["https:\/\/www.games4all.ee\/toode\/7-wonders-duel\/"]}]},{"@type":"ImageObject","inLanguage":"et","@id":"https:\/\/www.games4all.ee\/toode\/7-wonders-duel\/#primaryimage","url":"https:\/\/www.games4all.ee\/wp-content\/uploads\/2019\/10\/7-wonders-duel-baltic.jpg","contentUrl":"https:\/\/www.games4all.ee\/wp-content\/uploads\/2019\/10\/7-wonders-duel-baltic.jpg","width":800,"height":800,"caption":"7_ wonders_duel_est"},{"@type":"BreadcrumbList","@id":"https:\/\/www.games4all.ee\/toode\/7-wonders-duel\/#breadcrumb","itemListElement":[{"@type":"ListItem","position":1,"name":"\u0413\u043b\u0430\u0432\u043d\u0430\u044f \u0441\u0442\u0440\u0430\u043d\u0438\u0446\u0430","item":"https:\/\/www.games4all.ee\/et\/"},{"@type":"ListItem","position":2,"name":"M\u00e4ngude pood","item":"https:\/\/www.games4all.ee\/et\/mangude-pood\/"},{"@type":"ListItem","position":3,"name":"7 Wonders Duel"}]},{"@type":"WebSite","@id":"https:\/\/www.games4all.ee\/et\/#website","url":"https:\/\/www.games4all.ee\/et\/","name":"Games4all","description":"Board games and more in Estonia","publisher":{"@id":"https:\/\/www.games4all.ee\/et\/#organization"},"potentialAction":[{"@type":"SearchAction","target":{"@type":"EntryPoint","urlTemplate":"https:\/\/www.games4all.ee\/et\/?s={search_term_string}"},"query-input":{"@type":"PropertyValueSpecification","valueRequired":true,"valueName":"search_term_string"}}],"inLanguage":"et"},{"@type":"Organization","@id":"https:\/\/www.games4all.ee\/et\/#organization","name":"Andan Group O\u00dc","url":"https:\/\/www.games4all.ee\/et\/","logo":{"@type":"ImageObject","inLanguage":"et","@id":"https:\/\/www.games4all.ee\/et\/#\/schema\/logo\/image\/","url":"https:\/\/www.games4all.ee\/wp-content\/uploads\/2023\/07\/GAMES4ALL-LOGO-1.png","contentUrl":"https:\/\/www.games4all.ee\/wp-content\/uploads\/2023\/07\/GAMES4ALL-LOGO-1.png","width":500,"height":500,"caption":"Andan Group O\u00dc"},"image":{"@id":"https:\/\/www.games4all.ee\/et\/#\/schema\/logo\/image\/"},"sameAs":["https:\/\/www.facebook.com\/Games4All.ee"]}]}},"_links":{"self":[{"href":"https:\/\/www.games4all.ee\/et\/wp-json\/wp\/v2\/product\/549","targetHints":{"allow":["GET"]}}],"collection":[{"href":"https:\/\/www.games4all.ee\/et\/wp-json\/wp\/v2\/product"}],"about":[{"href":"https:\/\/www.games4all.ee\/et\/wp-json\/wp\/v2\/types\/product"}],"replies":[{"embeddable":true,"href":"https:\/\/www.games4all.ee\/et\/wp-json\/wp\/v2\/comments?post=549"}],"wp:featuredmedia":[{"embeddable":true,"href":"https:\/\/www.games4all.ee\/et\/wp-json\/wp\/v2\/media\/524"}],"wp:attachment":[{"href":"https:\/\/www.games4all.ee\/et\/wp-json\/wp\/v2\/media?parent=549"}],"wp:term":[{"taxonomy":"product_brand","embeddable":true,"href":"https:\/\/www.games4all.ee\/et\/wp-json\/wp\/v2\/product_brand?post=549"},{"taxonomy":"product_cat","embeddable":true,"href":"https:\/\/www.games4all.ee\/et\/wp-json\/wp\/v2\/product_cat?post=549"},{"taxonomy":"product_tag","embeddable":true,"href":"https:\/\/www.games4all.ee\/et\/wp-json\/wp\/v2\/product_tag?post=549"}],"curies":[{"name":"wp","href":"https:\/\/api.w.org\/{rel}","templated":true}]}}