{"id":4024,"date":"2025-11-29T14:32:17","date_gmt":"2025-11-29T12:32:17","guid":{"rendered":"https:\/\/www.games4all.ee\/product\/flip-7\/"},"modified":"2026-01-01T00:04:27","modified_gmt":"2025-12-31T22:04:27","slug":"flip-7","status":"publish","type":"product","link":"https:\/\/www.games4all.ee\/et\/toode\/flip-7\/","title":{"rendered":"Flip 7"},"content":{"rendered":"<p data-start=\"251\" data-end=\"638\">\u201eFlip 7\u201d on kiire, nutikas ja kaasahaarav <strong data-start=\"299\" data-end=\"324\">kaardim\u00e4ng<\/strong>, mis toob igale m\u00e4ngu\u00f5htule \u00fcle <strong data-start=\"424\" data-end=\"435\">Eesti <\/strong> ja <strong data-start=\"440\" data-end=\"451\">Tallinna <\/strong> kiire m\u00f5tlemise, taktikalised valikud ja elevusepuhangu. D\u00fcnaamilistele ja kergesti \u00f5pitavatele m\u00e4ngudele austajatele m\u00f5eldud Flip 7 kutsub sind vastaseid \u00fcmber p\u00f6\u00f6rama, paari panema ja \u00fcle kavaldama, kasutades numbrikaarte, eriv\u00f5imeid ja nutikat ajastust. <\/p>\n<p data-start=\"640\" data-end=\"1058\">Eesm\u00e4rk on lihtne, kuid s\u00f5ltuvust tekitav: kasutage oma kaarte, et luua kombinatsioone, mille summa on kuni <strong data-start=\"727\" data-end=\"736\">seitse <\/strong> \u2013 ja p\u00f6\u00f6rake laua seis enda kasuks. Boonuskaardid nagu \u201eTeine v\u00f5imalus\u201c, \u201eTasuta p\u00f6\u00f6ramine\u201c ja \u201eKolmas p\u00f6\u00f6ramine\u201c toovad kaasa strateegilisi p\u00f6\u00f6rdeid, mis muudavad iga vooru \u00fcllatavaks ja l\u00f5busaks. Flip 7, mis sobib ideaalselt peredele, s\u00f5pradele ja juhuslikele m\u00e4ngijatele, pakub kiiret ja energilist m\u00e4ngukogemust, mis on t\u00e4is kerget strateegiat ja palju laua taga naeru.  <\/p>\n<p>Piisavalt v\u00e4ike, et seda k\u00f5ikjale kaasa v\u00f5tta, ja piisavalt lihtne, et minutiga \u00f5petada \u2013 Flip 7 sobib ideaalselt reisimiseks, pidudeks, kohvikukohtumisteks ja spontaanseteks m\u00e4nguseanssideks <strong data-start=\"1214\" data-end=\"1225\">Tallinnas <\/strong> v\u00f5i kus iganes <strong data-start=\"1241\" data-end=\"1252\">Eestis<\/strong>. Kui sulle meeldib nutikas kaardimehaanika ja kiire otsuste langetamine, on see m\u00e4ng sinu lauam\u00e4ngude kollektsiooni kohustuslik lisa. <\/p>\n<ul>\n<li><a href=\"https:\/\/www.games4all.ee\/wp-content\/uploads\/2025\/11\/Flip_7_Rules-ENG.pdf\">Inglise PDF<\/a> \/ <a href=\"https:\/\/www.games4all.ee\/wp-content\/uploads\/2025\/11\/Flip-7-rules-RUS.pdf\">vene PDF<\/a> \/ eesti ja vene keeles karbis<\/li>\n<li>M\u00e4nguaeg: <strong data-start=\"227\" data-end=\"241\">20 minutit <\/strong><\/li>\n<li>M\u00e4ngijate arv: <strong data-start=\"263\" data-end=\"271\">3\u201316 <\/strong><\/li>\n<li>M\u00e4ngijate vanus: <strong data-start=\"290\" data-end=\"296\" data-is-only-node=\"\">8+ <\/strong><\/li>\n<\/ul>\n<p>Meilt m\u00e4ngu &#8220;Flip 7&#8221; ostmisel saate boonuseid, n\u00e4iteks:<\/p>\n<ul>\n<li data-start=\"1060\" data-end=\"1385\">Kiire kohaletoimetamine <a href=\"https:\/\/www.omniva.ee\/\">Omniva <\/a> v\u00f5i Smartposti pakiautomaadiga<\/li>\n<li data-start=\"1060\" data-end=\"1385\">Kvaliteedi garantii<\/li>\n<li data-start=\"1060\" data-end=\"1385\"><a href=\"https:\/\/www.games4all.ee\/et\/muugitingimused\/\">Tagastamise <\/a> v\u00f5imalus 14 p\u00e4eva jooksul p\u00e4rast k\u00e4ttesaamist<\/li>\n<li data-start=\"1060\" data-end=\"1385\">Tarne 3\u20137 t\u00f6\u00f6p\u00e4eva jooksul.<\/li>\n<\/ul>\n","protected":false},"excerpt":{"rendered":"<h2>Flip 7 \u2013 kiire ja nutikas kaarte keerav lauam\u00e4ng, mis pakub l\u00f5bu nii Eestis kui ka Tallinnas!<\/h2>\n<ul>\n<li><a href=\"https:\/\/www.games4all.ee\/wp-content\/uploads\/2025\/11\/Flip_7_Rules-ENG.pdf\">Inglise PDF<\/a> \/ <a href=\"https:\/\/www.games4all.ee\/wp-content\/uploads\/2025\/11\/Flip-7-rules-RUS.pdf\">vene PDF<\/a> \/ eesti ja vene keeles karbis<\/li>\n<li>M\u00e4nguaeg: <strong data-start=\"227\" data-end=\"241\">20 minutit <\/strong><\/li>\n<li>M\u00e4ngijate arv: <strong data-start=\"263\" data-end=\"271\">3\u201316 <\/strong><\/li>\n<li>M\u00e4ngijate vanus: <strong data-start=\"290\" data-end=\"296\" data-is-only-node=\"\">8+ <\/strong><\/li>\n<\/ul>\n","protected":false},"featured_media":4019,"comment_status":"open","ping_status":"closed","template":"","meta":{"om_disable_all_campaigns":false,"site-sidebar-layout":"default","site-content-layout":"","ast-site-content-layout":"default","site-content-style":"default","site-sidebar-style":"default","ast-global-header-display":"","ast-banner-title-visibility":"","ast-main-header-display":"","ast-hfb-above-header-display":"","ast-hfb-below-header-display":"","ast-hfb-mobile-header-display":"","site-post-title":"","ast-breadcrumbs-content":"","ast-featured-img":"","footer-sml-layout":"","ast-disable-related-posts":"","theme-transparent-header-meta":"default","adv-header-id-meta":"","stick-header-meta":"","header-above-stick-meta":"","header-main-stick-meta":"","header-below-stick-meta":"","astra-migrate-meta-layouts":"default","ast-page-background-enabled":"default","ast-page-background-meta":{"desktop":{"background-color":"var(--ast-global-color-4)","background-image":"","background-repeat":"repeat","background-position":"center center","background-size":"auto","background-attachment":"scroll","background-type":"","background-media":"","overlay-type":"","overlay-color":"","overlay-opacity":"","overlay-gradient":""},"tablet":{"background-color":"","background-image":"","background-repeat":"repeat","background-position":"center center","background-size":"auto","background-attachment":"scroll","background-type":"","background-media":"","overlay-type":"","overlay-color":"","overlay-opacity":"","overlay-gradient":""},"mobile":{"background-color":"","background-image":"","background-repeat":"repeat","background-position":"center center","background-size":"auto","background-attachment":"scroll","background-type":"","background-media":"","overlay-type":"","overlay-color":"","overlay-opacity":"","overlay-gradient":""}},"ast-content-background-meta":{"desktop":{"background-color":"var(--ast-global-color-5)","background-image":"","background-repeat":"repeat","background-position":"center center","background-size":"auto","background-attachment":"scroll","background-type":"","background-media":"","overlay-type":"","overlay-color":"","overlay-opacity":"","overlay-gradient":""},"tablet":{"background-color":"var(--ast-global-color-5)","background-image":"","background-repeat":"repeat","background-position":"center center","background-size":"auto","background-attachment":"scroll","background-type":"","background-media":"","overlay-type":"","overlay-color":"","overlay-opacity":"","overlay-gradient":""},"mobile":{"background-color":"var(--ast-global-color-5)","background-image":"","background-repeat":"repeat","background-position":"center center","background-size":"auto","background-attachment":"scroll","background-type":"","background-media":"","overlay-type":"","overlay-color":"","overlay-opacity":"","overlay-gradient":""}}},"product_brand":[],"product_cat":[38],"product_tag":[],"class_list":{"0":"post-4024","1":"product","2":"type-product","3":"status-publish","4":"has-post-thumbnail","6":"product_cat-kaardimangud","7":"desktop-align-center","8":"tablet-align-left","9":"mobile-align-center","11":"first","12":"instock","13":"taxable","14":"shipping-taxable","15":"purchasable","16":"product-type-simple"},"yoast_head":"<!-- This site is optimized with the Yoast SEO plugin v27.2 - https:\/\/yoast.com\/product\/yoast-seo-wordpress\/ -->\n<title>Flip 7 | Board games store in Estonia - Games4all<\/title>\n<meta name=\"description\" content=\"Osta lauam\u00e4ng Flip 7 hinnaga 13 \u20ac. Sisaldab reegleid inglise, vene ja eesti keeles PDF-failina. Kiire kohaletoimetamine Omniva v\u00f5i Smartpostiga \u00fcle Eesti.\" \/>\n<meta name=\"robots\" content=\"index, follow, max-snippet:-1, max-image-preview:large, max-video-preview:-1\" \/>\n<link rel=\"canonical\" href=\"https:\/\/www.games4all.ee\/et\/toode\/flip-7\/\" \/>\n<meta property=\"og:locale\" content=\"et_EE\" \/>\n<meta property=\"og:type\" content=\"article\" \/>\n<meta property=\"og:title\" content=\"Flip 7 | Board games store in Estonia - Games4all\" \/>\n<meta property=\"og:description\" content=\"Osta lauam\u00e4ng Flip 7 hinnaga 13 \u20ac. Sisaldab reegleid inglise, vene ja eesti keeles PDF-failina. Kiire kohaletoimetamine Omniva v\u00f5i Smartpostiga \u00fcle Eesti.\" \/>\n<meta property=\"og:url\" content=\"https:\/\/www.games4all.ee\/et\/toode\/flip-7\/\" \/>\n<meta property=\"og:site_name\" content=\"Games4all\" \/>\n<meta property=\"article:publisher\" content=\"https:\/\/www.facebook.com\/Games4All.ee\" \/>\n<meta property=\"article:modified_time\" content=\"2025-12-31T22:04:27+00:00\" \/>\n<meta property=\"og:image\" content=\"https:\/\/www.games4all.ee\/wp-content\/uploads\/2025\/11\/flip-7-card-game-games4all.webp\" \/>\n\t<meta property=\"og:image:width\" content=\"404\" \/>\n\t<meta property=\"og:image:height\" content=\"560\" \/>\n\t<meta property=\"og:image:type\" content=\"image\/webp\" \/>\n<meta name=\"twitter:card\" content=\"summary_large_image\" \/>\n<meta name=\"twitter:label1\" content=\"Est. reading time\" \/>\n\t<meta name=\"twitter:data1\" content=\"1 minut\" \/>\n<script type=\"application\/ld+json\" class=\"yoast-schema-graph\">{\"@context\":\"https:\/\/schema.org\",\"@graph\":[{\"@type\":[\"WebPage\",\"ItemPage\"],\"@id\":\"https:\/\/www.games4all.ee\/et\/toode\/flip-7\/\",\"url\":\"https:\/\/www.games4all.ee\/et\/toode\/flip-7\/\",\"name\":\"Flip 7 | Board games store in Estonia - Games4all\",\"isPartOf\":{\"@id\":\"https:\/\/www.games4all.ee\/et\/#website\"},\"primaryImageOfPage\":{\"@id\":\"https:\/\/www.games4all.ee\/et\/toode\/flip-7\/#primaryimage\"},\"image\":{\"@id\":\"https:\/\/www.games4all.ee\/et\/toode\/flip-7\/#primaryimage\"},\"thumbnailUrl\":\"https:\/\/www.games4all.ee\/wp-content\/uploads\/2025\/11\/flip-7-card-game-games4all.webp\",\"datePublished\":\"2025-11-29T12:32:17+00:00\",\"dateModified\":\"2025-12-31T22:04:27+00:00\",\"description\":\"Osta lauam\u00e4ng Flip 7 hinnaga 13 \u20ac. Sisaldab reegleid inglise, vene ja eesti keeles PDF-failina. Kiire kohaletoimetamine Omniva v\u00f5i Smartpostiga \u00fcle Eesti.\",\"breadcrumb\":{\"@id\":\"https:\/\/www.games4all.ee\/et\/toode\/flip-7\/#breadcrumb\"},\"inLanguage\":\"et\",\"potentialAction\":[{\"@type\":\"ReadAction\",\"target\":[\"https:\/\/www.games4all.ee\/et\/toode\/flip-7\/\"]}]},{\"@type\":\"ImageObject\",\"inLanguage\":\"et\",\"@id\":\"https:\/\/www.games4all.ee\/et\/toode\/flip-7\/#primaryimage\",\"url\":\"https:\/\/www.games4all.ee\/wp-content\/uploads\/2025\/11\/flip-7-card-game-games4all.webp\",\"contentUrl\":\"https:\/\/www.games4all.ee\/wp-content\/uploads\/2025\/11\/flip-7-card-game-games4all.webp\",\"width\":404,\"height\":560,\"caption\":\"V\u00e4rvilise holograafilise kujunduse ja numbrikaartidega Flip 7 kaardim\u00e4ngukarp; kiire ja populaarne perem\u00e4ng nii Eestis kui ka Tallinnas.\"},{\"@type\":\"BreadcrumbList\",\"@id\":\"https:\/\/www.games4all.ee\/et\/toode\/flip-7\/#breadcrumb\",\"itemListElement\":[{\"@type\":\"ListItem\",\"position\":1,\"name\":\"\u0413\u043b\u0430\u0432\u043d\u0430\u044f \u0441\u0442\u0440\u0430\u043d\u0438\u0446\u0430\",\"item\":\"https:\/\/www.games4all.ee\/et\/\"},{\"@type\":\"ListItem\",\"position\":2,\"name\":\"M\u00e4ngude pood\",\"item\":\"https:\/\/www.games4all.ee\/et\/mangude-pood\/\"},{\"@type\":\"ListItem\",\"position\":3,\"name\":\"Flip 7\"}]},{\"@type\":\"WebSite\",\"@id\":\"https:\/\/www.games4all.ee\/et\/#website\",\"url\":\"https:\/\/www.games4all.ee\/et\/\",\"name\":\"Games4all\",\"description\":\"Board games and more in Estonia\",\"publisher\":{\"@id\":\"https:\/\/www.games4all.ee\/et\/#organization\"},\"potentialAction\":[{\"@type\":\"SearchAction\",\"target\":{\"@type\":\"EntryPoint\",\"urlTemplate\":\"https:\/\/www.games4all.ee\/et\/?s={search_term_string}\"},\"query-input\":{\"@type\":\"PropertyValueSpecification\",\"valueRequired\":true,\"valueName\":\"search_term_string\"}}],\"inLanguage\":\"et\"},{\"@type\":\"Organization\",\"@id\":\"https:\/\/www.games4all.ee\/et\/#organization\",\"name\":\"Andan Group O\u00dc\",\"url\":\"https:\/\/www.games4all.ee\/et\/\",\"logo\":{\"@type\":\"ImageObject\",\"inLanguage\":\"et\",\"@id\":\"https:\/\/www.games4all.ee\/et\/#\/schema\/logo\/image\/\",\"url\":\"https:\/\/www.games4all.ee\/wp-content\/uploads\/2023\/07\/GAMES4ALL-LOGO-1.png\",\"contentUrl\":\"https:\/\/www.games4all.ee\/wp-content\/uploads\/2023\/07\/GAMES4ALL-LOGO-1.png\",\"width\":500,\"height\":500,\"caption\":\"Andan Group O\u00dc\"},\"image\":{\"@id\":\"https:\/\/www.games4all.ee\/et\/#\/schema\/logo\/image\/\"},\"sameAs\":[\"https:\/\/www.facebook.com\/Games4All.ee\"]}]}<\/script>\n<!-- \/ Yoast SEO plugin. -->","yoast_head_json":{"title":"Flip 7 | Board games store in Estonia - Games4all","description":"Osta lauam\u00e4ng Flip 7 hinnaga 13 \u20ac. Sisaldab reegleid inglise, vene ja eesti keeles PDF-failina. Kiire kohaletoimetamine Omniva v\u00f5i Smartpostiga \u00fcle Eesti.","robots":{"index":"index","follow":"follow","max-snippet":"max-snippet:-1","max-image-preview":"max-image-preview:large","max-video-preview":"max-video-preview:-1"},"canonical":"https:\/\/www.games4all.ee\/et\/toode\/flip-7\/","og_locale":"et_EE","og_type":"article","og_title":"Flip 7 | Board games store in Estonia - Games4all","og_description":"Osta lauam\u00e4ng Flip 7 hinnaga 13 \u20ac. Sisaldab reegleid inglise, vene ja eesti keeles PDF-failina. Kiire kohaletoimetamine Omniva v\u00f5i Smartpostiga \u00fcle Eesti.","og_url":"https:\/\/www.games4all.ee\/et\/toode\/flip-7\/","og_site_name":"Games4all","article_publisher":"https:\/\/www.facebook.com\/Games4All.ee","article_modified_time":"2025-12-31T22:04:27+00:00","og_image":[{"width":404,"height":560,"url":"https:\/\/www.games4all.ee\/wp-content\/uploads\/2025\/11\/flip-7-card-game-games4all.webp","type":"image\/webp"}],"twitter_card":"summary_large_image","twitter_misc":{"Est. reading time":"1 minut"},"schema":{"@context":"https:\/\/schema.org","@graph":[{"@type":["WebPage","ItemPage"],"@id":"https:\/\/www.games4all.ee\/et\/toode\/flip-7\/","url":"https:\/\/www.games4all.ee\/et\/toode\/flip-7\/","name":"Flip 7 | Board games store in Estonia - Games4all","isPartOf":{"@id":"https:\/\/www.games4all.ee\/et\/#website"},"primaryImageOfPage":{"@id":"https:\/\/www.games4all.ee\/et\/toode\/flip-7\/#primaryimage"},"image":{"@id":"https:\/\/www.games4all.ee\/et\/toode\/flip-7\/#primaryimage"},"thumbnailUrl":"https:\/\/www.games4all.ee\/wp-content\/uploads\/2025\/11\/flip-7-card-game-games4all.webp","datePublished":"2025-11-29T12:32:17+00:00","dateModified":"2025-12-31T22:04:27+00:00","description":"Osta lauam\u00e4ng Flip 7 hinnaga 13 \u20ac. Sisaldab reegleid inglise, vene ja eesti keeles PDF-failina. Kiire kohaletoimetamine Omniva v\u00f5i Smartpostiga \u00fcle Eesti.","breadcrumb":{"@id":"https:\/\/www.games4all.ee\/et\/toode\/flip-7\/#breadcrumb"},"inLanguage":"et","potentialAction":[{"@type":"ReadAction","target":["https:\/\/www.games4all.ee\/et\/toode\/flip-7\/"]}]},{"@type":"ImageObject","inLanguage":"et","@id":"https:\/\/www.games4all.ee\/et\/toode\/flip-7\/#primaryimage","url":"https:\/\/www.games4all.ee\/wp-content\/uploads\/2025\/11\/flip-7-card-game-games4all.webp","contentUrl":"https:\/\/www.games4all.ee\/wp-content\/uploads\/2025\/11\/flip-7-card-game-games4all.webp","width":404,"height":560,"caption":"V\u00e4rvilise holograafilise kujunduse ja numbrikaartidega Flip 7 kaardim\u00e4ngukarp; kiire ja populaarne perem\u00e4ng nii Eestis kui ka Tallinnas."},{"@type":"BreadcrumbList","@id":"https:\/\/www.games4all.ee\/et\/toode\/flip-7\/#breadcrumb","itemListElement":[{"@type":"ListItem","position":1,"name":"\u0413\u043b\u0430\u0432\u043d\u0430\u044f \u0441\u0442\u0440\u0430\u043d\u0438\u0446\u0430","item":"https:\/\/www.games4all.ee\/et\/"},{"@type":"ListItem","position":2,"name":"M\u00e4ngude pood","item":"https:\/\/www.games4all.ee\/et\/mangude-pood\/"},{"@type":"ListItem","position":3,"name":"Flip 7"}]},{"@type":"WebSite","@id":"https:\/\/www.games4all.ee\/et\/#website","url":"https:\/\/www.games4all.ee\/et\/","name":"Games4all","description":"Board games and more in Estonia","publisher":{"@id":"https:\/\/www.games4all.ee\/et\/#organization"},"potentialAction":[{"@type":"SearchAction","target":{"@type":"EntryPoint","urlTemplate":"https:\/\/www.games4all.ee\/et\/?s={search_term_string}"},"query-input":{"@type":"PropertyValueSpecification","valueRequired":true,"valueName":"search_term_string"}}],"inLanguage":"et"},{"@type":"Organization","@id":"https:\/\/www.games4all.ee\/et\/#organization","name":"Andan Group O\u00dc","url":"https:\/\/www.games4all.ee\/et\/","logo":{"@type":"ImageObject","inLanguage":"et","@id":"https:\/\/www.games4all.ee\/et\/#\/schema\/logo\/image\/","url":"https:\/\/www.games4all.ee\/wp-content\/uploads\/2023\/07\/GAMES4ALL-LOGO-1.png","contentUrl":"https:\/\/www.games4all.ee\/wp-content\/uploads\/2023\/07\/GAMES4ALL-LOGO-1.png","width":500,"height":500,"caption":"Andan Group O\u00dc"},"image":{"@id":"https:\/\/www.games4all.ee\/et\/#\/schema\/logo\/image\/"},"sameAs":["https:\/\/www.facebook.com\/Games4All.ee"]}]}},"_links":{"self":[{"href":"https:\/\/www.games4all.ee\/et\/wp-json\/wp\/v2\/product\/4024","targetHints":{"allow":["GET"]}}],"collection":[{"href":"https:\/\/www.games4all.ee\/et\/wp-json\/wp\/v2\/product"}],"about":[{"href":"https:\/\/www.games4all.ee\/et\/wp-json\/wp\/v2\/types\/product"}],"replies":[{"embeddable":true,"href":"https:\/\/www.games4all.ee\/et\/wp-json\/wp\/v2\/comments?post=4024"}],"wp:featuredmedia":[{"embeddable":true,"href":"https:\/\/www.games4all.ee\/et\/wp-json\/wp\/v2\/media\/4019"}],"wp:attachment":[{"href":"https:\/\/www.games4all.ee\/et\/wp-json\/wp\/v2\/media?parent=4024"}],"wp:term":[{"taxonomy":"product_brand","embeddable":true,"href":"https:\/\/www.games4all.ee\/et\/wp-json\/wp\/v2\/product_brand?post=4024"},{"taxonomy":"product_cat","embeddable":true,"href":"https:\/\/www.games4all.ee\/et\/wp-json\/wp\/v2\/product_cat?post=4024"},{"taxonomy":"product_tag","embeddable":true,"href":"https:\/\/www.games4all.ee\/et\/wp-json\/wp\/v2\/product_tag?post=4024"}],"curies":[{"name":"wp","href":"https:\/\/api.w.org\/{rel}","templated":true}]}}