{"id":3873,"date":"2024-10-29T12:02:07","date_gmt":"2024-10-29T10:02:07","guid":{"rendered":"https:\/\/www.games4all.ee\/product\/alias-originaal\/"},"modified":"2026-01-21T11:58:20","modified_gmt":"2026-01-21T09:58:20","slug":"alias-originaal","status":"publish","type":"product","link":"https:\/\/www.games4all.ee\/et\/toode\/alias-originaal\/","title":{"rendered":"Alias Originaal"},"content":{"rendered":"<p>Alias Originaal on populaarne lauam\u00e4ng, mis toob s\u00f5brad ja pere kokku l\u00f5busalt aega veetma. M\u00e4ng sobib suurep\u00e4raselt pidudeks ja pere\u00f5htuteks, sest eesm\u00e4rk on selgitada piiratud aja jooksul v\u00f5imalikult palju s\u00f5nu. M\u00e4ngijad jagunevad v\u00f5istkondadeks ja iga osaleja peab s\u00f5nu selgitama, et nende meeskond saaks \u00e4ra arvata s\u00f5na ise \u00fctlemata. Alias Originaal arendab loovat m\u00f5tlemist ja aitab parandada suhtlemisoskusi. M\u00e4ng sisaldab rohkem kui 2400 s\u00f5na vene ja inglise keeles, mist\u00f5ttu on see ideaalne uute s\u00f5nade \u00f5ppimiseks ja keeleoskuse parandamiseks. T\u00e4nu lihtsatele reeglitele tekitab m\u00e4ng kiiresti s\u00f5ltuvust ja sobib igale vanusele. \u00dche m\u00e4ngu aeg on umbes 45 minutit, mis v\u00f5imaldab \u00f5htul m\u00e4ngida mitu ringi. Kompaktne kast ja lihtsad reeglid teevad Aliasest suurep\u00e4rase valiku l\u00f5busateks kohtumisteks s\u00f5pradega kodus v\u00f5i reisil olles. REEGLID: <a href=\"https:\/\/www.games4all.ee\/wp-content\/uploads\/2024\/10\/Alias-original-rules-rus.pdf\">Vene PDF<\/a><br \/>\n M\u00e4nguaeg: umbes 45 minutit<br \/>\n M\u00e4ngijate arv: 4 v\u00f5i rohkem<br \/>\n M\u00e4ngijate vanus: 7+ Kui ostate meilt m\u00e4ngu &#8220;Alias Originaal&#8221;, saad toredaid boonuseid:<br \/>\n  Kiire kohaletoimetamine <a href=\"https:\/\/www.omniva.ee\/\">Omniva <\/a> v\u00f5i Smartposti kaudu<br \/>\n  Tarneaeg 3-7 t\u00f6\u00f6p\u00e4eva jooksul<br \/>\n  Kvaliteedi garantii<br \/>\n  <a href=\"https:\/\/www.games4all.ee\/terms-of-sales\/\">Tagastamisv\u00f5imalus <\/a> 1 p\u00e4eva jooksul p\u00e4rast k\u00e4ttesaamist  <\/p>\n","protected":false},"excerpt":{"rendered":"<h2>Hoiatus: Aliase m\u00e4ng on t\u00e4ielikult vene keeles. K\u00f5ik m\u00e4nguelemendid, sealhulgas juhised ja kaardid, on vene keeles. <\/h2>\n<ul>\n<li>\n<h2>M\u00e4ngu aeg: umbes 45 minutit<\/h2>\n<\/li>\n<li>\n<h2>M\u00e4ngijate arv: 4 v\u00f5i rohkem<\/h2>\n<\/li>\n<li>\n<h2>M\u00e4ngijate vanus: 7+<\/h2>\n<\/li>\n<\/ul>\n","protected":false},"featured_media":3860,"comment_status":"open","ping_status":"closed","template":"","meta":{"om_disable_all_campaigns":false,"site-sidebar-layout":"default","site-content-layout":"","ast-site-content-layout":"default","site-content-style":"default","site-sidebar-style":"default","ast-global-header-display":"","ast-banner-title-visibility":"","ast-main-header-display":"","ast-hfb-above-header-display":"","ast-hfb-below-header-display":"","ast-hfb-mobile-header-display":"","site-post-title":"","ast-breadcrumbs-content":"","ast-featured-img":"","footer-sml-layout":"","ast-disable-related-posts":"","theme-transparent-header-meta":"default","adv-header-id-meta":"","stick-header-meta":"","header-above-stick-meta":"","header-main-stick-meta":"","header-below-stick-meta":"","astra-migrate-meta-layouts":"default","ast-page-background-enabled":"default","ast-page-background-meta":{"desktop":{"background-color":"var(--ast-global-color-4)","background-image":"","background-repeat":"repeat","background-position":"center center","background-size":"auto","background-attachment":"scroll","background-type":"","background-media":"","overlay-type":"","overlay-color":"","overlay-opacity":"","overlay-gradient":""},"tablet":{"background-color":"","background-image":"","background-repeat":"repeat","background-position":"center center","background-size":"auto","background-attachment":"scroll","background-type":"","background-media":"","overlay-type":"","overlay-color":"","overlay-opacity":"","overlay-gradient":""},"mobile":{"background-color":"","background-image":"","background-repeat":"repeat","background-position":"center center","background-size":"auto","background-attachment":"scroll","background-type":"","background-media":"","overlay-type":"","overlay-color":"","overlay-opacity":"","overlay-gradient":""}},"ast-content-background-meta":{"desktop":{"background-color":"var(--ast-global-color-5)","background-image":"","background-repeat":"repeat","background-position":"center center","background-size":"auto","background-attachment":"scroll","background-type":"","background-media":"","overlay-type":"","overlay-color":"","overlay-opacity":"","overlay-gradient":""},"tablet":{"background-color":"var(--ast-global-color-5)","background-image":"","background-repeat":"repeat","background-position":"center center","background-size":"auto","background-attachment":"scroll","background-type":"","background-media":"","overlay-type":"","overlay-color":"","overlay-opacity":"","overlay-gradient":""},"mobile":{"background-color":"var(--ast-global-color-5)","background-image":"","background-repeat":"repeat","background-position":"center center","background-size":"auto","background-attachment":"scroll","background-type":"","background-media":"","overlay-type":"","overlay-color":"","overlay-opacity":"","overlay-gradient":""}}},"product_brand":[],"product_cat":[42,121],"product_tag":[],"class_list":{"0":"post-3873","1":"product","2":"type-product","3":"status-publish","4":"has-post-thumbnail","6":"product_cat-lauamangud","7":"product_cat-mangud-vene-keeles","8":"desktop-align-center","9":"tablet-align-left","10":"mobile-align-center","12":"first","13":"instock","14":"purchasable","15":"product-type-simple"},"yoast_head":"<!-- This site is optimized with the Yoast SEO plugin v27.2 - https:\/\/yoast.com\/product\/yoast-seo-wordpress\/ -->\n<title>Alias Originaal (Vene) | Lauam\u00e4ngude pood Eestis - Games4all<\/title>\n<meta name=\"description\" content=\"Hind: 23,9\u20ac | Kiire kohaletoimetamine Omniva v\u00f5i Smartposti kaudu | Ostke veebipoest Games4all venekeelset m\u00e4ngu Alias Originaal\" \/>\n<meta name=\"robots\" content=\"index, follow, max-snippet:-1, max-image-preview:large, max-video-preview:-1\" \/>\n<link rel=\"canonical\" href=\"https:\/\/www.games4all.ee\/et\/toode\/alias-originaal\/\" \/>\n<meta property=\"og:locale\" content=\"et_EE\" \/>\n<meta property=\"og:type\" content=\"article\" \/>\n<meta property=\"og:title\" content=\"Alias Originaal (Vene) | Lauam\u00e4ngude pood Eestis - Games4all\" \/>\n<meta property=\"og:description\" content=\"Hind: 23,9\u20ac | Kiire kohaletoimetamine Omniva v\u00f5i Smartposti kaudu | Ostke veebipoest Games4all venekeelset m\u00e4ngu Alias Originaal\" \/>\n<meta property=\"og:url\" content=\"https:\/\/www.games4all.ee\/et\/toode\/alias-originaal\/\" \/>\n<meta property=\"og:site_name\" content=\"Games4all\" \/>\n<meta property=\"article:publisher\" content=\"https:\/\/www.facebook.com\/Games4All.ee\" \/>\n<meta property=\"article:modified_time\" content=\"2026-01-21T09:58:20+00:00\" \/>\n<meta property=\"og:image\" content=\"https:\/\/www.games4all.ee\/wp-content\/uploads\/2024\/10\/alias-original-rus-games4all.jpg\" \/>\n\t<meta property=\"og:image:width\" content=\"1024\" \/>\n\t<meta property=\"og:image:height\" content=\"1024\" \/>\n\t<meta property=\"og:image:type\" content=\"image\/jpeg\" \/>\n<meta name=\"twitter:card\" content=\"summary_large_image\" \/>\n<meta name=\"twitter:label1\" content=\"Est. reading time\" \/>\n\t<meta name=\"twitter:data1\" content=\"1 minut\" \/>\n<script type=\"application\/ld+json\" class=\"yoast-schema-graph\">{\"@context\":\"https:\/\/schema.org\",\"@graph\":[{\"@type\":[\"WebPage\",\"ItemPage\"],\"@id\":\"https:\/\/www.games4all.ee\/et\/toode\/alias-originaal\/\",\"url\":\"https:\/\/www.games4all.ee\/et\/toode\/alias-originaal\/\",\"name\":\"Alias Originaal (Vene) | Lauam\u00e4ngude pood Eestis - Games4all\",\"isPartOf\":{\"@id\":\"https:\/\/www.games4all.ee\/et\/#website\"},\"primaryImageOfPage\":{\"@id\":\"https:\/\/www.games4all.ee\/et\/toode\/alias-originaal\/#primaryimage\"},\"image\":{\"@id\":\"https:\/\/www.games4all.ee\/et\/toode\/alias-originaal\/#primaryimage\"},\"thumbnailUrl\":\"https:\/\/www.games4all.ee\/wp-content\/uploads\/2024\/10\/alias-original-rus-games4all.jpg\",\"datePublished\":\"2024-10-29T10:02:07+00:00\",\"dateModified\":\"2026-01-21T09:58:20+00:00\",\"description\":\"Hind: 23,9\u20ac | Kiire kohaletoimetamine Omniva v\u00f5i Smartposti kaudu | Ostke veebipoest Games4all venekeelset m\u00e4ngu Alias Originaal\",\"breadcrumb\":{\"@id\":\"https:\/\/www.games4all.ee\/et\/toode\/alias-originaal\/#breadcrumb\"},\"inLanguage\":\"et\",\"potentialAction\":[{\"@type\":\"ReadAction\",\"target\":[\"https:\/\/www.games4all.ee\/et\/toode\/alias-originaal\/\"]}]},{\"@type\":\"ImageObject\",\"inLanguage\":\"et\",\"@id\":\"https:\/\/www.games4all.ee\/et\/toode\/alias-originaal\/#primaryimage\",\"url\":\"https:\/\/www.games4all.ee\/wp-content\/uploads\/2024\/10\/alias-original-rus-games4all.jpg\",\"contentUrl\":\"https:\/\/www.games4all.ee\/wp-content\/uploads\/2024\/10\/alias-original-rus-games4all.jpg\",\"width\":1024,\"height\":1024,\"caption\":\"Alias \u200b\u200b\u200b\u200blauam\u00e4ngukast: \u00d6elge teisiti, selgitamiseks on \u00fcle 2400 s\u00f5na, mis sobib m\u00e4ngijatele vanuses 7 aastat ja vanemad.\"},{\"@type\":\"BreadcrumbList\",\"@id\":\"https:\/\/www.games4all.ee\/et\/toode\/alias-originaal\/#breadcrumb\",\"itemListElement\":[{\"@type\":\"ListItem\",\"position\":1,\"name\":\"\u0413\u043b\u0430\u0432\u043d\u0430\u044f \u0441\u0442\u0440\u0430\u043d\u0438\u0446\u0430\",\"item\":\"https:\/\/www.games4all.ee\/et\/\"},{\"@type\":\"ListItem\",\"position\":2,\"name\":\"M\u00e4ngude pood\",\"item\":\"https:\/\/www.games4all.ee\/et\/mangude-pood\/\"},{\"@type\":\"ListItem\",\"position\":3,\"name\":\"Alias Originaal\"}]},{\"@type\":\"WebSite\",\"@id\":\"https:\/\/www.games4all.ee\/et\/#website\",\"url\":\"https:\/\/www.games4all.ee\/et\/\",\"name\":\"Games4all\",\"description\":\"Board games and more in Estonia\",\"publisher\":{\"@id\":\"https:\/\/www.games4all.ee\/et\/#organization\"},\"potentialAction\":[{\"@type\":\"SearchAction\",\"target\":{\"@type\":\"EntryPoint\",\"urlTemplate\":\"https:\/\/www.games4all.ee\/et\/?s={search_term_string}\"},\"query-input\":{\"@type\":\"PropertyValueSpecification\",\"valueRequired\":true,\"valueName\":\"search_term_string\"}}],\"inLanguage\":\"et\"},{\"@type\":\"Organization\",\"@id\":\"https:\/\/www.games4all.ee\/et\/#organization\",\"name\":\"Andan Group O\u00dc\",\"url\":\"https:\/\/www.games4all.ee\/et\/\",\"logo\":{\"@type\":\"ImageObject\",\"inLanguage\":\"et\",\"@id\":\"https:\/\/www.games4all.ee\/et\/#\/schema\/logo\/image\/\",\"url\":\"https:\/\/www.games4all.ee\/wp-content\/uploads\/2023\/07\/GAMES4ALL-LOGO-1.png\",\"contentUrl\":\"https:\/\/www.games4all.ee\/wp-content\/uploads\/2023\/07\/GAMES4ALL-LOGO-1.png\",\"width\":500,\"height\":500,\"caption\":\"Andan Group O\u00dc\"},\"image\":{\"@id\":\"https:\/\/www.games4all.ee\/et\/#\/schema\/logo\/image\/\"},\"sameAs\":[\"https:\/\/www.facebook.com\/Games4All.ee\"]}]}<\/script>\n<!-- \/ Yoast SEO plugin. -->","yoast_head_json":{"title":"Alias Originaal (Vene) | Lauam\u00e4ngude pood Eestis - Games4all","description":"Hind: 23,9\u20ac | Kiire kohaletoimetamine Omniva v\u00f5i Smartposti kaudu | Ostke veebipoest Games4all venekeelset m\u00e4ngu Alias Originaal","robots":{"index":"index","follow":"follow","max-snippet":"max-snippet:-1","max-image-preview":"max-image-preview:large","max-video-preview":"max-video-preview:-1"},"canonical":"https:\/\/www.games4all.ee\/et\/toode\/alias-originaal\/","og_locale":"et_EE","og_type":"article","og_title":"Alias Originaal (Vene) | Lauam\u00e4ngude pood Eestis - Games4all","og_description":"Hind: 23,9\u20ac | Kiire kohaletoimetamine Omniva v\u00f5i Smartposti kaudu | Ostke veebipoest Games4all venekeelset m\u00e4ngu Alias Originaal","og_url":"https:\/\/www.games4all.ee\/et\/toode\/alias-originaal\/","og_site_name":"Games4all","article_publisher":"https:\/\/www.facebook.com\/Games4All.ee","article_modified_time":"2026-01-21T09:58:20+00:00","og_image":[{"width":1024,"height":1024,"url":"https:\/\/www.games4all.ee\/wp-content\/uploads\/2024\/10\/alias-original-rus-games4all.jpg","type":"image\/jpeg"}],"twitter_card":"summary_large_image","twitter_misc":{"Est. reading time":"1 minut"},"schema":{"@context":"https:\/\/schema.org","@graph":[{"@type":["WebPage","ItemPage"],"@id":"https:\/\/www.games4all.ee\/et\/toode\/alias-originaal\/","url":"https:\/\/www.games4all.ee\/et\/toode\/alias-originaal\/","name":"Alias Originaal (Vene) | Lauam\u00e4ngude pood Eestis - Games4all","isPartOf":{"@id":"https:\/\/www.games4all.ee\/et\/#website"},"primaryImageOfPage":{"@id":"https:\/\/www.games4all.ee\/et\/toode\/alias-originaal\/#primaryimage"},"image":{"@id":"https:\/\/www.games4all.ee\/et\/toode\/alias-originaal\/#primaryimage"},"thumbnailUrl":"https:\/\/www.games4all.ee\/wp-content\/uploads\/2024\/10\/alias-original-rus-games4all.jpg","datePublished":"2024-10-29T10:02:07+00:00","dateModified":"2026-01-21T09:58:20+00:00","description":"Hind: 23,9\u20ac | Kiire kohaletoimetamine Omniva v\u00f5i Smartposti kaudu | Ostke veebipoest Games4all venekeelset m\u00e4ngu Alias Originaal","breadcrumb":{"@id":"https:\/\/www.games4all.ee\/et\/toode\/alias-originaal\/#breadcrumb"},"inLanguage":"et","potentialAction":[{"@type":"ReadAction","target":["https:\/\/www.games4all.ee\/et\/toode\/alias-originaal\/"]}]},{"@type":"ImageObject","inLanguage":"et","@id":"https:\/\/www.games4all.ee\/et\/toode\/alias-originaal\/#primaryimage","url":"https:\/\/www.games4all.ee\/wp-content\/uploads\/2024\/10\/alias-original-rus-games4all.jpg","contentUrl":"https:\/\/www.games4all.ee\/wp-content\/uploads\/2024\/10\/alias-original-rus-games4all.jpg","width":1024,"height":1024,"caption":"Alias \u200b\u200b\u200b\u200blauam\u00e4ngukast: \u00d6elge teisiti, selgitamiseks on \u00fcle 2400 s\u00f5na, mis sobib m\u00e4ngijatele vanuses 7 aastat ja vanemad."},{"@type":"BreadcrumbList","@id":"https:\/\/www.games4all.ee\/et\/toode\/alias-originaal\/#breadcrumb","itemListElement":[{"@type":"ListItem","position":1,"name":"\u0413\u043b\u0430\u0432\u043d\u0430\u044f \u0441\u0442\u0440\u0430\u043d\u0438\u0446\u0430","item":"https:\/\/www.games4all.ee\/et\/"},{"@type":"ListItem","position":2,"name":"M\u00e4ngude pood","item":"https:\/\/www.games4all.ee\/et\/mangude-pood\/"},{"@type":"ListItem","position":3,"name":"Alias Originaal"}]},{"@type":"WebSite","@id":"https:\/\/www.games4all.ee\/et\/#website","url":"https:\/\/www.games4all.ee\/et\/","name":"Games4all","description":"Board games and more in Estonia","publisher":{"@id":"https:\/\/www.games4all.ee\/et\/#organization"},"potentialAction":[{"@type":"SearchAction","target":{"@type":"EntryPoint","urlTemplate":"https:\/\/www.games4all.ee\/et\/?s={search_term_string}"},"query-input":{"@type":"PropertyValueSpecification","valueRequired":true,"valueName":"search_term_string"}}],"inLanguage":"et"},{"@type":"Organization","@id":"https:\/\/www.games4all.ee\/et\/#organization","name":"Andan Group O\u00dc","url":"https:\/\/www.games4all.ee\/et\/","logo":{"@type":"ImageObject","inLanguage":"et","@id":"https:\/\/www.games4all.ee\/et\/#\/schema\/logo\/image\/","url":"https:\/\/www.games4all.ee\/wp-content\/uploads\/2023\/07\/GAMES4ALL-LOGO-1.png","contentUrl":"https:\/\/www.games4all.ee\/wp-content\/uploads\/2023\/07\/GAMES4ALL-LOGO-1.png","width":500,"height":500,"caption":"Andan Group O\u00dc"},"image":{"@id":"https:\/\/www.games4all.ee\/et\/#\/schema\/logo\/image\/"},"sameAs":["https:\/\/www.facebook.com\/Games4All.ee"]}]}},"_links":{"self":[{"href":"https:\/\/www.games4all.ee\/et\/wp-json\/wp\/v2\/product\/3873","targetHints":{"allow":["GET"]}}],"collection":[{"href":"https:\/\/www.games4all.ee\/et\/wp-json\/wp\/v2\/product"}],"about":[{"href":"https:\/\/www.games4all.ee\/et\/wp-json\/wp\/v2\/types\/product"}],"replies":[{"embeddable":true,"href":"https:\/\/www.games4all.ee\/et\/wp-json\/wp\/v2\/comments?post=3873"}],"wp:featuredmedia":[{"embeddable":true,"href":"https:\/\/www.games4all.ee\/et\/wp-json\/wp\/v2\/media\/3860"}],"wp:attachment":[{"href":"https:\/\/www.games4all.ee\/et\/wp-json\/wp\/v2\/media?parent=3873"}],"wp:term":[{"taxonomy":"product_brand","embeddable":true,"href":"https:\/\/www.games4all.ee\/et\/wp-json\/wp\/v2\/product_brand?post=3873"},{"taxonomy":"product_cat","embeddable":true,"href":"https:\/\/www.games4all.ee\/et\/wp-json\/wp\/v2\/product_cat?post=3873"},{"taxonomy":"product_tag","embeddable":true,"href":"https:\/\/www.games4all.ee\/et\/wp-json\/wp\/v2\/product_tag?post=3873"}],"curies":[{"name":"wp","href":"https:\/\/api.w.org\/{rel}","templated":true}]}}