{"id":3854,"date":"2024-10-29T11:22:50","date_gmt":"2024-10-29T09:22:50","guid":{"rendered":"https:\/\/www.games4all.ee\/product\/monopoli-klassika\/"},"modified":"2024-12-16T20:50:38","modified_gmt":"2024-12-16T18:50:38","slug":"monopoli-klassika","status":"publish","type":"product","link":"https:\/\/www.games4all.ee\/et\/toode\/monopoli-klassika\/","title":{"rendered":"Monopoli klassika"},"content":{"rendered":"<p>Monopoli klassika on legendaarne lauam\u00e4ng, kus iga\u00fchest v\u00f5ib saada kinnisvaramagnaat. M\u00e4ng on m\u00f5eldud 2-6 m\u00e4ngijale, alates 8. eluaastast. M\u00e4ngu ajal ostavad, m\u00fc\u00fcvad ja vahetavad osalejad maat\u00fckke, ehitavad maju ja hotelle, p\u00fc\u00fcdledes rahalise domineerimise poole. Strateegiline m\u00f5tlemine ja raha haldamise oskus aitavad m\u00e4ngijatel edu saavutada ja vastaseid h\u00e4vitada. Iga Monopoli m\u00e4ng on ainulaadne: \u00f5nn, \u00f5iged otsused ja strateegia otsustavad m\u00e4ngu tulemuse. Esiteks reisivad m\u00e4ngijad laual ringi, ostes saadaolevaid maat\u00fckke. Seej\u00e4rel koguvad nad neile hooneid ehitades oma vastastelt renti. Kuid \u00e4rge unustage makse, vanglat ja muid ootamatuid s\u00fcndmusi, mis v\u00f5ivad teie plaane segada! Monopol on suurep\u00e4rane m\u00e4ng pere\u00f5htuteks, s\u00f5bralikeks koosviibimisteks ja l\u00f5busaks ajaveetmiseks. T\u00e4nu lihtsatele reeglitele ja d\u00fcnaamilisele m\u00e4ngule meeldib see h\u00f5lpsalt nii lastele kui ka t\u00e4iskasvanutele. M\u00e4ngi ja saa teada, kellest saab t\u00f5eline finantsmagn! REEGLID: <a href=\"https:\/\/www.games4all.ee\/wp-content\/uploads\/2024\/10\/Monopoly-Rules-RUS.pdf\">Monopoli reeglid RUS<\/a><br \/>\n M\u00e4nguaeg: 60 kuni 180 minutit<br \/>\n M\u00e4ngijate arv: 2-6<br \/>\n M\u00e4ngijate vanus: 8+ Kui ostate m\u00e4ngu &#8220;Monopoli klassika&#8221; meilt saad toredaid boonuseid:<br \/>\n  Kiire kohaletoimetamine <a href=\"https:\/\/www.omniva.ee\/\">Omniva <\/a> v\u00f5i Smartposti kaudu<br \/>\n  Tarneaeg 3-7 t\u00f6\u00f6p\u00e4eva jooksul<br \/>\n  Kvaliteedigarantii<br \/>\n  <a href=\"https:\/\/www.games4all.ee\/terms-of-sales\/\">Tagastamisv\u00f5imalus <\/a> 14 p\u00e4eva jooksul p\u00e4rast k\u00e4ttesaamist   <\/p>\n","protected":false},"excerpt":{"rendered":"<h2>Hoiatus: Monopoli m\u00e4ng on t\u00e4ielikult vene keeles. K\u00f5ik m\u00e4nguelemendid, sealhulgas juhised ja kaardid, on vene keeles. <\/h2>\n<ul>\n<li>\n<h2>Monopol on legendaarne lauam\u00e4ng, kus iga\u00fchest v\u00f5ib saada kinnisvaramagn.<\/h2>\n<\/li>\n<li>\n<h2>Iga Monopoli m\u00e4ng on ainulaadne.<\/h2>\n<\/li>\n<li>\n<h2>M\u00e4nguaeg: 60 kuni 180 minutit<\/h2>\n<\/li>\n<li>\n<h2>M\u00e4ngijate arv: 2-6<\/h2>\n<\/li>\n<li>\n<h2>M\u00e4ngijate vanus: 8+<\/h2>\n<\/li>\n<\/ul>\n","protected":false},"featured_media":3842,"comment_status":"open","ping_status":"closed","template":"","meta":{"om_disable_all_campaigns":false,"site-sidebar-layout":"default","site-content-layout":"","ast-site-content-layout":"default","site-content-style":"default","site-sidebar-style":"default","ast-global-header-display":"","ast-banner-title-visibility":"","ast-main-header-display":"","ast-hfb-above-header-display":"","ast-hfb-below-header-display":"","ast-hfb-mobile-header-display":"","site-post-title":"","ast-breadcrumbs-content":"","ast-featured-img":"","footer-sml-layout":"","ast-disable-related-posts":"","theme-transparent-header-meta":"default","adv-header-id-meta":"","stick-header-meta":"","header-above-stick-meta":"","header-main-stick-meta":"","header-below-stick-meta":"","astra-migrate-meta-layouts":"default","ast-page-background-enabled":"default","ast-page-background-meta":{"desktop":{"background-color":"var(--ast-global-color-4)","background-image":"","background-repeat":"repeat","background-position":"center center","background-size":"auto","background-attachment":"scroll","background-type":"","background-media":"","overlay-type":"","overlay-color":"","overlay-opacity":"","overlay-gradient":""},"tablet":{"background-color":"","background-image":"","background-repeat":"repeat","background-position":"center center","background-size":"auto","background-attachment":"scroll","background-type":"","background-media":"","overlay-type":"","overlay-color":"","overlay-opacity":"","overlay-gradient":""},"mobile":{"background-color":"","background-image":"","background-repeat":"repeat","background-position":"center center","background-size":"auto","background-attachment":"scroll","background-type":"","background-media":"","overlay-type":"","overlay-color":"","overlay-opacity":"","overlay-gradient":""}},"ast-content-background-meta":{"desktop":{"background-color":"var(--ast-global-color-5)","background-image":"","background-repeat":"repeat","background-position":"center center","background-size":"auto","background-attachment":"scroll","background-type":"","background-media":"","overlay-type":"","overlay-color":"","overlay-opacity":"","overlay-gradient":""},"tablet":{"background-color":"var(--ast-global-color-5)","background-image":"","background-repeat":"repeat","background-position":"center center","background-size":"auto","background-attachment":"scroll","background-type":"","background-media":"","overlay-type":"","overlay-color":"","overlay-opacity":"","overlay-gradient":""},"mobile":{"background-color":"var(--ast-global-color-5)","background-image":"","background-repeat":"repeat","background-position":"center center","background-size":"auto","background-attachment":"scroll","background-type":"","background-media":"","overlay-type":"","overlay-color":"","overlay-opacity":"","overlay-gradient":""}}},"product_brand":[],"product_cat":[42,121],"product_tag":[],"class_list":{"0":"post-3854","1":"product","2":"type-product","3":"status-publish","4":"has-post-thumbnail","6":"product_cat-lauamangud","7":"product_cat-mangud-vene-keeles","8":"desktop-align-center","9":"tablet-align-left","10":"mobile-align-center","12":"first","13":"outofstock","14":"purchasable","15":"product-type-simple"},"yoast_head":"<!-- This site is optimized with the Yoast SEO plugin v27.2 - https:\/\/yoast.com\/product\/yoast-seo-wordpress\/ -->\n<title>Monopoli klassika | Board games store in Estonia - Games4all<\/title>\n<meta name=\"description\" content=\"Hind: 49,9 \u20ac | Kiire kohaletoimetamine Omniva v\u00f5i Smartposti kaudu | Osta venekeelne lauam\u00e4ng Monopoly classic veebipoest Games4all\" \/>\n<meta name=\"robots\" content=\"index, follow, max-snippet:-1, max-image-preview:large, max-video-preview:-1\" \/>\n<link rel=\"canonical\" href=\"https:\/\/www.games4all.ee\/et\/toode\/monopoli-klassika\/\" \/>\n<meta property=\"og:locale\" content=\"et_EE\" \/>\n<meta property=\"og:type\" content=\"article\" \/>\n<meta property=\"og:title\" content=\"Monopoli klassika | Board games store in Estonia - Games4all\" \/>\n<meta property=\"og:description\" content=\"Hind: 49,9 \u20ac | Kiire kohaletoimetamine Omniva v\u00f5i Smartposti kaudu | Osta venekeelne lauam\u00e4ng Monopoly classic veebipoest Games4all\" \/>\n<meta property=\"og:url\" content=\"https:\/\/www.games4all.ee\/et\/toode\/monopoli-klassika\/\" \/>\n<meta property=\"og:site_name\" content=\"Games4all\" \/>\n<meta property=\"article:publisher\" content=\"https:\/\/www.facebook.com\/Games4All.ee\" \/>\n<meta property=\"article:modified_time\" content=\"2024-12-16T18:50:38+00:00\" \/>\n<meta property=\"og:image\" content=\"https:\/\/www.games4all.ee\/wp-content\/uploads\/2024\/10\/C1009RUS_1.jpg\" \/>\n\t<meta property=\"og:image:width\" content=\"650\" \/>\n\t<meta property=\"og:image:height\" content=\"650\" \/>\n\t<meta property=\"og:image:type\" content=\"image\/jpeg\" \/>\n<meta name=\"twitter:card\" content=\"summary_large_image\" \/>\n<meta name=\"twitter:label1\" content=\"Est. reading time\" \/>\n\t<meta name=\"twitter:data1\" content=\"1 minut\" \/>\n<script type=\"application\/ld+json\" class=\"yoast-schema-graph\">{\"@context\":\"https:\/\/schema.org\",\"@graph\":[{\"@type\":[\"WebPage\",\"ItemPage\"],\"@id\":\"https:\/\/www.games4all.ee\/et\/toode\/monopoli-klassika\/\",\"url\":\"https:\/\/www.games4all.ee\/et\/toode\/monopoli-klassika\/\",\"name\":\"Monopoli klassika | Board games store in Estonia - Games4all\",\"isPartOf\":{\"@id\":\"https:\/\/www.games4all.ee\/et\/#website\"},\"primaryImageOfPage\":{\"@id\":\"https:\/\/www.games4all.ee\/et\/toode\/monopoli-klassika\/#primaryimage\"},\"image\":{\"@id\":\"https:\/\/www.games4all.ee\/et\/toode\/monopoli-klassika\/#primaryimage\"},\"thumbnailUrl\":\"https:\/\/www.games4all.ee\/wp-content\/uploads\/2024\/10\/C1009RUS_1.jpg\",\"datePublished\":\"2024-10-29T09:22:50+00:00\",\"dateModified\":\"2024-12-16T18:50:38+00:00\",\"description\":\"Hind: 49,9 \u20ac | Kiire kohaletoimetamine Omniva v\u00f5i Smartposti kaudu | Osta venekeelne lauam\u00e4ng Monopoly classic veebipoest Games4all\",\"breadcrumb\":{\"@id\":\"https:\/\/www.games4all.ee\/et\/toode\/monopoli-klassika\/#breadcrumb\"},\"inLanguage\":\"et\",\"potentialAction\":[{\"@type\":\"ReadAction\",\"target\":[\"https:\/\/www.games4all.ee\/et\/toode\/monopoli-klassika\/\"]}]},{\"@type\":\"ImageObject\",\"inLanguage\":\"et\",\"@id\":\"https:\/\/www.games4all.ee\/et\/toode\/monopoli-klassika\/#primaryimage\",\"url\":\"https:\/\/www.games4all.ee\/wp-content\/uploads\/2024\/10\/C1009RUS_1.jpg\",\"contentUrl\":\"https:\/\/www.games4all.ee\/wp-content\/uploads\/2024\/10\/C1009RUS_1.jpg\",\"width\":650,\"height\":650,\"caption\":\"Klassikaline Monopoly lauam\u00e4ngukarp figuuride ja logoga. Sobib 8-aastastele ja vanematele m\u00e4ngijatele.\"},{\"@type\":\"BreadcrumbList\",\"@id\":\"https:\/\/www.games4all.ee\/et\/toode\/monopoli-klassika\/#breadcrumb\",\"itemListElement\":[{\"@type\":\"ListItem\",\"position\":1,\"name\":\"\u0413\u043b\u0430\u0432\u043d\u0430\u044f \u0441\u0442\u0440\u0430\u043d\u0438\u0446\u0430\",\"item\":\"https:\/\/www.games4all.ee\/et\/\"},{\"@type\":\"ListItem\",\"position\":2,\"name\":\"M\u00e4ngude pood\",\"item\":\"https:\/\/www.games4all.ee\/et\/mangude-pood\/\"},{\"@type\":\"ListItem\",\"position\":3,\"name\":\"Monopoli klassika\"}]},{\"@type\":\"WebSite\",\"@id\":\"https:\/\/www.games4all.ee\/et\/#website\",\"url\":\"https:\/\/www.games4all.ee\/et\/\",\"name\":\"Games4all\",\"description\":\"Board games and more in Estonia\",\"publisher\":{\"@id\":\"https:\/\/www.games4all.ee\/et\/#organization\"},\"potentialAction\":[{\"@type\":\"SearchAction\",\"target\":{\"@type\":\"EntryPoint\",\"urlTemplate\":\"https:\/\/www.games4all.ee\/et\/?s={search_term_string}\"},\"query-input\":{\"@type\":\"PropertyValueSpecification\",\"valueRequired\":true,\"valueName\":\"search_term_string\"}}],\"inLanguage\":\"et\"},{\"@type\":\"Organization\",\"@id\":\"https:\/\/www.games4all.ee\/et\/#organization\",\"name\":\"Andan Group O\u00dc\",\"url\":\"https:\/\/www.games4all.ee\/et\/\",\"logo\":{\"@type\":\"ImageObject\",\"inLanguage\":\"et\",\"@id\":\"https:\/\/www.games4all.ee\/et\/#\/schema\/logo\/image\/\",\"url\":\"https:\/\/www.games4all.ee\/wp-content\/uploads\/2023\/07\/GAMES4ALL-LOGO-1.png\",\"contentUrl\":\"https:\/\/www.games4all.ee\/wp-content\/uploads\/2023\/07\/GAMES4ALL-LOGO-1.png\",\"width\":500,\"height\":500,\"caption\":\"Andan Group O\u00dc\"},\"image\":{\"@id\":\"https:\/\/www.games4all.ee\/et\/#\/schema\/logo\/image\/\"},\"sameAs\":[\"https:\/\/www.facebook.com\/Games4All.ee\"]}]}<\/script>\n<!-- \/ Yoast SEO plugin. -->","yoast_head_json":{"title":"Monopoli klassika | Board games store in Estonia - Games4all","description":"Hind: 49,9 \u20ac | Kiire kohaletoimetamine Omniva v\u00f5i Smartposti kaudu | Osta venekeelne lauam\u00e4ng Monopoly classic veebipoest Games4all","robots":{"index":"index","follow":"follow","max-snippet":"max-snippet:-1","max-image-preview":"max-image-preview:large","max-video-preview":"max-video-preview:-1"},"canonical":"https:\/\/www.games4all.ee\/et\/toode\/monopoli-klassika\/","og_locale":"et_EE","og_type":"article","og_title":"Monopoli klassika | Board games store in Estonia - Games4all","og_description":"Hind: 49,9 \u20ac | Kiire kohaletoimetamine Omniva v\u00f5i Smartposti kaudu | Osta venekeelne lauam\u00e4ng Monopoly classic veebipoest Games4all","og_url":"https:\/\/www.games4all.ee\/et\/toode\/monopoli-klassika\/","og_site_name":"Games4all","article_publisher":"https:\/\/www.facebook.com\/Games4All.ee","article_modified_time":"2024-12-16T18:50:38+00:00","og_image":[{"width":650,"height":650,"url":"https:\/\/www.games4all.ee\/wp-content\/uploads\/2024\/10\/C1009RUS_1.jpg","type":"image\/jpeg"}],"twitter_card":"summary_large_image","twitter_misc":{"Est. reading time":"1 minut"},"schema":{"@context":"https:\/\/schema.org","@graph":[{"@type":["WebPage","ItemPage"],"@id":"https:\/\/www.games4all.ee\/et\/toode\/monopoli-klassika\/","url":"https:\/\/www.games4all.ee\/et\/toode\/monopoli-klassika\/","name":"Monopoli klassika | Board games store in Estonia - Games4all","isPartOf":{"@id":"https:\/\/www.games4all.ee\/et\/#website"},"primaryImageOfPage":{"@id":"https:\/\/www.games4all.ee\/et\/toode\/monopoli-klassika\/#primaryimage"},"image":{"@id":"https:\/\/www.games4all.ee\/et\/toode\/monopoli-klassika\/#primaryimage"},"thumbnailUrl":"https:\/\/www.games4all.ee\/wp-content\/uploads\/2024\/10\/C1009RUS_1.jpg","datePublished":"2024-10-29T09:22:50+00:00","dateModified":"2024-12-16T18:50:38+00:00","description":"Hind: 49,9 \u20ac | Kiire kohaletoimetamine Omniva v\u00f5i Smartposti kaudu | Osta venekeelne lauam\u00e4ng Monopoly classic veebipoest Games4all","breadcrumb":{"@id":"https:\/\/www.games4all.ee\/et\/toode\/monopoli-klassika\/#breadcrumb"},"inLanguage":"et","potentialAction":[{"@type":"ReadAction","target":["https:\/\/www.games4all.ee\/et\/toode\/monopoli-klassika\/"]}]},{"@type":"ImageObject","inLanguage":"et","@id":"https:\/\/www.games4all.ee\/et\/toode\/monopoli-klassika\/#primaryimage","url":"https:\/\/www.games4all.ee\/wp-content\/uploads\/2024\/10\/C1009RUS_1.jpg","contentUrl":"https:\/\/www.games4all.ee\/wp-content\/uploads\/2024\/10\/C1009RUS_1.jpg","width":650,"height":650,"caption":"Klassikaline Monopoly lauam\u00e4ngukarp figuuride ja logoga. Sobib 8-aastastele ja vanematele m\u00e4ngijatele."},{"@type":"BreadcrumbList","@id":"https:\/\/www.games4all.ee\/et\/toode\/monopoli-klassika\/#breadcrumb","itemListElement":[{"@type":"ListItem","position":1,"name":"\u0413\u043b\u0430\u0432\u043d\u0430\u044f \u0441\u0442\u0440\u0430\u043d\u0438\u0446\u0430","item":"https:\/\/www.games4all.ee\/et\/"},{"@type":"ListItem","position":2,"name":"M\u00e4ngude pood","item":"https:\/\/www.games4all.ee\/et\/mangude-pood\/"},{"@type":"ListItem","position":3,"name":"Monopoli klassika"}]},{"@type":"WebSite","@id":"https:\/\/www.games4all.ee\/et\/#website","url":"https:\/\/www.games4all.ee\/et\/","name":"Games4all","description":"Board games and more in Estonia","publisher":{"@id":"https:\/\/www.games4all.ee\/et\/#organization"},"potentialAction":[{"@type":"SearchAction","target":{"@type":"EntryPoint","urlTemplate":"https:\/\/www.games4all.ee\/et\/?s={search_term_string}"},"query-input":{"@type":"PropertyValueSpecification","valueRequired":true,"valueName":"search_term_string"}}],"inLanguage":"et"},{"@type":"Organization","@id":"https:\/\/www.games4all.ee\/et\/#organization","name":"Andan Group O\u00dc","url":"https:\/\/www.games4all.ee\/et\/","logo":{"@type":"ImageObject","inLanguage":"et","@id":"https:\/\/www.games4all.ee\/et\/#\/schema\/logo\/image\/","url":"https:\/\/www.games4all.ee\/wp-content\/uploads\/2023\/07\/GAMES4ALL-LOGO-1.png","contentUrl":"https:\/\/www.games4all.ee\/wp-content\/uploads\/2023\/07\/GAMES4ALL-LOGO-1.png","width":500,"height":500,"caption":"Andan Group O\u00dc"},"image":{"@id":"https:\/\/www.games4all.ee\/et\/#\/schema\/logo\/image\/"},"sameAs":["https:\/\/www.facebook.com\/Games4All.ee"]}]}},"_links":{"self":[{"href":"https:\/\/www.games4all.ee\/et\/wp-json\/wp\/v2\/product\/3854","targetHints":{"allow":["GET"]}}],"collection":[{"href":"https:\/\/www.games4all.ee\/et\/wp-json\/wp\/v2\/product"}],"about":[{"href":"https:\/\/www.games4all.ee\/et\/wp-json\/wp\/v2\/types\/product"}],"replies":[{"embeddable":true,"href":"https:\/\/www.games4all.ee\/et\/wp-json\/wp\/v2\/comments?post=3854"}],"wp:featuredmedia":[{"embeddable":true,"href":"https:\/\/www.games4all.ee\/et\/wp-json\/wp\/v2\/media\/3842"}],"wp:attachment":[{"href":"https:\/\/www.games4all.ee\/et\/wp-json\/wp\/v2\/media?parent=3854"}],"wp:term":[{"taxonomy":"product_brand","embeddable":true,"href":"https:\/\/www.games4all.ee\/et\/wp-json\/wp\/v2\/product_brand?post=3854"},{"taxonomy":"product_cat","embeddable":true,"href":"https:\/\/www.games4all.ee\/et\/wp-json\/wp\/v2\/product_cat?post=3854"},{"taxonomy":"product_tag","embeddable":true,"href":"https:\/\/www.games4all.ee\/et\/wp-json\/wp\/v2\/product_tag?post=3854"}],"curies":[{"name":"wp","href":"https:\/\/api.w.org\/{rel}","templated":true}]}}