{"id":3819,"date":"2024-10-11T14:15:37","date_gmt":"2024-10-11T12:24:36","guid":{"rendered":"https:\/\/www.games4all.ee\/product\/dueto\/"},"modified":"2024-10-11T14:49:56","modified_gmt":"2024-10-11T12:49:56","slug":"dueto","status":"publish","type":"product","link":"https:\/\/www.games4all.ee\/et\/toode\/dueto\/","title":{"rendered":"Dueto!"},"content":{"rendered":"<p><strong>Dueto!<\/strong> on tempokas kaardim\u00e4ng, mis \u00e4ratab ellu Balti riikide elava kultuuri. M\u00e4ng on m\u00f5eldud 2-5 m\u00e4ngijale ja sobib ideaalselt l\u00fchikesteks p\u00f5nevateks voorudeks. Igal kaardil on s\u00fcmbolid, mis kajastavad Leedu, L\u00e4ti ja Eesti traditsioone. M\u00e4ngijad p\u00fc\u00fcavad leida kahe kaardi vahel sobivaid s\u00fcmboleid, muutes m\u00e4ngu nii p\u00f5nevaks kui ka harivaks. Sobib 6-aastastele ja vanematele m\u00e4ngijatele, <strong>Dueto!<\/strong> on lihtne \u00f5ppida ja ideaalne perem\u00e4ngu\u00f5htuteks. Reeglid on lihtsad: leidke kiiresti kahe kaardi vahelt sobiv s\u00fcmbol, enne kui vastane seda teeb. See d\u00fcnaamiline m\u00e4nguviis hoiab k\u00f5ik kaasatuna, pakkudes nauditavat kogemust nii lastele kui ka t\u00e4iskasvanutele. <strong>Dueto<\/strong> kompaktne ja v\u00e4rviline disain! muudab selle suurep\u00e4raseks m\u00e4nguks reisile kaasa v\u00f5tmiseks v\u00f5i kodus m\u00e4ngimiseks. \u00dcksk\u00f5ik, kas otsite pausi sisustamiseks kiiret m\u00e4ngu v\u00f5i l\u00f5busat interaktiivset v\u00e4ljakutset, <strong>Dueto!<\/strong> toimetab. Selle kultuuriteemalised s\u00fcmbolid lisavad hariva p\u00f6\u00f6rde, muutes iga vooru v\u00f5imaluse Baltikumi traditsioone uurida. Reeglid: eesti \/ inglise \/ vene all in box<br \/>\n Vanus: 6+<br \/>\n M\u00e4ngijad: 2-6<br \/>\n M\u00e4ngu kestus: 10 minutit   <\/p>\n<p><strong>Tuletame meelde, et ostes meilt m\u00e4ngu, saate meeldivaid boonuseid, n\u00e4iteks:<\/strong><\/p>\n<p>\u2013 Kiire kohaletoimetamine <a href=\"https:\/\/www.omniva.ee\/\">Omniva <\/a> v\u00f5i Smartposti pakiautomaadiga<br \/>\n \u2013 Kohaletoimetamine 3-7 t\u00f6\u00f6p\u00e4eva jooksul<br \/>\n \u2013 Kvaliteedi tagamine<br \/>\n \u2013 <a href=\"https:\/\/www.games4all.ee\/terms-of-sales\/\">Tagastusv\u00f5imalus <\/a> 14 p\u00e4eva jooksul p\u00e4rast k\u00e4ttesaamist<\/p>\n","protected":false},"excerpt":{"rendered":"<h2><strong>Dueto!<\/strong> on tempokas kaardim\u00e4ng 2-5 m\u00e4ngijale, mis t\u00f5stab oma s\u00fcmbolite kaudu esile Balti riikide kultuuri. See sobib ideaalselt 6-aastastele ja vanematele ning pakub 10-minutilisi l\u00f5bu. <\/h2>\n<h2>Reeglid: eesti \/ inglise \/ vene keel k\u00f5ik kastis<\/h2>\n","protected":false},"featured_media":3808,"comment_status":"open","ping_status":"closed","template":"","meta":{"om_disable_all_campaigns":false,"site-sidebar-layout":"default","site-content-layout":"","ast-site-content-layout":"default","site-content-style":"default","site-sidebar-style":"default","ast-global-header-display":"","ast-banner-title-visibility":"","ast-main-header-display":"","ast-hfb-above-header-display":"","ast-hfb-below-header-display":"","ast-hfb-mobile-header-display":"","site-post-title":"","ast-breadcrumbs-content":"","ast-featured-img":"","footer-sml-layout":"","ast-disable-related-posts":"","theme-transparent-header-meta":"default","adv-header-id-meta":"","stick-header-meta":"","header-above-stick-meta":"","header-main-stick-meta":"","header-below-stick-meta":"","astra-migrate-meta-layouts":"default","ast-page-background-enabled":"default","ast-page-background-meta":{"desktop":{"background-color":"var(--ast-global-color-4)","background-image":"","background-repeat":"repeat","background-position":"center center","background-size":"auto","background-attachment":"scroll","background-type":"","background-media":"","overlay-type":"","overlay-color":"","overlay-opacity":"","overlay-gradient":""},"tablet":{"background-color":"","background-image":"","background-repeat":"repeat","background-position":"center center","background-size":"auto","background-attachment":"scroll","background-type":"","background-media":"","overlay-type":"","overlay-color":"","overlay-opacity":"","overlay-gradient":""},"mobile":{"background-color":"","background-image":"","background-repeat":"repeat","background-position":"center center","background-size":"auto","background-attachment":"scroll","background-type":"","background-media":"","overlay-type":"","overlay-color":"","overlay-opacity":"","overlay-gradient":""}},"ast-content-background-meta":{"desktop":{"background-color":"var(--ast-global-color-5)","background-image":"","background-repeat":"repeat","background-position":"center center","background-size":"auto","background-attachment":"scroll","background-type":"","background-media":"","overlay-type":"","overlay-color":"","overlay-opacity":"","overlay-gradient":""},"tablet":{"background-color":"var(--ast-global-color-5)","background-image":"","background-repeat":"repeat","background-position":"center center","background-size":"auto","background-attachment":"scroll","background-type":"","background-media":"","overlay-type":"","overlay-color":"","overlay-opacity":"","overlay-gradient":""},"mobile":{"background-color":"var(--ast-global-color-5)","background-image":"","background-repeat":"repeat","background-position":"center center","background-size":"auto","background-attachment":"scroll","background-type":"","background-media":"","overlay-type":"","overlay-color":"","overlay-opacity":"","overlay-gradient":""}}},"product_brand":[],"product_cat":[38],"product_tag":[],"class_list":{"0":"post-3819","1":"product","2":"type-product","3":"status-publish","4":"has-post-thumbnail","6":"product_cat-kaardimangud","7":"desktop-align-center","8":"tablet-align-left","9":"mobile-align-center","11":"first","12":"instock","13":"purchasable","14":"product-type-simple"},"yoast_head":"<!-- This site is optimized with the Yoast SEO plugin v27.2 - https:\/\/yoast.com\/product\/yoast-seo-wordpress\/ -->\n<title>Dueto! | Board games store in Estonia - Games4all<\/title>\n<meta name=\"description\" content=\"Hind: 9,99 \u20ac | Kiire kohaletoimetamine Omniva v\u00f5i Smartposti pakiautomaadiga | Ostke Dueto! kaardim\u00e4ng Interneti-lauam\u00e4ngude poes Games4all\" \/>\n<meta name=\"robots\" content=\"index, follow, max-snippet:-1, max-image-preview:large, max-video-preview:-1\" \/>\n<link rel=\"canonical\" href=\"https:\/\/www.games4all.ee\/et\/toode\/dueto\/\" \/>\n<meta property=\"og:locale\" content=\"et_EE\" \/>\n<meta property=\"og:type\" content=\"article\" \/>\n<meta property=\"og:title\" content=\"Dueto! | Board games store in Estonia - Games4all\" \/>\n<meta property=\"og:description\" content=\"Hind: 9,99 \u20ac | Kiire kohaletoimetamine Omniva v\u00f5i Smartposti pakiautomaadiga | Ostke Dueto! kaardim\u00e4ng Interneti-lauam\u00e4ngude poes Games4all\" \/>\n<meta property=\"og:url\" content=\"https:\/\/www.games4all.ee\/et\/toode\/dueto\/\" \/>\n<meta property=\"og:site_name\" content=\"Games4all\" \/>\n<meta property=\"article:publisher\" content=\"https:\/\/www.facebook.com\/Games4All.ee\" \/>\n<meta property=\"article:modified_time\" content=\"2024-10-11T12:49:56+00:00\" \/>\n<meta property=\"og:image\" content=\"https:\/\/www.games4all.ee\/wp-content\/uploads\/2024\/10\/Dueto-card-game-games4all.ee_.jpg\" \/>\n\t<meta property=\"og:image:width\" content=\"960\" \/>\n\t<meta property=\"og:image:height\" content=\"1280\" \/>\n\t<meta property=\"og:image:type\" content=\"image\/jpeg\" \/>\n<meta name=\"twitter:card\" content=\"summary_large_image\" \/>\n<meta name=\"twitter:label1\" content=\"Est. reading time\" \/>\n\t<meta name=\"twitter:data1\" content=\"1 minut\" \/>\n<script type=\"application\/ld+json\" class=\"yoast-schema-graph\">{\"@context\":\"https:\/\/schema.org\",\"@graph\":[{\"@type\":[\"WebPage\",\"ItemPage\"],\"@id\":\"https:\/\/www.games4all.ee\/et\/toode\/dueto\/\",\"url\":\"https:\/\/www.games4all.ee\/et\/toode\/dueto\/\",\"name\":\"Dueto! | Board games store in Estonia - Games4all\",\"isPartOf\":{\"@id\":\"https:\/\/www.games4all.ee\/et\/#website\"},\"primaryImageOfPage\":{\"@id\":\"https:\/\/www.games4all.ee\/et\/toode\/dueto\/#primaryimage\"},\"image\":{\"@id\":\"https:\/\/www.games4all.ee\/et\/toode\/dueto\/#primaryimage\"},\"thumbnailUrl\":\"https:\/\/www.games4all.ee\/wp-content\/uploads\/2024\/10\/Dueto-card-game-games4all.ee_.jpg\",\"datePublished\":\"2024-10-11T12:24:36+00:00\",\"dateModified\":\"2024-10-11T12:49:56+00:00\",\"description\":\"Hind: 9,99 \u20ac | Kiire kohaletoimetamine Omniva v\u00f5i Smartposti pakiautomaadiga | Ostke Dueto! kaardim\u00e4ng Interneti-lauam\u00e4ngude poes Games4all\",\"breadcrumb\":{\"@id\":\"https:\/\/www.games4all.ee\/et\/toode\/dueto\/#breadcrumb\"},\"inLanguage\":\"et\",\"potentialAction\":[{\"@type\":\"ReadAction\",\"target\":[\"https:\/\/www.games4all.ee\/et\/toode\/dueto\/\"]}]},{\"@type\":\"ImageObject\",\"inLanguage\":\"et\",\"@id\":\"https:\/\/www.games4all.ee\/et\/toode\/dueto\/#primaryimage\",\"url\":\"https:\/\/www.games4all.ee\/wp-content\/uploads\/2024\/10\/Dueto-card-game-games4all.ee_.jpg\",\"contentUrl\":\"https:\/\/www.games4all.ee\/wp-content\/uploads\/2024\/10\/Dueto-card-game-games4all.ee_.jpg\",\"width\":960,\"height\":1280,\"caption\":\"Dueto kast! kaardim\u00e4ng, mis sisaldab kahte \u00fcmmargust kaarti sobivate s\u00fcmbolitega, nagu k\u00fcpsised, kilbid ja s\u00f5\u00f5rikud. M\u00e4ng on m\u00f5eldud 2-5 m\u00e4ngijale ja vanuses 6+.\"},{\"@type\":\"BreadcrumbList\",\"@id\":\"https:\/\/www.games4all.ee\/et\/toode\/dueto\/#breadcrumb\",\"itemListElement\":[{\"@type\":\"ListItem\",\"position\":1,\"name\":\"\u0413\u043b\u0430\u0432\u043d\u0430\u044f \u0441\u0442\u0440\u0430\u043d\u0438\u0446\u0430\",\"item\":\"https:\/\/www.games4all.ee\/et\/\"},{\"@type\":\"ListItem\",\"position\":2,\"name\":\"M\u00e4ngude pood\",\"item\":\"https:\/\/www.games4all.ee\/et\/mangude-pood\/\"},{\"@type\":\"ListItem\",\"position\":3,\"name\":\"Dueto!\"}]},{\"@type\":\"WebSite\",\"@id\":\"https:\/\/www.games4all.ee\/et\/#website\",\"url\":\"https:\/\/www.games4all.ee\/et\/\",\"name\":\"Games4all\",\"description\":\"Board games and more in Estonia\",\"publisher\":{\"@id\":\"https:\/\/www.games4all.ee\/et\/#organization\"},\"potentialAction\":[{\"@type\":\"SearchAction\",\"target\":{\"@type\":\"EntryPoint\",\"urlTemplate\":\"https:\/\/www.games4all.ee\/et\/?s={search_term_string}\"},\"query-input\":{\"@type\":\"PropertyValueSpecification\",\"valueRequired\":true,\"valueName\":\"search_term_string\"}}],\"inLanguage\":\"et\"},{\"@type\":\"Organization\",\"@id\":\"https:\/\/www.games4all.ee\/et\/#organization\",\"name\":\"Andan Group O\u00dc\",\"url\":\"https:\/\/www.games4all.ee\/et\/\",\"logo\":{\"@type\":\"ImageObject\",\"inLanguage\":\"et\",\"@id\":\"https:\/\/www.games4all.ee\/et\/#\/schema\/logo\/image\/\",\"url\":\"https:\/\/www.games4all.ee\/wp-content\/uploads\/2023\/07\/GAMES4ALL-LOGO-1.png\",\"contentUrl\":\"https:\/\/www.games4all.ee\/wp-content\/uploads\/2023\/07\/GAMES4ALL-LOGO-1.png\",\"width\":500,\"height\":500,\"caption\":\"Andan Group O\u00dc\"},\"image\":{\"@id\":\"https:\/\/www.games4all.ee\/et\/#\/schema\/logo\/image\/\"},\"sameAs\":[\"https:\/\/www.facebook.com\/Games4All.ee\"]}]}<\/script>\n<!-- \/ Yoast SEO plugin. -->","yoast_head_json":{"title":"Dueto! | Board games store in Estonia - Games4all","description":"Hind: 9,99 \u20ac | Kiire kohaletoimetamine Omniva v\u00f5i Smartposti pakiautomaadiga | Ostke Dueto! kaardim\u00e4ng Interneti-lauam\u00e4ngude poes Games4all","robots":{"index":"index","follow":"follow","max-snippet":"max-snippet:-1","max-image-preview":"max-image-preview:large","max-video-preview":"max-video-preview:-1"},"canonical":"https:\/\/www.games4all.ee\/et\/toode\/dueto\/","og_locale":"et_EE","og_type":"article","og_title":"Dueto! | Board games store in Estonia - Games4all","og_description":"Hind: 9,99 \u20ac | Kiire kohaletoimetamine Omniva v\u00f5i Smartposti pakiautomaadiga | Ostke Dueto! kaardim\u00e4ng Interneti-lauam\u00e4ngude poes Games4all","og_url":"https:\/\/www.games4all.ee\/et\/toode\/dueto\/","og_site_name":"Games4all","article_publisher":"https:\/\/www.facebook.com\/Games4All.ee","article_modified_time":"2024-10-11T12:49:56+00:00","og_image":[{"width":960,"height":1280,"url":"https:\/\/www.games4all.ee\/wp-content\/uploads\/2024\/10\/Dueto-card-game-games4all.ee_.jpg","type":"image\/jpeg"}],"twitter_card":"summary_large_image","twitter_misc":{"Est. reading time":"1 minut"},"schema":{"@context":"https:\/\/schema.org","@graph":[{"@type":["WebPage","ItemPage"],"@id":"https:\/\/www.games4all.ee\/et\/toode\/dueto\/","url":"https:\/\/www.games4all.ee\/et\/toode\/dueto\/","name":"Dueto! | Board games store in Estonia - Games4all","isPartOf":{"@id":"https:\/\/www.games4all.ee\/et\/#website"},"primaryImageOfPage":{"@id":"https:\/\/www.games4all.ee\/et\/toode\/dueto\/#primaryimage"},"image":{"@id":"https:\/\/www.games4all.ee\/et\/toode\/dueto\/#primaryimage"},"thumbnailUrl":"https:\/\/www.games4all.ee\/wp-content\/uploads\/2024\/10\/Dueto-card-game-games4all.ee_.jpg","datePublished":"2024-10-11T12:24:36+00:00","dateModified":"2024-10-11T12:49:56+00:00","description":"Hind: 9,99 \u20ac | Kiire kohaletoimetamine Omniva v\u00f5i Smartposti pakiautomaadiga | Ostke Dueto! kaardim\u00e4ng Interneti-lauam\u00e4ngude poes Games4all","breadcrumb":{"@id":"https:\/\/www.games4all.ee\/et\/toode\/dueto\/#breadcrumb"},"inLanguage":"et","potentialAction":[{"@type":"ReadAction","target":["https:\/\/www.games4all.ee\/et\/toode\/dueto\/"]}]},{"@type":"ImageObject","inLanguage":"et","@id":"https:\/\/www.games4all.ee\/et\/toode\/dueto\/#primaryimage","url":"https:\/\/www.games4all.ee\/wp-content\/uploads\/2024\/10\/Dueto-card-game-games4all.ee_.jpg","contentUrl":"https:\/\/www.games4all.ee\/wp-content\/uploads\/2024\/10\/Dueto-card-game-games4all.ee_.jpg","width":960,"height":1280,"caption":"Dueto kast! kaardim\u00e4ng, mis sisaldab kahte \u00fcmmargust kaarti sobivate s\u00fcmbolitega, nagu k\u00fcpsised, kilbid ja s\u00f5\u00f5rikud. M\u00e4ng on m\u00f5eldud 2-5 m\u00e4ngijale ja vanuses 6+."},{"@type":"BreadcrumbList","@id":"https:\/\/www.games4all.ee\/et\/toode\/dueto\/#breadcrumb","itemListElement":[{"@type":"ListItem","position":1,"name":"\u0413\u043b\u0430\u0432\u043d\u0430\u044f \u0441\u0442\u0440\u0430\u043d\u0438\u0446\u0430","item":"https:\/\/www.games4all.ee\/et\/"},{"@type":"ListItem","position":2,"name":"M\u00e4ngude pood","item":"https:\/\/www.games4all.ee\/et\/mangude-pood\/"},{"@type":"ListItem","position":3,"name":"Dueto!"}]},{"@type":"WebSite","@id":"https:\/\/www.games4all.ee\/et\/#website","url":"https:\/\/www.games4all.ee\/et\/","name":"Games4all","description":"Board games and more in Estonia","publisher":{"@id":"https:\/\/www.games4all.ee\/et\/#organization"},"potentialAction":[{"@type":"SearchAction","target":{"@type":"EntryPoint","urlTemplate":"https:\/\/www.games4all.ee\/et\/?s={search_term_string}"},"query-input":{"@type":"PropertyValueSpecification","valueRequired":true,"valueName":"search_term_string"}}],"inLanguage":"et"},{"@type":"Organization","@id":"https:\/\/www.games4all.ee\/et\/#organization","name":"Andan Group O\u00dc","url":"https:\/\/www.games4all.ee\/et\/","logo":{"@type":"ImageObject","inLanguage":"et","@id":"https:\/\/www.games4all.ee\/et\/#\/schema\/logo\/image\/","url":"https:\/\/www.games4all.ee\/wp-content\/uploads\/2023\/07\/GAMES4ALL-LOGO-1.png","contentUrl":"https:\/\/www.games4all.ee\/wp-content\/uploads\/2023\/07\/GAMES4ALL-LOGO-1.png","width":500,"height":500,"caption":"Andan Group O\u00dc"},"image":{"@id":"https:\/\/www.games4all.ee\/et\/#\/schema\/logo\/image\/"},"sameAs":["https:\/\/www.facebook.com\/Games4All.ee"]}]}},"_links":{"self":[{"href":"https:\/\/www.games4all.ee\/et\/wp-json\/wp\/v2\/product\/3819","targetHints":{"allow":["GET"]}}],"collection":[{"href":"https:\/\/www.games4all.ee\/et\/wp-json\/wp\/v2\/product"}],"about":[{"href":"https:\/\/www.games4all.ee\/et\/wp-json\/wp\/v2\/types\/product"}],"replies":[{"embeddable":true,"href":"https:\/\/www.games4all.ee\/et\/wp-json\/wp\/v2\/comments?post=3819"}],"wp:featuredmedia":[{"embeddable":true,"href":"https:\/\/www.games4all.ee\/et\/wp-json\/wp\/v2\/media\/3808"}],"wp:attachment":[{"href":"https:\/\/www.games4all.ee\/et\/wp-json\/wp\/v2\/media?parent=3819"}],"wp:term":[{"taxonomy":"product_brand","embeddable":true,"href":"https:\/\/www.games4all.ee\/et\/wp-json\/wp\/v2\/product_brand?post=3819"},{"taxonomy":"product_cat","embeddable":true,"href":"https:\/\/www.games4all.ee\/et\/wp-json\/wp\/v2\/product_cat?post=3819"},{"taxonomy":"product_tag","embeddable":true,"href":"https:\/\/www.games4all.ee\/et\/wp-json\/wp\/v2\/product_tag?post=3819"}],"curies":[{"name":"wp","href":"https:\/\/api.w.org\/{rel}","templated":true}]}}