{"id":3801,"date":"2024-10-11T12:49:19","date_gmt":"2024-10-11T11:34:27","guid":{"rendered":"https:\/\/www.games4all.ee\/product\/dobble-connect\/"},"modified":"2025-11-17T13:38:08","modified_gmt":"2025-11-17T11:38:08","slug":"dobble-connect","status":"publish","type":"product","link":"https:\/\/www.games4all.ee\/et\/toode\/dobble-connect\/","title":{"rendered":"Dobble Connect"},"content":{"rendered":"<p><strong>Dobble Connect<\/strong> on populaarse Dobble&#8217;i seeria uusim lisand, mis pakub kiiret ja l\u00f5busat m\u00e4ngu k\u00f5igile! See interaktiivne m\u00e4ng kutsub m\u00e4ngijaid v\u00f5istlema \u00fcksteise vastu, leides \u00fchendatud kuusnurksetelt kaartidelt sobivad s\u00fcmbolid. Moodustage meeskonnad, m\u00e4rkige m\u00e4ngud ja asetage oma kaardid ritta, et v\u00f5ita. Dobble Connect sobib ideaalselt perekondlikuks koosviibimiseks, pidudeks v\u00f5i juhuslikuks m\u00e4ngu\u00f5htuks s\u00f5pradega. <strong>Dobble Connect<\/strong> on m\u00f5eldud 2\u20138 m\u00e4ngijale, mist\u00f5ttu on see suurep\u00e4rane valik suurematele seltskondadele. M\u00e4ng on lihtne, kuid p\u00f5nev: iga m\u00e4ngija v\u00f5i meeskond v\u00f5istleb, et leida erinevatel kaartidel identseid s\u00fcmboleid, \u00fchendades need v\u00f5imalikult kiiresti ridadeks. Esimesena j\u00e4rjestuse l\u00f5petanud meeskond v\u00f5idab vooru! Erksate, v\u00e4rviliste illustratsioonide ja h\u00f5lpsasti m\u00f5istetavate reeglitega <strong>Dobble Connect<\/strong> sobib suurep\u00e4raselt 8-aastastele ja vanematele m\u00e4ngijatele. Olenemata sellest, kas olete Dobble&#8217;i kauaaegne f\u00e4nn v\u00f5i uustulnuk, pakub <strong>Dobble Connect <\/strong> teile meelelahutust oma kiire tegevuse ja kiire otsuste tegemisega. M\u00e4ng on kompaktne ja seda on lihtne kaasa v\u00f5tta, mist\u00f5ttu on see ideaalne reisimiseks v\u00f5i spontaanseks l\u00f5butsemiseks liikvel olles.   <\/p>\n<p><strong>Mis on sees:<\/strong><\/p>\n<ul>\n<li>Kuusnurksed v\u00e4rviliste s\u00fcmbolitega kaardid<\/li>\n<li>Lihtsalt \u00f5pitavad juhised<\/li>\n<li>Kiire tempoga m\u00e4ng, mis sobib igas vanuses<\/li>\n<\/ul>\n<p>Reeglid: <a href=\"https:\/\/www.games4all.ee\/wp-content\/uploads\/2024\/10\/dobble-connect-rules-ENG-games4all.ee_.pdf\">inglise (PDF)<\/a> \/ <a href=\"https:\/\/www.games4all.ee\/wp-content\/uploads\/2024\/10\/dobble-connect-rules-RUS-games4all.ee_.pdf\">vene (PDF)<\/a> \/ Eesti kastis<br \/>\n Vanus: 8+<br \/>\n M\u00e4ngijad: 2-8<br \/>\n M\u00e4ngu kestus: 15 minutit<\/p>\n<p><strong>Tuletame meelde, et ostes meilt m\u00e4ngu, saate meeldivaid boonuseid, n\u00e4iteks:<\/strong><\/p>\n<p>\u2013 Kiire kohaletoimetamine <a href=\"https:\/\/www.omniva.ee\/\">Omniva <\/a> pakiautomaadiga<br \/>\n \u2013 Kohaletoimetamine 3\u20137 t\u00f6\u00f6p\u00e4eva jooksul<br \/>\n \u2013 Kvaliteeditagatis<br \/>\n \u2013 <a href=\"https:\/\/www.games4all.ee\/terms-of-sales\/\">Tagastusv\u00f5imalus <\/a> 14 p\u00e4eva jooksul p\u00e4rast k\u00e4ttesaamist<\/p>\n","protected":false},"excerpt":{"rendered":"<h2><strong>Dobble Connect<\/strong> on tempokas seltskonnam\u00e4ng, kus m\u00e4ngijad v\u00f5istlevad, et leida sobivaid s\u00fcmboleid ja \u00fchendada kaarte j\u00e4rjest. Ideaalne pere l\u00f5butsemiseks, see sobib suurep\u00e4raselt 2\u20138 m\u00e4ngijale alates 8. eluaastast. <\/h2>\n<h2>Reeglid: <a href=\"https:\/\/www.games4all.ee\/wp-content\/uploads\/2024\/10\/dobble-connect-rules-ENG-games4all.ee_.pdf\">inglise (PDF)<\/a> \/ <a href=\"https:\/\/www.games4all.ee\/wp-content\/uploads\/2024\/10\/dobble-connect-rules-RUS-games4all.ee_.pdf\">vene (PDF)<\/a> \/ Eesti kastis<\/h2>\n","protected":false},"featured_media":3789,"comment_status":"open","ping_status":"closed","template":"","meta":{"om_disable_all_campaigns":false,"site-sidebar-layout":"default","site-content-layout":"","ast-site-content-layout":"default","site-content-style":"default","site-sidebar-style":"default","ast-global-header-display":"","ast-banner-title-visibility":"","ast-main-header-display":"","ast-hfb-above-header-display":"","ast-hfb-below-header-display":"","ast-hfb-mobile-header-display":"","site-post-title":"","ast-breadcrumbs-content":"","ast-featured-img":"","footer-sml-layout":"","ast-disable-related-posts":"","theme-transparent-header-meta":"default","adv-header-id-meta":"","stick-header-meta":"","header-above-stick-meta":"","header-main-stick-meta":"","header-below-stick-meta":"","astra-migrate-meta-layouts":"default","ast-page-background-enabled":"default","ast-page-background-meta":{"desktop":{"background-color":"var(--ast-global-color-4)","background-image":"","background-repeat":"repeat","background-position":"center center","background-size":"auto","background-attachment":"scroll","background-type":"","background-media":"","overlay-type":"","overlay-color":"","overlay-opacity":"","overlay-gradient":""},"tablet":{"background-color":"","background-image":"","background-repeat":"repeat","background-position":"center center","background-size":"auto","background-attachment":"scroll","background-type":"","background-media":"","overlay-type":"","overlay-color":"","overlay-opacity":"","overlay-gradient":""},"mobile":{"background-color":"","background-image":"","background-repeat":"repeat","background-position":"center center","background-size":"auto","background-attachment":"scroll","background-type":"","background-media":"","overlay-type":"","overlay-color":"","overlay-opacity":"","overlay-gradient":""}},"ast-content-background-meta":{"desktop":{"background-color":"var(--ast-global-color-5)","background-image":"","background-repeat":"repeat","background-position":"center center","background-size":"auto","background-attachment":"scroll","background-type":"","background-media":"","overlay-type":"","overlay-color":"","overlay-opacity":"","overlay-gradient":""},"tablet":{"background-color":"var(--ast-global-color-5)","background-image":"","background-repeat":"repeat","background-position":"center center","background-size":"auto","background-attachment":"scroll","background-type":"","background-media":"","overlay-type":"","overlay-color":"","overlay-opacity":"","overlay-gradient":""},"mobile":{"background-color":"var(--ast-global-color-5)","background-image":"","background-repeat":"repeat","background-position":"center center","background-size":"auto","background-attachment":"scroll","background-type":"","background-media":"","overlay-type":"","overlay-color":"","overlay-opacity":"","overlay-gradient":""}}},"product_brand":[],"product_cat":[38],"product_tag":[],"class_list":{"0":"post-3801","1":"product","2":"type-product","3":"status-publish","4":"has-post-thumbnail","6":"product_cat-kaardimangud","7":"desktop-align-center","8":"tablet-align-left","9":"mobile-align-center","11":"first","12":"instock","13":"purchasable","14":"product-type-simple"},"yoast_head":"<!-- This site is optimized with the Yoast SEO plugin v27.2 - https:\/\/yoast.com\/product\/yoast-seo-wordpress\/ -->\n<title>Dobble Connect | Board games store in Estonia - Games4all<\/title>\n<meta name=\"description\" content=\"Hind: 19,55 \u20ac | Kiire kohaletoimetamine Omniva v\u00f5i Smartposti pakiautomaadiga | Ostke kaardim\u00e4ng Dobble Connect v\u00f5rgulauam\u00e4ngude poest Games4all\" \/>\n<meta name=\"robots\" content=\"index, follow, max-snippet:-1, max-image-preview:large, max-video-preview:-1\" \/>\n<link rel=\"canonical\" href=\"https:\/\/www.games4all.ee\/et\/toode\/dobble-connect\/\" \/>\n<meta property=\"og:locale\" content=\"et_EE\" \/>\n<meta property=\"og:type\" content=\"article\" \/>\n<meta property=\"og:title\" content=\"Dobble Connect | Board games store in Estonia - Games4all\" \/>\n<meta property=\"og:description\" content=\"Hind: 19,55 \u20ac | Kiire kohaletoimetamine Omniva v\u00f5i Smartposti pakiautomaadiga | Ostke kaardim\u00e4ng Dobble Connect v\u00f5rgulauam\u00e4ngude poest Games4all\" \/>\n<meta property=\"og:url\" content=\"https:\/\/www.games4all.ee\/et\/toode\/dobble-connect\/\" \/>\n<meta property=\"og:site_name\" content=\"Games4all\" \/>\n<meta property=\"article:publisher\" content=\"https:\/\/www.facebook.com\/Games4All.ee\" \/>\n<meta property=\"article:modified_time\" content=\"2025-11-17T11:38:08+00:00\" \/>\n<meta property=\"og:image\" content=\"https:\/\/www.games4all.ee\/wp-content\/uploads\/2024\/10\/dobble-connect-card-game-gmaes4all.ee_.jpg\" \/>\n\t<meta property=\"og:image:width\" content=\"500\" \/>\n\t<meta property=\"og:image:height\" content=\"513\" \/>\n\t<meta property=\"og:image:type\" content=\"image\/jpeg\" \/>\n<meta name=\"twitter:card\" content=\"summary_large_image\" \/>\n<meta name=\"twitter:label1\" content=\"Est. reading time\" \/>\n\t<meta name=\"twitter:data1\" content=\"1 minut\" \/>\n<script type=\"application\/ld+json\" class=\"yoast-schema-graph\">{\"@context\":\"https:\/\/schema.org\",\"@graph\":[{\"@type\":[\"WebPage\",\"ItemPage\"],\"@id\":\"https:\/\/www.games4all.ee\/et\/toode\/dobble-connect\/\",\"url\":\"https:\/\/www.games4all.ee\/et\/toode\/dobble-connect\/\",\"name\":\"Dobble Connect | Board games store in Estonia - Games4all\",\"isPartOf\":{\"@id\":\"https:\/\/www.games4all.ee\/et\/#website\"},\"primaryImageOfPage\":{\"@id\":\"https:\/\/www.games4all.ee\/et\/toode\/dobble-connect\/#primaryimage\"},\"image\":{\"@id\":\"https:\/\/www.games4all.ee\/et\/toode\/dobble-connect\/#primaryimage\"},\"thumbnailUrl\":\"https:\/\/www.games4all.ee\/wp-content\/uploads\/2024\/10\/dobble-connect-card-game-gmaes4all.ee_.jpg\",\"datePublished\":\"2024-10-11T11:34:27+00:00\",\"dateModified\":\"2025-11-17T11:38:08+00:00\",\"description\":\"Hind: 19,55 \u20ac | Kiire kohaletoimetamine Omniva v\u00f5i Smartposti pakiautomaadiga | Ostke kaardim\u00e4ng Dobble Connect v\u00f5rgulauam\u00e4ngude poest Games4all\",\"breadcrumb\":{\"@id\":\"https:\/\/www.games4all.ee\/et\/toode\/dobble-connect\/#breadcrumb\"},\"inLanguage\":\"et\",\"potentialAction\":[{\"@type\":\"ReadAction\",\"target\":[\"https:\/\/www.games4all.ee\/et\/toode\/dobble-connect\/\"]}]},{\"@type\":\"ImageObject\",\"inLanguage\":\"et\",\"@id\":\"https:\/\/www.games4all.ee\/et\/toode\/dobble-connect\/#primaryimage\",\"url\":\"https:\/\/www.games4all.ee\/wp-content\/uploads\/2024\/10\/dobble-connect-card-game-gmaes4all.ee_.jpg\",\"contentUrl\":\"https:\/\/www.games4all.ee\/wp-content\/uploads\/2024\/10\/dobble-connect-card-game-gmaes4all.ee_.jpg\",\"width\":500,\"height\":513,\"caption\":\"Dobble Connecti kaardim\u00e4ngu kast, mis sisaldab v\u00e4rvilisi kuusnurkseid kaarte erinevate s\u00fcmbolitega. M\u00e4ng on m\u00f5eldud 2-8 m\u00e4ngijale ja sobib alates 8. eluaastast.\"},{\"@type\":\"BreadcrumbList\",\"@id\":\"https:\/\/www.games4all.ee\/et\/toode\/dobble-connect\/#breadcrumb\",\"itemListElement\":[{\"@type\":\"ListItem\",\"position\":1,\"name\":\"\u0413\u043b\u0430\u0432\u043d\u0430\u044f \u0441\u0442\u0440\u0430\u043d\u0438\u0446\u0430\",\"item\":\"https:\/\/www.games4all.ee\/et\/\"},{\"@type\":\"ListItem\",\"position\":2,\"name\":\"M\u00e4ngude pood\",\"item\":\"https:\/\/www.games4all.ee\/et\/mangude-pood\/\"},{\"@type\":\"ListItem\",\"position\":3,\"name\":\"Dobble Connect\"}]},{\"@type\":\"WebSite\",\"@id\":\"https:\/\/www.games4all.ee\/et\/#website\",\"url\":\"https:\/\/www.games4all.ee\/et\/\",\"name\":\"Games4all\",\"description\":\"Board games and more in Estonia\",\"publisher\":{\"@id\":\"https:\/\/www.games4all.ee\/et\/#organization\"},\"potentialAction\":[{\"@type\":\"SearchAction\",\"target\":{\"@type\":\"EntryPoint\",\"urlTemplate\":\"https:\/\/www.games4all.ee\/et\/?s={search_term_string}\"},\"query-input\":{\"@type\":\"PropertyValueSpecification\",\"valueRequired\":true,\"valueName\":\"search_term_string\"}}],\"inLanguage\":\"et\"},{\"@type\":\"Organization\",\"@id\":\"https:\/\/www.games4all.ee\/et\/#organization\",\"name\":\"Andan Group O\u00dc\",\"url\":\"https:\/\/www.games4all.ee\/et\/\",\"logo\":{\"@type\":\"ImageObject\",\"inLanguage\":\"et\",\"@id\":\"https:\/\/www.games4all.ee\/et\/#\/schema\/logo\/image\/\",\"url\":\"https:\/\/www.games4all.ee\/wp-content\/uploads\/2023\/07\/GAMES4ALL-LOGO-1.png\",\"contentUrl\":\"https:\/\/www.games4all.ee\/wp-content\/uploads\/2023\/07\/GAMES4ALL-LOGO-1.png\",\"width\":500,\"height\":500,\"caption\":\"Andan Group O\u00dc\"},\"image\":{\"@id\":\"https:\/\/www.games4all.ee\/et\/#\/schema\/logo\/image\/\"},\"sameAs\":[\"https:\/\/www.facebook.com\/Games4All.ee\"]}]}<\/script>\n<!-- \/ Yoast SEO plugin. -->","yoast_head_json":{"title":"Dobble Connect | Board games store in Estonia - Games4all","description":"Hind: 19,55 \u20ac | Kiire kohaletoimetamine Omniva v\u00f5i Smartposti pakiautomaadiga | Ostke kaardim\u00e4ng Dobble Connect v\u00f5rgulauam\u00e4ngude poest Games4all","robots":{"index":"index","follow":"follow","max-snippet":"max-snippet:-1","max-image-preview":"max-image-preview:large","max-video-preview":"max-video-preview:-1"},"canonical":"https:\/\/www.games4all.ee\/et\/toode\/dobble-connect\/","og_locale":"et_EE","og_type":"article","og_title":"Dobble Connect | Board games store in Estonia - Games4all","og_description":"Hind: 19,55 \u20ac | Kiire kohaletoimetamine Omniva v\u00f5i Smartposti pakiautomaadiga | Ostke kaardim\u00e4ng Dobble Connect v\u00f5rgulauam\u00e4ngude poest Games4all","og_url":"https:\/\/www.games4all.ee\/et\/toode\/dobble-connect\/","og_site_name":"Games4all","article_publisher":"https:\/\/www.facebook.com\/Games4All.ee","article_modified_time":"2025-11-17T11:38:08+00:00","og_image":[{"width":500,"height":513,"url":"https:\/\/www.games4all.ee\/wp-content\/uploads\/2024\/10\/dobble-connect-card-game-gmaes4all.ee_.jpg","type":"image\/jpeg"}],"twitter_card":"summary_large_image","twitter_misc":{"Est. reading time":"1 minut"},"schema":{"@context":"https:\/\/schema.org","@graph":[{"@type":["WebPage","ItemPage"],"@id":"https:\/\/www.games4all.ee\/et\/toode\/dobble-connect\/","url":"https:\/\/www.games4all.ee\/et\/toode\/dobble-connect\/","name":"Dobble Connect | Board games store in Estonia - Games4all","isPartOf":{"@id":"https:\/\/www.games4all.ee\/et\/#website"},"primaryImageOfPage":{"@id":"https:\/\/www.games4all.ee\/et\/toode\/dobble-connect\/#primaryimage"},"image":{"@id":"https:\/\/www.games4all.ee\/et\/toode\/dobble-connect\/#primaryimage"},"thumbnailUrl":"https:\/\/www.games4all.ee\/wp-content\/uploads\/2024\/10\/dobble-connect-card-game-gmaes4all.ee_.jpg","datePublished":"2024-10-11T11:34:27+00:00","dateModified":"2025-11-17T11:38:08+00:00","description":"Hind: 19,55 \u20ac | Kiire kohaletoimetamine Omniva v\u00f5i Smartposti pakiautomaadiga | Ostke kaardim\u00e4ng Dobble Connect v\u00f5rgulauam\u00e4ngude poest Games4all","breadcrumb":{"@id":"https:\/\/www.games4all.ee\/et\/toode\/dobble-connect\/#breadcrumb"},"inLanguage":"et","potentialAction":[{"@type":"ReadAction","target":["https:\/\/www.games4all.ee\/et\/toode\/dobble-connect\/"]}]},{"@type":"ImageObject","inLanguage":"et","@id":"https:\/\/www.games4all.ee\/et\/toode\/dobble-connect\/#primaryimage","url":"https:\/\/www.games4all.ee\/wp-content\/uploads\/2024\/10\/dobble-connect-card-game-gmaes4all.ee_.jpg","contentUrl":"https:\/\/www.games4all.ee\/wp-content\/uploads\/2024\/10\/dobble-connect-card-game-gmaes4all.ee_.jpg","width":500,"height":513,"caption":"Dobble Connecti kaardim\u00e4ngu kast, mis sisaldab v\u00e4rvilisi kuusnurkseid kaarte erinevate s\u00fcmbolitega. M\u00e4ng on m\u00f5eldud 2-8 m\u00e4ngijale ja sobib alates 8. eluaastast."},{"@type":"BreadcrumbList","@id":"https:\/\/www.games4all.ee\/et\/toode\/dobble-connect\/#breadcrumb","itemListElement":[{"@type":"ListItem","position":1,"name":"\u0413\u043b\u0430\u0432\u043d\u0430\u044f \u0441\u0442\u0440\u0430\u043d\u0438\u0446\u0430","item":"https:\/\/www.games4all.ee\/et\/"},{"@type":"ListItem","position":2,"name":"M\u00e4ngude pood","item":"https:\/\/www.games4all.ee\/et\/mangude-pood\/"},{"@type":"ListItem","position":3,"name":"Dobble Connect"}]},{"@type":"WebSite","@id":"https:\/\/www.games4all.ee\/et\/#website","url":"https:\/\/www.games4all.ee\/et\/","name":"Games4all","description":"Board games and more in Estonia","publisher":{"@id":"https:\/\/www.games4all.ee\/et\/#organization"},"potentialAction":[{"@type":"SearchAction","target":{"@type":"EntryPoint","urlTemplate":"https:\/\/www.games4all.ee\/et\/?s={search_term_string}"},"query-input":{"@type":"PropertyValueSpecification","valueRequired":true,"valueName":"search_term_string"}}],"inLanguage":"et"},{"@type":"Organization","@id":"https:\/\/www.games4all.ee\/et\/#organization","name":"Andan Group O\u00dc","url":"https:\/\/www.games4all.ee\/et\/","logo":{"@type":"ImageObject","inLanguage":"et","@id":"https:\/\/www.games4all.ee\/et\/#\/schema\/logo\/image\/","url":"https:\/\/www.games4all.ee\/wp-content\/uploads\/2023\/07\/GAMES4ALL-LOGO-1.png","contentUrl":"https:\/\/www.games4all.ee\/wp-content\/uploads\/2023\/07\/GAMES4ALL-LOGO-1.png","width":500,"height":500,"caption":"Andan Group O\u00dc"},"image":{"@id":"https:\/\/www.games4all.ee\/et\/#\/schema\/logo\/image\/"},"sameAs":["https:\/\/www.facebook.com\/Games4All.ee"]}]}},"_links":{"self":[{"href":"https:\/\/www.games4all.ee\/et\/wp-json\/wp\/v2\/product\/3801","targetHints":{"allow":["GET"]}}],"collection":[{"href":"https:\/\/www.games4all.ee\/et\/wp-json\/wp\/v2\/product"}],"about":[{"href":"https:\/\/www.games4all.ee\/et\/wp-json\/wp\/v2\/types\/product"}],"replies":[{"embeddable":true,"href":"https:\/\/www.games4all.ee\/et\/wp-json\/wp\/v2\/comments?post=3801"}],"wp:featuredmedia":[{"embeddable":true,"href":"https:\/\/www.games4all.ee\/et\/wp-json\/wp\/v2\/media\/3789"}],"wp:attachment":[{"href":"https:\/\/www.games4all.ee\/et\/wp-json\/wp\/v2\/media?parent=3801"}],"wp:term":[{"taxonomy":"product_brand","embeddable":true,"href":"https:\/\/www.games4all.ee\/et\/wp-json\/wp\/v2\/product_brand?post=3801"},{"taxonomy":"product_cat","embeddable":true,"href":"https:\/\/www.games4all.ee\/et\/wp-json\/wp\/v2\/product_cat?post=3801"},{"taxonomy":"product_tag","embeddable":true,"href":"https:\/\/www.games4all.ee\/et\/wp-json\/wp\/v2\/product_tag?post=3801"}],"curies":[{"name":"wp","href":"https:\/\/api.w.org\/{rel}","templated":true}]}}