{"id":3784,"date":"2024-10-08T14:48:45","date_gmt":"2024-10-08T12:48:45","guid":{"rendered":"https:\/\/www.games4all.ee\/product\/catan-meresoitjad\/"},"modified":"2024-10-08T14:55:43","modified_gmt":"2024-10-08T12:55:43","slug":"catan-meresoitjad","status":"publish","type":"product","link":"https:\/\/www.games4all.ee\/et\/toode\/catan-meresoitjad\/","title":{"rendered":"Catan &#8211; Meres\u00f5itjad"},"content":{"rendered":"<p><strong>Catan: Meres\u00f5itjad<\/strong> on p\u00f5nev laiendus klassikalisele <strong>Catanile <\/strong> lauam\u00e4ng, mis toob teie m\u00e4ngu\u00f5htutesse seikluse t\u00e4iesti uuel tasemel. S\u00f5itke \u00fcle mere, avastage kaardistamata saari ja ehitage oma koloonia laiendamiseks uusi laevateid. Koos <strong>Catan: Meres\u00f5itjad<\/strong> , saavad m\u00e4ngijad mandrist kaugemale minna ja tegeleda p\u00f5neva merekaubandusega, t\u00e4iustades oma strateegiaid, kui nad vallutavad uusi maid ja ressursse. See laiendus tutvustab mitmesuguseid uusi elemente, sealhulgas laevu, saari ja piraatmehaanikat, mis muudavad teie l\u00e4henemist m\u00e4ngule. N\u00fc\u00fcd pole asi ainult maa asustamises \u2013 merel strateegiline navigeerimine ja vastaste kavaldamine on edu saavutamiseks h\u00e4davajalik. <strong>Catan: Meres\u00f5itjad<\/strong> toob juba armastatud m\u00e4ngu rohkem s\u00fcgavust ja taasesitatavust, pakkudes iga m\u00e4nguga uusi v\u00e4ljakutseid. See laiendus sobib suurep\u00e4raselt nii veteranist Catani m\u00e4ngijatele kui ka uustulnukatele. See laiendus sobib ideaalselt 3-4 m\u00e4ngijale, m\u00e4ngusessioonid kestavad umbes 90 minutit. Sul peab olema <strong>Catani p\u00f5him\u00e4n<\/strong>g seda laienemist nautida.  <\/p>\n<p><strong>Mida sisaldab:<\/strong><\/p>\n<ul>\n<li>60 laeva<\/li>\n<li>19 merekuus<\/li>\n<li>11 raami t\u00fckki<\/li>\n<li>10 numbrim\u00e4rki<\/li>\n<li>50 Catani tsitti<\/li>\n<li>1 piraadilaev<\/li>\n<li>9 t\u00e4iendavat sadamaplaati<\/li>\n<\/ul>\n<p>See laiendus, mis sobib 10-aastastele ja vanematele m\u00e4ngijatele, lisab niigi kaasahaaravale kogemusele strateegilise p\u00f6\u00f6rde. Reeglid: <a href=\"https:\/\/www.games4all.ee\/wp-content\/uploads\/2024\/10\/catan-seafarers-rules-eng-games4all.pdf\">inglise (PDF)<\/a> \/ <a href=\"https:\/\/www.games4all.ee\/wp-content\/uploads\/2024\/10\/catan_seafarers_rules_rus-games4all.pdf\">vene (PDF)<\/a> \/ eesti keel kastis<\/p>\n<p><strong>Tuletame meelde, et ostes meilt m\u00e4ngu \u201cCatan &#8211; Meres\u00f5itjad\u201d, saate automaatselt meeldivaid boonuseid, n\u00e4iteks:<\/strong><\/p>\n<p>\u2013 Kiire kohaletoimetamine <a href=\"https:\/\/www.omniva.ee\/\">Omniva<\/a> pakiautomaadiga<br \/>\n \u2013 Kohaletoimetamine 3\u20137 t\u00f6\u00f6p\u00e4eva jooksul<br \/>\n \u2013 Kvaliteeditagatis<br \/>\n \u2013 <a href=\"https:\/\/www.games4all.ee\/terms-of-sales\/\">Tagastusv\u00f5imalus<\/a> 14 p\u00e4eva jooksul p\u00e4rast k\u00e4ttesaamist<\/p>\n","protected":false},"excerpt":{"rendered":"<h2>See laiendus sobib suurep\u00e4raselt nii veteranist Catani m\u00e4ngijatele kui ka uustulnukatele. See laiendus sobib ideaalselt 3-4 m\u00e4ngijale, m\u00e4ngusessioonid kestavad umbes 90 minutit. Selle laienduse nautimiseks peab teil olema <strong>Catani p\u00f5him\u00e4ng<\/strong>. <\/h2>\n","protected":false},"featured_media":3779,"comment_status":"open","ping_status":"closed","template":"","meta":{"om_disable_all_campaigns":false,"site-sidebar-layout":"default","site-content-layout":"","ast-site-content-layout":"default","site-content-style":"default","site-sidebar-style":"default","ast-global-header-display":"","ast-banner-title-visibility":"","ast-main-header-display":"","ast-hfb-above-header-display":"","ast-hfb-below-header-display":"","ast-hfb-mobile-header-display":"","site-post-title":"","ast-breadcrumbs-content":"","ast-featured-img":"","footer-sml-layout":"","ast-disable-related-posts":"","theme-transparent-header-meta":"default","adv-header-id-meta":"","stick-header-meta":"","header-above-stick-meta":"","header-main-stick-meta":"","header-below-stick-meta":"","astra-migrate-meta-layouts":"default","ast-page-background-enabled":"default","ast-page-background-meta":{"desktop":{"background-color":"var(--ast-global-color-4)","background-image":"","background-repeat":"repeat","background-position":"center center","background-size":"auto","background-attachment":"scroll","background-type":"","background-media":"","overlay-type":"","overlay-color":"","overlay-opacity":"","overlay-gradient":""},"tablet":{"background-color":"","background-image":"","background-repeat":"repeat","background-position":"center center","background-size":"auto","background-attachment":"scroll","background-type":"","background-media":"","overlay-type":"","overlay-color":"","overlay-opacity":"","overlay-gradient":""},"mobile":{"background-color":"","background-image":"","background-repeat":"repeat","background-position":"center center","background-size":"auto","background-attachment":"scroll","background-type":"","background-media":"","overlay-type":"","overlay-color":"","overlay-opacity":"","overlay-gradient":""}},"ast-content-background-meta":{"desktop":{"background-color":"var(--ast-global-color-5)","background-image":"","background-repeat":"repeat","background-position":"center center","background-size":"auto","background-attachment":"scroll","background-type":"","background-media":"","overlay-type":"","overlay-color":"","overlay-opacity":"","overlay-gradient":""},"tablet":{"background-color":"var(--ast-global-color-5)","background-image":"","background-repeat":"repeat","background-position":"center center","background-size":"auto","background-attachment":"scroll","background-type":"","background-media":"","overlay-type":"","overlay-color":"","overlay-opacity":"","overlay-gradient":""},"mobile":{"background-color":"var(--ast-global-color-5)","background-image":"","background-repeat":"repeat","background-position":"center center","background-size":"auto","background-attachment":"scroll","background-type":"","background-media":"","overlay-type":"","overlay-color":"","overlay-opacity":"","overlay-gradient":""}}},"product_brand":[],"product_cat":[42],"product_tag":[],"class_list":{"0":"post-3784","1":"product","2":"type-product","3":"status-publish","4":"has-post-thumbnail","6":"product_cat-lauamangud","7":"desktop-align-center","8":"tablet-align-left","9":"mobile-align-center","11":"first","12":"instock","13":"sale","14":"purchasable","15":"product-type-simple"},"yoast_head":"<!-- This site is optimized with the Yoast SEO plugin v27.2 - https:\/\/yoast.com\/product\/yoast-seo-wordpress\/ -->\n<title>Catan - Meres\u00f5itjad | Board games store in Estonia - Games4all<\/title>\n<meta name=\"description\" content=\"Laiendage oma Catani maailma laiendusega Meres\u00f5itjad! Avastage uusi saari, kauplege ja ehitage mereteid. Kiire kohaletoimetamine ja kvaliteet garanteeritud | Games4all\" \/>\n<meta name=\"robots\" content=\"index, follow, max-snippet:-1, max-image-preview:large, max-video-preview:-1\" \/>\n<link rel=\"canonical\" href=\"https:\/\/www.games4all.ee\/et\/toode\/catan-meresoitjad\/\" \/>\n<meta property=\"og:locale\" content=\"et_EE\" \/>\n<meta property=\"og:type\" content=\"article\" \/>\n<meta property=\"og:title\" content=\"Catan - Meres\u00f5itjad | Board games store in Estonia - Games4all\" \/>\n<meta property=\"og:description\" content=\"Laiendage oma Catani maailma laiendusega Meres\u00f5itjad! Avastage uusi saari, kauplege ja ehitage mereteid. Kiire kohaletoimetamine ja kvaliteet garanteeritud | Games4all\" \/>\n<meta property=\"og:url\" content=\"https:\/\/www.games4all.ee\/et\/toode\/catan-meresoitjad\/\" \/>\n<meta property=\"og:site_name\" content=\"Games4all\" \/>\n<meta property=\"article:publisher\" content=\"https:\/\/www.facebook.com\/Games4All.ee\" \/>\n<meta property=\"article:modified_time\" content=\"2024-10-08T12:55:43+00:00\" \/>\n<meta property=\"og:image\" content=\"https:\/\/www.games4all.ee\/wp-content\/uploads\/2024\/10\/Catan-seafarers-board-game-games4all.webp\" \/>\n\t<meta property=\"og:image:width\" content=\"500\" \/>\n\t<meta property=\"og:image:height\" content=\"546\" \/>\n\t<meta property=\"og:image:type\" content=\"image\/webp\" \/>\n<meta name=\"twitter:card\" content=\"summary_large_image\" \/>\n<meta name=\"twitter:label1\" content=\"Est. reading time\" \/>\n\t<meta name=\"twitter:data1\" content=\"1 minut\" \/>\n<script type=\"application\/ld+json\" class=\"yoast-schema-graph\">{\"@context\":\"https:\/\/schema.org\",\"@graph\":[{\"@type\":[\"WebPage\",\"ItemPage\"],\"@id\":\"https:\/\/www.games4all.ee\/et\/toode\/catan-meresoitjad\/\",\"url\":\"https:\/\/www.games4all.ee\/et\/toode\/catan-meresoitjad\/\",\"name\":\"Catan - Meres\u00f5itjad | Board games store in Estonia - Games4all\",\"isPartOf\":{\"@id\":\"https:\/\/www.games4all.ee\/et\/#website\"},\"primaryImageOfPage\":{\"@id\":\"https:\/\/www.games4all.ee\/et\/toode\/catan-meresoitjad\/#primaryimage\"},\"image\":{\"@id\":\"https:\/\/www.games4all.ee\/et\/toode\/catan-meresoitjad\/#primaryimage\"},\"thumbnailUrl\":\"https:\/\/www.games4all.ee\/wp-content\/uploads\/2024\/10\/Catan-seafarers-board-game-games4all.webp\",\"datePublished\":\"2024-10-08T12:48:45+00:00\",\"dateModified\":\"2024-10-08T12:55:43+00:00\",\"description\":\"Laiendage oma Catani maailma laiendusega Meres\u00f5itjad! Avastage uusi saari, kauplege ja ehitage mereteid. Kiire kohaletoimetamine ja kvaliteet garanteeritud | Games4all\",\"breadcrumb\":{\"@id\":\"https:\/\/www.games4all.ee\/et\/toode\/catan-meresoitjad\/#breadcrumb\"},\"inLanguage\":\"et\",\"potentialAction\":[{\"@type\":\"ReadAction\",\"target\":[\"https:\/\/www.games4all.ee\/et\/toode\/catan-meresoitjad\/\"]}]},{\"@type\":\"ImageObject\",\"inLanguage\":\"et\",\"@id\":\"https:\/\/www.games4all.ee\/et\/toode\/catan-meresoitjad\/#primaryimage\",\"url\":\"https:\/\/www.games4all.ee\/wp-content\/uploads\/2024\/10\/Catan-seafarers-board-game-games4all.webp\",\"contentUrl\":\"https:\/\/www.games4all.ee\/wp-content\/uploads\/2024\/10\/Catan-seafarers-board-game-games4all.webp\",\"width\":500,\"height\":546,\"caption\":\"Catan - Meres\u00f5itjad lauam\u00e4ng - games4all\"},{\"@type\":\"BreadcrumbList\",\"@id\":\"https:\/\/www.games4all.ee\/et\/toode\/catan-meresoitjad\/#breadcrumb\",\"itemListElement\":[{\"@type\":\"ListItem\",\"position\":1,\"name\":\"\u0413\u043b\u0430\u0432\u043d\u0430\u044f \u0441\u0442\u0440\u0430\u043d\u0438\u0446\u0430\",\"item\":\"https:\/\/www.games4all.ee\/et\/\"},{\"@type\":\"ListItem\",\"position\":2,\"name\":\"M\u00e4ngude pood\",\"item\":\"https:\/\/www.games4all.ee\/et\/mangude-pood\/\"},{\"@type\":\"ListItem\",\"position\":3,\"name\":\"Catan &#8211; Meres\u00f5itjad\"}]},{\"@type\":\"WebSite\",\"@id\":\"https:\/\/www.games4all.ee\/et\/#website\",\"url\":\"https:\/\/www.games4all.ee\/et\/\",\"name\":\"Games4all\",\"description\":\"Board games and more in Estonia\",\"publisher\":{\"@id\":\"https:\/\/www.games4all.ee\/et\/#organization\"},\"potentialAction\":[{\"@type\":\"SearchAction\",\"target\":{\"@type\":\"EntryPoint\",\"urlTemplate\":\"https:\/\/www.games4all.ee\/et\/?s={search_term_string}\"},\"query-input\":{\"@type\":\"PropertyValueSpecification\",\"valueRequired\":true,\"valueName\":\"search_term_string\"}}],\"inLanguage\":\"et\"},{\"@type\":\"Organization\",\"@id\":\"https:\/\/www.games4all.ee\/et\/#organization\",\"name\":\"Andan Group O\u00dc\",\"url\":\"https:\/\/www.games4all.ee\/et\/\",\"logo\":{\"@type\":\"ImageObject\",\"inLanguage\":\"et\",\"@id\":\"https:\/\/www.games4all.ee\/et\/#\/schema\/logo\/image\/\",\"url\":\"https:\/\/www.games4all.ee\/wp-content\/uploads\/2023\/07\/GAMES4ALL-LOGO-1.png\",\"contentUrl\":\"https:\/\/www.games4all.ee\/wp-content\/uploads\/2023\/07\/GAMES4ALL-LOGO-1.png\",\"width\":500,\"height\":500,\"caption\":\"Andan Group O\u00dc\"},\"image\":{\"@id\":\"https:\/\/www.games4all.ee\/et\/#\/schema\/logo\/image\/\"},\"sameAs\":[\"https:\/\/www.facebook.com\/Games4All.ee\"]}]}<\/script>\n<!-- \/ Yoast SEO plugin. -->","yoast_head_json":{"title":"Catan - Meres\u00f5itjad | Board games store in Estonia - Games4all","description":"Laiendage oma Catani maailma laiendusega Meres\u00f5itjad! Avastage uusi saari, kauplege ja ehitage mereteid. Kiire kohaletoimetamine ja kvaliteet garanteeritud | Games4all","robots":{"index":"index","follow":"follow","max-snippet":"max-snippet:-1","max-image-preview":"max-image-preview:large","max-video-preview":"max-video-preview:-1"},"canonical":"https:\/\/www.games4all.ee\/et\/toode\/catan-meresoitjad\/","og_locale":"et_EE","og_type":"article","og_title":"Catan - Meres\u00f5itjad | Board games store in Estonia - Games4all","og_description":"Laiendage oma Catani maailma laiendusega Meres\u00f5itjad! Avastage uusi saari, kauplege ja ehitage mereteid. Kiire kohaletoimetamine ja kvaliteet garanteeritud | Games4all","og_url":"https:\/\/www.games4all.ee\/et\/toode\/catan-meresoitjad\/","og_site_name":"Games4all","article_publisher":"https:\/\/www.facebook.com\/Games4All.ee","article_modified_time":"2024-10-08T12:55:43+00:00","og_image":[{"width":500,"height":546,"url":"https:\/\/www.games4all.ee\/wp-content\/uploads\/2024\/10\/Catan-seafarers-board-game-games4all.webp","type":"image\/webp"}],"twitter_card":"summary_large_image","twitter_misc":{"Est. reading time":"1 minut"},"schema":{"@context":"https:\/\/schema.org","@graph":[{"@type":["WebPage","ItemPage"],"@id":"https:\/\/www.games4all.ee\/et\/toode\/catan-meresoitjad\/","url":"https:\/\/www.games4all.ee\/et\/toode\/catan-meresoitjad\/","name":"Catan - Meres\u00f5itjad | Board games store in Estonia - Games4all","isPartOf":{"@id":"https:\/\/www.games4all.ee\/et\/#website"},"primaryImageOfPage":{"@id":"https:\/\/www.games4all.ee\/et\/toode\/catan-meresoitjad\/#primaryimage"},"image":{"@id":"https:\/\/www.games4all.ee\/et\/toode\/catan-meresoitjad\/#primaryimage"},"thumbnailUrl":"https:\/\/www.games4all.ee\/wp-content\/uploads\/2024\/10\/Catan-seafarers-board-game-games4all.webp","datePublished":"2024-10-08T12:48:45+00:00","dateModified":"2024-10-08T12:55:43+00:00","description":"Laiendage oma Catani maailma laiendusega Meres\u00f5itjad! Avastage uusi saari, kauplege ja ehitage mereteid. Kiire kohaletoimetamine ja kvaliteet garanteeritud | Games4all","breadcrumb":{"@id":"https:\/\/www.games4all.ee\/et\/toode\/catan-meresoitjad\/#breadcrumb"},"inLanguage":"et","potentialAction":[{"@type":"ReadAction","target":["https:\/\/www.games4all.ee\/et\/toode\/catan-meresoitjad\/"]}]},{"@type":"ImageObject","inLanguage":"et","@id":"https:\/\/www.games4all.ee\/et\/toode\/catan-meresoitjad\/#primaryimage","url":"https:\/\/www.games4all.ee\/wp-content\/uploads\/2024\/10\/Catan-seafarers-board-game-games4all.webp","contentUrl":"https:\/\/www.games4all.ee\/wp-content\/uploads\/2024\/10\/Catan-seafarers-board-game-games4all.webp","width":500,"height":546,"caption":"Catan - Meres\u00f5itjad lauam\u00e4ng - games4all"},{"@type":"BreadcrumbList","@id":"https:\/\/www.games4all.ee\/et\/toode\/catan-meresoitjad\/#breadcrumb","itemListElement":[{"@type":"ListItem","position":1,"name":"\u0413\u043b\u0430\u0432\u043d\u0430\u044f \u0441\u0442\u0440\u0430\u043d\u0438\u0446\u0430","item":"https:\/\/www.games4all.ee\/et\/"},{"@type":"ListItem","position":2,"name":"M\u00e4ngude pood","item":"https:\/\/www.games4all.ee\/et\/mangude-pood\/"},{"@type":"ListItem","position":3,"name":"Catan &#8211; Meres\u00f5itjad"}]},{"@type":"WebSite","@id":"https:\/\/www.games4all.ee\/et\/#website","url":"https:\/\/www.games4all.ee\/et\/","name":"Games4all","description":"Board games and more in Estonia","publisher":{"@id":"https:\/\/www.games4all.ee\/et\/#organization"},"potentialAction":[{"@type":"SearchAction","target":{"@type":"EntryPoint","urlTemplate":"https:\/\/www.games4all.ee\/et\/?s={search_term_string}"},"query-input":{"@type":"PropertyValueSpecification","valueRequired":true,"valueName":"search_term_string"}}],"inLanguage":"et"},{"@type":"Organization","@id":"https:\/\/www.games4all.ee\/et\/#organization","name":"Andan Group O\u00dc","url":"https:\/\/www.games4all.ee\/et\/","logo":{"@type":"ImageObject","inLanguage":"et","@id":"https:\/\/www.games4all.ee\/et\/#\/schema\/logo\/image\/","url":"https:\/\/www.games4all.ee\/wp-content\/uploads\/2023\/07\/GAMES4ALL-LOGO-1.png","contentUrl":"https:\/\/www.games4all.ee\/wp-content\/uploads\/2023\/07\/GAMES4ALL-LOGO-1.png","width":500,"height":500,"caption":"Andan Group O\u00dc"},"image":{"@id":"https:\/\/www.games4all.ee\/et\/#\/schema\/logo\/image\/"},"sameAs":["https:\/\/www.facebook.com\/Games4All.ee"]}]}},"_links":{"self":[{"href":"https:\/\/www.games4all.ee\/et\/wp-json\/wp\/v2\/product\/3784","targetHints":{"allow":["GET"]}}],"collection":[{"href":"https:\/\/www.games4all.ee\/et\/wp-json\/wp\/v2\/product"}],"about":[{"href":"https:\/\/www.games4all.ee\/et\/wp-json\/wp\/v2\/types\/product"}],"replies":[{"embeddable":true,"href":"https:\/\/www.games4all.ee\/et\/wp-json\/wp\/v2\/comments?post=3784"}],"wp:featuredmedia":[{"embeddable":true,"href":"https:\/\/www.games4all.ee\/et\/wp-json\/wp\/v2\/media\/3779"}],"wp:attachment":[{"href":"https:\/\/www.games4all.ee\/et\/wp-json\/wp\/v2\/media?parent=3784"}],"wp:term":[{"taxonomy":"product_brand","embeddable":true,"href":"https:\/\/www.games4all.ee\/et\/wp-json\/wp\/v2\/product_brand?post=3784"},{"taxonomy":"product_cat","embeddable":true,"href":"https:\/\/www.games4all.ee\/et\/wp-json\/wp\/v2\/product_cat?post=3784"},{"taxonomy":"product_tag","embeddable":true,"href":"https:\/\/www.games4all.ee\/et\/wp-json\/wp\/v2\/product_tag?post=3784"}],"curies":[{"name":"wp","href":"https:\/\/api.w.org\/{rel}","templated":true}]}}