{"id":374,"date":"2019-08-26T13:21:23","date_gmt":"2019-08-26T10:21:23","guid":{"rendered":"https:\/\/www.games4all.ee\/?post_type=product&#038;p=374"},"modified":"2025-11-20T16:28:40","modified_gmt":"2025-11-20T14:28:40","slug":"dixit","status":"publish","type":"product","link":"https:\/\/www.games4all.ee\/et\/toode\/dixit\/","title":{"rendered":"Dixit"},"content":{"rendered":"<p><span id=\"cch_f25a1c2a660b106\" class=\"_mh6 _wsc\"><span class=\"_3oh- _58nk\">Ootus\u00e4revus v\u00f5tab hinge kinni! Pildid avatakse. Neil k\u00f5igil on midagi \u00fchist &#8211; m\u00f5istatuslik vihje. N\u00fc\u00fcd tuleb ettevaatlik olla, kuna vaid \u00fcks viiest pildist on v\u00f5tmeks. Selle leidmiseks pead sa kasutama oma loovust ja vaistu, v\u00e4ltides samas teiste m\u00e4ngijate l\u00f5kse. Dixit on l\u00f5bus ning reibas m\u00e4ng pere ja s\u00f5pradega aja veetmiseks.<\/span><\/span><\/p>\n<p><span style=\"font-family: Lato, sans-serif; font-size: 15px; font-style: normal; font-weight: 300;\">Reeglid:\u00a0<\/span><a style=\"font-family: Lato, sans-serif; font-size: 15px; font-style: normal; font-weight: 300;\" href=\"https:\/\/www.games4all.ee\/wp-content\/uploads\/2019\/08\/DIXIT-Rules-EE.pdf\">Eesti(PDF)<\/a> <span style=\"font-family: Lato, sans-serif; font-size: 15px; font-style: normal; font-weight: 300;\">\/ <\/span><a style=\"font-family: Lato, sans-serif; font-size: 15px; font-style: normal; font-weight: 300;\" href=\"https:\/\/www.games4all.ee\/wp-content\/uploads\/2019\/08\/dixit-rus.pdf\">Vene(PDF)<\/a> <span style=\"font-family: Lato, sans-serif; font-size: 15px; font-style: normal; font-weight: 300;\">\/ <\/span><a style=\"font-family: Lato, sans-serif; font-size: 15px; font-style: normal; font-weight: 300;\" href=\"https:\/\/www.games4all.ee\/wp-content\/uploads\/2019\/08\/Dixit_Rules-ENG.pdf\">Inglise(PDF)<\/a><\/p>\n<p>Tuletame meelde, et ostes meilt m\u00e4ngu &#8220;Dixit&#8221;, saate automaatselt meeldivaid boonuseid, n\u00e4iteks:<\/p>\n<p>&#8211; Kiire kohaletoimetamine <a href=\"https:\/\/www.omniva.ee\">Omniva<\/a> v\u00f5i Smartposti pakiautomaadiga<br \/>\n&#8211; Tarne 3-7 t\u00f6\u00f6p\u00e4eva jooksul.<br \/>\n&#8211; Kvaliteedi tagamine<br \/>\n&#8211; <a href=\"https:\/\/www.games4all.ee\/terms-of-sales\/\">V\u00f5imalus<\/a> naasta 14 p\u00e4eva jooksul p\u00e4rast k\u00e4ttesaamist<\/p>\n<p>V\u00e4ljaandja: Libellud<br \/>\nM\u00e4ngu kestvus: 30 min<br \/>\nM\u00e4ngijate arv: 3-6<br \/>\nVanus: 8+<br \/>\nLaius: 27.5 cm<br \/>\nPikkus: 30 cm<br \/>\nK\u00f5rgus: 6 cm<br \/>\nMaterjal: papp, plastik<\/p>\n","protected":false},"excerpt":{"rendered":"<h2><span id=\"cch_f25a1c2a660b106\" class=\"_mh6 _wsc\"><span class=\"_3oh- _58nk\">Ootus\u00e4revus v\u00f5tab hinge kinni! Pildid avatakse. Neil k\u00f5igil on midagi \u00fchist &#8211; m\u00f5istatuslik vihje. N\u00fc\u00fcd tuleb ettevaatlik olla, kuna vaid \u00fcks viiest pildist on v\u00f5tmeks. Selle leidmiseks pead sa kasutama oma loovust ja vaistu, v\u00e4ltides samas teiste m\u00e4ngijate l\u00f5kse. Dixit on l\u00f5bus ning reibas m\u00e4ng pere ja s\u00f5pradega aja veetmiseks.<\/span><\/span><\/h2>\n<h2>Tuletame meelde, et ostes meilt m\u00e4ngu &#8220;Dixit&#8221;, saate automaatselt meeldivaid boonuseid, n\u00e4iteks:<\/h2>\n<h2>&#8211; Kiire kohaletoimetamine <a href=\"https:\/\/www.omniva.ee\">Omniva<\/a> v\u00f5i Smartposti pakiautomaadiga<br \/>\n&#8211; Tarne 3-7 t\u00f6\u00f6p\u00e4eva jooksul.<br \/>\n&#8211; Kvaliteedi tagamine<br \/>\n&#8211; <a href=\"https:\/\/www.games4all.ee\/terms-of-sales\/\">V\u00f5imalus<\/a> naasta 14 p\u00e4eva jooksul p\u00e4rast k\u00e4ttesaamist<\/h2>\n","protected":false},"featured_media":1847,"comment_status":"closed","ping_status":"closed","template":"","meta":{"om_disable_all_campaigns":false,"site-sidebar-layout":"default","site-content-layout":"","ast-site-content-layout":"default","site-content-style":"default","site-sidebar-style":"default","ast-global-header-display":"","ast-banner-title-visibility":"","ast-main-header-display":"","ast-hfb-above-header-display":"","ast-hfb-below-header-display":"","ast-hfb-mobile-header-display":"","site-post-title":"","ast-breadcrumbs-content":"","ast-featured-img":"","footer-sml-layout":"","ast-disable-related-posts":"","theme-transparent-header-meta":"default","adv-header-id-meta":"","stick-header-meta":"","header-above-stick-meta":"","header-main-stick-meta":"","header-below-stick-meta":"","astra-migrate-meta-layouts":"set","ast-page-background-enabled":"default","ast-page-background-meta":{"desktop":{"background-color":"var(--ast-global-color-4)","background-image":"","background-repeat":"repeat","background-position":"center center","background-size":"auto","background-attachment":"scroll","background-type":"","background-media":"","overlay-type":"","overlay-color":"","overlay-opacity":"","overlay-gradient":""},"tablet":{"background-color":"","background-image":"","background-repeat":"repeat","background-position":"center center","background-size":"auto","background-attachment":"scroll","background-type":"","background-media":"","overlay-type":"","overlay-color":"","overlay-opacity":"","overlay-gradient":""},"mobile":{"background-color":"","background-image":"","background-repeat":"repeat","background-position":"center center","background-size":"auto","background-attachment":"scroll","background-type":"","background-media":"","overlay-type":"","overlay-color":"","overlay-opacity":"","overlay-gradient":""}},"ast-content-background-meta":{"desktop":{"background-color":"var(--ast-global-color-5)","background-image":"","background-repeat":"repeat","background-position":"center center","background-size":"auto","background-attachment":"scroll","background-type":"","background-media":"","overlay-type":"","overlay-color":"","overlay-opacity":"","overlay-gradient":""},"tablet":{"background-color":"var(--ast-global-color-5)","background-image":"","background-repeat":"repeat","background-position":"center center","background-size":"auto","background-attachment":"scroll","background-type":"","background-media":"","overlay-type":"","overlay-color":"","overlay-opacity":"","overlay-gradient":""},"mobile":{"background-color":"var(--ast-global-color-5)","background-image":"","background-repeat":"repeat","background-position":"center center","background-size":"auto","background-attachment":"scroll","background-type":"","background-media":"","overlay-type":"","overlay-color":"","overlay-opacity":"","overlay-gradient":""}}},"product_brand":[],"product_cat":[42,121],"product_tag":[],"class_list":{"0":"post-374","1":"product","2":"type-product","3":"status-publish","4":"has-post-thumbnail","6":"product_cat-lauamangud","7":"product_cat-mangud-vene-keeles","8":"desktop-align-center","9":"tablet-align-left","10":"mobile-align-center","12":"first","13":"outofstock","14":"purchasable","15":"product-type-simple"},"yoast_head":"<!-- This site is optimized with the Yoast SEO plugin v27.2 - https:\/\/yoast.com\/product\/yoast-seo-wordpress\/ -->\n<title>Dixit | Lauam\u00e4ngud | Lauam\u00e4ngude e-pood Eestis - Games4all<\/title>\n<meta name=\"description\" content=\"| Hind: 33\u20ac | Osta lauam\u00e4ng Dixit ja palju muud m\u00e4ngud veebipoest Games4all Kiire kohaletoimetamine Omniva pakiautomaadiga!\" \/>\n<meta name=\"robots\" content=\"index, follow, max-snippet:-1, max-image-preview:large, max-video-preview:-1\" \/>\n<link rel=\"canonical\" href=\"https:\/\/www.games4all.ee\/et\/toode\/dixit\/\" \/>\n<meta property=\"og:locale\" content=\"et_EE\" \/>\n<meta property=\"og:type\" content=\"article\" \/>\n<meta property=\"og:title\" content=\"Dixit | Lauam\u00e4ngud | Lauam\u00e4ngude e-pood Eestis - Games4all\" \/>\n<meta property=\"og:description\" content=\"| Hind: 33\u20ac | Osta lauam\u00e4ng Dixit ja palju muud m\u00e4ngud veebipoest Games4all Kiire kohaletoimetamine Omniva pakiautomaadiga!\" \/>\n<meta property=\"og:url\" content=\"https:\/\/www.games4all.ee\/et\/toode\/dixit\/\" \/>\n<meta property=\"og:site_name\" content=\"Games4all\" \/>\n<meta property=\"article:publisher\" content=\"https:\/\/www.facebook.com\/Games4All.ee\" \/>\n<meta property=\"article:modified_time\" content=\"2025-11-20T14:28:40+00:00\" \/>\n<meta property=\"og:image\" content=\"https:\/\/www.games4all.ee\/wp-content\/uploads\/2019\/08\/PhotoRoom_20210420_145815-1024x1024.png\" \/>\n\t<meta property=\"og:image:width\" content=\"1024\" \/>\n\t<meta property=\"og:image:height\" content=\"1024\" \/>\n\t<meta property=\"og:image:type\" content=\"image\/png\" \/>\n<meta name=\"twitter:card\" content=\"summary_large_image\" \/>\n<meta name=\"twitter:label1\" content=\"Est. reading time\" \/>\n\t<meta name=\"twitter:data1\" content=\"1 minut\" \/>\n<script type=\"application\/ld+json\" class=\"yoast-schema-graph\">{\"@context\":\"https:\/\/schema.org\",\"@graph\":[{\"@type\":[\"WebPage\",\"ItemPage\"],\"@id\":\"https:\/\/www.games4all.ee\/et\/toode\/dixit\/\",\"url\":\"https:\/\/www.games4all.ee\/et\/toode\/dixit\/\",\"name\":\"Dixit | Lauam\u00e4ngud | Lauam\u00e4ngude e-pood Eestis - Games4all\",\"isPartOf\":{\"@id\":\"https:\/\/www.games4all.ee\/et\/#website\"},\"primaryImageOfPage\":{\"@id\":\"https:\/\/www.games4all.ee\/et\/toode\/dixit\/#primaryimage\"},\"image\":{\"@id\":\"https:\/\/www.games4all.ee\/et\/toode\/dixit\/#primaryimage\"},\"thumbnailUrl\":\"https:\/\/www.games4all.ee\/wp-content\/uploads\/2019\/08\/PhotoRoom_20210420_145815.png\",\"datePublished\":\"2019-08-26T10:21:23+00:00\",\"dateModified\":\"2025-11-20T14:28:40+00:00\",\"description\":\"| Hind: 33\u20ac | Osta lauam\u00e4ng Dixit ja palju muud m\u00e4ngud veebipoest Games4all Kiire kohaletoimetamine Omniva pakiautomaadiga!\",\"breadcrumb\":{\"@id\":\"https:\/\/www.games4all.ee\/et\/toode\/dixit\/#breadcrumb\"},\"inLanguage\":\"et\",\"potentialAction\":[{\"@type\":\"ReadAction\",\"target\":[\"https:\/\/www.games4all.ee\/et\/toode\/dixit\/\"]}]},{\"@type\":\"ImageObject\",\"inLanguage\":\"et\",\"@id\":\"https:\/\/www.games4all.ee\/et\/toode\/dixit\/#primaryimage\",\"url\":\"https:\/\/www.games4all.ee\/wp-content\/uploads\/2019\/08\/PhotoRoom_20210420_145815.png\",\"contentUrl\":\"https:\/\/www.games4all.ee\/wp-content\/uploads\/2019\/08\/PhotoRoom_20210420_145815.png\",\"width\":1512,\"height\":1512,\"caption\":\"Dixit\"},{\"@type\":\"BreadcrumbList\",\"@id\":\"https:\/\/www.games4all.ee\/et\/toode\/dixit\/#breadcrumb\",\"itemListElement\":[{\"@type\":\"ListItem\",\"position\":1,\"name\":\"\u0413\u043b\u0430\u0432\u043d\u0430\u044f \u0441\u0442\u0440\u0430\u043d\u0438\u0446\u0430\",\"item\":\"https:\/\/www.games4all.ee\/et\/\"},{\"@type\":\"ListItem\",\"position\":2,\"name\":\"M\u00e4ngude pood\",\"item\":\"https:\/\/www.games4all.ee\/et\/mangude-pood\/\"},{\"@type\":\"ListItem\",\"position\":3,\"name\":\"Dixit\"}]},{\"@type\":\"WebSite\",\"@id\":\"https:\/\/www.games4all.ee\/et\/#website\",\"url\":\"https:\/\/www.games4all.ee\/et\/\",\"name\":\"Games4all\",\"description\":\"Board games and more in Estonia\",\"publisher\":{\"@id\":\"https:\/\/www.games4all.ee\/et\/#organization\"},\"potentialAction\":[{\"@type\":\"SearchAction\",\"target\":{\"@type\":\"EntryPoint\",\"urlTemplate\":\"https:\/\/www.games4all.ee\/et\/?s={search_term_string}\"},\"query-input\":{\"@type\":\"PropertyValueSpecification\",\"valueRequired\":true,\"valueName\":\"search_term_string\"}}],\"inLanguage\":\"et\"},{\"@type\":\"Organization\",\"@id\":\"https:\/\/www.games4all.ee\/et\/#organization\",\"name\":\"Andan Group O\u00dc\",\"url\":\"https:\/\/www.games4all.ee\/et\/\",\"logo\":{\"@type\":\"ImageObject\",\"inLanguage\":\"et\",\"@id\":\"https:\/\/www.games4all.ee\/et\/#\/schema\/logo\/image\/\",\"url\":\"https:\/\/www.games4all.ee\/wp-content\/uploads\/2023\/07\/GAMES4ALL-LOGO-1.png\",\"contentUrl\":\"https:\/\/www.games4all.ee\/wp-content\/uploads\/2023\/07\/GAMES4ALL-LOGO-1.png\",\"width\":500,\"height\":500,\"caption\":\"Andan Group O\u00dc\"},\"image\":{\"@id\":\"https:\/\/www.games4all.ee\/et\/#\/schema\/logo\/image\/\"},\"sameAs\":[\"https:\/\/www.facebook.com\/Games4All.ee\"]}]}<\/script>\n<!-- \/ Yoast SEO plugin. -->","yoast_head_json":{"title":"Dixit | Lauam\u00e4ngud | Lauam\u00e4ngude e-pood Eestis - Games4all","description":"| Hind: 33\u20ac | Osta lauam\u00e4ng Dixit ja palju muud m\u00e4ngud veebipoest Games4all Kiire kohaletoimetamine Omniva pakiautomaadiga!","robots":{"index":"index","follow":"follow","max-snippet":"max-snippet:-1","max-image-preview":"max-image-preview:large","max-video-preview":"max-video-preview:-1"},"canonical":"https:\/\/www.games4all.ee\/et\/toode\/dixit\/","og_locale":"et_EE","og_type":"article","og_title":"Dixit | Lauam\u00e4ngud | Lauam\u00e4ngude e-pood Eestis - Games4all","og_description":"| Hind: 33\u20ac | Osta lauam\u00e4ng Dixit ja palju muud m\u00e4ngud veebipoest Games4all Kiire kohaletoimetamine Omniva pakiautomaadiga!","og_url":"https:\/\/www.games4all.ee\/et\/toode\/dixit\/","og_site_name":"Games4all","article_publisher":"https:\/\/www.facebook.com\/Games4All.ee","article_modified_time":"2025-11-20T14:28:40+00:00","og_image":[{"width":1024,"height":1024,"url":"https:\/\/www.games4all.ee\/wp-content\/uploads\/2019\/08\/PhotoRoom_20210420_145815-1024x1024.png","type":"image\/png"}],"twitter_card":"summary_large_image","twitter_misc":{"Est. reading time":"1 minut"},"schema":{"@context":"https:\/\/schema.org","@graph":[{"@type":["WebPage","ItemPage"],"@id":"https:\/\/www.games4all.ee\/et\/toode\/dixit\/","url":"https:\/\/www.games4all.ee\/et\/toode\/dixit\/","name":"Dixit | Lauam\u00e4ngud | Lauam\u00e4ngude e-pood Eestis - Games4all","isPartOf":{"@id":"https:\/\/www.games4all.ee\/et\/#website"},"primaryImageOfPage":{"@id":"https:\/\/www.games4all.ee\/et\/toode\/dixit\/#primaryimage"},"image":{"@id":"https:\/\/www.games4all.ee\/et\/toode\/dixit\/#primaryimage"},"thumbnailUrl":"https:\/\/www.games4all.ee\/wp-content\/uploads\/2019\/08\/PhotoRoom_20210420_145815.png","datePublished":"2019-08-26T10:21:23+00:00","dateModified":"2025-11-20T14:28:40+00:00","description":"| Hind: 33\u20ac | Osta lauam\u00e4ng Dixit ja palju muud m\u00e4ngud veebipoest Games4all Kiire kohaletoimetamine Omniva pakiautomaadiga!","breadcrumb":{"@id":"https:\/\/www.games4all.ee\/et\/toode\/dixit\/#breadcrumb"},"inLanguage":"et","potentialAction":[{"@type":"ReadAction","target":["https:\/\/www.games4all.ee\/et\/toode\/dixit\/"]}]},{"@type":"ImageObject","inLanguage":"et","@id":"https:\/\/www.games4all.ee\/et\/toode\/dixit\/#primaryimage","url":"https:\/\/www.games4all.ee\/wp-content\/uploads\/2019\/08\/PhotoRoom_20210420_145815.png","contentUrl":"https:\/\/www.games4all.ee\/wp-content\/uploads\/2019\/08\/PhotoRoom_20210420_145815.png","width":1512,"height":1512,"caption":"Dixit"},{"@type":"BreadcrumbList","@id":"https:\/\/www.games4all.ee\/et\/toode\/dixit\/#breadcrumb","itemListElement":[{"@type":"ListItem","position":1,"name":"\u0413\u043b\u0430\u0432\u043d\u0430\u044f \u0441\u0442\u0440\u0430\u043d\u0438\u0446\u0430","item":"https:\/\/www.games4all.ee\/et\/"},{"@type":"ListItem","position":2,"name":"M\u00e4ngude pood","item":"https:\/\/www.games4all.ee\/et\/mangude-pood\/"},{"@type":"ListItem","position":3,"name":"Dixit"}]},{"@type":"WebSite","@id":"https:\/\/www.games4all.ee\/et\/#website","url":"https:\/\/www.games4all.ee\/et\/","name":"Games4all","description":"Board games and more in Estonia","publisher":{"@id":"https:\/\/www.games4all.ee\/et\/#organization"},"potentialAction":[{"@type":"SearchAction","target":{"@type":"EntryPoint","urlTemplate":"https:\/\/www.games4all.ee\/et\/?s={search_term_string}"},"query-input":{"@type":"PropertyValueSpecification","valueRequired":true,"valueName":"search_term_string"}}],"inLanguage":"et"},{"@type":"Organization","@id":"https:\/\/www.games4all.ee\/et\/#organization","name":"Andan Group O\u00dc","url":"https:\/\/www.games4all.ee\/et\/","logo":{"@type":"ImageObject","inLanguage":"et","@id":"https:\/\/www.games4all.ee\/et\/#\/schema\/logo\/image\/","url":"https:\/\/www.games4all.ee\/wp-content\/uploads\/2023\/07\/GAMES4ALL-LOGO-1.png","contentUrl":"https:\/\/www.games4all.ee\/wp-content\/uploads\/2023\/07\/GAMES4ALL-LOGO-1.png","width":500,"height":500,"caption":"Andan Group O\u00dc"},"image":{"@id":"https:\/\/www.games4all.ee\/et\/#\/schema\/logo\/image\/"},"sameAs":["https:\/\/www.facebook.com\/Games4All.ee"]}]}},"_links":{"self":[{"href":"https:\/\/www.games4all.ee\/et\/wp-json\/wp\/v2\/product\/374","targetHints":{"allow":["GET"]}}],"collection":[{"href":"https:\/\/www.games4all.ee\/et\/wp-json\/wp\/v2\/product"}],"about":[{"href":"https:\/\/www.games4all.ee\/et\/wp-json\/wp\/v2\/types\/product"}],"replies":[{"embeddable":true,"href":"https:\/\/www.games4all.ee\/et\/wp-json\/wp\/v2\/comments?post=374"}],"wp:featuredmedia":[{"embeddable":true,"href":"https:\/\/www.games4all.ee\/et\/wp-json\/wp\/v2\/media\/1847"}],"wp:attachment":[{"href":"https:\/\/www.games4all.ee\/et\/wp-json\/wp\/v2\/media?parent=374"}],"wp:term":[{"taxonomy":"product_brand","embeddable":true,"href":"https:\/\/www.games4all.ee\/et\/wp-json\/wp\/v2\/product_brand?post=374"},{"taxonomy":"product_cat","embeddable":true,"href":"https:\/\/www.games4all.ee\/et\/wp-json\/wp\/v2\/product_cat?post=374"},{"taxonomy":"product_tag","embeddable":true,"href":"https:\/\/www.games4all.ee\/et\/wp-json\/wp\/v2\/product_tag?post=374"}],"curies":[{"name":"wp","href":"https:\/\/api.w.org\/{rel}","templated":true}]}}