{"id":3474,"date":"2023-11-01T16:30:10","date_gmt":"2023-11-01T14:30:10","guid":{"rendered":"https:\/\/www.games4all.ee\/?post_type=product&#038;p=3474"},"modified":"2023-11-03T13:32:18","modified_gmt":"2023-11-03T11:32:18","slug":"scottie-go","status":"publish","type":"product","link":"https:\/\/www.games4all.ee\/et\/toode\/scottie-go\/","title":{"rendered":"Scottie GO!"},"content":{"rendered":"<p>Scottie Go!:<br \/>\n\u2022 Pappplaatidega programmeerimise l\u00f5bu aktiveerib \u00f5ppimist k\u00f5igi meelte kaudu,<br \/>\n\u2022 Parandab anal\u00fc\u00fctilist ja loogilist m\u00f5tlemist,<br \/>\n\u2022 \u00d5petab lahendama keerulisi probleeme ja t\u00f6\u00f6tama r\u00fchmas,<br \/>\n\u2022 Arendab algoritmilist intuitsiooni,<br \/>\n\u2022 \u00d5petab kasutama tehnoloogiat muul eesm\u00e4rgil kui meelelahutus.<\/p>\n<p>Programmeerimise \u00f5ppimine on \u00fcks 21. <sup>sajandi<\/sup> v\u00f5tmep\u00e4devusi. Koos Scottie GO-ga! M\u00e4ngu k\u00e4igus omandavad m\u00e4ngijad arvukalt p\u00e4devusi ja oskusi, mis on nende tuleviku jaoks nii olulised: programmeerimise ja loogilise m\u00f5tlemise p\u00f5hit\u00f5ed, samuti oskuse lahendada keerulisi probleeme.<\/p>\n<div class=\"ast-oembed-container \" style=\"height: 100%;\"><iframe loading=\"lazy\" title=\"HOW TO PLAY SCOTTIE GO! - INSTRUCTION\" width=\"500\" height=\"281\" src=\"https:\/\/www.youtube.com\/embed\/_hTAmUJttjU?feature=oembed\" frameborder=\"0\" allow=\"accelerometer; autoplay; clipboard-write; encrypted-media; gyroscope; picture-in-picture; web-share\" referrerpolicy=\"strict-origin-when-cross-origin\" allowfullscreen><\/iframe><\/div>\n<p>Selles nutikas m\u00e4ngus osaleb s\u00f5bralik tulnukas Scottie, kelle kosmoselaev puruneb ja Maale kukub. M\u00e4ngijad peavad aitama Scottie&#8217;l oma kosmoselaeva jaoks varuosasid koguda, et ta saaks tagasi koju lennata, programmeerides m\u00e4ngu\u00fclesannetele lahendusi.<\/p>\n<p>Ainulaadne programmeerimisliides plaatide kujul muudab m\u00e4ngu lapses\u00f5bralikuks ja h\u00f5lbustab<br \/>\nmeeskonnat\u00f6\u00f6, v\u00e4listades hirmu, et osa lapsi on \u00f5ppeprotsessi v\u00e4hem kaasatud.<\/p>\n<p>Vanus: 9+<br \/>\nM\u00e4ngijad: 1+<br \/>\nM\u00e4ngu kestus kokku: 10+ tundi<\/p>\n<p><strong>Tuletame meelde, et kui ostate &#8220;Scottie GO!&#8221; m\u00e4ngu meilt, saate automaatselt meeldivaid boonuseid, n\u00e4iteks:<\/strong><br \/>\n\u2014 Kiire kohaletoimetamine <a href=\"https:\/\/www.omniva.ee\">Omniva<\/a> v\u00f5i Smartposti pakiautomaatidesse<br \/>\n\u2014 Tarne 3\u20137 t\u00f6\u00f6p\u00e4eva jooksul.<br \/>\n\u2014 Kvaliteedigarantii<br \/>\n\u2014 <a href=\"https:\/\/www.games4all.ee\/terms-of-sales\/\">Tagastamisv\u00f5imalus<\/a> 14 p\u00e4eva jooksul p\u00e4rast k\u00e4ttesaamist<\/p>\n","protected":false},"excerpt":{"rendered":"<h2>Programmeerimise \u00f5ppimine on \u00fcks 21. <sup>sajandi<\/sup> v\u00f5tmep\u00e4devusi. Koos Scottie GO-ga! M\u00e4ngu k\u00e4igus omandavad m\u00e4ngijad arvukalt p\u00e4devusi ja oskusi, mis on nende tuleviku jaoks nii olulised: programmeerimise ja loogilise m\u00f5tlemise p\u00f5hit\u00f5ed, samuti oskuse lahendada keerulisi probleeme.<\/h2>\n","protected":false},"featured_media":3324,"comment_status":"open","ping_status":"closed","template":"","meta":{"om_disable_all_campaigns":false,"site-sidebar-layout":"default","site-content-layout":"","ast-site-content-layout":"default","site-content-style":"default","site-sidebar-style":"default","ast-global-header-display":"","ast-banner-title-visibility":"","ast-main-header-display":"","ast-hfb-above-header-display":"","ast-hfb-below-header-display":"","ast-hfb-mobile-header-display":"","site-post-title":"","ast-breadcrumbs-content":"","ast-featured-img":"","footer-sml-layout":"","ast-disable-related-posts":"","theme-transparent-header-meta":"default","adv-header-id-meta":"","stick-header-meta":"","header-above-stick-meta":"","header-main-stick-meta":"","header-below-stick-meta":"","astra-migrate-meta-layouts":"set","ast-page-background-enabled":"default","ast-page-background-meta":{"desktop":{"background-color":"var(--ast-global-color-4)","background-image":"","background-repeat":"repeat","background-position":"center center","background-size":"auto","background-attachment":"scroll","background-type":"","background-media":"","overlay-type":"","overlay-color":"","overlay-opacity":"","overlay-gradient":""},"tablet":{"background-color":"","background-image":"","background-repeat":"repeat","background-position":"center center","background-size":"auto","background-attachment":"scroll","background-type":"","background-media":"","overlay-type":"","overlay-color":"","overlay-opacity":"","overlay-gradient":""},"mobile":{"background-color":"","background-image":"","background-repeat":"repeat","background-position":"center center","background-size":"auto","background-attachment":"scroll","background-type":"","background-media":"","overlay-type":"","overlay-color":"","overlay-opacity":"","overlay-gradient":""}},"ast-content-background-meta":{"desktop":{"background-color":"var(--ast-global-color-5)","background-image":"","background-repeat":"repeat","background-position":"center center","background-size":"auto","background-attachment":"scroll","background-type":"","background-media":"","overlay-type":"","overlay-color":"","overlay-opacity":"","overlay-gradient":""},"tablet":{"background-color":"var(--ast-global-color-5)","background-image":"","background-repeat":"repeat","background-position":"center center","background-size":"auto","background-attachment":"scroll","background-type":"","background-media":"","overlay-type":"","overlay-color":"","overlay-opacity":"","overlay-gradient":""},"mobile":{"background-color":"var(--ast-global-color-5)","background-image":"","background-repeat":"repeat","background-position":"center center","background-size":"auto","background-attachment":"scroll","background-type":"","background-media":"","overlay-type":"","overlay-color":"","overlay-opacity":"","overlay-gradient":""}}},"product_brand":[],"product_cat":[135,42],"product_tag":[],"class_list":{"0":"post-3474","1":"product","2":"type-product","3":"status-publish","4":"has-post-thumbnail","6":"product_cat-harivad-mangud","7":"product_cat-lauamangud","8":"desktop-align-center","9":"tablet-align-left","10":"mobile-align-center","12":"first","13":"onbackorder","14":"sale","15":"purchasable","16":"product-type-simple"},"yoast_head":"<!-- This site is optimized with the Yoast SEO plugin v27.2 - https:\/\/yoast.com\/product\/yoast-seo-wordpress\/ -->\n<title>Scottie GO! | Board games store in Estonia - Games4all<\/title>\n<meta name=\"description\" content=\"Hind: 79,99\u20ac | Kiire kohaletoimetamine Omniva v\u00f5i Smartposti pakiautomaadiga | Osta lauam\u00e4ng Scottie GO! Interneti-lauam\u00e4ngude poes Games4all\" \/>\n<meta name=\"robots\" content=\"index, follow, max-snippet:-1, max-image-preview:large, max-video-preview:-1\" \/>\n<link rel=\"canonical\" href=\"https:\/\/www.games4all.ee\/toode\/scottie-go\/\" \/>\n<meta property=\"og:locale\" content=\"et_EE\" \/>\n<meta property=\"og:type\" content=\"article\" \/>\n<meta property=\"og:title\" content=\"Scottie GO! | Board games store in Estonia - Games4all\" \/>\n<meta property=\"og:description\" content=\"Hind: 79,99\u20ac | Kiire kohaletoimetamine Omniva v\u00f5i Smartposti pakiautomaadiga | Osta lauam\u00e4ng Scottie GO! Interneti-lauam\u00e4ngude poes Games4all\" \/>\n<meta property=\"og:url\" content=\"https:\/\/www.games4all.ee\/toode\/scottie-go\/\" \/>\n<meta property=\"og:site_name\" content=\"Games4all\" \/>\n<meta property=\"article:publisher\" content=\"https:\/\/www.facebook.com\/Games4All.ee\" \/>\n<meta property=\"article:modified_time\" content=\"2023-11-03T11:32:18+00:00\" \/>\n<meta property=\"og:image\" content=\"https:\/\/www.games4all.ee\/wp-content\/uploads\/2023\/10\/scottie-go-educational-board-game-games4all.jpg\" \/>\n\t<meta property=\"og:image:width\" content=\"600\" \/>\n\t<meta property=\"og:image:height\" content=\"496\" \/>\n\t<meta property=\"og:image:type\" content=\"image\/jpeg\" \/>\n<meta name=\"twitter:card\" content=\"summary_large_image\" \/>\n<meta name=\"twitter:label1\" content=\"Est. reading time\" \/>\n\t<meta name=\"twitter:data1\" content=\"1 minut\" \/>\n<script type=\"application\/ld+json\" class=\"yoast-schema-graph\">{\"@context\":\"https:\/\/schema.org\",\"@graph\":[{\"@type\":[\"WebPage\",\"ItemPage\"],\"@id\":\"https:\/\/www.games4all.ee\/toode\/scottie-go\/\",\"url\":\"https:\/\/www.games4all.ee\/toode\/scottie-go\/\",\"name\":\"Scottie GO! | Board games store in Estonia - Games4all\",\"isPartOf\":{\"@id\":\"https:\/\/www.games4all.ee\/et\/#website\"},\"primaryImageOfPage\":{\"@id\":\"https:\/\/www.games4all.ee\/toode\/scottie-go\/#primaryimage\"},\"image\":{\"@id\":\"https:\/\/www.games4all.ee\/toode\/scottie-go\/#primaryimage\"},\"thumbnailUrl\":\"https:\/\/www.games4all.ee\/wp-content\/uploads\/2023\/10\/scottie-go-educational-board-game-games4all.jpg\",\"datePublished\":\"2023-11-01T14:30:10+00:00\",\"dateModified\":\"2023-11-03T11:32:18+00:00\",\"description\":\"Hind: 79,99\u20ac | Kiire kohaletoimetamine Omniva v\u00f5i Smartposti pakiautomaadiga | Osta lauam\u00e4ng Scottie GO! Interneti-lauam\u00e4ngude poes Games4all\",\"breadcrumb\":{\"@id\":\"https:\/\/www.games4all.ee\/toode\/scottie-go\/#breadcrumb\"},\"inLanguage\":\"et\",\"potentialAction\":[{\"@type\":\"ReadAction\",\"target\":[\"https:\/\/www.games4all.ee\/toode\/scottie-go\/\"]}]},{\"@type\":\"ImageObject\",\"inLanguage\":\"et\",\"@id\":\"https:\/\/www.games4all.ee\/toode\/scottie-go\/#primaryimage\",\"url\":\"https:\/\/www.games4all.ee\/wp-content\/uploads\/2023\/10\/scottie-go-educational-board-game-games4all.jpg\",\"contentUrl\":\"https:\/\/www.games4all.ee\/wp-content\/uploads\/2023\/10\/scottie-go-educational-board-game-games4all.jpg\",\"width\":600,\"height\":496,\"caption\":\"scottie go! hariv lauam\u00e4ng\"},{\"@type\":\"BreadcrumbList\",\"@id\":\"https:\/\/www.games4all.ee\/toode\/scottie-go\/#breadcrumb\",\"itemListElement\":[{\"@type\":\"ListItem\",\"position\":1,\"name\":\"\u0413\u043b\u0430\u0432\u043d\u0430\u044f \u0441\u0442\u0440\u0430\u043d\u0438\u0446\u0430\",\"item\":\"https:\/\/www.games4all.ee\/et\/\"},{\"@type\":\"ListItem\",\"position\":2,\"name\":\"M\u00e4ngude pood\",\"item\":\"https:\/\/www.games4all.ee\/et\/mangude-pood\/\"},{\"@type\":\"ListItem\",\"position\":3,\"name\":\"Scottie GO!\"}]},{\"@type\":\"WebSite\",\"@id\":\"https:\/\/www.games4all.ee\/et\/#website\",\"url\":\"https:\/\/www.games4all.ee\/et\/\",\"name\":\"Games4all\",\"description\":\"Board games and more in Estonia\",\"publisher\":{\"@id\":\"https:\/\/www.games4all.ee\/et\/#organization\"},\"potentialAction\":[{\"@type\":\"SearchAction\",\"target\":{\"@type\":\"EntryPoint\",\"urlTemplate\":\"https:\/\/www.games4all.ee\/et\/?s={search_term_string}\"},\"query-input\":{\"@type\":\"PropertyValueSpecification\",\"valueRequired\":true,\"valueName\":\"search_term_string\"}}],\"inLanguage\":\"et\"},{\"@type\":\"Organization\",\"@id\":\"https:\/\/www.games4all.ee\/et\/#organization\",\"name\":\"Andan Group O\u00dc\",\"url\":\"https:\/\/www.games4all.ee\/et\/\",\"logo\":{\"@type\":\"ImageObject\",\"inLanguage\":\"et\",\"@id\":\"https:\/\/www.games4all.ee\/et\/#\/schema\/logo\/image\/\",\"url\":\"https:\/\/www.games4all.ee\/wp-content\/uploads\/2023\/07\/GAMES4ALL-LOGO-1.png\",\"contentUrl\":\"https:\/\/www.games4all.ee\/wp-content\/uploads\/2023\/07\/GAMES4ALL-LOGO-1.png\",\"width\":500,\"height\":500,\"caption\":\"Andan Group O\u00dc\"},\"image\":{\"@id\":\"https:\/\/www.games4all.ee\/et\/#\/schema\/logo\/image\/\"},\"sameAs\":[\"https:\/\/www.facebook.com\/Games4All.ee\"]}]}<\/script>\n<!-- \/ Yoast SEO plugin. -->","yoast_head_json":{"title":"Scottie GO! | Board games store in Estonia - Games4all","description":"Hind: 79,99\u20ac | Kiire kohaletoimetamine Omniva v\u00f5i Smartposti pakiautomaadiga | Osta lauam\u00e4ng Scottie GO! Interneti-lauam\u00e4ngude poes Games4all","robots":{"index":"index","follow":"follow","max-snippet":"max-snippet:-1","max-image-preview":"max-image-preview:large","max-video-preview":"max-video-preview:-1"},"canonical":"https:\/\/www.games4all.ee\/toode\/scottie-go\/","og_locale":"et_EE","og_type":"article","og_title":"Scottie GO! | Board games store in Estonia - Games4all","og_description":"Hind: 79,99\u20ac | Kiire kohaletoimetamine Omniva v\u00f5i Smartposti pakiautomaadiga | Osta lauam\u00e4ng Scottie GO! Interneti-lauam\u00e4ngude poes Games4all","og_url":"https:\/\/www.games4all.ee\/toode\/scottie-go\/","og_site_name":"Games4all","article_publisher":"https:\/\/www.facebook.com\/Games4All.ee","article_modified_time":"2023-11-03T11:32:18+00:00","og_image":[{"width":600,"height":496,"url":"https:\/\/www.games4all.ee\/wp-content\/uploads\/2023\/10\/scottie-go-educational-board-game-games4all.jpg","type":"image\/jpeg"}],"twitter_card":"summary_large_image","twitter_misc":{"Est. reading time":"1 minut"},"schema":{"@context":"https:\/\/schema.org","@graph":[{"@type":["WebPage","ItemPage"],"@id":"https:\/\/www.games4all.ee\/toode\/scottie-go\/","url":"https:\/\/www.games4all.ee\/toode\/scottie-go\/","name":"Scottie GO! | Board games store in Estonia - Games4all","isPartOf":{"@id":"https:\/\/www.games4all.ee\/et\/#website"},"primaryImageOfPage":{"@id":"https:\/\/www.games4all.ee\/toode\/scottie-go\/#primaryimage"},"image":{"@id":"https:\/\/www.games4all.ee\/toode\/scottie-go\/#primaryimage"},"thumbnailUrl":"https:\/\/www.games4all.ee\/wp-content\/uploads\/2023\/10\/scottie-go-educational-board-game-games4all.jpg","datePublished":"2023-11-01T14:30:10+00:00","dateModified":"2023-11-03T11:32:18+00:00","description":"Hind: 79,99\u20ac | Kiire kohaletoimetamine Omniva v\u00f5i Smartposti pakiautomaadiga | Osta lauam\u00e4ng Scottie GO! Interneti-lauam\u00e4ngude poes Games4all","breadcrumb":{"@id":"https:\/\/www.games4all.ee\/toode\/scottie-go\/#breadcrumb"},"inLanguage":"et","potentialAction":[{"@type":"ReadAction","target":["https:\/\/www.games4all.ee\/toode\/scottie-go\/"]}]},{"@type":"ImageObject","inLanguage":"et","@id":"https:\/\/www.games4all.ee\/toode\/scottie-go\/#primaryimage","url":"https:\/\/www.games4all.ee\/wp-content\/uploads\/2023\/10\/scottie-go-educational-board-game-games4all.jpg","contentUrl":"https:\/\/www.games4all.ee\/wp-content\/uploads\/2023\/10\/scottie-go-educational-board-game-games4all.jpg","width":600,"height":496,"caption":"scottie go! hariv lauam\u00e4ng"},{"@type":"BreadcrumbList","@id":"https:\/\/www.games4all.ee\/toode\/scottie-go\/#breadcrumb","itemListElement":[{"@type":"ListItem","position":1,"name":"\u0413\u043b\u0430\u0432\u043d\u0430\u044f \u0441\u0442\u0440\u0430\u043d\u0438\u0446\u0430","item":"https:\/\/www.games4all.ee\/et\/"},{"@type":"ListItem","position":2,"name":"M\u00e4ngude pood","item":"https:\/\/www.games4all.ee\/et\/mangude-pood\/"},{"@type":"ListItem","position":3,"name":"Scottie GO!"}]},{"@type":"WebSite","@id":"https:\/\/www.games4all.ee\/et\/#website","url":"https:\/\/www.games4all.ee\/et\/","name":"Games4all","description":"Board games and more in Estonia","publisher":{"@id":"https:\/\/www.games4all.ee\/et\/#organization"},"potentialAction":[{"@type":"SearchAction","target":{"@type":"EntryPoint","urlTemplate":"https:\/\/www.games4all.ee\/et\/?s={search_term_string}"},"query-input":{"@type":"PropertyValueSpecification","valueRequired":true,"valueName":"search_term_string"}}],"inLanguage":"et"},{"@type":"Organization","@id":"https:\/\/www.games4all.ee\/et\/#organization","name":"Andan Group O\u00dc","url":"https:\/\/www.games4all.ee\/et\/","logo":{"@type":"ImageObject","inLanguage":"et","@id":"https:\/\/www.games4all.ee\/et\/#\/schema\/logo\/image\/","url":"https:\/\/www.games4all.ee\/wp-content\/uploads\/2023\/07\/GAMES4ALL-LOGO-1.png","contentUrl":"https:\/\/www.games4all.ee\/wp-content\/uploads\/2023\/07\/GAMES4ALL-LOGO-1.png","width":500,"height":500,"caption":"Andan Group O\u00dc"},"image":{"@id":"https:\/\/www.games4all.ee\/et\/#\/schema\/logo\/image\/"},"sameAs":["https:\/\/www.facebook.com\/Games4All.ee"]}]}},"_links":{"self":[{"href":"https:\/\/www.games4all.ee\/et\/wp-json\/wp\/v2\/product\/3474","targetHints":{"allow":["GET"]}}],"collection":[{"href":"https:\/\/www.games4all.ee\/et\/wp-json\/wp\/v2\/product"}],"about":[{"href":"https:\/\/www.games4all.ee\/et\/wp-json\/wp\/v2\/types\/product"}],"replies":[{"embeddable":true,"href":"https:\/\/www.games4all.ee\/et\/wp-json\/wp\/v2\/comments?post=3474"}],"wp:featuredmedia":[{"embeddable":true,"href":"https:\/\/www.games4all.ee\/et\/wp-json\/wp\/v2\/media\/3324"}],"wp:attachment":[{"href":"https:\/\/www.games4all.ee\/et\/wp-json\/wp\/v2\/media?parent=3474"}],"wp:term":[{"taxonomy":"product_brand","embeddable":true,"href":"https:\/\/www.games4all.ee\/et\/wp-json\/wp\/v2\/product_brand?post=3474"},{"taxonomy":"product_cat","embeddable":true,"href":"https:\/\/www.games4all.ee\/et\/wp-json\/wp\/v2\/product_cat?post=3474"},{"taxonomy":"product_tag","embeddable":true,"href":"https:\/\/www.games4all.ee\/et\/wp-json\/wp\/v2\/product_tag?post=3474"}],"curies":[{"name":"wp","href":"https:\/\/api.w.org\/{rel}","templated":true}]}}