{"id":3426,"date":"2023-11-01T16:27:47","date_gmt":"2023-11-01T14:27:47","guid":{"rendered":"https:\/\/www.games4all.ee\/?post_type=product&#038;p=3426"},"modified":"2023-11-03T13:32:39","modified_gmt":"2023-11-03T11:32:39","slug":"sound-maker","status":"publish","type":"product","link":"https:\/\/www.games4all.ee\/et\/toode\/sound-maker\/","title":{"rendered":"Sound Maker"},"content":{"rendered":"<div class=\"flex-col gap-1 md:gap-3\">\n<div class=\"flex flex-grow flex-col gap-3 max-w-full\">\n<div class=\"min-h-[20px] flex flex-col items-start gap-3 whitespace-pre-wrap break-words overflow-x-auto\" data-message-author-role=\"assistant\" data-message-id=\"67a3adc0-480e-46fb-bd6a-ec0ae5c979ec\">\n<div class=\"markdown prose w-full break-words dark:prose-invert dark\">\n<div class=\"flex flex-grow flex-col gap-3 max-w-full\">\n<div class=\"min-h-[20px] flex flex-col items-start gap-3 whitespace-pre-wrap break-words overflow-x-auto\" data-message-author-role=\"assistant\" data-message-id=\"53a8f828-18ad-44a1-98a9-d9b727c726db\">\n<div class=\"markdown prose w-full break-words dark:prose-invert dark\">\n<p>Blue Orange Gamesi &#8220;The Sound Maker&#8221; avaneb \u00fclevoolav peom\u00e4ng, kui m\u00e4ngijad asuvad otsima kaaslaste poolt nutikalt j\u00e4ljendatud helisid. Kuigi hambaharja heli reprodutseerimine v\u00f5ib tunduda suhteliselt lihtne, tekitab see uudishimu selle vastu, millist h\u00e4\u00e4lt banaan teha v\u00f5iks.<\/p>\n<p>Helide j\u00e4ljendamise ja t\u00e4pse tuvastamise \u00fclesanne toob kaasa ootamatuid v\u00e4ljakutseid. N\u00e4iteks v\u00f5ivad helid, nagu elektriline pardel ja muruniiduk, m\u00fcstiliselt kokku seguneda, kui inimene neid j\u00e4ljendab. Lisaks v\u00f5ivad m\u00f5ned kaardid panna teid l\u00f5busalt m\u00f5tisklema: &#8220;Mis kuradi heli see olla v\u00f5iks?&#8221;<\/p>\n<p>Selles kaasahaaravas m\u00e4ngus on iga osaleja kordam\u00f6\u00f6da m\u00e4\u00e4ratud &#8220;imiteerija&#8221;. J\u00e4rjekaardiga relvastatud matkija seisab laual silmitsi hulga avatud kaartidega. Iga\u00fchel on fotod, mis ahvatlevad kujutlusv\u00f5imet v\u00f5imalike imitatsioonidega. Hetkel, kui j\u00e4ljendaja v\u00f5tab kaardi k\u00e4tte, puhkeb v\u00f5istluste keeris, kui teised m\u00e4ngijad p\u00fc\u00fcavad kiiresti sobivat kaarti leida ja seda puudutada. Kiireim neist haarab ihaldatud kaardi.<\/p>\n<p>&#8220;The Sound Maker&#8221; on loodud nii, et see h\u00f5lmaks kerget l\u00f5bu ja seda ei tohiks v\u00f5tta liigse t\u00f5sidusega. See s\u00e4rab suurep\u00e4rase lisandina igale koosviibimisele, kus r\u00f5\u00f5msas meeleolus s\u00f5brad naudivad mitmesuguste helide kehastamist, alates traktori m\u00fcrinast ja l\u00f5petades beebi nuttudega. Jagatud fotode allikas annab m\u00e4ngu \u00fcldisele naudingule sageli t\u00e4iendava huumorikihi.<\/p>\n<\/div>\n<\/div>\n<\/div>\n<\/div>\n<\/div>\n<\/div>\n<\/div>\n<p>Vanus: 7+<br \/>\nM\u00e4ngu kestus: 15 min.<br \/>\nM\u00e4ngijad: 3-6<br \/>\nTeema: Muusika, pidu, helid, s\u00f5brad<\/p>\n<p><strong>Tuletame meelde, et kui ostate meilt m\u00e4ngu &#8220;Sound Maker&#8221;, saate automaatselt meeldivaid boonuseid, n\u00e4iteks:<\/strong><br \/>\n\u2014 Kiire kohaletoimetamine <a href=\"https:\/\/www.omniva.ee\">Omniva<\/a> v\u00f5i Smartposti pakiautomaatidesse<br \/>\n\u2014 Tarne 3\u20137 t\u00f6\u00f6p\u00e4eva jooksul.<br \/>\n\u2014 Kvaliteedigarantii<br \/>\n\u2014 <a href=\"https:\/\/www.games4all.ee\/terms-of-sales\/\">Tagastamisv\u00f5imalus<\/a> 14 p\u00e4eva jooksul p\u00e4rast k\u00e4ttesaamist<\/p>\n","protected":false},"excerpt":{"rendered":"<h2>Blue Orange Gamesi &#8220;The Sound Maker&#8221; avaneb \u00fclevoolav peom\u00e4ng, kui m\u00e4ngijad asuvad otsima kaaslaste poolt nutikalt j\u00e4ljendatud helisid. Kuigi hambaharja heli reprodutseerimine v\u00f5ib tunduda suhteliselt lihtne, tekitab see uudishimu selle vastu, millist h\u00e4\u00e4lt banaan teha v\u00f5iks.<\/h2>\n","protected":false},"featured_media":3257,"comment_status":"open","ping_status":"closed","template":"","meta":{"om_disable_all_campaigns":false,"site-sidebar-layout":"default","site-content-layout":"","ast-site-content-layout":"default","site-content-style":"default","site-sidebar-style":"default","ast-global-header-display":"","ast-banner-title-visibility":"","ast-main-header-display":"","ast-hfb-above-header-display":"","ast-hfb-below-header-display":"","ast-hfb-mobile-header-display":"","site-post-title":"","ast-breadcrumbs-content":"","ast-featured-img":"","footer-sml-layout":"","ast-disable-related-posts":"","theme-transparent-header-meta":"default","adv-header-id-meta":"","stick-header-meta":"","header-above-stick-meta":"","header-main-stick-meta":"","header-below-stick-meta":"","astra-migrate-meta-layouts":"set","ast-page-background-enabled":"default","ast-page-background-meta":{"desktop":{"background-color":"var(--ast-global-color-4)","background-image":"","background-repeat":"repeat","background-position":"center center","background-size":"auto","background-attachment":"scroll","background-type":"","background-media":"","overlay-type":"","overlay-color":"","overlay-opacity":"","overlay-gradient":""},"tablet":{"background-color":"","background-image":"","background-repeat":"repeat","background-position":"center center","background-size":"auto","background-attachment":"scroll","background-type":"","background-media":"","overlay-type":"","overlay-color":"","overlay-opacity":"","overlay-gradient":""},"mobile":{"background-color":"","background-image":"","background-repeat":"repeat","background-position":"center center","background-size":"auto","background-attachment":"scroll","background-type":"","background-media":"","overlay-type":"","overlay-color":"","overlay-opacity":"","overlay-gradient":""}},"ast-content-background-meta":{"desktop":{"background-color":"var(--ast-global-color-5)","background-image":"","background-repeat":"repeat","background-position":"center center","background-size":"auto","background-attachment":"scroll","background-type":"","background-media":"","overlay-type":"","overlay-color":"","overlay-opacity":"","overlay-gradient":""},"tablet":{"background-color":"var(--ast-global-color-5)","background-image":"","background-repeat":"repeat","background-position":"center center","background-size":"auto","background-attachment":"scroll","background-type":"","background-media":"","overlay-type":"","overlay-color":"","overlay-opacity":"","overlay-gradient":""},"mobile":{"background-color":"var(--ast-global-color-5)","background-image":"","background-repeat":"repeat","background-position":"center center","background-size":"auto","background-attachment":"scroll","background-type":"","background-media":"","overlay-type":"","overlay-color":"","overlay-opacity":"","overlay-gradient":""}}},"product_brand":[],"product_cat":[42],"product_tag":[],"class_list":{"0":"post-3426","1":"product","2":"type-product","3":"status-publish","4":"has-post-thumbnail","6":"product_cat-lauamangud","7":"desktop-align-center","8":"tablet-align-left","9":"mobile-align-center","11":"first","12":"outofstock","13":"purchasable","14":"product-type-simple"},"yoast_head":"<!-- This site is optimized with the Yoast SEO plugin v27.2 - https:\/\/yoast.com\/product\/yoast-seo-wordpress\/ -->\n<title>Sound Maker | Board games store in Estonia - Games4all<\/title>\n<meta name=\"description\" content=\"Hind: 16,99\u20ac | Kiire kohaletoimetamine Omniva v\u00f5i Smartposti pakiautomaadiga | Osta lauam\u00e4ng Sound Maker internetilauam\u00e4ngude poest Games4all\" \/>\n<meta name=\"robots\" content=\"index, follow, max-snippet:-1, max-image-preview:large, max-video-preview:-1\" \/>\n<link rel=\"canonical\" href=\"https:\/\/www.games4all.ee\/toode\/sound-maker\/\" \/>\n<meta property=\"og:locale\" content=\"et_EE\" \/>\n<meta property=\"og:type\" content=\"article\" \/>\n<meta property=\"og:title\" content=\"Sound Maker | Board games store in Estonia - Games4all\" \/>\n<meta property=\"og:description\" content=\"Hind: 16,99\u20ac | Kiire kohaletoimetamine Omniva v\u00f5i Smartposti pakiautomaadiga | Osta lauam\u00e4ng Sound Maker internetilauam\u00e4ngude poest Games4all\" \/>\n<meta property=\"og:url\" content=\"https:\/\/www.games4all.ee\/toode\/sound-maker\/\" \/>\n<meta property=\"og:site_name\" content=\"Games4all\" \/>\n<meta property=\"article:publisher\" content=\"https:\/\/www.facebook.com\/Games4All.ee\" \/>\n<meta property=\"article:modified_time\" content=\"2023-11-03T11:32:39+00:00\" \/>\n<meta property=\"og:image\" content=\"https:\/\/www.games4all.ee\/wp-content\/uploads\/2023\/10\/sound-maker-board-game-games4all.jpg\" \/>\n\t<meta property=\"og:image:width\" content=\"450\" \/>\n\t<meta property=\"og:image:height\" content=\"585\" \/>\n\t<meta property=\"og:image:type\" content=\"image\/jpeg\" \/>\n<meta name=\"twitter:card\" content=\"summary_large_image\" \/>\n<meta name=\"twitter:label1\" content=\"Est. reading time\" \/>\n\t<meta name=\"twitter:data1\" content=\"1 minut\" \/>\n<script type=\"application\/ld+json\" class=\"yoast-schema-graph\">{\"@context\":\"https:\/\/schema.org\",\"@graph\":[{\"@type\":[\"WebPage\",\"ItemPage\"],\"@id\":\"https:\/\/www.games4all.ee\/toode\/sound-maker\/\",\"url\":\"https:\/\/www.games4all.ee\/toode\/sound-maker\/\",\"name\":\"Sound Maker | Board games store in Estonia - Games4all\",\"isPartOf\":{\"@id\":\"https:\/\/www.games4all.ee\/et\/#website\"},\"primaryImageOfPage\":{\"@id\":\"https:\/\/www.games4all.ee\/toode\/sound-maker\/#primaryimage\"},\"image\":{\"@id\":\"https:\/\/www.games4all.ee\/toode\/sound-maker\/#primaryimage\"},\"thumbnailUrl\":\"https:\/\/www.games4all.ee\/wp-content\/uploads\/2023\/10\/sound-maker-board-game-games4all.jpg\",\"datePublished\":\"2023-11-01T14:27:47+00:00\",\"dateModified\":\"2023-11-03T11:32:39+00:00\",\"description\":\"Hind: 16,99\u20ac | Kiire kohaletoimetamine Omniva v\u00f5i Smartposti pakiautomaadiga | Osta lauam\u00e4ng Sound Maker internetilauam\u00e4ngude poest Games4all\",\"breadcrumb\":{\"@id\":\"https:\/\/www.games4all.ee\/toode\/sound-maker\/#breadcrumb\"},\"inLanguage\":\"et\",\"potentialAction\":[{\"@type\":\"ReadAction\",\"target\":[\"https:\/\/www.games4all.ee\/toode\/sound-maker\/\"]}]},{\"@type\":\"ImageObject\",\"inLanguage\":\"et\",\"@id\":\"https:\/\/www.games4all.ee\/toode\/sound-maker\/#primaryimage\",\"url\":\"https:\/\/www.games4all.ee\/wp-content\/uploads\/2023\/10\/sound-maker-board-game-games4all.jpg\",\"contentUrl\":\"https:\/\/www.games4all.ee\/wp-content\/uploads\/2023\/10\/sound-maker-board-game-games4all.jpg\",\"width\":450,\"height\":585,\"caption\":\"sound maker lauam\u00e4ng\"},{\"@type\":\"BreadcrumbList\",\"@id\":\"https:\/\/www.games4all.ee\/toode\/sound-maker\/#breadcrumb\",\"itemListElement\":[{\"@type\":\"ListItem\",\"position\":1,\"name\":\"\u0413\u043b\u0430\u0432\u043d\u0430\u044f \u0441\u0442\u0440\u0430\u043d\u0438\u0446\u0430\",\"item\":\"https:\/\/www.games4all.ee\/et\/\"},{\"@type\":\"ListItem\",\"position\":2,\"name\":\"M\u00e4ngude pood\",\"item\":\"https:\/\/www.games4all.ee\/et\/mangude-pood\/\"},{\"@type\":\"ListItem\",\"position\":3,\"name\":\"Sound Maker\"}]},{\"@type\":\"WebSite\",\"@id\":\"https:\/\/www.games4all.ee\/et\/#website\",\"url\":\"https:\/\/www.games4all.ee\/et\/\",\"name\":\"Games4all\",\"description\":\"Board games and more in Estonia\",\"publisher\":{\"@id\":\"https:\/\/www.games4all.ee\/et\/#organization\"},\"potentialAction\":[{\"@type\":\"SearchAction\",\"target\":{\"@type\":\"EntryPoint\",\"urlTemplate\":\"https:\/\/www.games4all.ee\/et\/?s={search_term_string}\"},\"query-input\":{\"@type\":\"PropertyValueSpecification\",\"valueRequired\":true,\"valueName\":\"search_term_string\"}}],\"inLanguage\":\"et\"},{\"@type\":\"Organization\",\"@id\":\"https:\/\/www.games4all.ee\/et\/#organization\",\"name\":\"Andan Group O\u00dc\",\"url\":\"https:\/\/www.games4all.ee\/et\/\",\"logo\":{\"@type\":\"ImageObject\",\"inLanguage\":\"et\",\"@id\":\"https:\/\/www.games4all.ee\/et\/#\/schema\/logo\/image\/\",\"url\":\"https:\/\/www.games4all.ee\/wp-content\/uploads\/2023\/07\/GAMES4ALL-LOGO-1.png\",\"contentUrl\":\"https:\/\/www.games4all.ee\/wp-content\/uploads\/2023\/07\/GAMES4ALL-LOGO-1.png\",\"width\":500,\"height\":500,\"caption\":\"Andan Group O\u00dc\"},\"image\":{\"@id\":\"https:\/\/www.games4all.ee\/et\/#\/schema\/logo\/image\/\"},\"sameAs\":[\"https:\/\/www.facebook.com\/Games4All.ee\"]}]}<\/script>\n<!-- \/ Yoast SEO plugin. -->","yoast_head_json":{"title":"Sound Maker | Board games store in Estonia - Games4all","description":"Hind: 16,99\u20ac | Kiire kohaletoimetamine Omniva v\u00f5i Smartposti pakiautomaadiga | Osta lauam\u00e4ng Sound Maker internetilauam\u00e4ngude poest Games4all","robots":{"index":"index","follow":"follow","max-snippet":"max-snippet:-1","max-image-preview":"max-image-preview:large","max-video-preview":"max-video-preview:-1"},"canonical":"https:\/\/www.games4all.ee\/toode\/sound-maker\/","og_locale":"et_EE","og_type":"article","og_title":"Sound Maker | Board games store in Estonia - Games4all","og_description":"Hind: 16,99\u20ac | Kiire kohaletoimetamine Omniva v\u00f5i Smartposti pakiautomaadiga | Osta lauam\u00e4ng Sound Maker internetilauam\u00e4ngude poest Games4all","og_url":"https:\/\/www.games4all.ee\/toode\/sound-maker\/","og_site_name":"Games4all","article_publisher":"https:\/\/www.facebook.com\/Games4All.ee","article_modified_time":"2023-11-03T11:32:39+00:00","og_image":[{"width":450,"height":585,"url":"https:\/\/www.games4all.ee\/wp-content\/uploads\/2023\/10\/sound-maker-board-game-games4all.jpg","type":"image\/jpeg"}],"twitter_card":"summary_large_image","twitter_misc":{"Est. reading time":"1 minut"},"schema":{"@context":"https:\/\/schema.org","@graph":[{"@type":["WebPage","ItemPage"],"@id":"https:\/\/www.games4all.ee\/toode\/sound-maker\/","url":"https:\/\/www.games4all.ee\/toode\/sound-maker\/","name":"Sound Maker | Board games store in Estonia - Games4all","isPartOf":{"@id":"https:\/\/www.games4all.ee\/et\/#website"},"primaryImageOfPage":{"@id":"https:\/\/www.games4all.ee\/toode\/sound-maker\/#primaryimage"},"image":{"@id":"https:\/\/www.games4all.ee\/toode\/sound-maker\/#primaryimage"},"thumbnailUrl":"https:\/\/www.games4all.ee\/wp-content\/uploads\/2023\/10\/sound-maker-board-game-games4all.jpg","datePublished":"2023-11-01T14:27:47+00:00","dateModified":"2023-11-03T11:32:39+00:00","description":"Hind: 16,99\u20ac | Kiire kohaletoimetamine Omniva v\u00f5i Smartposti pakiautomaadiga | Osta lauam\u00e4ng Sound Maker internetilauam\u00e4ngude poest Games4all","breadcrumb":{"@id":"https:\/\/www.games4all.ee\/toode\/sound-maker\/#breadcrumb"},"inLanguage":"et","potentialAction":[{"@type":"ReadAction","target":["https:\/\/www.games4all.ee\/toode\/sound-maker\/"]}]},{"@type":"ImageObject","inLanguage":"et","@id":"https:\/\/www.games4all.ee\/toode\/sound-maker\/#primaryimage","url":"https:\/\/www.games4all.ee\/wp-content\/uploads\/2023\/10\/sound-maker-board-game-games4all.jpg","contentUrl":"https:\/\/www.games4all.ee\/wp-content\/uploads\/2023\/10\/sound-maker-board-game-games4all.jpg","width":450,"height":585,"caption":"sound maker lauam\u00e4ng"},{"@type":"BreadcrumbList","@id":"https:\/\/www.games4all.ee\/toode\/sound-maker\/#breadcrumb","itemListElement":[{"@type":"ListItem","position":1,"name":"\u0413\u043b\u0430\u0432\u043d\u0430\u044f \u0441\u0442\u0440\u0430\u043d\u0438\u0446\u0430","item":"https:\/\/www.games4all.ee\/et\/"},{"@type":"ListItem","position":2,"name":"M\u00e4ngude pood","item":"https:\/\/www.games4all.ee\/et\/mangude-pood\/"},{"@type":"ListItem","position":3,"name":"Sound Maker"}]},{"@type":"WebSite","@id":"https:\/\/www.games4all.ee\/et\/#website","url":"https:\/\/www.games4all.ee\/et\/","name":"Games4all","description":"Board games and more in Estonia","publisher":{"@id":"https:\/\/www.games4all.ee\/et\/#organization"},"potentialAction":[{"@type":"SearchAction","target":{"@type":"EntryPoint","urlTemplate":"https:\/\/www.games4all.ee\/et\/?s={search_term_string}"},"query-input":{"@type":"PropertyValueSpecification","valueRequired":true,"valueName":"search_term_string"}}],"inLanguage":"et"},{"@type":"Organization","@id":"https:\/\/www.games4all.ee\/et\/#organization","name":"Andan Group O\u00dc","url":"https:\/\/www.games4all.ee\/et\/","logo":{"@type":"ImageObject","inLanguage":"et","@id":"https:\/\/www.games4all.ee\/et\/#\/schema\/logo\/image\/","url":"https:\/\/www.games4all.ee\/wp-content\/uploads\/2023\/07\/GAMES4ALL-LOGO-1.png","contentUrl":"https:\/\/www.games4all.ee\/wp-content\/uploads\/2023\/07\/GAMES4ALL-LOGO-1.png","width":500,"height":500,"caption":"Andan Group O\u00dc"},"image":{"@id":"https:\/\/www.games4all.ee\/et\/#\/schema\/logo\/image\/"},"sameAs":["https:\/\/www.facebook.com\/Games4All.ee"]}]}},"_links":{"self":[{"href":"https:\/\/www.games4all.ee\/et\/wp-json\/wp\/v2\/product\/3426","targetHints":{"allow":["GET"]}}],"collection":[{"href":"https:\/\/www.games4all.ee\/et\/wp-json\/wp\/v2\/product"}],"about":[{"href":"https:\/\/www.games4all.ee\/et\/wp-json\/wp\/v2\/types\/product"}],"replies":[{"embeddable":true,"href":"https:\/\/www.games4all.ee\/et\/wp-json\/wp\/v2\/comments?post=3426"}],"wp:featuredmedia":[{"embeddable":true,"href":"https:\/\/www.games4all.ee\/et\/wp-json\/wp\/v2\/media\/3257"}],"wp:attachment":[{"href":"https:\/\/www.games4all.ee\/et\/wp-json\/wp\/v2\/media?parent=3426"}],"wp:term":[{"taxonomy":"product_brand","embeddable":true,"href":"https:\/\/www.games4all.ee\/et\/wp-json\/wp\/v2\/product_brand?post=3426"},{"taxonomy":"product_cat","embeddable":true,"href":"https:\/\/www.games4all.ee\/et\/wp-json\/wp\/v2\/product_cat?post=3426"},{"taxonomy":"product_tag","embeddable":true,"href":"https:\/\/www.games4all.ee\/et\/wp-json\/wp\/v2\/product_tag?post=3426"}],"curies":[{"name":"wp","href":"https:\/\/api.w.org\/{rel}","templated":true}]}}