{"id":3420,"date":"2023-11-01T16:27:21","date_gmt":"2023-11-01T14:27:21","guid":{"rendered":"https:\/\/www.games4all.ee\/?post_type=product&#038;p=3420"},"modified":"2023-11-03T13:32:45","modified_gmt":"2023-11-03T11:32:45","slug":"hull-soov","status":"publish","type":"product","link":"https:\/\/www.games4all.ee\/et\/toode\/hull-soov\/","title":{"rendered":"Hull soov"},"content":{"rendered":"<div class=\"flex flex-grow flex-col gap-3 max-w-full\">\n<div class=\"min-h-[20px] flex flex-col items-start gap-3 whitespace-pre-wrap break-words overflow-x-auto\" data-message-author-role=\"assistant\" data-message-id=\"084dab6f-4b3a-4618-92dd-c0975186bbdf\">\n<div class=\"markdown prose w-full break-words dark:prose-invert dark\">\n<p>Hull soov on p\u00f5nev kaardim\u00e4ng, mis kuulub T\u00f5de v\u00f5i tegu \u017eanri alla, lisades teie t\u00fc\u00fcpilisele 52 kaardist koosnevale pakile p\u00f6\u00f6rase p\u00f6\u00f6rde. See ei ole m\u00e4ng n\u00f5rgan\u00e4rvilistele, sest see nihutab teie piire ja paneb proovile teie otsusekindluse. Moto on siin lihtne: &#8220;\u00c4ra vihka mind, vihka m\u00e4ngu!&#8221;<\/p>\n<p>Hull soovist leiate 52 p\u00f6\u00f6rase \u00fclesandega teki, mis panevad proovile teie vaimukuse, julguse ja m\u00f5nikord isegi maitsemeelte. M\u00e4ng on jagatud viide kategooriasse, millest iga\u00fchel on oma v\u00e4ljakutsed:<\/p>\n<p><strong>T\u00f5de<\/strong>: valmistuge k\u00fcsimusele vastama ja kui otsustate sellest k\u00f5rvale hiilida, olge valmis proovima.<\/p>\n<p><strong>Toiming<\/strong>: valmistuge tegema t\u00e4pselt seda, mida kaart k\u00e4sib. V\u00e4ltige seda ja te r\u00fc\u00fcbate ampsu.<\/p>\n<p><strong>J\u00e4tkake<\/strong>: v\u00f5tke omaks kaardi juhised ja j\u00e4lgige, kuidas k\u00f5ik j\u00e4rgivad eeskuju. Viimane, kes j\u00e4rgib, saab aum\u00e4rgiks maha.<\/p>\n<p><strong>Denonsseerimine<\/strong>: Siin saate m\u00e4ngida nukumeistrit. Valige m\u00e4ngija ja otsustage, kas ta vaatab t\u00f5ele, julgusele v\u00f5i l\u00f6\u00f6gile. On aeg hakata loominguliseks!<\/p>\n<p><strong>Shot<\/strong>: nimi \u00fctleb k\u00f5ik \u2013 on aeg nautida ampsu oma lemmikjooki (v\u00f5i k\u00f5ige v\u00e4hem lemmikut).<\/p>\n<p>Hull soov on m\u00f5eldud ainult 18-aastastele ja vanematele t\u00e4iskasvanutele, kes saavad selliseid m\u00e4nge vastutustundlikult nautida. Pidage meeles, et see k\u00f5ik on l\u00f5bus ja oluline on teada oma piire ja juua vastutustundlikult. Niisiis, v\u00f5tke s\u00f5brad kokku, segage kaarte ja valmistuge meeldej\u00e4\u00e4vaks t\u00f5e, julguse ja kaadrite \u00f5htuks koos Mad Wishiga!<\/p>\n<\/div>\n<\/div>\n<\/div>\n<p>&nbsp;<\/p>\n<p>M\u00e4ngu kestus: 10-20 min.<br \/>\nM\u00e4ngijad: 2-8<br \/>\nVanus: 18+<br \/>\nKirjastaja: Kadabra<\/p>\n<p><strong>Tuletame meelde, et ostes meilt m\u00e4ngu &#8220;Hull soov&#8221;, saate automaatselt meeldivaid boonuseid, n\u00e4iteks:<\/strong><br \/>\n\u2014 Kiire kohaletoimetamine <a href=\"https:\/\/www.omniva.ee\">Omniva<\/a> v\u00f5i Smartposti pakiautomaatidesse<br \/>\n\u2014 Tarne 3\u20137 t\u00f6\u00f6p\u00e4eva jooksul.<br \/>\n\u2014 Kvaliteedigarantii<br \/>\n\u2014 <a href=\"https:\/\/www.games4all.ee\/terms-of-sales\/\">Tagastamisv\u00f5imalus<\/a> 14 p\u00e4eva jooksul p\u00e4rast k\u00e4ttesaamist<\/p>\n","protected":false},"excerpt":{"rendered":"<h2>Hull soov on m\u00f5eldud 18-aastastele ja vanematele t\u00e4iskasvanutele, kes oskavad vastutustundlikult m\u00e4ngida. This game is for entertainment purposes only goals. Teadke oma piire ja jooge vastutustundlikult.<\/h2>\n","protected":false},"featured_media":3238,"comment_status":"open","ping_status":"closed","template":"","meta":{"om_disable_all_campaigns":false,"site-sidebar-layout":"default","site-content-layout":"","ast-site-content-layout":"default","site-content-style":"default","site-sidebar-style":"default","ast-global-header-display":"","ast-banner-title-visibility":"","ast-main-header-display":"","ast-hfb-above-header-display":"","ast-hfb-below-header-display":"","ast-hfb-mobile-header-display":"","site-post-title":"","ast-breadcrumbs-content":"","ast-featured-img":"","footer-sml-layout":"","ast-disable-related-posts":"","theme-transparent-header-meta":"default","adv-header-id-meta":"","stick-header-meta":"","header-above-stick-meta":"","header-main-stick-meta":"","header-below-stick-meta":"","astra-migrate-meta-layouts":"set","ast-page-background-enabled":"default","ast-page-background-meta":{"desktop":{"background-color":"var(--ast-global-color-4)","background-image":"","background-repeat":"repeat","background-position":"center center","background-size":"auto","background-attachment":"scroll","background-type":"","background-media":"","overlay-type":"","overlay-color":"","overlay-opacity":"","overlay-gradient":""},"tablet":{"background-color":"","background-image":"","background-repeat":"repeat","background-position":"center center","background-size":"auto","background-attachment":"scroll","background-type":"","background-media":"","overlay-type":"","overlay-color":"","overlay-opacity":"","overlay-gradient":""},"mobile":{"background-color":"","background-image":"","background-repeat":"repeat","background-position":"center center","background-size":"auto","background-attachment":"scroll","background-type":"","background-media":"","overlay-type":"","overlay-color":"","overlay-opacity":"","overlay-gradient":""}},"ast-content-background-meta":{"desktop":{"background-color":"var(--ast-global-color-5)","background-image":"","background-repeat":"repeat","background-position":"center center","background-size":"auto","background-attachment":"scroll","background-type":"","background-media":"","overlay-type":"","overlay-color":"","overlay-opacity":"","overlay-gradient":""},"tablet":{"background-color":"var(--ast-global-color-5)","background-image":"","background-repeat":"repeat","background-position":"center center","background-size":"auto","background-attachment":"scroll","background-type":"","background-media":"","overlay-type":"","overlay-color":"","overlay-opacity":"","overlay-gradient":""},"mobile":{"background-color":"var(--ast-global-color-5)","background-image":"","background-repeat":"repeat","background-position":"center center","background-size":"auto","background-attachment":"scroll","background-type":"","background-media":"","overlay-type":"","overlay-color":"","overlay-opacity":"","overlay-gradient":""}}},"product_brand":[],"product_cat":[38],"product_tag":[],"class_list":{"0":"post-3420","1":"product","2":"type-product","3":"status-publish","4":"has-post-thumbnail","6":"product_cat-kaardimangud","7":"desktop-align-center","8":"tablet-align-left","9":"mobile-align-center","11":"first","12":"outofstock","13":"purchasable","14":"product-type-variable"},"yoast_head":"<!-- This site is optimized with the Yoast SEO plugin v27.2 - https:\/\/yoast.com\/product\/yoast-seo-wordpress\/ -->\n<title>Hull soov | Board games store in Estonia - Games4all<\/title>\n<meta name=\"description\" content=\"Hind: 7.49\u20ac | Kiire kohaletoimetamine Omniva v\u00f5i Smartposti pakiautomaadiga | Osta kaardim\u00e4ng Hull soov internetilauam\u00e4ngude poest Games4all\" \/>\n<meta name=\"robots\" content=\"index, follow, max-snippet:-1, max-image-preview:large, max-video-preview:-1\" \/>\n<link rel=\"canonical\" href=\"https:\/\/www.games4all.ee\/toode\/mad-wish\/\" \/>\n<meta property=\"og:locale\" content=\"et_EE\" \/>\n<meta property=\"og:type\" content=\"article\" \/>\n<meta property=\"og:title\" content=\"Hull soov | Board games store in Estonia - Games4all\" \/>\n<meta property=\"og:description\" content=\"Hind: 7.49\u20ac | Kiire kohaletoimetamine Omniva v\u00f5i Smartposti pakiautomaadiga | Osta kaardim\u00e4ng Hull soov internetilauam\u00e4ngude poest Games4all\" \/>\n<meta property=\"og:url\" content=\"https:\/\/www.games4all.ee\/toode\/mad-wish\/\" \/>\n<meta property=\"og:site_name\" content=\"Games4all\" \/>\n<meta property=\"article:publisher\" content=\"https:\/\/www.facebook.com\/Games4All.ee\" \/>\n<meta property=\"article:modified_time\" content=\"2023-11-03T11:32:45+00:00\" \/>\n<meta property=\"og:image\" content=\"https:\/\/www.games4all.ee\/wp-content\/uploads\/2023\/10\/mad-wish-card-game-games4all.jpg\" \/>\n\t<meta property=\"og:image:width\" content=\"450\" \/>\n\t<meta property=\"og:image:height\" content=\"545\" \/>\n\t<meta property=\"og:image:type\" content=\"image\/jpeg\" \/>\n<meta name=\"twitter:card\" content=\"summary_large_image\" \/>\n<meta name=\"twitter:label1\" content=\"Est. reading time\" \/>\n\t<meta name=\"twitter:data1\" content=\"1 minut\" \/>\n<script type=\"application\/ld+json\" class=\"yoast-schema-graph\">{\"@context\":\"https:\/\/schema.org\",\"@graph\":[{\"@type\":[\"WebPage\",\"ItemPage\"],\"@id\":\"https:\/\/www.games4all.ee\/toode\/mad-wish\/\",\"url\":\"https:\/\/www.games4all.ee\/toode\/mad-wish\/\",\"name\":\"Hull soov | Board games store in Estonia - Games4all\",\"isPartOf\":{\"@id\":\"https:\/\/www.games4all.ee\/et\/#website\"},\"primaryImageOfPage\":{\"@id\":\"https:\/\/www.games4all.ee\/toode\/mad-wish\/#primaryimage\"},\"image\":{\"@id\":\"https:\/\/www.games4all.ee\/toode\/mad-wish\/#primaryimage\"},\"thumbnailUrl\":\"https:\/\/www.games4all.ee\/wp-content\/uploads\/2023\/10\/mad-wish-card-game-games4all.jpg\",\"datePublished\":\"2023-11-01T14:27:21+00:00\",\"dateModified\":\"2023-11-03T11:32:45+00:00\",\"description\":\"Hind: 7.49\u20ac | Kiire kohaletoimetamine Omniva v\u00f5i Smartposti pakiautomaadiga | Osta kaardim\u00e4ng Hull soov internetilauam\u00e4ngude poest Games4all\",\"breadcrumb\":{\"@id\":\"https:\/\/www.games4all.ee\/toode\/mad-wish\/#breadcrumb\"},\"inLanguage\":\"et\",\"potentialAction\":[{\"@type\":\"ReadAction\",\"target\":[\"https:\/\/www.games4all.ee\/toode\/mad-wish\/\"]}]},{\"@type\":\"ImageObject\",\"inLanguage\":\"et\",\"@id\":\"https:\/\/www.games4all.ee\/toode\/mad-wish\/#primaryimage\",\"url\":\"https:\/\/www.games4all.ee\/wp-content\/uploads\/2023\/10\/mad-wish-card-game-games4all.jpg\",\"contentUrl\":\"https:\/\/www.games4all.ee\/wp-content\/uploads\/2023\/10\/mad-wish-card-game-games4all.jpg\",\"width\":450,\"height\":545,\"caption\":\"hull soov kaardim\u00e4ng\"},{\"@type\":\"BreadcrumbList\",\"@id\":\"https:\/\/www.games4all.ee\/toode\/mad-wish\/#breadcrumb\",\"itemListElement\":[{\"@type\":\"ListItem\",\"position\":1,\"name\":\"\u0413\u043b\u0430\u0432\u043d\u0430\u044f \u0441\u0442\u0440\u0430\u043d\u0438\u0446\u0430\",\"item\":\"https:\/\/www.games4all.ee\/et\/\"},{\"@type\":\"ListItem\",\"position\":2,\"name\":\"M\u00e4ngude pood\",\"item\":\"https:\/\/www.games4all.ee\/et\/mangude-pood\/\"},{\"@type\":\"ListItem\",\"position\":3,\"name\":\"Hull soov\"}]},{\"@type\":\"WebSite\",\"@id\":\"https:\/\/www.games4all.ee\/et\/#website\",\"url\":\"https:\/\/www.games4all.ee\/et\/\",\"name\":\"Games4all\",\"description\":\"Board games and more in Estonia\",\"publisher\":{\"@id\":\"https:\/\/www.games4all.ee\/et\/#organization\"},\"potentialAction\":[{\"@type\":\"SearchAction\",\"target\":{\"@type\":\"EntryPoint\",\"urlTemplate\":\"https:\/\/www.games4all.ee\/et\/?s={search_term_string}\"},\"query-input\":{\"@type\":\"PropertyValueSpecification\",\"valueRequired\":true,\"valueName\":\"search_term_string\"}}],\"inLanguage\":\"et\"},{\"@type\":\"Organization\",\"@id\":\"https:\/\/www.games4all.ee\/et\/#organization\",\"name\":\"Andan Group O\u00dc\",\"url\":\"https:\/\/www.games4all.ee\/et\/\",\"logo\":{\"@type\":\"ImageObject\",\"inLanguage\":\"et\",\"@id\":\"https:\/\/www.games4all.ee\/et\/#\/schema\/logo\/image\/\",\"url\":\"https:\/\/www.games4all.ee\/wp-content\/uploads\/2023\/07\/GAMES4ALL-LOGO-1.png\",\"contentUrl\":\"https:\/\/www.games4all.ee\/wp-content\/uploads\/2023\/07\/GAMES4ALL-LOGO-1.png\",\"width\":500,\"height\":500,\"caption\":\"Andan Group O\u00dc\"},\"image\":{\"@id\":\"https:\/\/www.games4all.ee\/et\/#\/schema\/logo\/image\/\"},\"sameAs\":[\"https:\/\/www.facebook.com\/Games4All.ee\"]}]}<\/script>\n<!-- \/ Yoast SEO plugin. -->","yoast_head_json":{"title":"Hull soov | Board games store in Estonia - Games4all","description":"Hind: 7.49\u20ac | Kiire kohaletoimetamine Omniva v\u00f5i Smartposti pakiautomaadiga | Osta kaardim\u00e4ng Hull soov internetilauam\u00e4ngude poest Games4all","robots":{"index":"index","follow":"follow","max-snippet":"max-snippet:-1","max-image-preview":"max-image-preview:large","max-video-preview":"max-video-preview:-1"},"canonical":"https:\/\/www.games4all.ee\/toode\/mad-wish\/","og_locale":"et_EE","og_type":"article","og_title":"Hull soov | Board games store in Estonia - Games4all","og_description":"Hind: 7.49\u20ac | Kiire kohaletoimetamine Omniva v\u00f5i Smartposti pakiautomaadiga | Osta kaardim\u00e4ng Hull soov internetilauam\u00e4ngude poest Games4all","og_url":"https:\/\/www.games4all.ee\/toode\/mad-wish\/","og_site_name":"Games4all","article_publisher":"https:\/\/www.facebook.com\/Games4All.ee","article_modified_time":"2023-11-03T11:32:45+00:00","og_image":[{"width":450,"height":545,"url":"https:\/\/www.games4all.ee\/wp-content\/uploads\/2023\/10\/mad-wish-card-game-games4all.jpg","type":"image\/jpeg"}],"twitter_card":"summary_large_image","twitter_misc":{"Est. reading time":"1 minut"},"schema":{"@context":"https:\/\/schema.org","@graph":[{"@type":["WebPage","ItemPage"],"@id":"https:\/\/www.games4all.ee\/toode\/mad-wish\/","url":"https:\/\/www.games4all.ee\/toode\/mad-wish\/","name":"Hull soov | Board games store in Estonia - Games4all","isPartOf":{"@id":"https:\/\/www.games4all.ee\/et\/#website"},"primaryImageOfPage":{"@id":"https:\/\/www.games4all.ee\/toode\/mad-wish\/#primaryimage"},"image":{"@id":"https:\/\/www.games4all.ee\/toode\/mad-wish\/#primaryimage"},"thumbnailUrl":"https:\/\/www.games4all.ee\/wp-content\/uploads\/2023\/10\/mad-wish-card-game-games4all.jpg","datePublished":"2023-11-01T14:27:21+00:00","dateModified":"2023-11-03T11:32:45+00:00","description":"Hind: 7.49\u20ac | Kiire kohaletoimetamine Omniva v\u00f5i Smartposti pakiautomaadiga | Osta kaardim\u00e4ng Hull soov internetilauam\u00e4ngude poest Games4all","breadcrumb":{"@id":"https:\/\/www.games4all.ee\/toode\/mad-wish\/#breadcrumb"},"inLanguage":"et","potentialAction":[{"@type":"ReadAction","target":["https:\/\/www.games4all.ee\/toode\/mad-wish\/"]}]},{"@type":"ImageObject","inLanguage":"et","@id":"https:\/\/www.games4all.ee\/toode\/mad-wish\/#primaryimage","url":"https:\/\/www.games4all.ee\/wp-content\/uploads\/2023\/10\/mad-wish-card-game-games4all.jpg","contentUrl":"https:\/\/www.games4all.ee\/wp-content\/uploads\/2023\/10\/mad-wish-card-game-games4all.jpg","width":450,"height":545,"caption":"hull soov kaardim\u00e4ng"},{"@type":"BreadcrumbList","@id":"https:\/\/www.games4all.ee\/toode\/mad-wish\/#breadcrumb","itemListElement":[{"@type":"ListItem","position":1,"name":"\u0413\u043b\u0430\u0432\u043d\u0430\u044f \u0441\u0442\u0440\u0430\u043d\u0438\u0446\u0430","item":"https:\/\/www.games4all.ee\/et\/"},{"@type":"ListItem","position":2,"name":"M\u00e4ngude pood","item":"https:\/\/www.games4all.ee\/et\/mangude-pood\/"},{"@type":"ListItem","position":3,"name":"Hull soov"}]},{"@type":"WebSite","@id":"https:\/\/www.games4all.ee\/et\/#website","url":"https:\/\/www.games4all.ee\/et\/","name":"Games4all","description":"Board games and more in Estonia","publisher":{"@id":"https:\/\/www.games4all.ee\/et\/#organization"},"potentialAction":[{"@type":"SearchAction","target":{"@type":"EntryPoint","urlTemplate":"https:\/\/www.games4all.ee\/et\/?s={search_term_string}"},"query-input":{"@type":"PropertyValueSpecification","valueRequired":true,"valueName":"search_term_string"}}],"inLanguage":"et"},{"@type":"Organization","@id":"https:\/\/www.games4all.ee\/et\/#organization","name":"Andan Group O\u00dc","url":"https:\/\/www.games4all.ee\/et\/","logo":{"@type":"ImageObject","inLanguage":"et","@id":"https:\/\/www.games4all.ee\/et\/#\/schema\/logo\/image\/","url":"https:\/\/www.games4all.ee\/wp-content\/uploads\/2023\/07\/GAMES4ALL-LOGO-1.png","contentUrl":"https:\/\/www.games4all.ee\/wp-content\/uploads\/2023\/07\/GAMES4ALL-LOGO-1.png","width":500,"height":500,"caption":"Andan Group O\u00dc"},"image":{"@id":"https:\/\/www.games4all.ee\/et\/#\/schema\/logo\/image\/"},"sameAs":["https:\/\/www.facebook.com\/Games4All.ee"]}]}},"_links":{"self":[{"href":"https:\/\/www.games4all.ee\/et\/wp-json\/wp\/v2\/product\/3420","targetHints":{"allow":["GET"]}}],"collection":[{"href":"https:\/\/www.games4all.ee\/et\/wp-json\/wp\/v2\/product"}],"about":[{"href":"https:\/\/www.games4all.ee\/et\/wp-json\/wp\/v2\/types\/product"}],"replies":[{"embeddable":true,"href":"https:\/\/www.games4all.ee\/et\/wp-json\/wp\/v2\/comments?post=3420"}],"wp:featuredmedia":[{"embeddable":true,"href":"https:\/\/www.games4all.ee\/et\/wp-json\/wp\/v2\/media\/3238"}],"wp:attachment":[{"href":"https:\/\/www.games4all.ee\/et\/wp-json\/wp\/v2\/media?parent=3420"}],"wp:term":[{"taxonomy":"product_brand","embeddable":true,"href":"https:\/\/www.games4all.ee\/et\/wp-json\/wp\/v2\/product_brand?post=3420"},{"taxonomy":"product_cat","embeddable":true,"href":"https:\/\/www.games4all.ee\/et\/wp-json\/wp\/v2\/product_cat?post=3420"},{"taxonomy":"product_tag","embeddable":true,"href":"https:\/\/www.games4all.ee\/et\/wp-json\/wp\/v2\/product_tag?post=3420"}],"curies":[{"name":"wp","href":"https:\/\/api.w.org\/{rel}","templated":true}]}}