{"id":3414,"date":"2023-11-01T16:27:07","date_gmt":"2023-11-01T14:27:07","guid":{"rendered":"https:\/\/www.games4all.ee\/?post_type=product&#038;p=3414"},"modified":"2023-11-03T13:32:47","modified_gmt":"2023-11-03T11:32:47","slug":"cross-clues","status":"publish","type":"product","link":"https:\/\/www.games4all.ee\/et\/toode\/cross-clues\/","title":{"rendered":"Cross Clues"},"content":{"rendered":"<p><span class=\"dig-Theme dig-Theme--bright dig-Mode--bright In-Theme-Provider\">&#8220;Cross Clues&#8221; on s\u00f5nam\u00e4ng, milles t\u00f6\u00f6tate koos ja tuvastate samal ajal seoseid s\u00f5napaaride vahel. See pole nii lihtne, sest teie vihje v\u00f5ib olla vaid \u00fcks s\u00f5na. M\u00e4ngu m\u00e4ngitakse ruudustikul. Vertikaalsel ja horisontaalteljel on numbrid ja t\u00e4hed, mille all on m\u00f5ned s\u00f5nad. M\u00e4ngu ajal t\u00f5mbavad m\u00e4ngijad koordinaatidega kaarte. Need kaardid n\u00e4itavad s\u00f5napaari, mida peate teistel m\u00e4ngijatel \u00e4ra arvama. <\/span><\/p>\n<p><span class=\"dig-Theme dig-Theme--bright dig-Mode--bright In-Theme-Provider\">N\u00e4iteks kui teil on A2-kaart, kus A-s\u00f5na on j\u00e4\u00e4 ja 2-s\u00f5na on vesi, v\u00f5ite \u00f6elda &#8220;Skatingas&#8221; oma vihje. K\u00f5ik saavad selle v\u00e4ljaselgitamiseks koos t\u00f6\u00f6tada. Kui nad saavad \u00f5igesti aru, saate koordinaatide kaardi ruudustikule panna. M\u00e4ngija \u00fclesanne on t\u00e4ita ruudustik nii palju kui v\u00f5imalik. See on koost\u00f6\u00f6m\u00e4ng, millel pole peaaegu mingeid seisakuid. See on l\u00fchike m\u00e4ng ning v\u00e4ljakutse leida seoseid erinevate s\u00f5nade vahel ja tuletada vihjeid on l\u00f5bus ja kaasahaarav.<\/span><\/p>\n<p><span class=\"dig-Theme dig-Theme--bright dig-Mode--bright In-Theme-Provider\"><strong>Kihlus. <\/strong>Peamine konks on see, et k\u00f5ik m\u00e4ngijad saavad korraga m\u00e4ngida. T\u00f5mbad kaardi ja m\u00f5tled oma vihje peale, ootamata oma korda.<br \/>\n<\/span><span class=\"dig-Theme dig-Theme--bright dig-Mode--bright In-Theme-Provider\"><strong>Lihtsus. <\/strong> &#8220;Cross Clues&#8221; saab \u00f5petada vaid minutiga. Reeglitekstis ei ole pikki jaotisi ega keerulisi termineid. Lihtsalt istuge maha ja alustage m\u00e4ngimist.<br \/>\n<\/span><span class=\"dig-Theme dig-Theme--bright dig-Mode--bright In-Theme-Provider\"><strong>\u00dcks<\/strong>, <strong>mis sobib k\u00f5igile.<\/strong> M\u00e4ng on paindlik. See t\u00e4hendab, et see on sama hea erinevate m\u00e4ngijate arvuga.<br \/>\n<\/span><span class=\"dig-Theme dig-Theme--bright dig-Mode--bright In-Theme-Provider\"><strong>Taasesitatavus.<\/strong> Lihtsatest reeglitest tuleneb tundidepikkune m\u00e4ng. Erinevad s\u00f5nad ja nende kombinatsioonid tagavad suurep\u00e4rase taasesitavuse<\/span>.<br \/>\n<span class=\"dig-Theme dig-Theme--bright dig-Mode--bright In-Theme-Provider\"><strong>Lisatud kasu.<\/strong> M\u00e4ngu saab kasutada \u00f5ppevahendina. See on suurep\u00e4rane abstraktse ja loogilise m\u00f5tlemise parandamiseks, samuti kontseptsioonide vaheliste seoste n\u00e4gemise v\u00f5ime parandamiseks<\/span>.<\/p>\n<p>Reeglid: <a href=\"https:\/\/www.games4all.ee\/wp-content\/uploads\/2023\/10\/Cross_Clues_Rules_165x285_EE.pdf\">eesti keel (PDF)<\/a> \/ <a href=\"https:\/\/www.games4all.ee\/wp-content\/uploads\/2023\/10\/Cross_Clues_Rules_165x285_RU.pdf\">vene keel (PDF)<\/a><\/p>\n<p><strong>Tuletame meelde, et kui ostate meilt m\u00e4ngu &#8220;Cross Clues&#8221;, saate automaatselt meeldivaid boonuseid, n\u00e4iteks:<\/strong><br \/>\n\u2014 Kiire kohaletoimetamine <a href=\"https:\/\/www.omniva.ee\">Omniva<\/a> v\u00f5i Smartposti pakiautomaatidesse<br \/>\n\u2014 Tarne 3\u20137 t\u00f6\u00f6p\u00e4eva jooksul.<br \/>\n\u2014 Kvaliteedigarantii<br \/>\n\u2014 <a href=\"https:\/\/www.games4all.ee\/terms-of-sales\/\">Tagastamisv\u00f5imalus<\/a> 14 p\u00e4eva jooksul p\u00e4rast k\u00e4ttesaamist<\/p>\n","protected":false},"excerpt":{"rendered":"<h2><span class=\"dig-Theme dig-Theme--bright dig-Mode--bright In-Theme-Provider\">Cross Clues sobivad: peredele, s\u00f5pradele, inimestele, kes otsivad kingitusi ja l\u00fchikesi lihtsaid m\u00e4nge.<br \/>\nTeema: s\u00f5nad, vihjed, mahaarvamine, koost\u00f6\u00f6, meeskonnat\u00f6\u00f6.<\/span><\/h2>\n<h2><span class=\"dig-Theme dig-Theme--bright dig-Mode--bright In-Theme-Provider\">Vanus: 7+<br \/>\nM\u00e4ngu kestus: 10 min.<br \/>\nM\u00e4ngijad: 2-6<br \/>\n<\/span><\/h2>\n","protected":false},"featured_media":3223,"comment_status":"open","ping_status":"closed","template":"","meta":{"om_disable_all_campaigns":false,"site-sidebar-layout":"default","site-content-layout":"","ast-site-content-layout":"default","site-content-style":"default","site-sidebar-style":"default","ast-global-header-display":"","ast-banner-title-visibility":"","ast-main-header-display":"","ast-hfb-above-header-display":"","ast-hfb-below-header-display":"","ast-hfb-mobile-header-display":"","site-post-title":"","ast-breadcrumbs-content":"","ast-featured-img":"","footer-sml-layout":"","ast-disable-related-posts":"","theme-transparent-header-meta":"default","adv-header-id-meta":"","stick-header-meta":"","header-above-stick-meta":"","header-main-stick-meta":"","header-below-stick-meta":"","astra-migrate-meta-layouts":"set","ast-page-background-enabled":"default","ast-page-background-meta":{"desktop":{"background-color":"var(--ast-global-color-4)","background-image":"","background-repeat":"repeat","background-position":"center center","background-size":"auto","background-attachment":"scroll","background-type":"","background-media":"","overlay-type":"","overlay-color":"","overlay-opacity":"","overlay-gradient":""},"tablet":{"background-color":"","background-image":"","background-repeat":"repeat","background-position":"center center","background-size":"auto","background-attachment":"scroll","background-type":"","background-media":"","overlay-type":"","overlay-color":"","overlay-opacity":"","overlay-gradient":""},"mobile":{"background-color":"","background-image":"","background-repeat":"repeat","background-position":"center center","background-size":"auto","background-attachment":"scroll","background-type":"","background-media":"","overlay-type":"","overlay-color":"","overlay-opacity":"","overlay-gradient":""}},"ast-content-background-meta":{"desktop":{"background-color":"var(--ast-global-color-5)","background-image":"","background-repeat":"repeat","background-position":"center center","background-size":"auto","background-attachment":"scroll","background-type":"","background-media":"","overlay-type":"","overlay-color":"","overlay-opacity":"","overlay-gradient":""},"tablet":{"background-color":"var(--ast-global-color-5)","background-image":"","background-repeat":"repeat","background-position":"center center","background-size":"auto","background-attachment":"scroll","background-type":"","background-media":"","overlay-type":"","overlay-color":"","overlay-opacity":"","overlay-gradient":""},"mobile":{"background-color":"var(--ast-global-color-5)","background-image":"","background-repeat":"repeat","background-position":"center center","background-size":"auto","background-attachment":"scroll","background-type":"","background-media":"","overlay-type":"","overlay-color":"","overlay-opacity":"","overlay-gradient":""}}},"product_brand":[],"product_cat":[38],"product_tag":[],"class_list":{"0":"post-3414","1":"product","2":"type-product","3":"status-publish","4":"has-post-thumbnail","6":"product_cat-kaardimangud","7":"desktop-align-center","8":"tablet-align-left","9":"mobile-align-center","11":"first","12":"instock","13":"purchasable","14":"product-type-variable"},"yoast_head":"<!-- This site is optimized with the Yoast SEO plugin v27.2 - https:\/\/yoast.com\/product\/yoast-seo-wordpress\/ -->\n<title>Cross Clues | Board games store in Estonia - Games4all<\/title>\n<meta name=\"description\" content=\"Hind: 15,99\u20ac | Kiire kohaletoimetamine Omniva v\u00f5i Smartposti pakiautomaadiga | Osta kaardim\u00e4ng Cross Clues internetilauam\u00e4ngude poest Games4all\" \/>\n<meta name=\"robots\" content=\"index, follow, max-snippet:-1, max-image-preview:large, max-video-preview:-1\" \/>\n<link rel=\"canonical\" href=\"https:\/\/www.games4all.ee\/toode\/cross-clues\/\" \/>\n<meta property=\"og:locale\" content=\"et_EE\" \/>\n<meta property=\"og:type\" content=\"article\" \/>\n<meta property=\"og:title\" content=\"Cross Clues | Board games store in Estonia - Games4all\" \/>\n<meta property=\"og:description\" content=\"Hind: 15,99\u20ac | Kiire kohaletoimetamine Omniva v\u00f5i Smartposti pakiautomaadiga | Osta kaardim\u00e4ng Cross Clues internetilauam\u00e4ngude poest Games4all\" \/>\n<meta property=\"og:url\" content=\"https:\/\/www.games4all.ee\/toode\/cross-clues\/\" \/>\n<meta property=\"og:site_name\" content=\"Games4all\" \/>\n<meta property=\"article:publisher\" content=\"https:\/\/www.facebook.com\/Games4All.ee\" \/>\n<meta property=\"article:modified_time\" content=\"2023-11-03T11:32:47+00:00\" \/>\n<meta property=\"og:image\" content=\"https:\/\/www.games4all.ee\/wp-content\/uploads\/2023\/10\/cross-clues-card-game-Games4all-1.jpg\" \/>\n\t<meta property=\"og:image:width\" content=\"500\" \/>\n\t<meta property=\"og:image:height\" content=\"569\" \/>\n\t<meta property=\"og:image:type\" content=\"image\/jpeg\" \/>\n<meta name=\"twitter:card\" content=\"summary_large_image\" \/>\n<meta name=\"twitter:label1\" content=\"Est. reading time\" \/>\n\t<meta name=\"twitter:data1\" content=\"2 minutit\" \/>\n<script type=\"application\/ld+json\" class=\"yoast-schema-graph\">{\"@context\":\"https:\/\/schema.org\",\"@graph\":[{\"@type\":[\"WebPage\",\"ItemPage\"],\"@id\":\"https:\/\/www.games4all.ee\/toode\/cross-clues\/\",\"url\":\"https:\/\/www.games4all.ee\/toode\/cross-clues\/\",\"name\":\"Cross Clues | Board games store in Estonia - Games4all\",\"isPartOf\":{\"@id\":\"https:\/\/www.games4all.ee\/et\/#website\"},\"primaryImageOfPage\":{\"@id\":\"https:\/\/www.games4all.ee\/toode\/cross-clues\/#primaryimage\"},\"image\":{\"@id\":\"https:\/\/www.games4all.ee\/toode\/cross-clues\/#primaryimage\"},\"thumbnailUrl\":\"https:\/\/www.games4all.ee\/wp-content\/uploads\/2023\/10\/cross-clues-card-game-Games4all-1.jpg\",\"datePublished\":\"2023-11-01T14:27:07+00:00\",\"dateModified\":\"2023-11-03T11:32:47+00:00\",\"description\":\"Hind: 15,99\u20ac | Kiire kohaletoimetamine Omniva v\u00f5i Smartposti pakiautomaadiga | Osta kaardim\u00e4ng Cross Clues internetilauam\u00e4ngude poest Games4all\",\"breadcrumb\":{\"@id\":\"https:\/\/www.games4all.ee\/toode\/cross-clues\/#breadcrumb\"},\"inLanguage\":\"et\",\"potentialAction\":[{\"@type\":\"ReadAction\",\"target\":[\"https:\/\/www.games4all.ee\/toode\/cross-clues\/\"]}]},{\"@type\":\"ImageObject\",\"inLanguage\":\"et\",\"@id\":\"https:\/\/www.games4all.ee\/toode\/cross-clues\/#primaryimage\",\"url\":\"https:\/\/www.games4all.ee\/wp-content\/uploads\/2023\/10\/cross-clues-card-game-Games4all-1.jpg\",\"contentUrl\":\"https:\/\/www.games4all.ee\/wp-content\/uploads\/2023\/10\/cross-clues-card-game-Games4all-1.jpg\",\"width\":500,\"height\":569,\"caption\":\"cross clues kaardim\u00e4ng\"},{\"@type\":\"BreadcrumbList\",\"@id\":\"https:\/\/www.games4all.ee\/toode\/cross-clues\/#breadcrumb\",\"itemListElement\":[{\"@type\":\"ListItem\",\"position\":1,\"name\":\"\u0413\u043b\u0430\u0432\u043d\u0430\u044f \u0441\u0442\u0440\u0430\u043d\u0438\u0446\u0430\",\"item\":\"https:\/\/www.games4all.ee\/et\/\"},{\"@type\":\"ListItem\",\"position\":2,\"name\":\"M\u00e4ngude pood\",\"item\":\"https:\/\/www.games4all.ee\/et\/mangude-pood\/\"},{\"@type\":\"ListItem\",\"position\":3,\"name\":\"Cross Clues\"}]},{\"@type\":\"WebSite\",\"@id\":\"https:\/\/www.games4all.ee\/et\/#website\",\"url\":\"https:\/\/www.games4all.ee\/et\/\",\"name\":\"Games4all\",\"description\":\"Board games and more in Estonia\",\"publisher\":{\"@id\":\"https:\/\/www.games4all.ee\/et\/#organization\"},\"potentialAction\":[{\"@type\":\"SearchAction\",\"target\":{\"@type\":\"EntryPoint\",\"urlTemplate\":\"https:\/\/www.games4all.ee\/et\/?s={search_term_string}\"},\"query-input\":{\"@type\":\"PropertyValueSpecification\",\"valueRequired\":true,\"valueName\":\"search_term_string\"}}],\"inLanguage\":\"et\"},{\"@type\":\"Organization\",\"@id\":\"https:\/\/www.games4all.ee\/et\/#organization\",\"name\":\"Andan Group O\u00dc\",\"url\":\"https:\/\/www.games4all.ee\/et\/\",\"logo\":{\"@type\":\"ImageObject\",\"inLanguage\":\"et\",\"@id\":\"https:\/\/www.games4all.ee\/et\/#\/schema\/logo\/image\/\",\"url\":\"https:\/\/www.games4all.ee\/wp-content\/uploads\/2023\/07\/GAMES4ALL-LOGO-1.png\",\"contentUrl\":\"https:\/\/www.games4all.ee\/wp-content\/uploads\/2023\/07\/GAMES4ALL-LOGO-1.png\",\"width\":500,\"height\":500,\"caption\":\"Andan Group O\u00dc\"},\"image\":{\"@id\":\"https:\/\/www.games4all.ee\/et\/#\/schema\/logo\/image\/\"},\"sameAs\":[\"https:\/\/www.facebook.com\/Games4All.ee\"]}]}<\/script>\n<!-- \/ Yoast SEO plugin. -->","yoast_head_json":{"title":"Cross Clues | Board games store in Estonia - Games4all","description":"Hind: 15,99\u20ac | Kiire kohaletoimetamine Omniva v\u00f5i Smartposti pakiautomaadiga | Osta kaardim\u00e4ng Cross Clues internetilauam\u00e4ngude poest Games4all","robots":{"index":"index","follow":"follow","max-snippet":"max-snippet:-1","max-image-preview":"max-image-preview:large","max-video-preview":"max-video-preview:-1"},"canonical":"https:\/\/www.games4all.ee\/toode\/cross-clues\/","og_locale":"et_EE","og_type":"article","og_title":"Cross Clues | Board games store in Estonia - Games4all","og_description":"Hind: 15,99\u20ac | Kiire kohaletoimetamine Omniva v\u00f5i Smartposti pakiautomaadiga | Osta kaardim\u00e4ng Cross Clues internetilauam\u00e4ngude poest Games4all","og_url":"https:\/\/www.games4all.ee\/toode\/cross-clues\/","og_site_name":"Games4all","article_publisher":"https:\/\/www.facebook.com\/Games4All.ee","article_modified_time":"2023-11-03T11:32:47+00:00","og_image":[{"width":500,"height":569,"url":"https:\/\/www.games4all.ee\/wp-content\/uploads\/2023\/10\/cross-clues-card-game-Games4all-1.jpg","type":"image\/jpeg"}],"twitter_card":"summary_large_image","twitter_misc":{"Est. reading time":"2 minutit"},"schema":{"@context":"https:\/\/schema.org","@graph":[{"@type":["WebPage","ItemPage"],"@id":"https:\/\/www.games4all.ee\/toode\/cross-clues\/","url":"https:\/\/www.games4all.ee\/toode\/cross-clues\/","name":"Cross Clues | Board games store in Estonia - Games4all","isPartOf":{"@id":"https:\/\/www.games4all.ee\/et\/#website"},"primaryImageOfPage":{"@id":"https:\/\/www.games4all.ee\/toode\/cross-clues\/#primaryimage"},"image":{"@id":"https:\/\/www.games4all.ee\/toode\/cross-clues\/#primaryimage"},"thumbnailUrl":"https:\/\/www.games4all.ee\/wp-content\/uploads\/2023\/10\/cross-clues-card-game-Games4all-1.jpg","datePublished":"2023-11-01T14:27:07+00:00","dateModified":"2023-11-03T11:32:47+00:00","description":"Hind: 15,99\u20ac | Kiire kohaletoimetamine Omniva v\u00f5i Smartposti pakiautomaadiga | Osta kaardim\u00e4ng Cross Clues internetilauam\u00e4ngude poest Games4all","breadcrumb":{"@id":"https:\/\/www.games4all.ee\/toode\/cross-clues\/#breadcrumb"},"inLanguage":"et","potentialAction":[{"@type":"ReadAction","target":["https:\/\/www.games4all.ee\/toode\/cross-clues\/"]}]},{"@type":"ImageObject","inLanguage":"et","@id":"https:\/\/www.games4all.ee\/toode\/cross-clues\/#primaryimage","url":"https:\/\/www.games4all.ee\/wp-content\/uploads\/2023\/10\/cross-clues-card-game-Games4all-1.jpg","contentUrl":"https:\/\/www.games4all.ee\/wp-content\/uploads\/2023\/10\/cross-clues-card-game-Games4all-1.jpg","width":500,"height":569,"caption":"cross clues kaardim\u00e4ng"},{"@type":"BreadcrumbList","@id":"https:\/\/www.games4all.ee\/toode\/cross-clues\/#breadcrumb","itemListElement":[{"@type":"ListItem","position":1,"name":"\u0413\u043b\u0430\u0432\u043d\u0430\u044f \u0441\u0442\u0440\u0430\u043d\u0438\u0446\u0430","item":"https:\/\/www.games4all.ee\/et\/"},{"@type":"ListItem","position":2,"name":"M\u00e4ngude pood","item":"https:\/\/www.games4all.ee\/et\/mangude-pood\/"},{"@type":"ListItem","position":3,"name":"Cross Clues"}]},{"@type":"WebSite","@id":"https:\/\/www.games4all.ee\/et\/#website","url":"https:\/\/www.games4all.ee\/et\/","name":"Games4all","description":"Board games and more in Estonia","publisher":{"@id":"https:\/\/www.games4all.ee\/et\/#organization"},"potentialAction":[{"@type":"SearchAction","target":{"@type":"EntryPoint","urlTemplate":"https:\/\/www.games4all.ee\/et\/?s={search_term_string}"},"query-input":{"@type":"PropertyValueSpecification","valueRequired":true,"valueName":"search_term_string"}}],"inLanguage":"et"},{"@type":"Organization","@id":"https:\/\/www.games4all.ee\/et\/#organization","name":"Andan Group O\u00dc","url":"https:\/\/www.games4all.ee\/et\/","logo":{"@type":"ImageObject","inLanguage":"et","@id":"https:\/\/www.games4all.ee\/et\/#\/schema\/logo\/image\/","url":"https:\/\/www.games4all.ee\/wp-content\/uploads\/2023\/07\/GAMES4ALL-LOGO-1.png","contentUrl":"https:\/\/www.games4all.ee\/wp-content\/uploads\/2023\/07\/GAMES4ALL-LOGO-1.png","width":500,"height":500,"caption":"Andan Group O\u00dc"},"image":{"@id":"https:\/\/www.games4all.ee\/et\/#\/schema\/logo\/image\/"},"sameAs":["https:\/\/www.facebook.com\/Games4All.ee"]}]}},"_links":{"self":[{"href":"https:\/\/www.games4all.ee\/et\/wp-json\/wp\/v2\/product\/3414","targetHints":{"allow":["GET"]}}],"collection":[{"href":"https:\/\/www.games4all.ee\/et\/wp-json\/wp\/v2\/product"}],"about":[{"href":"https:\/\/www.games4all.ee\/et\/wp-json\/wp\/v2\/types\/product"}],"replies":[{"embeddable":true,"href":"https:\/\/www.games4all.ee\/et\/wp-json\/wp\/v2\/comments?post=3414"}],"wp:featuredmedia":[{"embeddable":true,"href":"https:\/\/www.games4all.ee\/et\/wp-json\/wp\/v2\/media\/3223"}],"wp:attachment":[{"href":"https:\/\/www.games4all.ee\/et\/wp-json\/wp\/v2\/media?parent=3414"}],"wp:term":[{"taxonomy":"product_brand","embeddable":true,"href":"https:\/\/www.games4all.ee\/et\/wp-json\/wp\/v2\/product_brand?post=3414"},{"taxonomy":"product_cat","embeddable":true,"href":"https:\/\/www.games4all.ee\/et\/wp-json\/wp\/v2\/product_cat?post=3414"},{"taxonomy":"product_tag","embeddable":true,"href":"https:\/\/www.games4all.ee\/et\/wp-json\/wp\/v2\/product_tag?post=3414"}],"curies":[{"name":"wp","href":"https:\/\/api.w.org\/{rel}","templated":true}]}}