{"id":3393,"date":"2023-11-01T16:22:55","date_gmt":"2023-11-01T14:22:55","guid":{"rendered":"https:\/\/www.games4all.ee\/?post_type=product&#038;p=3393"},"modified":"2023-11-03T13:32:58","modified_gmt":"2023-11-03T11:32:58","slug":"stella","status":"publish","type":"product","link":"https:\/\/www.games4all.ee\/et\/toode\/stella\/","title":{"rendered":"Stella"},"content":{"rendered":"<p>Stella on vapustava visuaalse stiiliga m\u00e4ng. M\u00e4ngijad sobitavad assotsiatsioonide kaudu juhuslikud s\u00f5nad kaartidel olevate maalidega. Kuna kaardijoonised on nii abstraktsed kui ka \u00fcksikasjalikud, v\u00f5ivad lingid olla v\u00e4ga erinevad. M\u00e4ngijad p\u00fc\u00fcavad oma t\u00f5lgendusi v\u00f5imalikult t\u00e4pselt sobitada teiste m\u00e4ngijate loodud assotsiatsioonidega. M\u00e4ng mitte ainult ei erguta kujutlusv\u00f5imet ja soodustab loovust, vaid \u00f5petab ka empaatiat ja seda, kuidas tajuma maailma l\u00e4bi teiste silmade. Stella on Dixiti lauam\u00e4ngude tootjate uhiuus toode ning see t\u00f6\u00f6tab k\u00f5igi Dixiti ja selle laienduskaartidega.<\/p>\n<ul>\n<li aria-level=\"1\"><strong>Kunstiteos<\/strong>. See m\u00e4ng t\u00f5mbab kahtlemata t\u00e4helepanu. Selle disain ei paelu lihtsalt silma. See meenutab pigem kunstiteost kui lauam\u00e4ngu pakendit. Te ei saa mitte ainult meelelahutuslikku m\u00e4ngu, vaid ostate ka ilusa t\u00fcki, mida soovite silmapaistvalt kuvada. Eraldi \u00e4ram\u00e4rkimist v\u00e4\u00e4rivad m\u00e4ngus kasutatud kaardid. Iga\u00fcks neist on ainulaadne ja annab edasi erineva abstraktse, \u00fcksikasjaliku ja leidliku pildi, mille on maalinud professionaalsed kunstnikud Dixiti stiilis.<\/li>\n<li aria-level=\"1\"><strong>Taasesitatavus<\/strong>. M\u00e4ng toetab k\u00f5iki Dixiti m\u00e4ngu kaarte ja selle laiendusi. See lisab m\u00e4ngule palju mitmekesisust. Erinevate m\u00e4ngijate jaoks v\u00f5ib iga kaart tekitada t\u00e4iesti erinevaid assotsiatsioone. Laiendustes on sadu kaarte. See tagab peaaegu, et iga m\u00e4ng on ainulaadne.<\/li>\n<li><strong>Dixit sari<\/strong>. Kuigi reeglid sarnanevad oma eelk\u00e4ijaga, on reeglid t\u00e4iesti erinevad. See laiendab oluliselt sihtr\u00fchma. &#8220;Stella&#8221; meeldib neile, kes on juba nautinud<\/li>\n<\/ul>\n<p><strong>Tuletame meelde, et ostes meilt m\u00e4ngu &#8220;Stella&#8221;, saate automaatselt meeldivaid boonuseid, n\u00e4iteks:<\/strong><br \/>\n\u2014 Kiire kohaletoimetamine <a href=\"https:\/\/www.omniva.ee\">Omniva<\/a> v\u00f5i Smartposti pakiautomaatidesse<br \/>\n\u2014 Tarne 3\u20137 t\u00f6\u00f6p\u00e4eva jooksul.<br \/>\n\u2014 Kvaliteedigarantii<br \/>\n\u2014 <a href=\"https:\/\/www.games4all.ee\/terms-of-sales\/\">Tagastamisv\u00f5imalus<\/a> 14 p\u00e4eva jooksul p\u00e4rast k\u00e4ttesaamist<\/p>\n<p>Reeglid: <a href=\"https:\/\/www.games4all.ee\/wp-content\/uploads\/2023\/10\/STELLA_RULES_EE_LD.pdf\">eesti keel (PDF)<\/a> \/ <a href=\"https:\/\/www.games4all.ee\/wp-content\/uploads\/2023\/10\/STELLA_RULES_EN_LD.pdf\">inglise keel (PDF)<\/a><br \/>\nVanus: 8+<br \/>\nM\u00e4ngu kestus: 30 min.<br \/>\nM\u00e4ngijad: 2-6<br \/>\nSihtr\u00fchm: pered, s\u00f5brad, inimesed, kes otsivad kingitusi ja loomingulisi mahaarvamism\u00e4nge.<br \/>\nTeema: fantaasia, suhtlemine, abstraktne m\u00f5tlemine, loovus.<\/p>\n","protected":false},"excerpt":{"rendered":"<ul>\n<li>\n<h2>Kuigi Stella m\u00e4ng sarnaneb oma eelk\u00e4ijaga (Dixit), on reeglid t\u00e4iesti erinevad.<\/h2>\n<\/li>\n<li>\n<h2>M\u00e4ng toetab k\u00f5iki Dixiti m\u00e4ngu kaarte ja selle laiendusi.<\/h2>\n<\/li>\n<li>\n<h2>See m\u00e4ng t\u00f5mbab kahtlemata t\u00e4helepanu.<\/h2>\n<\/li>\n<\/ul>\n","protected":false},"featured_media":3191,"comment_status":"open","ping_status":"closed","template":"","meta":{"om_disable_all_campaigns":false,"site-sidebar-layout":"default","site-content-layout":"","ast-site-content-layout":"default","site-content-style":"default","site-sidebar-style":"default","ast-global-header-display":"","ast-banner-title-visibility":"","ast-main-header-display":"","ast-hfb-above-header-display":"","ast-hfb-below-header-display":"","ast-hfb-mobile-header-display":"","site-post-title":"","ast-breadcrumbs-content":"","ast-featured-img":"","footer-sml-layout":"","ast-disable-related-posts":"","theme-transparent-header-meta":"default","adv-header-id-meta":"","stick-header-meta":"","header-above-stick-meta":"","header-main-stick-meta":"","header-below-stick-meta":"","astra-migrate-meta-layouts":"set","ast-page-background-enabled":"default","ast-page-background-meta":{"desktop":{"background-color":"var(--ast-global-color-4)","background-image":"","background-repeat":"repeat","background-position":"center center","background-size":"auto","background-attachment":"scroll","background-type":"","background-media":"","overlay-type":"","overlay-color":"","overlay-opacity":"","overlay-gradient":""},"tablet":{"background-color":"","background-image":"","background-repeat":"repeat","background-position":"center center","background-size":"auto","background-attachment":"scroll","background-type":"","background-media":"","overlay-type":"","overlay-color":"","overlay-opacity":"","overlay-gradient":""},"mobile":{"background-color":"","background-image":"","background-repeat":"repeat","background-position":"center center","background-size":"auto","background-attachment":"scroll","background-type":"","background-media":"","overlay-type":"","overlay-color":"","overlay-opacity":"","overlay-gradient":""}},"ast-content-background-meta":{"desktop":{"background-color":"var(--ast-global-color-5)","background-image":"","background-repeat":"repeat","background-position":"center center","background-size":"auto","background-attachment":"scroll","background-type":"","background-media":"","overlay-type":"","overlay-color":"","overlay-opacity":"","overlay-gradient":""},"tablet":{"background-color":"var(--ast-global-color-5)","background-image":"","background-repeat":"repeat","background-position":"center center","background-size":"auto","background-attachment":"scroll","background-type":"","background-media":"","overlay-type":"","overlay-color":"","overlay-opacity":"","overlay-gradient":""},"mobile":{"background-color":"var(--ast-global-color-5)","background-image":"","background-repeat":"repeat","background-position":"center center","background-size":"auto","background-attachment":"scroll","background-type":"","background-media":"","overlay-type":"","overlay-color":"","overlay-opacity":"","overlay-gradient":""}}},"product_brand":[],"product_cat":[42],"product_tag":[],"class_list":{"0":"post-3393","1":"product","2":"type-product","3":"status-publish","4":"has-post-thumbnail","6":"product_cat-lauamangud","7":"desktop-align-center","8":"tablet-align-left","9":"mobile-align-center","11":"first","12":"instock","13":"purchasable","14":"product-type-simple"},"yoast_head":"<!-- This site is optimized with the Yoast SEO plugin v27.2 - https:\/\/yoast.com\/product\/yoast-seo-wordpress\/ -->\n<title>Stella | Eesti k\u00f5ige s\u00f5bralikum lauam\u00e4ngude pood - Games4all<\/title>\n<meta name=\"description\" content=\"Hind: 38.99\u20ac | Kiire kohaletoimetamine Omniva v\u00f5i Smartposti pakiautomaadiga | Osta lauam\u00e4ng Stella internetilauam\u00e4ngude poest Games4all\" \/>\n<meta name=\"robots\" content=\"index, follow, max-snippet:-1, max-image-preview:large, max-video-preview:-1\" \/>\n<link rel=\"canonical\" href=\"https:\/\/www.games4all.ee\/toode\/stella\/\" \/>\n<meta property=\"og:locale\" content=\"et_EE\" \/>\n<meta property=\"og:type\" content=\"article\" \/>\n<meta property=\"og:title\" content=\"Stella | Eesti k\u00f5ige s\u00f5bralikum lauam\u00e4ngude pood - Games4all\" \/>\n<meta property=\"og:description\" content=\"Hind: 38.99\u20ac | Kiire kohaletoimetamine Omniva v\u00f5i Smartposti pakiautomaadiga | Osta lauam\u00e4ng Stella internetilauam\u00e4ngude poest Games4all\" \/>\n<meta property=\"og:url\" content=\"https:\/\/www.games4all.ee\/toode\/stella\/\" \/>\n<meta property=\"og:site_name\" content=\"Games4all\" \/>\n<meta property=\"article:publisher\" content=\"https:\/\/www.facebook.com\/Games4All.ee\" \/>\n<meta property=\"article:modified_time\" content=\"2023-11-03T11:32:58+00:00\" \/>\n<meta property=\"og:image\" content=\"https:\/\/www.games4all.ee\/wp-content\/uploads\/2023\/10\/stella-board-game-GAMES4ALL.png\" \/>\n\t<meta property=\"og:image:width\" content=\"600\" \/>\n\t<meta property=\"og:image:height\" content=\"600\" \/>\n\t<meta property=\"og:image:type\" content=\"image\/png\" \/>\n<meta name=\"twitter:card\" content=\"summary_large_image\" \/>\n<meta name=\"twitter:label1\" content=\"Est. reading time\" \/>\n\t<meta name=\"twitter:data1\" content=\"2 minutit\" \/>\n<script type=\"application\/ld+json\" class=\"yoast-schema-graph\">{\"@context\":\"https:\/\/schema.org\",\"@graph\":[{\"@type\":[\"WebPage\",\"ItemPage\"],\"@id\":\"https:\/\/www.games4all.ee\/toode\/stella\/\",\"url\":\"https:\/\/www.games4all.ee\/toode\/stella\/\",\"name\":\"Stella | Eesti k\u00f5ige s\u00f5bralikum lauam\u00e4ngude pood - Games4all\",\"isPartOf\":{\"@id\":\"https:\/\/www.games4all.ee\/et\/#website\"},\"primaryImageOfPage\":{\"@id\":\"https:\/\/www.games4all.ee\/toode\/stella\/#primaryimage\"},\"image\":{\"@id\":\"https:\/\/www.games4all.ee\/toode\/stella\/#primaryimage\"},\"thumbnailUrl\":\"https:\/\/www.games4all.ee\/wp-content\/uploads\/2023\/10\/stella-board-game-GAMES4ALL.png\",\"datePublished\":\"2023-11-01T14:22:55+00:00\",\"dateModified\":\"2023-11-03T11:32:58+00:00\",\"description\":\"Hind: 38.99\u20ac | Kiire kohaletoimetamine Omniva v\u00f5i Smartposti pakiautomaadiga | Osta lauam\u00e4ng Stella internetilauam\u00e4ngude poest Games4all\",\"breadcrumb\":{\"@id\":\"https:\/\/www.games4all.ee\/toode\/stella\/#breadcrumb\"},\"inLanguage\":\"et\",\"potentialAction\":[{\"@type\":\"ReadAction\",\"target\":[\"https:\/\/www.games4all.ee\/toode\/stella\/\"]}]},{\"@type\":\"ImageObject\",\"inLanguage\":\"et\",\"@id\":\"https:\/\/www.games4all.ee\/toode\/stella\/#primaryimage\",\"url\":\"https:\/\/www.games4all.ee\/wp-content\/uploads\/2023\/10\/stella-board-game-GAMES4ALL.png\",\"contentUrl\":\"https:\/\/www.games4all.ee\/wp-content\/uploads\/2023\/10\/stella-board-game-GAMES4ALL.png\",\"width\":600,\"height\":600,\"caption\":\"stella lauamang (dixit) games4all\"},{\"@type\":\"BreadcrumbList\",\"@id\":\"https:\/\/www.games4all.ee\/toode\/stella\/#breadcrumb\",\"itemListElement\":[{\"@type\":\"ListItem\",\"position\":1,\"name\":\"\u0413\u043b\u0430\u0432\u043d\u0430\u044f \u0441\u0442\u0440\u0430\u043d\u0438\u0446\u0430\",\"item\":\"https:\/\/www.games4all.ee\/et\/\"},{\"@type\":\"ListItem\",\"position\":2,\"name\":\"M\u00e4ngude pood\",\"item\":\"https:\/\/www.games4all.ee\/et\/mangude-pood\/\"},{\"@type\":\"ListItem\",\"position\":3,\"name\":\"Stella\"}]},{\"@type\":\"WebSite\",\"@id\":\"https:\/\/www.games4all.ee\/et\/#website\",\"url\":\"https:\/\/www.games4all.ee\/et\/\",\"name\":\"Games4all\",\"description\":\"Board games and more in Estonia\",\"publisher\":{\"@id\":\"https:\/\/www.games4all.ee\/et\/#organization\"},\"potentialAction\":[{\"@type\":\"SearchAction\",\"target\":{\"@type\":\"EntryPoint\",\"urlTemplate\":\"https:\/\/www.games4all.ee\/et\/?s={search_term_string}\"},\"query-input\":{\"@type\":\"PropertyValueSpecification\",\"valueRequired\":true,\"valueName\":\"search_term_string\"}}],\"inLanguage\":\"et\"},{\"@type\":\"Organization\",\"@id\":\"https:\/\/www.games4all.ee\/et\/#organization\",\"name\":\"Andan Group O\u00dc\",\"url\":\"https:\/\/www.games4all.ee\/et\/\",\"logo\":{\"@type\":\"ImageObject\",\"inLanguage\":\"et\",\"@id\":\"https:\/\/www.games4all.ee\/et\/#\/schema\/logo\/image\/\",\"url\":\"https:\/\/www.games4all.ee\/wp-content\/uploads\/2023\/07\/GAMES4ALL-LOGO-1.png\",\"contentUrl\":\"https:\/\/www.games4all.ee\/wp-content\/uploads\/2023\/07\/GAMES4ALL-LOGO-1.png\",\"width\":500,\"height\":500,\"caption\":\"Andan Group O\u00dc\"},\"image\":{\"@id\":\"https:\/\/www.games4all.ee\/et\/#\/schema\/logo\/image\/\"},\"sameAs\":[\"https:\/\/www.facebook.com\/Games4All.ee\"]}]}<\/script>\n<!-- \/ Yoast SEO plugin. -->","yoast_head_json":{"title":"Stella | Eesti k\u00f5ige s\u00f5bralikum lauam\u00e4ngude pood - Games4all","description":"Hind: 38.99\u20ac | Kiire kohaletoimetamine Omniva v\u00f5i Smartposti pakiautomaadiga | Osta lauam\u00e4ng Stella internetilauam\u00e4ngude poest Games4all","robots":{"index":"index","follow":"follow","max-snippet":"max-snippet:-1","max-image-preview":"max-image-preview:large","max-video-preview":"max-video-preview:-1"},"canonical":"https:\/\/www.games4all.ee\/toode\/stella\/","og_locale":"et_EE","og_type":"article","og_title":"Stella | Eesti k\u00f5ige s\u00f5bralikum lauam\u00e4ngude pood - Games4all","og_description":"Hind: 38.99\u20ac | Kiire kohaletoimetamine Omniva v\u00f5i Smartposti pakiautomaadiga | Osta lauam\u00e4ng Stella internetilauam\u00e4ngude poest Games4all","og_url":"https:\/\/www.games4all.ee\/toode\/stella\/","og_site_name":"Games4all","article_publisher":"https:\/\/www.facebook.com\/Games4All.ee","article_modified_time":"2023-11-03T11:32:58+00:00","og_image":[{"width":600,"height":600,"url":"https:\/\/www.games4all.ee\/wp-content\/uploads\/2023\/10\/stella-board-game-GAMES4ALL.png","type":"image\/png"}],"twitter_card":"summary_large_image","twitter_misc":{"Est. reading time":"2 minutit"},"schema":{"@context":"https:\/\/schema.org","@graph":[{"@type":["WebPage","ItemPage"],"@id":"https:\/\/www.games4all.ee\/toode\/stella\/","url":"https:\/\/www.games4all.ee\/toode\/stella\/","name":"Stella | Eesti k\u00f5ige s\u00f5bralikum lauam\u00e4ngude pood - Games4all","isPartOf":{"@id":"https:\/\/www.games4all.ee\/et\/#website"},"primaryImageOfPage":{"@id":"https:\/\/www.games4all.ee\/toode\/stella\/#primaryimage"},"image":{"@id":"https:\/\/www.games4all.ee\/toode\/stella\/#primaryimage"},"thumbnailUrl":"https:\/\/www.games4all.ee\/wp-content\/uploads\/2023\/10\/stella-board-game-GAMES4ALL.png","datePublished":"2023-11-01T14:22:55+00:00","dateModified":"2023-11-03T11:32:58+00:00","description":"Hind: 38.99\u20ac | Kiire kohaletoimetamine Omniva v\u00f5i Smartposti pakiautomaadiga | Osta lauam\u00e4ng Stella internetilauam\u00e4ngude poest Games4all","breadcrumb":{"@id":"https:\/\/www.games4all.ee\/toode\/stella\/#breadcrumb"},"inLanguage":"et","potentialAction":[{"@type":"ReadAction","target":["https:\/\/www.games4all.ee\/toode\/stella\/"]}]},{"@type":"ImageObject","inLanguage":"et","@id":"https:\/\/www.games4all.ee\/toode\/stella\/#primaryimage","url":"https:\/\/www.games4all.ee\/wp-content\/uploads\/2023\/10\/stella-board-game-GAMES4ALL.png","contentUrl":"https:\/\/www.games4all.ee\/wp-content\/uploads\/2023\/10\/stella-board-game-GAMES4ALL.png","width":600,"height":600,"caption":"stella lauamang (dixit) games4all"},{"@type":"BreadcrumbList","@id":"https:\/\/www.games4all.ee\/toode\/stella\/#breadcrumb","itemListElement":[{"@type":"ListItem","position":1,"name":"\u0413\u043b\u0430\u0432\u043d\u0430\u044f \u0441\u0442\u0440\u0430\u043d\u0438\u0446\u0430","item":"https:\/\/www.games4all.ee\/et\/"},{"@type":"ListItem","position":2,"name":"M\u00e4ngude pood","item":"https:\/\/www.games4all.ee\/et\/mangude-pood\/"},{"@type":"ListItem","position":3,"name":"Stella"}]},{"@type":"WebSite","@id":"https:\/\/www.games4all.ee\/et\/#website","url":"https:\/\/www.games4all.ee\/et\/","name":"Games4all","description":"Board games and more in Estonia","publisher":{"@id":"https:\/\/www.games4all.ee\/et\/#organization"},"potentialAction":[{"@type":"SearchAction","target":{"@type":"EntryPoint","urlTemplate":"https:\/\/www.games4all.ee\/et\/?s={search_term_string}"},"query-input":{"@type":"PropertyValueSpecification","valueRequired":true,"valueName":"search_term_string"}}],"inLanguage":"et"},{"@type":"Organization","@id":"https:\/\/www.games4all.ee\/et\/#organization","name":"Andan Group O\u00dc","url":"https:\/\/www.games4all.ee\/et\/","logo":{"@type":"ImageObject","inLanguage":"et","@id":"https:\/\/www.games4all.ee\/et\/#\/schema\/logo\/image\/","url":"https:\/\/www.games4all.ee\/wp-content\/uploads\/2023\/07\/GAMES4ALL-LOGO-1.png","contentUrl":"https:\/\/www.games4all.ee\/wp-content\/uploads\/2023\/07\/GAMES4ALL-LOGO-1.png","width":500,"height":500,"caption":"Andan Group O\u00dc"},"image":{"@id":"https:\/\/www.games4all.ee\/et\/#\/schema\/logo\/image\/"},"sameAs":["https:\/\/www.facebook.com\/Games4All.ee"]}]}},"_links":{"self":[{"href":"https:\/\/www.games4all.ee\/et\/wp-json\/wp\/v2\/product\/3393","targetHints":{"allow":["GET"]}}],"collection":[{"href":"https:\/\/www.games4all.ee\/et\/wp-json\/wp\/v2\/product"}],"about":[{"href":"https:\/\/www.games4all.ee\/et\/wp-json\/wp\/v2\/types\/product"}],"replies":[{"embeddable":true,"href":"https:\/\/www.games4all.ee\/et\/wp-json\/wp\/v2\/comments?post=3393"}],"wp:featuredmedia":[{"embeddable":true,"href":"https:\/\/www.games4all.ee\/et\/wp-json\/wp\/v2\/media\/3191"}],"wp:attachment":[{"href":"https:\/\/www.games4all.ee\/et\/wp-json\/wp\/v2\/media?parent=3393"}],"wp:term":[{"taxonomy":"product_brand","embeddable":true,"href":"https:\/\/www.games4all.ee\/et\/wp-json\/wp\/v2\/product_brand?post=3393"},{"taxonomy":"product_cat","embeddable":true,"href":"https:\/\/www.games4all.ee\/et\/wp-json\/wp\/v2\/product_cat?post=3393"},{"taxonomy":"product_tag","embeddable":true,"href":"https:\/\/www.games4all.ee\/et\/wp-json\/wp\/v2\/product_tag?post=3393"}],"curies":[{"name":"wp","href":"https:\/\/api.w.org\/{rel}","templated":true}]}}