{"id":2361,"date":"2022-09-05T15:54:43","date_gmt":"2022-09-05T13:54:43","guid":{"rendered":"https:\/\/www.games4all.ee\/?post_type=product&#038;p=2361"},"modified":"2023-10-19T08:47:04","modified_gmt":"2023-10-19T06:47:04","slug":"kingdomino-origins","status":"publish","type":"product","link":"https:\/\/www.games4all.ee\/et\/toode\/kingdomino-origins\/","title":{"rendered":"Kingdomino P\u00e4ritolu"},"content":{"rendered":"<p><span style=\"font-weight: 400;\">Lauam\u00e4ngus Kingdomino P\u00e4ritolu peavad m\u00e4ngijad, nagu varemgi, looma oma ainulaadse maastiku, mille territooriumil nad koguvad seeni, p\u00fc\u00fcavad kala ja peavad isegi mammutite jahti ning kaevandavad tulekivi. M\u00e4ngul on mitu re\u017eiimi, millest \u00fches saate mitte ainult osta Cro-Magnoni teenuseid ressursside jaoks, et need aitaksid teil teenida t\u00e4iendavaid boonuspunkte, vaid ka palgata s\u00f5dalasi oma h\u00f5imu kaitsmiseks. Ja m\u00e4ngus kohtate looduskatastroofi purskava vulkaani kujul. Ja iga juhi \u00fclesanne on kaitsta oma maid eba\u00f5nne eest ning muuta need k\u00f5ige rikkamaks ja turvalisemaks.<\/span><\/p>\n<p><span style=\"font-weight: 400;\">Eelajaloolisel ajal aset leidnud perem\u00e4ng, kus m\u00e4ngijad laiendavad oma territooriume, \u00fchendades identsed maad klassikalises doomino skeemis. Kasutades nende pakutavaid ressursse ja kogudes punkte mitmel viisil.<\/span><\/p>\n<p><span style=\"font-weight: 400;\">Tuletame meelde, et ostes meilt m\u00e4ngu \u201c<\/span><span style=\"font-weight: 400;\">Kingdomino P\u00e4ritolu<\/span><span style=\"font-weight: 400;\">\u201d, saate automaatselt meeldivaid boonuseid, n\u00e4iteks:<\/span><\/p>\n<p>\u2013 <span style=\"font-weight: 400;\">Kiire kohaletoimetamine<\/span> <a href=\"https:\/\/www.omniva.ee\/\"><span style=\"font-weight: 400;\">Omniva<\/span><\/a> ja Smartposti <span style=\"font-weight: 400;\">pakiautomaadiga<\/span><\/p>\n<p><span style=\"font-weight: 400;\">&#8211; Kvaliteedi tagamine<\/span><\/p>\n<p><span style=\"font-weight: 400;\">&#8211; Tarne 3-7 t\u00f6\u00f6p\u00e4eva jooksul<\/span><\/p>\n<p><span style=\"font-weight: 400;\">&#8211;<\/span> <a href=\"https:\/\/www.games4all.ee\/terms-of-sales\/\"><span style=\"font-weight: 400;\">V\u00f5imalus<\/span><\/a> <span style=\"font-weight: 400;\">naasta 14 p\u00e4eva jooksul p\u00e4rast k\u00e4ttesaamist<\/span><\/p>\n","protected":false},"excerpt":{"rendered":"<h2><span style=\"font-weight: 400;\">Kingdomino P\u00e4ritolu &#8211; eelajaloolisel ajal aset leidnud perem\u00e4ng, kus m\u00e4ngijad laiendavad oma territooriume, \u00fchendades identsed maad klassikalises doomino skeemis. Kasutades nende pakutavaid ressursse ja kogudes punkte mitmel viisil.<\/span><\/h2>\n<h2><\/h2>\n","protected":false},"featured_media":2349,"comment_status":"open","ping_status":"closed","template":"","meta":{"om_disable_all_campaigns":false,"site-sidebar-layout":"default","site-content-layout":"","ast-site-content-layout":"default","site-content-style":"default","site-sidebar-style":"default","ast-global-header-display":"","ast-banner-title-visibility":"","ast-main-header-display":"","ast-hfb-above-header-display":"","ast-hfb-below-header-display":"","ast-hfb-mobile-header-display":"","site-post-title":"","ast-breadcrumbs-content":"","ast-featured-img":"","footer-sml-layout":"","ast-disable-related-posts":"","theme-transparent-header-meta":"default","adv-header-id-meta":"","stick-header-meta":"","header-above-stick-meta":"","header-main-stick-meta":"","header-below-stick-meta":"","astra-migrate-meta-layouts":"default","ast-page-background-enabled":"default","ast-page-background-meta":{"desktop":{"background-color":"var(--ast-global-color-4)","background-image":"","background-repeat":"repeat","background-position":"center center","background-size":"auto","background-attachment":"scroll","background-type":"","background-media":"","overlay-type":"","overlay-color":"","overlay-opacity":"","overlay-gradient":""},"tablet":{"background-color":"","background-image":"","background-repeat":"repeat","background-position":"center center","background-size":"auto","background-attachment":"scroll","background-type":"","background-media":"","overlay-type":"","overlay-color":"","overlay-opacity":"","overlay-gradient":""},"mobile":{"background-color":"","background-image":"","background-repeat":"repeat","background-position":"center center","background-size":"auto","background-attachment":"scroll","background-type":"","background-media":"","overlay-type":"","overlay-color":"","overlay-opacity":"","overlay-gradient":""}},"ast-content-background-meta":{"desktop":{"background-color":"var(--ast-global-color-5)","background-image":"","background-repeat":"repeat","background-position":"center center","background-size":"auto","background-attachment":"scroll","background-type":"","background-media":"","overlay-type":"","overlay-color":"","overlay-opacity":"","overlay-gradient":""},"tablet":{"background-color":"var(--ast-global-color-5)","background-image":"","background-repeat":"repeat","background-position":"center center","background-size":"auto","background-attachment":"scroll","background-type":"","background-media":"","overlay-type":"","overlay-color":"","overlay-opacity":"","overlay-gradient":""},"mobile":{"background-color":"var(--ast-global-color-5)","background-image":"","background-repeat":"repeat","background-position":"center center","background-size":"auto","background-attachment":"scroll","background-type":"","background-media":"","overlay-type":"","overlay-color":"","overlay-opacity":"","overlay-gradient":""}}},"product_brand":[],"product_cat":[42],"product_tag":[],"class_list":{"0":"post-2361","1":"product","2":"type-product","3":"status-publish","4":"has-post-thumbnail","6":"product_cat-lauamangud","7":"desktop-align-center","8":"tablet-align-left","9":"mobile-align-center","11":"first","12":"instock","13":"purchasable","14":"product-type-simple"},"yoast_head":"<!-- This site is optimized with the Yoast SEO plugin v27.2 - https:\/\/yoast.com\/product\/yoast-seo-wordpress\/ -->\n<title>Kingdomino P\u00e4ritolu | Lauam\u00e4ngud | e-pood Games4all<\/title>\n<meta name=\"description\" content=\"| Hind: 28.99\u20ac | Osta lauam\u00e4ngu Kingdomino P\u00e4ritolu veebipoest. Kiire kohaletoimetamine pakiautomaadiga | Games4all\" \/>\n<meta name=\"robots\" content=\"index, follow, max-snippet:-1, max-image-preview:large, max-video-preview:-1\" \/>\n<link rel=\"canonical\" href=\"https:\/\/www.games4all.ee\/toode\/kingdomino-origins\/\" \/>\n<meta property=\"og:locale\" content=\"et_EE\" \/>\n<meta property=\"og:type\" content=\"article\" \/>\n<meta property=\"og:title\" content=\"Kingdomino P\u00e4ritolu | Lauam\u00e4ngud | e-pood Games4all\" \/>\n<meta property=\"og:description\" content=\"| Hind: 28.99\u20ac | Osta lauam\u00e4ngu Kingdomino P\u00e4ritolu veebipoest. Kiire kohaletoimetamine pakiautomaadiga | Games4all\" \/>\n<meta property=\"og:url\" content=\"https:\/\/www.games4all.ee\/toode\/kingdomino-origins\/\" \/>\n<meta property=\"og:site_name\" content=\"Games4all\" \/>\n<meta property=\"article:publisher\" content=\"https:\/\/www.facebook.com\/Games4All.ee\" \/>\n<meta property=\"article:modified_time\" content=\"2023-10-19T06:47:04+00:00\" \/>\n<meta property=\"og:image\" content=\"https:\/\/www.games4all.ee\/wp-content\/uploads\/2022\/09\/Kingdomino-Origins-main.jpg\" \/>\n\t<meta property=\"og:image:width\" content=\"384\" \/>\n\t<meta property=\"og:image:height\" content=\"384\" \/>\n\t<meta property=\"og:image:type\" content=\"image\/jpeg\" \/>\n<meta name=\"twitter:card\" content=\"summary_large_image\" \/>\n<meta name=\"twitter:label1\" content=\"Est. reading time\" \/>\n\t<meta name=\"twitter:data1\" content=\"1 minut\" \/>\n<script type=\"application\/ld+json\" class=\"yoast-schema-graph\">{\"@context\":\"https:\/\/schema.org\",\"@graph\":[{\"@type\":[\"WebPage\",\"ItemPage\"],\"@id\":\"https:\/\/www.games4all.ee\/toode\/kingdomino-origins\/\",\"url\":\"https:\/\/www.games4all.ee\/toode\/kingdomino-origins\/\",\"name\":\"Kingdomino P\u00e4ritolu | Lauam\u00e4ngud | e-pood Games4all\",\"isPartOf\":{\"@id\":\"https:\/\/www.games4all.ee\/et\/#website\"},\"primaryImageOfPage\":{\"@id\":\"https:\/\/www.games4all.ee\/toode\/kingdomino-origins\/#primaryimage\"},\"image\":{\"@id\":\"https:\/\/www.games4all.ee\/toode\/kingdomino-origins\/#primaryimage\"},\"thumbnailUrl\":\"https:\/\/www.games4all.ee\/wp-content\/uploads\/2022\/09\/Kingdomino-Origins-main.jpg\",\"datePublished\":\"2022-09-05T13:54:43+00:00\",\"dateModified\":\"2023-10-19T06:47:04+00:00\",\"description\":\"| Hind: 28.99\u20ac | Osta lauam\u00e4ngu Kingdomino P\u00e4ritolu veebipoest. Kiire kohaletoimetamine pakiautomaadiga | Games4all\",\"breadcrumb\":{\"@id\":\"https:\/\/www.games4all.ee\/toode\/kingdomino-origins\/#breadcrumb\"},\"inLanguage\":\"et\",\"potentialAction\":[{\"@type\":\"ReadAction\",\"target\":[\"https:\/\/www.games4all.ee\/toode\/kingdomino-origins\/\"]}]},{\"@type\":\"ImageObject\",\"inLanguage\":\"et\",\"@id\":\"https:\/\/www.games4all.ee\/toode\/kingdomino-origins\/#primaryimage\",\"url\":\"https:\/\/www.games4all.ee\/wp-content\/uploads\/2022\/09\/Kingdomino-Origins-main.jpg\",\"contentUrl\":\"https:\/\/www.games4all.ee\/wp-content\/uploads\/2022\/09\/Kingdomino-Origins-main.jpg\",\"width\":384,\"height\":384,\"caption\":\"Kingdomino Origins lauam\u00e4ng Games4all\"},{\"@type\":\"BreadcrumbList\",\"@id\":\"https:\/\/www.games4all.ee\/toode\/kingdomino-origins\/#breadcrumb\",\"itemListElement\":[{\"@type\":\"ListItem\",\"position\":1,\"name\":\"\u0413\u043b\u0430\u0432\u043d\u0430\u044f \u0441\u0442\u0440\u0430\u043d\u0438\u0446\u0430\",\"item\":\"https:\/\/www.games4all.ee\/et\/\"},{\"@type\":\"ListItem\",\"position\":2,\"name\":\"M\u00e4ngude pood\",\"item\":\"https:\/\/www.games4all.ee\/et\/mangude-pood\/\"},{\"@type\":\"ListItem\",\"position\":3,\"name\":\"Kingdomino P\u00e4ritolu\"}]},{\"@type\":\"WebSite\",\"@id\":\"https:\/\/www.games4all.ee\/et\/#website\",\"url\":\"https:\/\/www.games4all.ee\/et\/\",\"name\":\"Games4all\",\"description\":\"Board games and more in Estonia\",\"publisher\":{\"@id\":\"https:\/\/www.games4all.ee\/et\/#organization\"},\"potentialAction\":[{\"@type\":\"SearchAction\",\"target\":{\"@type\":\"EntryPoint\",\"urlTemplate\":\"https:\/\/www.games4all.ee\/et\/?s={search_term_string}\"},\"query-input\":{\"@type\":\"PropertyValueSpecification\",\"valueRequired\":true,\"valueName\":\"search_term_string\"}}],\"inLanguage\":\"et\"},{\"@type\":\"Organization\",\"@id\":\"https:\/\/www.games4all.ee\/et\/#organization\",\"name\":\"Andan Group O\u00dc\",\"url\":\"https:\/\/www.games4all.ee\/et\/\",\"logo\":{\"@type\":\"ImageObject\",\"inLanguage\":\"et\",\"@id\":\"https:\/\/www.games4all.ee\/et\/#\/schema\/logo\/image\/\",\"url\":\"https:\/\/www.games4all.ee\/wp-content\/uploads\/2023\/07\/GAMES4ALL-LOGO-1.png\",\"contentUrl\":\"https:\/\/www.games4all.ee\/wp-content\/uploads\/2023\/07\/GAMES4ALL-LOGO-1.png\",\"width\":500,\"height\":500,\"caption\":\"Andan Group O\u00dc\"},\"image\":{\"@id\":\"https:\/\/www.games4all.ee\/et\/#\/schema\/logo\/image\/\"},\"sameAs\":[\"https:\/\/www.facebook.com\/Games4All.ee\"]}]}<\/script>\n<!-- \/ Yoast SEO plugin. -->","yoast_head_json":{"title":"Kingdomino P\u00e4ritolu | Lauam\u00e4ngud | e-pood Games4all","description":"| Hind: 28.99\u20ac | Osta lauam\u00e4ngu Kingdomino P\u00e4ritolu veebipoest. Kiire kohaletoimetamine pakiautomaadiga | Games4all","robots":{"index":"index","follow":"follow","max-snippet":"max-snippet:-1","max-image-preview":"max-image-preview:large","max-video-preview":"max-video-preview:-1"},"canonical":"https:\/\/www.games4all.ee\/toode\/kingdomino-origins\/","og_locale":"et_EE","og_type":"article","og_title":"Kingdomino P\u00e4ritolu | Lauam\u00e4ngud | e-pood Games4all","og_description":"| Hind: 28.99\u20ac | Osta lauam\u00e4ngu Kingdomino P\u00e4ritolu veebipoest. Kiire kohaletoimetamine pakiautomaadiga | Games4all","og_url":"https:\/\/www.games4all.ee\/toode\/kingdomino-origins\/","og_site_name":"Games4all","article_publisher":"https:\/\/www.facebook.com\/Games4All.ee","article_modified_time":"2023-10-19T06:47:04+00:00","og_image":[{"width":384,"height":384,"url":"https:\/\/www.games4all.ee\/wp-content\/uploads\/2022\/09\/Kingdomino-Origins-main.jpg","type":"image\/jpeg"}],"twitter_card":"summary_large_image","twitter_misc":{"Est. reading time":"1 minut"},"schema":{"@context":"https:\/\/schema.org","@graph":[{"@type":["WebPage","ItemPage"],"@id":"https:\/\/www.games4all.ee\/toode\/kingdomino-origins\/","url":"https:\/\/www.games4all.ee\/toode\/kingdomino-origins\/","name":"Kingdomino P\u00e4ritolu | Lauam\u00e4ngud | e-pood Games4all","isPartOf":{"@id":"https:\/\/www.games4all.ee\/et\/#website"},"primaryImageOfPage":{"@id":"https:\/\/www.games4all.ee\/toode\/kingdomino-origins\/#primaryimage"},"image":{"@id":"https:\/\/www.games4all.ee\/toode\/kingdomino-origins\/#primaryimage"},"thumbnailUrl":"https:\/\/www.games4all.ee\/wp-content\/uploads\/2022\/09\/Kingdomino-Origins-main.jpg","datePublished":"2022-09-05T13:54:43+00:00","dateModified":"2023-10-19T06:47:04+00:00","description":"| Hind: 28.99\u20ac | Osta lauam\u00e4ngu Kingdomino P\u00e4ritolu veebipoest. Kiire kohaletoimetamine pakiautomaadiga | Games4all","breadcrumb":{"@id":"https:\/\/www.games4all.ee\/toode\/kingdomino-origins\/#breadcrumb"},"inLanguage":"et","potentialAction":[{"@type":"ReadAction","target":["https:\/\/www.games4all.ee\/toode\/kingdomino-origins\/"]}]},{"@type":"ImageObject","inLanguage":"et","@id":"https:\/\/www.games4all.ee\/toode\/kingdomino-origins\/#primaryimage","url":"https:\/\/www.games4all.ee\/wp-content\/uploads\/2022\/09\/Kingdomino-Origins-main.jpg","contentUrl":"https:\/\/www.games4all.ee\/wp-content\/uploads\/2022\/09\/Kingdomino-Origins-main.jpg","width":384,"height":384,"caption":"Kingdomino Origins lauam\u00e4ng Games4all"},{"@type":"BreadcrumbList","@id":"https:\/\/www.games4all.ee\/toode\/kingdomino-origins\/#breadcrumb","itemListElement":[{"@type":"ListItem","position":1,"name":"\u0413\u043b\u0430\u0432\u043d\u0430\u044f \u0441\u0442\u0440\u0430\u043d\u0438\u0446\u0430","item":"https:\/\/www.games4all.ee\/et\/"},{"@type":"ListItem","position":2,"name":"M\u00e4ngude pood","item":"https:\/\/www.games4all.ee\/et\/mangude-pood\/"},{"@type":"ListItem","position":3,"name":"Kingdomino P\u00e4ritolu"}]},{"@type":"WebSite","@id":"https:\/\/www.games4all.ee\/et\/#website","url":"https:\/\/www.games4all.ee\/et\/","name":"Games4all","description":"Board games and more in Estonia","publisher":{"@id":"https:\/\/www.games4all.ee\/et\/#organization"},"potentialAction":[{"@type":"SearchAction","target":{"@type":"EntryPoint","urlTemplate":"https:\/\/www.games4all.ee\/et\/?s={search_term_string}"},"query-input":{"@type":"PropertyValueSpecification","valueRequired":true,"valueName":"search_term_string"}}],"inLanguage":"et"},{"@type":"Organization","@id":"https:\/\/www.games4all.ee\/et\/#organization","name":"Andan Group O\u00dc","url":"https:\/\/www.games4all.ee\/et\/","logo":{"@type":"ImageObject","inLanguage":"et","@id":"https:\/\/www.games4all.ee\/et\/#\/schema\/logo\/image\/","url":"https:\/\/www.games4all.ee\/wp-content\/uploads\/2023\/07\/GAMES4ALL-LOGO-1.png","contentUrl":"https:\/\/www.games4all.ee\/wp-content\/uploads\/2023\/07\/GAMES4ALL-LOGO-1.png","width":500,"height":500,"caption":"Andan Group O\u00dc"},"image":{"@id":"https:\/\/www.games4all.ee\/et\/#\/schema\/logo\/image\/"},"sameAs":["https:\/\/www.facebook.com\/Games4All.ee"]}]}},"_links":{"self":[{"href":"https:\/\/www.games4all.ee\/et\/wp-json\/wp\/v2\/product\/2361","targetHints":{"allow":["GET"]}}],"collection":[{"href":"https:\/\/www.games4all.ee\/et\/wp-json\/wp\/v2\/product"}],"about":[{"href":"https:\/\/www.games4all.ee\/et\/wp-json\/wp\/v2\/types\/product"}],"replies":[{"embeddable":true,"href":"https:\/\/www.games4all.ee\/et\/wp-json\/wp\/v2\/comments?post=2361"}],"wp:featuredmedia":[{"embeddable":true,"href":"https:\/\/www.games4all.ee\/et\/wp-json\/wp\/v2\/media\/2349"}],"wp:attachment":[{"href":"https:\/\/www.games4all.ee\/et\/wp-json\/wp\/v2\/media?parent=2361"}],"wp:term":[{"taxonomy":"product_brand","embeddable":true,"href":"https:\/\/www.games4all.ee\/et\/wp-json\/wp\/v2\/product_brand?post=2361"},{"taxonomy":"product_cat","embeddable":true,"href":"https:\/\/www.games4all.ee\/et\/wp-json\/wp\/v2\/product_cat?post=2361"},{"taxonomy":"product_tag","embeddable":true,"href":"https:\/\/www.games4all.ee\/et\/wp-json\/wp\/v2\/product_tag?post=2361"}],"curies":[{"name":"wp","href":"https:\/\/api.w.org\/{rel}","templated":true}]}}