{"id":2326,"date":"2022-09-04T10:05:54","date_gmt":"2022-09-04T08:05:54","guid":{"rendered":"https:\/\/www.games4all.ee\/?post_type=product&#038;p=2326"},"modified":"2026-01-01T00:04:27","modified_gmt":"2025-12-31T22:04:27","slug":"catan-5-6-mangijat","status":"publish","type":"product","link":"https:\/\/www.games4all.ee\/et\/toode\/catan-5-6-mangijat\/","title":{"rendered":"Catan 5-6 m\u00e4ngijat"},"content":{"rendered":"<p><span style=\"font-weight: 400;\">&#8220;Catan&#8221; on \u00fcks populaarsemaid lauam\u00e4nge maailmas. Selle laiendusega \u2013 Catan 5-6 m\u00e4ngijat \u2013 saate arendada Catani saare viljakaid maid, kaubelda, leida asulaid ja linnu, ehitada teid ja v\u00f5idelda r\u00f6\u00f6vlite vastu viie v\u00f5i isegi kuuega! T\u00e4iendavad maastikukuusikud muudavad saare suurenenud m\u00e4ngijate arvu jaoks. Ja piisavalt avaraks ning uus ehitusetapp v\u00f5imaldab ehitada hooneid ja osta arenduskaarte ilma oma j\u00e4rjekorda ootamata. <\/span><\/p>\n<p><span style=\"font-weight: 400;\">T\u00e4helepanu! See on t\u00e4iendus. M\u00e4ngimiseks vajate &#8220;Catani&#8221; p\u00f5hiversiooni.<\/span><\/p>\n<p><span style=\"font-weight: 400;\">Tuletame meelde, et ostes meilt m\u00e4ngu &#8220;Catan 5-6 m\u00e4ngijat&#8221;, saate automaatselt meeldivaid boonuseid, n\u00e4iteks:<\/span><\/p>\n<p><span style=\"font-weight: 400;\">&#8211; Tasuta kohaletoimetamine<\/span> <a href=\"https:\/\/www.omniva.ee\/\"><span style=\"font-weight: 400;\">Omniva<\/span><\/a> <span style=\"font-weight: 400;\">pakiautomaadiga<\/span><\/p>\n<p><span style=\"font-weight: 400;\">&#8211; Kvaliteedi tagamine<\/span><\/p>\n<p><span style=\"font-weight: 400;\">&#8211; Tarne 3-7 t\u00f6\u00f6p\u00e4eva jooksul<\/span><\/p>\n<p><span style=\"font-weight: 400;\">&#8211;<\/span> <a href=\"https:\/\/www.games4all.ee\/terms-of-sales\/\"><span style=\"font-weight: 400;\">V\u00f5imalus<\/span><\/a> <span style=\"font-weight: 400;\">naasta 14 p\u00e4eva jooksul p\u00e4rast k\u00e4ttesaamist<\/span><\/p>\n","protected":false},"excerpt":{"rendered":"<h2><span style=\"font-weight: 400;\">Selle laiendusega \u2013 Catan 5-6 inimeste lisamine \u2013 saate arendada Catani saare viljakaid maid, kaubelda, leida asulaid ja linnu, ehitada teid ja v\u00f5idelda r\u00f6\u00f6vlite vastu viie v\u00f5i isegi kuuega! <\/span><\/h2>\n<h2><span style=\"font-weight: 400;\">T\u00e4helepanu! See on t\u00e4iendus. M\u00e4ngimiseks vajate &#8220;Catani&#8221; p\u00f5hiversiooni.<\/span><\/h2>\n","protected":false},"featured_media":2323,"comment_status":"open","ping_status":"closed","template":"","meta":{"om_disable_all_campaigns":false,"site-sidebar-layout":"default","site-content-layout":"","ast-site-content-layout":"default","site-content-style":"default","site-sidebar-style":"default","ast-global-header-display":"","ast-banner-title-visibility":"","ast-main-header-display":"","ast-hfb-above-header-display":"","ast-hfb-below-header-display":"","ast-hfb-mobile-header-display":"","site-post-title":"","ast-breadcrumbs-content":"","ast-featured-img":"","footer-sml-layout":"","ast-disable-related-posts":"","theme-transparent-header-meta":"default","adv-header-id-meta":"","stick-header-meta":"","header-above-stick-meta":"","header-main-stick-meta":"","header-below-stick-meta":"","astra-migrate-meta-layouts":"default","ast-page-background-enabled":"default","ast-page-background-meta":{"desktop":{"background-color":"var(--ast-global-color-4)","background-image":"","background-repeat":"repeat","background-position":"center center","background-size":"auto","background-attachment":"scroll","background-type":"","background-media":"","overlay-type":"","overlay-color":"","overlay-opacity":"","overlay-gradient":""},"tablet":{"background-color":"","background-image":"","background-repeat":"repeat","background-position":"center center","background-size":"auto","background-attachment":"scroll","background-type":"","background-media":"","overlay-type":"","overlay-color":"","overlay-opacity":"","overlay-gradient":""},"mobile":{"background-color":"","background-image":"","background-repeat":"repeat","background-position":"center center","background-size":"auto","background-attachment":"scroll","background-type":"","background-media":"","overlay-type":"","overlay-color":"","overlay-opacity":"","overlay-gradient":""}},"ast-content-background-meta":{"desktop":{"background-color":"var(--ast-global-color-5)","background-image":"","background-repeat":"repeat","background-position":"center center","background-size":"auto","background-attachment":"scroll","background-type":"","background-media":"","overlay-type":"","overlay-color":"","overlay-opacity":"","overlay-gradient":""},"tablet":{"background-color":"var(--ast-global-color-5)","background-image":"","background-repeat":"repeat","background-position":"center center","background-size":"auto","background-attachment":"scroll","background-type":"","background-media":"","overlay-type":"","overlay-color":"","overlay-opacity":"","overlay-gradient":""},"mobile":{"background-color":"var(--ast-global-color-5)","background-image":"","background-repeat":"repeat","background-position":"center center","background-size":"auto","background-attachment":"scroll","background-type":"","background-media":"","overlay-type":"","overlay-color":"","overlay-opacity":"","overlay-gradient":""}}},"product_brand":[],"product_cat":[42],"product_tag":[],"class_list":{"0":"post-2326","1":"product","2":"type-product","3":"status-publish","4":"has-post-thumbnail","6":"product_cat-lauamangud","7":"desktop-align-center","8":"tablet-align-left","9":"mobile-align-center","11":"first","12":"instock","13":"purchasable","14":"product-type-simple"},"yoast_head":"<!-- This site is optimized with the Yoast SEO plugin v27.2 - https:\/\/yoast.com\/product\/yoast-seo-wordpress\/ -->\n<title>Catan 5-6 m\u00e4ngijat | Lauam\u00e4ng | Games4all e-pood<\/title>\n<meta name=\"description\" content=\"| Hind: 27.99\u20ac | Osta lauam\u00e4ngu Catan 5-6 m\u00e4ngijat veebipoest Games4all | Kohaletoimetamine Omniva pakiautomaadiga on TASUTA!\" \/>\n<meta name=\"robots\" content=\"index, follow, max-snippet:-1, max-image-preview:large, max-video-preview:-1\" \/>\n<link rel=\"canonical\" href=\"https:\/\/www.games4all.ee\/?post_type=product&p=2320\" \/>\n<meta property=\"og:locale\" content=\"et_EE\" \/>\n<meta property=\"og:type\" content=\"article\" \/>\n<meta property=\"og:title\" content=\"Catan 5-6 m\u00e4ngijat | Lauam\u00e4ng | Games4all e-pood\" \/>\n<meta property=\"og:description\" content=\"| Hind: 27.99\u20ac | Osta lauam\u00e4ngu Catan 5-6 m\u00e4ngijat veebipoest Games4all | Kohaletoimetamine Omniva pakiautomaadiga on TASUTA!\" \/>\n<meta property=\"og:url\" content=\"https:\/\/www.games4all.ee\/?post_type=product&amp;p=2320\" \/>\n<meta property=\"og:site_name\" content=\"Games4all\" \/>\n<meta property=\"article:publisher\" content=\"https:\/\/www.facebook.com\/Games4All.ee\" \/>\n<meta property=\"article:modified_time\" content=\"2025-12-31T22:04:27+00:00\" \/>\n<meta property=\"og:image\" content=\"https:\/\/www.games4all.ee\/wp-content\/uploads\/2022\/09\/catan_5-6_players_add-on_games4all.ee_2-e1662208627379.jpg\" \/>\n\t<meta property=\"og:image:width\" content=\"750\" \/>\n\t<meta property=\"og:image:height\" content=\"500\" \/>\n\t<meta property=\"og:image:type\" content=\"image\/jpeg\" \/>\n<meta name=\"twitter:card\" content=\"summary_large_image\" \/>\n<meta name=\"twitter:label1\" content=\"Est. reading time\" \/>\n\t<meta name=\"twitter:data1\" content=\"1 minut\" \/>\n<script type=\"application\/ld+json\" class=\"yoast-schema-graph\">{\"@context\":\"https:\/\/schema.org\",\"@graph\":[{\"@type\":[\"WebPage\",\"ItemPage\"],\"@id\":\"https:\/\/www.games4all.ee\/?post_type=product&p=2320\",\"url\":\"https:\/\/www.games4all.ee\/?post_type=product&p=2320\",\"name\":\"Catan 5-6 m\u00e4ngijat | Lauam\u00e4ng | Games4all e-pood\",\"isPartOf\":{\"@id\":\"https:\/\/www.games4all.ee\/et\/#website\"},\"primaryImageOfPage\":{\"@id\":\"https:\/\/www.games4all.ee\/?post_type=product&p=2320#primaryimage\"},\"image\":{\"@id\":\"https:\/\/www.games4all.ee\/?post_type=product&p=2320#primaryimage\"},\"thumbnailUrl\":\"https:\/\/www.games4all.ee\/wp-content\/uploads\/2022\/09\/catan_5-6_players_add-on_games4all.ee_2-e1662208627379.jpg\",\"datePublished\":\"2022-09-04T08:05:54+00:00\",\"dateModified\":\"2025-12-31T22:04:27+00:00\",\"description\":\"| Hind: 27.99\u20ac | Osta lauam\u00e4ngu Catan 5-6 m\u00e4ngijat veebipoest Games4all | Kohaletoimetamine Omniva pakiautomaadiga on TASUTA!\",\"breadcrumb\":{\"@id\":\"https:\/\/www.games4all.ee\/?post_type=product&p=2320#breadcrumb\"},\"inLanguage\":\"et\",\"potentialAction\":[{\"@type\":\"ReadAction\",\"target\":[\"https:\/\/www.games4all.ee\/?post_type=product&p=2320\"]}]},{\"@type\":\"ImageObject\",\"inLanguage\":\"et\",\"@id\":\"https:\/\/www.games4all.ee\/?post_type=product&p=2320#primaryimage\",\"url\":\"https:\/\/www.games4all.ee\/wp-content\/uploads\/2022\/09\/catan_5-6_players_add-on_games4all.ee_2-e1662208627379.jpg\",\"contentUrl\":\"https:\/\/www.games4all.ee\/wp-content\/uploads\/2022\/09\/catan_5-6_players_add-on_games4all.ee_2-e1662208627379.jpg\",\"width\":750,\"height\":500,\"caption\":\"Catan 5-6 m\u00e4ngijat lisamine Games4all\"},{\"@type\":\"BreadcrumbList\",\"@id\":\"https:\/\/www.games4all.ee\/?post_type=product&p=2320#breadcrumb\",\"itemListElement\":[{\"@type\":\"ListItem\",\"position\":1,\"name\":\"\u0413\u043b\u0430\u0432\u043d\u0430\u044f \u0441\u0442\u0440\u0430\u043d\u0438\u0446\u0430\",\"item\":\"https:\/\/www.games4all.ee\/et\/\"},{\"@type\":\"ListItem\",\"position\":2,\"name\":\"M\u00e4ngude pood\",\"item\":\"https:\/\/www.games4all.ee\/et\/mangude-pood\/\"},{\"@type\":\"ListItem\",\"position\":3,\"name\":\"Private: Catan 5-6 m\u00e4ngijat\"}]},{\"@type\":\"WebSite\",\"@id\":\"https:\/\/www.games4all.ee\/et\/#website\",\"url\":\"https:\/\/www.games4all.ee\/et\/\",\"name\":\"Games4all\",\"description\":\"Board games and more in Estonia\",\"publisher\":{\"@id\":\"https:\/\/www.games4all.ee\/et\/#organization\"},\"potentialAction\":[{\"@type\":\"SearchAction\",\"target\":{\"@type\":\"EntryPoint\",\"urlTemplate\":\"https:\/\/www.games4all.ee\/et\/?s={search_term_string}\"},\"query-input\":{\"@type\":\"PropertyValueSpecification\",\"valueRequired\":true,\"valueName\":\"search_term_string\"}}],\"inLanguage\":\"et\"},{\"@type\":\"Organization\",\"@id\":\"https:\/\/www.games4all.ee\/et\/#organization\",\"name\":\"Andan Group O\u00dc\",\"url\":\"https:\/\/www.games4all.ee\/et\/\",\"logo\":{\"@type\":\"ImageObject\",\"inLanguage\":\"et\",\"@id\":\"https:\/\/www.games4all.ee\/et\/#\/schema\/logo\/image\/\",\"url\":\"https:\/\/www.games4all.ee\/wp-content\/uploads\/2023\/07\/GAMES4ALL-LOGO-1.png\",\"contentUrl\":\"https:\/\/www.games4all.ee\/wp-content\/uploads\/2023\/07\/GAMES4ALL-LOGO-1.png\",\"width\":500,\"height\":500,\"caption\":\"Andan Group O\u00dc\"},\"image\":{\"@id\":\"https:\/\/www.games4all.ee\/et\/#\/schema\/logo\/image\/\"},\"sameAs\":[\"https:\/\/www.facebook.com\/Games4All.ee\"]}]}<\/script>\n<!-- \/ Yoast SEO plugin. -->","yoast_head_json":{"title":"Catan 5-6 m\u00e4ngijat | Lauam\u00e4ng | Games4all e-pood","description":"| Hind: 27.99\u20ac | Osta lauam\u00e4ngu Catan 5-6 m\u00e4ngijat veebipoest Games4all | Kohaletoimetamine Omniva pakiautomaadiga on TASUTA!","robots":{"index":"index","follow":"follow","max-snippet":"max-snippet:-1","max-image-preview":"max-image-preview:large","max-video-preview":"max-video-preview:-1"},"canonical":"https:\/\/www.games4all.ee\/?post_type=product&p=2320","og_locale":"et_EE","og_type":"article","og_title":"Catan 5-6 m\u00e4ngijat | Lauam\u00e4ng | Games4all e-pood","og_description":"| Hind: 27.99\u20ac | Osta lauam\u00e4ngu Catan 5-6 m\u00e4ngijat veebipoest Games4all | Kohaletoimetamine Omniva pakiautomaadiga on TASUTA!","og_url":"https:\/\/www.games4all.ee\/?post_type=product&p=2320","og_site_name":"Games4all","article_publisher":"https:\/\/www.facebook.com\/Games4All.ee","article_modified_time":"2025-12-31T22:04:27+00:00","og_image":[{"width":750,"height":500,"url":"https:\/\/www.games4all.ee\/wp-content\/uploads\/2022\/09\/catan_5-6_players_add-on_games4all.ee_2-e1662208627379.jpg","type":"image\/jpeg"}],"twitter_card":"summary_large_image","twitter_misc":{"Est. reading time":"1 minut"},"schema":{"@context":"https:\/\/schema.org","@graph":[{"@type":["WebPage","ItemPage"],"@id":"https:\/\/www.games4all.ee\/?post_type=product&p=2320","url":"https:\/\/www.games4all.ee\/?post_type=product&p=2320","name":"Catan 5-6 m\u00e4ngijat | Lauam\u00e4ng | Games4all e-pood","isPartOf":{"@id":"https:\/\/www.games4all.ee\/et\/#website"},"primaryImageOfPage":{"@id":"https:\/\/www.games4all.ee\/?post_type=product&p=2320#primaryimage"},"image":{"@id":"https:\/\/www.games4all.ee\/?post_type=product&p=2320#primaryimage"},"thumbnailUrl":"https:\/\/www.games4all.ee\/wp-content\/uploads\/2022\/09\/catan_5-6_players_add-on_games4all.ee_2-e1662208627379.jpg","datePublished":"2022-09-04T08:05:54+00:00","dateModified":"2025-12-31T22:04:27+00:00","description":"| Hind: 27.99\u20ac | Osta lauam\u00e4ngu Catan 5-6 m\u00e4ngijat veebipoest Games4all | Kohaletoimetamine Omniva pakiautomaadiga on TASUTA!","breadcrumb":{"@id":"https:\/\/www.games4all.ee\/?post_type=product&p=2320#breadcrumb"},"inLanguage":"et","potentialAction":[{"@type":"ReadAction","target":["https:\/\/www.games4all.ee\/?post_type=product&p=2320"]}]},{"@type":"ImageObject","inLanguage":"et","@id":"https:\/\/www.games4all.ee\/?post_type=product&p=2320#primaryimage","url":"https:\/\/www.games4all.ee\/wp-content\/uploads\/2022\/09\/catan_5-6_players_add-on_games4all.ee_2-e1662208627379.jpg","contentUrl":"https:\/\/www.games4all.ee\/wp-content\/uploads\/2022\/09\/catan_5-6_players_add-on_games4all.ee_2-e1662208627379.jpg","width":750,"height":500,"caption":"Catan 5-6 m\u00e4ngijat lisamine Games4all"},{"@type":"BreadcrumbList","@id":"https:\/\/www.games4all.ee\/?post_type=product&p=2320#breadcrumb","itemListElement":[{"@type":"ListItem","position":1,"name":"\u0413\u043b\u0430\u0432\u043d\u0430\u044f \u0441\u0442\u0440\u0430\u043d\u0438\u0446\u0430","item":"https:\/\/www.games4all.ee\/et\/"},{"@type":"ListItem","position":2,"name":"M\u00e4ngude pood","item":"https:\/\/www.games4all.ee\/et\/mangude-pood\/"},{"@type":"ListItem","position":3,"name":"Private: Catan 5-6 m\u00e4ngijat"}]},{"@type":"WebSite","@id":"https:\/\/www.games4all.ee\/et\/#website","url":"https:\/\/www.games4all.ee\/et\/","name":"Games4all","description":"Board games and more in Estonia","publisher":{"@id":"https:\/\/www.games4all.ee\/et\/#organization"},"potentialAction":[{"@type":"SearchAction","target":{"@type":"EntryPoint","urlTemplate":"https:\/\/www.games4all.ee\/et\/?s={search_term_string}"},"query-input":{"@type":"PropertyValueSpecification","valueRequired":true,"valueName":"search_term_string"}}],"inLanguage":"et"},{"@type":"Organization","@id":"https:\/\/www.games4all.ee\/et\/#organization","name":"Andan Group O\u00dc","url":"https:\/\/www.games4all.ee\/et\/","logo":{"@type":"ImageObject","inLanguage":"et","@id":"https:\/\/www.games4all.ee\/et\/#\/schema\/logo\/image\/","url":"https:\/\/www.games4all.ee\/wp-content\/uploads\/2023\/07\/GAMES4ALL-LOGO-1.png","contentUrl":"https:\/\/www.games4all.ee\/wp-content\/uploads\/2023\/07\/GAMES4ALL-LOGO-1.png","width":500,"height":500,"caption":"Andan Group O\u00dc"},"image":{"@id":"https:\/\/www.games4all.ee\/et\/#\/schema\/logo\/image\/"},"sameAs":["https:\/\/www.facebook.com\/Games4All.ee"]}]}},"_links":{"self":[{"href":"https:\/\/www.games4all.ee\/et\/wp-json\/wp\/v2\/product\/2326","targetHints":{"allow":["GET"]}}],"collection":[{"href":"https:\/\/www.games4all.ee\/et\/wp-json\/wp\/v2\/product"}],"about":[{"href":"https:\/\/www.games4all.ee\/et\/wp-json\/wp\/v2\/types\/product"}],"replies":[{"embeddable":true,"href":"https:\/\/www.games4all.ee\/et\/wp-json\/wp\/v2\/comments?post=2326"}],"wp:featuredmedia":[{"embeddable":true,"href":"https:\/\/www.games4all.ee\/et\/wp-json\/wp\/v2\/media\/2323"}],"wp:attachment":[{"href":"https:\/\/www.games4all.ee\/et\/wp-json\/wp\/v2\/media?parent=2326"}],"wp:term":[{"taxonomy":"product_brand","embeddable":true,"href":"https:\/\/www.games4all.ee\/et\/wp-json\/wp\/v2\/product_brand?post=2326"},{"taxonomy":"product_cat","embeddable":true,"href":"https:\/\/www.games4all.ee\/et\/wp-json\/wp\/v2\/product_cat?post=2326"},{"taxonomy":"product_tag","embeddable":true,"href":"https:\/\/www.games4all.ee\/et\/wp-json\/wp\/v2\/product_tag?post=2326"}],"curies":[{"name":"wp","href":"https:\/\/api.w.org\/{rel}","templated":true}]}}