{"id":2231,"date":"2021-09-22T13:41:58","date_gmt":"2021-10-27T22:00:31","guid":{"rendered":"https:\/\/www.games4all.ee\/product\/scottie-go-laburint\/"},"modified":"2023-10-19T08:50:48","modified_gmt":"2023-10-19T06:50:48","slug":"scottie-go-labyrinth","status":"publish","type":"product","link":"https:\/\/www.games4all.ee\/et\/toode\/scottie-go-labyrinth\/","title":{"rendered":"Scottie Go Lab\u00fcrint"},"content":{"rendered":"<h3>Kuidas m\u00e4ngida Scottie Go Labyrinthi? Siin on l\u00fchike video\u00f5petus selle kohta, kuidas m\u00e4ngida ja programmeerimist \u00f5ppida!<\/h3>\n<div class=\"ast-oembed-container \" style=\"height: 100%;\"><iframe loading=\"lazy\" title=\"HOW TO PLAY SCOTTIE GO! - INSTRUCTION\" width=\"500\" height=\"281\" src=\"https:\/\/www.youtube.com\/embed\/_hTAmUJttjU?feature=oembed\" frameborder=\"0\" allow=\"accelerometer; autoplay; clipboard-write; encrypted-media; gyroscope; picture-in-picture; web-share\" referrerpolicy=\"strict-origin-when-cross-origin\" allowfullscreen><\/iframe><\/div>\n<p>Scottie Go! tooted on uuenduslike ja ainulaadsete \u00f5ppem\u00e4ngude seeria interaktiivse programmeerimiskursusega.<br \/>\n<strong>M\u00e4ngud<\/strong> p\u00f5hinevad teedrajaval ideel kasutada koos interaktiivset mobiilirakendust ja f\u00fc\u00fcsilisi lauam\u00e4nguplaate.<\/p>\n<p>NB! M\u00e4ngimiseks tuleb rakendus oma telefoni v\u00f5i tahvelarvutisse alla laadida <a href=\"https:\/\/apps.apple.com\/us\/app\/scottie-go-labyrinth\/id1443821460\">AppStore\u2019ist (IOS)<\/a> V\u00d5I <a href=\"https:\/\/play.google.com\/store\/apps\/details?id=com.becreo.scottiegolab&amp;hl=ru&amp;gl=US\">PlayMarketist (Android)<\/a><\/p>\n<p><strong>Scottie Go! Lab\u00fcrint<\/strong> \u2013 uued seiklused avakosmoses. See versioon keskendub loogikale probleeme ja m\u00f5istatusi.<br \/>\nScottie Go! Lab\u00fcrindi lauam\u00e4ng sisaldab 52 taset uute ja erinevate objektidega laud (sealhulgas lipud ja teleportid), et esitada v\u00e4ljakutse isegi kogenud m\u00e4ngijatele. Komplektis on 57 paani, mille abil saate kodeerida.<\/p>\n<p>Oma kosmosereisi ajal peab Scottie maanduma tundmatule asteroidile. M\u00e4ngijad aitavad tal leida kosmoselaeva k\u00e4ivitamiseks kristalle ja lasta tal seda teha oma teekonda j\u00e4tkata. M\u00e4ngijad avastavad uusi programmeerimiskontseptsioone \u00fcha raskemate \u00fclesannete lahendamine.<\/p>\n<p>52 \u00fclesannet ja loogilist \u00fclesannet, mis pakuvad v\u00e4ljakutseid isegi kogenud Scottie Go jaoks! m\u00e4ngurid. Scottie k\u00e4ike saab programmeerida pappplaatidega, mis \u00fchendavad omavahel nagu pusle. Ta t\u00e4idab m\u00e4ngulaual olevaid juhiseid, m\u00e4ngijad saavad need kinnitada, kasutades tasuta Scottie Go! Lab\u00fcrindi rakendus.<\/p>\n<p>M\u00e4ngijate arv: 1+<br \/>\nVanus: 6+<br \/>\nM\u00e4ngu keel: inglise keel<br \/>\nRakenduse keel: inglise keel, rakenduse v\u00e4rskendustega lisatakse rohkem<\/p>\n<p>Tuletame meelde, et ostes meilt m\u00e4ngu &#8220;<strong>Scottie Go! Lab\u00fcrint<\/strong>&#8220;, saate automaatselt meeldivaid boonuseid, n\u00e4iteks:<\/p>\n<p>&#8211; Fast delivery by <a href=\"https:\/\/www.omniva.ee\/\">Omniva<\/a> parcel machine<br \/>\n&#8211; Tarne 3-7 t\u00f6\u00f6p\u00e4eva jooksul.<br \/>\n&#8211; Kvaliteedi tagamine<br \/>\n&#8211; <a href=\"https:\/\/www.games4all.ee\/terms-of-sales\/\">V\u00f5imalus<\/a> naasta 14 p\u00e4eva jooksul p\u00e4rast k\u00e4ttesaamist<\/p>\n","protected":false},"excerpt":{"rendered":"<h2>Scottie Go! &#8211; interaktiivse programmeerimiskursusega \u00f5ppem\u00e4ngude sari.<\/h2>\n<h2>NB! M\u00e4ngimiseks vajate rakendust <a href=\"https:\/\/apps.apple.com\/us\/app\/scottie-go-labyrinth\/id1443821460\">AppStore (IOS)<\/a> V\u00d5I <a href=\"https:\/\/play.google.com\/store\/apps\/details?id=com.becreo.scottiegolab&amp;hl=ru&amp;gl=US\">PlayMarket (Android)<\/a><\/h2>\n<h2>Scottie Go! Lab\u00fcrint \u2013 uued seiklused avakosmoses. See versioon keskendub loogikale probleeme ja m\u00f5istatusi.<\/h2>\n","protected":false},"featured_media":2219,"comment_status":"open","ping_status":"closed","template":"","meta":{"om_disable_all_campaigns":false,"site-sidebar-layout":"default","site-content-layout":"","ast-site-content-layout":"default","site-content-style":"default","site-sidebar-style":"default","ast-global-header-display":"","ast-banner-title-visibility":"","ast-main-header-display":"","ast-hfb-above-header-display":"","ast-hfb-below-header-display":"","ast-hfb-mobile-header-display":"","site-post-title":"","ast-breadcrumbs-content":"","ast-featured-img":"","footer-sml-layout":"","ast-disable-related-posts":"","theme-transparent-header-meta":"default","adv-header-id-meta":"","stick-header-meta":"","header-above-stick-meta":"","header-main-stick-meta":"","header-below-stick-meta":"","astra-migrate-meta-layouts":"set","ast-page-background-enabled":"default","ast-page-background-meta":{"desktop":{"background-color":"var(--ast-global-color-4)","background-image":"","background-repeat":"repeat","background-position":"center center","background-size":"auto","background-attachment":"scroll","background-type":"","background-media":"","overlay-type":"","overlay-color":"","overlay-opacity":"","overlay-gradient":""},"tablet":{"background-color":"","background-image":"","background-repeat":"repeat","background-position":"center center","background-size":"auto","background-attachment":"scroll","background-type":"","background-media":"","overlay-type":"","overlay-color":"","overlay-opacity":"","overlay-gradient":""},"mobile":{"background-color":"","background-image":"","background-repeat":"repeat","background-position":"center center","background-size":"auto","background-attachment":"scroll","background-type":"","background-media":"","overlay-type":"","overlay-color":"","overlay-opacity":"","overlay-gradient":""}},"ast-content-background-meta":{"desktop":{"background-color":"var(--ast-global-color-5)","background-image":"","background-repeat":"repeat","background-position":"center center","background-size":"auto","background-attachment":"scroll","background-type":"","background-media":"","overlay-type":"","overlay-color":"","overlay-opacity":"","overlay-gradient":""},"tablet":{"background-color":"var(--ast-global-color-5)","background-image":"","background-repeat":"repeat","background-position":"center center","background-size":"auto","background-attachment":"scroll","background-type":"","background-media":"","overlay-type":"","overlay-color":"","overlay-opacity":"","overlay-gradient":""},"mobile":{"background-color":"var(--ast-global-color-5)","background-image":"","background-repeat":"repeat","background-position":"center center","background-size":"auto","background-attachment":"scroll","background-type":"","background-media":"","overlay-type":"","overlay-color":"","overlay-opacity":"","overlay-gradient":""}}},"product_brand":[],"product_cat":[135,42,136],"product_tag":[],"class_list":{"0":"post-2231","1":"product","2":"type-product","3":"status-publish","4":"has-post-thumbnail","6":"product_cat-harivad-mangud","7":"product_cat-lauamangud","8":"product_cat-mangud-lastele-vanuses-6","9":"desktop-align-center","10":"tablet-align-left","11":"mobile-align-center","13":"first","14":"instock","15":"sale","16":"purchasable","17":"product-type-simple"},"yoast_head":"<!-- This site is optimized with the Yoast SEO plugin v27.2 - https:\/\/yoast.com\/product\/yoast-seo-wordpress\/ -->\n<title>Scottie Go Lab\u00fcrint | Harivad m\u00e4ngud | Games4all - parim lastele<\/title>\n<meta name=\"description\" content=\"| Hind: 39.9\u20ac | Telli lauam\u00e4ngude poest Scottie Go Labyrinth Games4all | Kiire kohaletoimetamine Omniva pakiautomaadiga!\" \/>\n<meta name=\"robots\" content=\"index, follow, max-snippet:-1, max-image-preview:large, max-video-preview:-1\" \/>\n<link rel=\"canonical\" href=\"https:\/\/www.games4all.ee\/toode\/scottie-go-labyrinth\/\" \/>\n<meta property=\"og:locale\" content=\"et_EE\" \/>\n<meta property=\"og:type\" content=\"article\" \/>\n<meta property=\"og:title\" content=\"Scottie Go Lab\u00fcrint | Harivad m\u00e4ngud | Games4all - parim lastele\" \/>\n<meta property=\"og:description\" content=\"| Hind: 39.9\u20ac | Telli lauam\u00e4ngude poest Scottie Go Labyrinth Games4all | Kiire kohaletoimetamine Omniva pakiautomaadiga!\" \/>\n<meta property=\"og:url\" content=\"https:\/\/www.games4all.ee\/toode\/scottie-go-labyrinth\/\" \/>\n<meta property=\"og:site_name\" content=\"Games4all\" \/>\n<meta property=\"article:publisher\" content=\"https:\/\/www.facebook.com\/Games4All.ee\" \/>\n<meta property=\"article:modified_time\" content=\"2023-10-19T06:50:48+00:00\" \/>\n<meta property=\"og:image\" content=\"https:\/\/www.games4all.ee\/wp-content\/uploads\/2021\/09\/EN_0006_WEB-small.jpg\" \/>\n\t<meta property=\"og:image:width\" content=\"981\" \/>\n\t<meta property=\"og:image:height\" content=\"1357\" \/>\n\t<meta property=\"og:image:type\" content=\"image\/jpeg\" \/>\n<meta name=\"twitter:card\" content=\"summary_large_image\" \/>\n<meta name=\"twitter:label1\" content=\"Est. reading time\" \/>\n\t<meta name=\"twitter:data1\" content=\"1 minut\" \/>\n<script type=\"application\/ld+json\" class=\"yoast-schema-graph\">{\"@context\":\"https:\/\/schema.org\",\"@graph\":[{\"@type\":[\"WebPage\",\"ItemPage\"],\"@id\":\"https:\/\/www.games4all.ee\/toode\/scottie-go-labyrinth\/\",\"url\":\"https:\/\/www.games4all.ee\/toode\/scottie-go-labyrinth\/\",\"name\":\"Scottie Go Lab\u00fcrint | Harivad m\u00e4ngud | Games4all - parim lastele\",\"isPartOf\":{\"@id\":\"https:\/\/www.games4all.ee\/et\/#website\"},\"primaryImageOfPage\":{\"@id\":\"https:\/\/www.games4all.ee\/toode\/scottie-go-labyrinth\/#primaryimage\"},\"image\":{\"@id\":\"https:\/\/www.games4all.ee\/toode\/scottie-go-labyrinth\/#primaryimage\"},\"thumbnailUrl\":\"https:\/\/www.games4all.ee\/wp-content\/uploads\/2021\/09\/EN_0006_WEB-small.jpg\",\"datePublished\":\"2021-10-27T22:00:31+00:00\",\"dateModified\":\"2023-10-19T06:50:48+00:00\",\"description\":\"| Hind: 39.9\u20ac | Telli lauam\u00e4ngude poest Scottie Go Labyrinth Games4all | Kiire kohaletoimetamine Omniva pakiautomaadiga!\",\"breadcrumb\":{\"@id\":\"https:\/\/www.games4all.ee\/toode\/scottie-go-labyrinth\/#breadcrumb\"},\"inLanguage\":\"et\",\"potentialAction\":[{\"@type\":\"ReadAction\",\"target\":[\"https:\/\/www.games4all.ee\/toode\/scottie-go-labyrinth\/\"]}]},{\"@type\":\"ImageObject\",\"inLanguage\":\"et\",\"@id\":\"https:\/\/www.games4all.ee\/toode\/scottie-go-labyrinth\/#primaryimage\",\"url\":\"https:\/\/www.games4all.ee\/wp-content\/uploads\/2021\/09\/EN_0006_WEB-small.jpg\",\"contentUrl\":\"https:\/\/www.games4all.ee\/wp-content\/uploads\/2021\/09\/EN_0006_WEB-small.jpg\",\"width\":981,\"height\":1357,\"caption\":\"Scottie Go Labyrinth board game educational\"},{\"@type\":\"BreadcrumbList\",\"@id\":\"https:\/\/www.games4all.ee\/toode\/scottie-go-labyrinth\/#breadcrumb\",\"itemListElement\":[{\"@type\":\"ListItem\",\"position\":1,\"name\":\"\u0413\u043b\u0430\u0432\u043d\u0430\u044f \u0441\u0442\u0440\u0430\u043d\u0438\u0446\u0430\",\"item\":\"https:\/\/www.games4all.ee\/et\/\"},{\"@type\":\"ListItem\",\"position\":2,\"name\":\"M\u00e4ngude pood\",\"item\":\"https:\/\/www.games4all.ee\/et\/mangude-pood\/\"},{\"@type\":\"ListItem\",\"position\":3,\"name\":\"Scottie Go Lab\u00fcrint\"}]},{\"@type\":\"WebSite\",\"@id\":\"https:\/\/www.games4all.ee\/et\/#website\",\"url\":\"https:\/\/www.games4all.ee\/et\/\",\"name\":\"Games4all\",\"description\":\"Board games and more in Estonia\",\"publisher\":{\"@id\":\"https:\/\/www.games4all.ee\/et\/#organization\"},\"potentialAction\":[{\"@type\":\"SearchAction\",\"target\":{\"@type\":\"EntryPoint\",\"urlTemplate\":\"https:\/\/www.games4all.ee\/et\/?s={search_term_string}\"},\"query-input\":{\"@type\":\"PropertyValueSpecification\",\"valueRequired\":true,\"valueName\":\"search_term_string\"}}],\"inLanguage\":\"et\"},{\"@type\":\"Organization\",\"@id\":\"https:\/\/www.games4all.ee\/et\/#organization\",\"name\":\"Andan Group O\u00dc\",\"url\":\"https:\/\/www.games4all.ee\/et\/\",\"logo\":{\"@type\":\"ImageObject\",\"inLanguage\":\"et\",\"@id\":\"https:\/\/www.games4all.ee\/et\/#\/schema\/logo\/image\/\",\"url\":\"https:\/\/www.games4all.ee\/wp-content\/uploads\/2023\/07\/GAMES4ALL-LOGO-1.png\",\"contentUrl\":\"https:\/\/www.games4all.ee\/wp-content\/uploads\/2023\/07\/GAMES4ALL-LOGO-1.png\",\"width\":500,\"height\":500,\"caption\":\"Andan Group O\u00dc\"},\"image\":{\"@id\":\"https:\/\/www.games4all.ee\/et\/#\/schema\/logo\/image\/\"},\"sameAs\":[\"https:\/\/www.facebook.com\/Games4All.ee\"]}]}<\/script>\n<!-- \/ Yoast SEO plugin. -->","yoast_head_json":{"title":"Scottie Go Lab\u00fcrint | Harivad m\u00e4ngud | Games4all - parim lastele","description":"| Hind: 39.9\u20ac | Telli lauam\u00e4ngude poest Scottie Go Labyrinth Games4all | Kiire kohaletoimetamine Omniva pakiautomaadiga!","robots":{"index":"index","follow":"follow","max-snippet":"max-snippet:-1","max-image-preview":"max-image-preview:large","max-video-preview":"max-video-preview:-1"},"canonical":"https:\/\/www.games4all.ee\/toode\/scottie-go-labyrinth\/","og_locale":"et_EE","og_type":"article","og_title":"Scottie Go Lab\u00fcrint | Harivad m\u00e4ngud | Games4all - parim lastele","og_description":"| Hind: 39.9\u20ac | Telli lauam\u00e4ngude poest Scottie Go Labyrinth Games4all | Kiire kohaletoimetamine Omniva pakiautomaadiga!","og_url":"https:\/\/www.games4all.ee\/toode\/scottie-go-labyrinth\/","og_site_name":"Games4all","article_publisher":"https:\/\/www.facebook.com\/Games4All.ee","article_modified_time":"2023-10-19T06:50:48+00:00","og_image":[{"width":981,"height":1357,"url":"https:\/\/www.games4all.ee\/wp-content\/uploads\/2021\/09\/EN_0006_WEB-small.jpg","type":"image\/jpeg"}],"twitter_card":"summary_large_image","twitter_misc":{"Est. reading time":"1 minut"},"schema":{"@context":"https:\/\/schema.org","@graph":[{"@type":["WebPage","ItemPage"],"@id":"https:\/\/www.games4all.ee\/toode\/scottie-go-labyrinth\/","url":"https:\/\/www.games4all.ee\/toode\/scottie-go-labyrinth\/","name":"Scottie Go Lab\u00fcrint | Harivad m\u00e4ngud | Games4all - parim lastele","isPartOf":{"@id":"https:\/\/www.games4all.ee\/et\/#website"},"primaryImageOfPage":{"@id":"https:\/\/www.games4all.ee\/toode\/scottie-go-labyrinth\/#primaryimage"},"image":{"@id":"https:\/\/www.games4all.ee\/toode\/scottie-go-labyrinth\/#primaryimage"},"thumbnailUrl":"https:\/\/www.games4all.ee\/wp-content\/uploads\/2021\/09\/EN_0006_WEB-small.jpg","datePublished":"2021-10-27T22:00:31+00:00","dateModified":"2023-10-19T06:50:48+00:00","description":"| Hind: 39.9\u20ac | Telli lauam\u00e4ngude poest Scottie Go Labyrinth Games4all | Kiire kohaletoimetamine Omniva pakiautomaadiga!","breadcrumb":{"@id":"https:\/\/www.games4all.ee\/toode\/scottie-go-labyrinth\/#breadcrumb"},"inLanguage":"et","potentialAction":[{"@type":"ReadAction","target":["https:\/\/www.games4all.ee\/toode\/scottie-go-labyrinth\/"]}]},{"@type":"ImageObject","inLanguage":"et","@id":"https:\/\/www.games4all.ee\/toode\/scottie-go-labyrinth\/#primaryimage","url":"https:\/\/www.games4all.ee\/wp-content\/uploads\/2021\/09\/EN_0006_WEB-small.jpg","contentUrl":"https:\/\/www.games4all.ee\/wp-content\/uploads\/2021\/09\/EN_0006_WEB-small.jpg","width":981,"height":1357,"caption":"Scottie Go Labyrinth board game educational"},{"@type":"BreadcrumbList","@id":"https:\/\/www.games4all.ee\/toode\/scottie-go-labyrinth\/#breadcrumb","itemListElement":[{"@type":"ListItem","position":1,"name":"\u0413\u043b\u0430\u0432\u043d\u0430\u044f \u0441\u0442\u0440\u0430\u043d\u0438\u0446\u0430","item":"https:\/\/www.games4all.ee\/et\/"},{"@type":"ListItem","position":2,"name":"M\u00e4ngude pood","item":"https:\/\/www.games4all.ee\/et\/mangude-pood\/"},{"@type":"ListItem","position":3,"name":"Scottie Go Lab\u00fcrint"}]},{"@type":"WebSite","@id":"https:\/\/www.games4all.ee\/et\/#website","url":"https:\/\/www.games4all.ee\/et\/","name":"Games4all","description":"Board games and more in Estonia","publisher":{"@id":"https:\/\/www.games4all.ee\/et\/#organization"},"potentialAction":[{"@type":"SearchAction","target":{"@type":"EntryPoint","urlTemplate":"https:\/\/www.games4all.ee\/et\/?s={search_term_string}"},"query-input":{"@type":"PropertyValueSpecification","valueRequired":true,"valueName":"search_term_string"}}],"inLanguage":"et"},{"@type":"Organization","@id":"https:\/\/www.games4all.ee\/et\/#organization","name":"Andan Group O\u00dc","url":"https:\/\/www.games4all.ee\/et\/","logo":{"@type":"ImageObject","inLanguage":"et","@id":"https:\/\/www.games4all.ee\/et\/#\/schema\/logo\/image\/","url":"https:\/\/www.games4all.ee\/wp-content\/uploads\/2023\/07\/GAMES4ALL-LOGO-1.png","contentUrl":"https:\/\/www.games4all.ee\/wp-content\/uploads\/2023\/07\/GAMES4ALL-LOGO-1.png","width":500,"height":500,"caption":"Andan Group O\u00dc"},"image":{"@id":"https:\/\/www.games4all.ee\/et\/#\/schema\/logo\/image\/"},"sameAs":["https:\/\/www.facebook.com\/Games4All.ee"]}]}},"_links":{"self":[{"href":"https:\/\/www.games4all.ee\/et\/wp-json\/wp\/v2\/product\/2231","targetHints":{"allow":["GET"]}}],"collection":[{"href":"https:\/\/www.games4all.ee\/et\/wp-json\/wp\/v2\/product"}],"about":[{"href":"https:\/\/www.games4all.ee\/et\/wp-json\/wp\/v2\/types\/product"}],"replies":[{"embeddable":true,"href":"https:\/\/www.games4all.ee\/et\/wp-json\/wp\/v2\/comments?post=2231"}],"wp:featuredmedia":[{"embeddable":true,"href":"https:\/\/www.games4all.ee\/et\/wp-json\/wp\/v2\/media\/2219"}],"wp:attachment":[{"href":"https:\/\/www.games4all.ee\/et\/wp-json\/wp\/v2\/media?parent=2231"}],"wp:term":[{"taxonomy":"product_brand","embeddable":true,"href":"https:\/\/www.games4all.ee\/et\/wp-json\/wp\/v2\/product_brand?post=2231"},{"taxonomy":"product_cat","embeddable":true,"href":"https:\/\/www.games4all.ee\/et\/wp-json\/wp\/v2\/product_cat?post=2231"},{"taxonomy":"product_tag","embeddable":true,"href":"https:\/\/www.games4all.ee\/et\/wp-json\/wp\/v2\/product_tag?post=2231"}],"curies":[{"name":"wp","href":"https:\/\/api.w.org\/{rel}","templated":true}]}}