{"id":1888,"date":"2021-04-21T13:11:30","date_gmt":"2021-04-21T11:11:30","guid":{"rendered":"https:\/\/www.games4all.ee\/product\/catan-linnad-ja-ruutlid\/"},"modified":"2026-01-21T11:58:48","modified_gmt":"2026-01-21T09:58:48","slug":"catan-linnad-ja-ruutlid","status":"publish","type":"product","link":"https:\/\/www.games4all.ee\/et\/toode\/catan-linnad-ja-ruutlid\/","title":{"rendered":"CATAN &#8211; Linnad ja r\u00fc\u00fctlid"},"content":{"rendered":"<p data-start=\"344\" data-end=\"742\">\u201eCatan \u2013 Linnad ja r\u00fc\u00fctlid\u201d on legendaarse <strong data-start=\"424\" data-end=\"444\">Catan lauam\u00e4ngu<\/strong> v\u00f5imas strateegialaiendus, mis toob dramaatilist s\u00fcgavust, kangelaslikke v\u00e4ljakutseid ja intensiivset m\u00e4ngijate interaktsiooni m\u00e4ngu\u00f5htutele \u00fcle <strong data-start=\"543\" data-end=\"554\">Eesti <\/strong> ja <strong data-start=\"559\" data-end=\"570\">Tallinna<\/strong>. See laiendus muudab teie klassikalise Catani saare \u00f5itsvaks keskaegseks kuningriigiks, mida ohustavad sissetungivad barbarid \u2013 ja ainult teie nutikas planeerimine saab teie linnu p\u00e4\u00e4sta.<\/p>\n<p data-start=\"744\" data-end=\"1061\">Muutke asulad suurejoonelisteks linnadeks, treenige v\u00e4gevaid r\u00fc\u00fctleid, ehitage linnade t\u00e4iustusi ja tasakaalustage ressursside tootmist strateegilise kaitsega. Pinged kasvavad iga barbaarse laevaga, mis l\u00e4heneb kaldale. Kui m\u00e4ngijad ei suuda saart \u00fchendada ja kaitsta, langevad linnad \u2013 ja ainult tugevaimad j\u00e4\u00e4vad p\u00fcsti.<\/p>\n<p data-start=\"1063\" data-end=\"1315\">See laiendus lisab rikkaliku strateegilise kihi: diplomaatia, ajastuse, ressursside haldamise, arenguplaneerimise ja taktikalise positsioneerimise. Ideaalne kogenud m\u00e4ngijatele, kes armastavad s\u00fcgavamat otsuste langetamist ja rohkem interaktsiooni, kui p\u00f5him\u00e4ng \u00fcksi pakkuda suudab.<\/p>\n<p data-start=\"1317\" data-end=\"1601\">\u201eLinnade ja r\u00fc\u00fctlite\u201c abil muutub iga m\u00e4ng p\u00f5nevaks keskaegseks saagaks, mis on t\u00e4is koost\u00f6\u00f6d, rivaalitsemist ja nutikaid taktikaid. See on oluline lisa igale Catani f\u00e4nnile <strong data-start=\"1491\" data-end=\"1502\">Eestis <\/strong> ja <strong data-start=\"1507\" data-end=\"1518\">Tallinnas<\/strong>, kes soovib Catani saarel rohkem strateegiat, valikuv\u00f5imalusi ja p\u00f5nevust kogeda.<\/p>\n<ul>\n<li>Reeglid PDF: <a href=\"https:\/\/www.games4all.ee\/wp-content\/uploads\/2021\/04\/CaK_rv_Rules_091907-ENG.pdf\">Inglise<\/a>, <a href=\"https:\/\/www.games4all.ee\/wp-content\/uploads\/2021\/04\/Catan-knights-and-cities-RUS.pdf\">Vene<\/a><\/li>\n<li>M\u00e4ngijate arv: 3-4<\/li>\n<li>Kestus: alates 120 min<\/li>\n<li>Vanus: 12+<\/li>\n<\/ul>\n<p>Tuletame meelde, et ostes meilt m\u00e4ngu &#8220;CATAN &#8211; Linnad ja r\u00fc\u00fctlid&#8221;, saate automaatselt meeldivaid boonuseid, n\u00e4iteks:<\/p>\n<ul>\n<li>Kiire kohaletoimetamine <a href=\"https:\/\/www.omniva.ee\">Omniva <\/a> pakiautomaadiga<\/li>\n<li><span style=\"font-size: 15px;\">Tarne 3-7 t\u00f6\u00f6p\u00e4eva jooksul<\/span><\/li>\n<li>Kvaliteedi garantii<\/li>\n<li><a href=\"https:\/\/www.games4all.ee\/et\/muugitingimused\/\">Tagastamisv\u00f5imalus <\/a> 14 p\u00e4eva jooksul alates k\u00e4ttesaamisest<\/li>\n<\/ul>\n","protected":false},"excerpt":{"rendered":"<h2>Catan: Linnad ja r\u00fc\u00fctlid \u2013 eepiline strateegialaiendus julgetele asunikele Eestis ja Tallinnas!<\/h2>\n<ul>\n<li>Reeglid PDF: <a href=\"https:\/\/www.games4all.ee\/wp-content\/uploads\/2021\/04\/CaK_rv_Rules_091907-ENG.pdf\">Inglise<\/a>, <a href=\"https:\/\/www.games4all.ee\/wp-content\/uploads\/2021\/04\/Catan-knights-and-cities-RUS.pdf\">Vene<\/a><\/li>\n<li>M\u00e4ngijate arv: 3-4<\/li>\n<li>Kestus: alates 120 min<\/li>\n<li>Vanus: 12+<\/li>\n<\/ul>\n","protected":false},"featured_media":3558,"comment_status":"open","ping_status":"closed","template":"","meta":{"om_disable_all_campaigns":false,"site-sidebar-layout":"default","site-content-layout":"","ast-site-content-layout":"default","site-content-style":"default","site-sidebar-style":"default","ast-global-header-display":"","ast-banner-title-visibility":"","ast-main-header-display":"","ast-hfb-above-header-display":"","ast-hfb-below-header-display":"","ast-hfb-mobile-header-display":"","site-post-title":"","ast-breadcrumbs-content":"","ast-featured-img":"","footer-sml-layout":"","ast-disable-related-posts":"","theme-transparent-header-meta":"default","adv-header-id-meta":"","stick-header-meta":"","header-above-stick-meta":"","header-main-stick-meta":"","header-below-stick-meta":"","astra-migrate-meta-layouts":"set","ast-page-background-enabled":"default","ast-page-background-meta":{"desktop":{"background-color":"var(--ast-global-color-4)","background-image":"","background-repeat":"repeat","background-position":"center center","background-size":"auto","background-attachment":"scroll","background-type":"","background-media":"","overlay-type":"","overlay-color":"","overlay-opacity":"","overlay-gradient":""},"tablet":{"background-color":"","background-image":"","background-repeat":"repeat","background-position":"center center","background-size":"auto","background-attachment":"scroll","background-type":"","background-media":"","overlay-type":"","overlay-color":"","overlay-opacity":"","overlay-gradient":""},"mobile":{"background-color":"","background-image":"","background-repeat":"repeat","background-position":"center center","background-size":"auto","background-attachment":"scroll","background-type":"","background-media":"","overlay-type":"","overlay-color":"","overlay-opacity":"","overlay-gradient":""}},"ast-content-background-meta":{"desktop":{"background-color":"var(--ast-global-color-5)","background-image":"","background-repeat":"repeat","background-position":"center center","background-size":"auto","background-attachment":"scroll","background-type":"","background-media":"","overlay-type":"","overlay-color":"","overlay-opacity":"","overlay-gradient":""},"tablet":{"background-color":"var(--ast-global-color-5)","background-image":"","background-repeat":"repeat","background-position":"center center","background-size":"auto","background-attachment":"scroll","background-type":"","background-media":"","overlay-type":"","overlay-color":"","overlay-opacity":"","overlay-gradient":""},"mobile":{"background-color":"var(--ast-global-color-5)","background-image":"","background-repeat":"repeat","background-position":"center center","background-size":"auto","background-attachment":"scroll","background-type":"","background-media":"","overlay-type":"","overlay-color":"","overlay-opacity":"","overlay-gradient":""}}},"product_brand":[],"product_cat":[42],"product_tag":[],"class_list":{"0":"post-1888","1":"product","2":"type-product","3":"status-publish","4":"has-post-thumbnail","6":"product_cat-lauamangud","7":"desktop-align-center","8":"tablet-align-left","9":"mobile-align-center","11":"first","12":"instock","13":"sale","14":"purchasable","15":"product-type-simple"},"yoast_head":"<!-- This site is optimized with the Yoast SEO plugin v27.2 - https:\/\/yoast.com\/product\/yoast-seo-wordpress\/ -->\n<title>CATAN - Linnad ja r\u00fc\u00fctlid | Lauam\u00e4ngud | Games4all<\/title>\n<meta name=\"description\" content=\"Osta CATAN - Linnad ja r\u00fc\u00fctlid hinnaga 43,99 \u20ac. Sisaldab reegleid inglise, vene ja eesti keeles PDF-is. Kiire kohaletoimetamine Omniva v\u00f5i Smartpostiga.\" \/>\n<meta name=\"robots\" content=\"index, follow, max-snippet:-1, max-image-preview:large, max-video-preview:-1\" \/>\n<link rel=\"canonical\" href=\"https:\/\/www.games4all.ee\/et\/toode\/catan-linnad-ja-ruutlid\/\" \/>\n<meta property=\"og:locale\" content=\"et_EE\" \/>\n<meta property=\"og:type\" content=\"article\" \/>\n<meta property=\"og:title\" content=\"CATAN - Linnad ja r\u00fc\u00fctlid | Lauam\u00e4ngud | Games4all\" \/>\n<meta property=\"og:description\" content=\"Osta CATAN - Linnad ja r\u00fc\u00fctlid hinnaga 43,99 \u20ac. Sisaldab reegleid inglise, vene ja eesti keeles PDF-is. Kiire kohaletoimetamine Omniva v\u00f5i Smartpostiga.\" \/>\n<meta property=\"og:url\" content=\"https:\/\/www.games4all.ee\/et\/toode\/catan-linnad-ja-ruutlid\/\" \/>\n<meta property=\"og:site_name\" content=\"Games4all\" \/>\n<meta property=\"article:publisher\" content=\"https:\/\/www.facebook.com\/Games4All.ee\" \/>\n<meta property=\"article:modified_time\" content=\"2026-01-21T09:58:48+00:00\" \/>\n<meta property=\"og:image\" content=\"https:\/\/www.games4all.ee\/wp-content\/uploads\/2021\/04\/catan-knights-and-castles-board-game-games4all.jpg\" \/>\n\t<meta property=\"og:image:width\" content=\"550\" \/>\n\t<meta property=\"og:image:height\" content=\"601\" \/>\n\t<meta property=\"og:image:type\" content=\"image\/jpeg\" \/>\n<meta name=\"twitter:card\" content=\"summary_large_image\" \/>\n<meta name=\"twitter:label1\" content=\"Est. reading time\" \/>\n\t<meta name=\"twitter:data1\" content=\"2 minutit\" \/>\n<script type=\"application\/ld+json\" class=\"yoast-schema-graph\">{\"@context\":\"https:\/\/schema.org\",\"@graph\":[{\"@type\":[\"WebPage\",\"ItemPage\"],\"@id\":\"https:\/\/www.games4all.ee\/et\/toode\/catan-linnad-ja-ruutlid\/\",\"url\":\"https:\/\/www.games4all.ee\/et\/toode\/catan-linnad-ja-ruutlid\/\",\"name\":\"CATAN - Linnad ja r\u00fc\u00fctlid | Lauam\u00e4ngud | Games4all\",\"isPartOf\":{\"@id\":\"https:\/\/www.games4all.ee\/et\/#website\"},\"primaryImageOfPage\":{\"@id\":\"https:\/\/www.games4all.ee\/et\/toode\/catan-linnad-ja-ruutlid\/#primaryimage\"},\"image\":{\"@id\":\"https:\/\/www.games4all.ee\/et\/toode\/catan-linnad-ja-ruutlid\/#primaryimage\"},\"thumbnailUrl\":\"https:\/\/www.games4all.ee\/wp-content\/uploads\/2021\/04\/catan-knights-and-castles-board-game-games4all.jpg\",\"datePublished\":\"2021-04-21T11:11:30+00:00\",\"dateModified\":\"2026-01-21T09:58:48+00:00\",\"description\":\"Osta CATAN - Linnad ja r\u00fc\u00fctlid hinnaga 43,99 \u20ac. Sisaldab reegleid inglise, vene ja eesti keeles PDF-is. Kiire kohaletoimetamine Omniva v\u00f5i Smartpostiga.\",\"breadcrumb\":{\"@id\":\"https:\/\/www.games4all.ee\/et\/toode\/catan-linnad-ja-ruutlid\/#breadcrumb\"},\"inLanguage\":\"et\",\"potentialAction\":[{\"@type\":\"ReadAction\",\"target\":[\"https:\/\/www.games4all.ee\/et\/toode\/catan-linnad-ja-ruutlid\/\"]}]},{\"@type\":\"ImageObject\",\"inLanguage\":\"et\",\"@id\":\"https:\/\/www.games4all.ee\/et\/toode\/catan-linnad-ja-ruutlid\/#primaryimage\",\"url\":\"https:\/\/www.games4all.ee\/wp-content\/uploads\/2021\/04\/catan-knights-and-castles-board-game-games4all.jpg\",\"contentUrl\":\"https:\/\/www.games4all.ee\/wp-content\/uploads\/2021\/04\/catan-knights-and-castles-board-game-games4all.jpg\",\"width\":550,\"height\":601,\"caption\":\"Catan Cities and Knights laienduslauam\u00e4ngu karp keskaegsete r\u00fc\u00fctlitega, kes ratsutavad kuldse p\u00e4ikeseloojangu poole, strateegiline lauam\u00e4ng, mida m\u00fc\u00fcakse Eestis ja Tallinnas.\"},{\"@type\":\"BreadcrumbList\",\"@id\":\"https:\/\/www.games4all.ee\/et\/toode\/catan-linnad-ja-ruutlid\/#breadcrumb\",\"itemListElement\":[{\"@type\":\"ListItem\",\"position\":1,\"name\":\"\u0413\u043b\u0430\u0432\u043d\u0430\u044f \u0441\u0442\u0440\u0430\u043d\u0438\u0446\u0430\",\"item\":\"https:\/\/www.games4all.ee\/et\/\"},{\"@type\":\"ListItem\",\"position\":2,\"name\":\"M\u00e4ngude pood\",\"item\":\"https:\/\/www.games4all.ee\/et\/mangude-pood\/\"},{\"@type\":\"ListItem\",\"position\":3,\"name\":\"CATAN &#8211; Linnad ja r\u00fc\u00fctlid\"}]},{\"@type\":\"WebSite\",\"@id\":\"https:\/\/www.games4all.ee\/et\/#website\",\"url\":\"https:\/\/www.games4all.ee\/et\/\",\"name\":\"Games4all\",\"description\":\"Board games and more in Estonia\",\"publisher\":{\"@id\":\"https:\/\/www.games4all.ee\/et\/#organization\"},\"potentialAction\":[{\"@type\":\"SearchAction\",\"target\":{\"@type\":\"EntryPoint\",\"urlTemplate\":\"https:\/\/www.games4all.ee\/et\/?s={search_term_string}\"},\"query-input\":{\"@type\":\"PropertyValueSpecification\",\"valueRequired\":true,\"valueName\":\"search_term_string\"}}],\"inLanguage\":\"et\"},{\"@type\":\"Organization\",\"@id\":\"https:\/\/www.games4all.ee\/et\/#organization\",\"name\":\"Andan Group O\u00dc\",\"url\":\"https:\/\/www.games4all.ee\/et\/\",\"logo\":{\"@type\":\"ImageObject\",\"inLanguage\":\"et\",\"@id\":\"https:\/\/www.games4all.ee\/et\/#\/schema\/logo\/image\/\",\"url\":\"https:\/\/www.games4all.ee\/wp-content\/uploads\/2023\/07\/GAMES4ALL-LOGO-1.png\",\"contentUrl\":\"https:\/\/www.games4all.ee\/wp-content\/uploads\/2023\/07\/GAMES4ALL-LOGO-1.png\",\"width\":500,\"height\":500,\"caption\":\"Andan Group O\u00dc\"},\"image\":{\"@id\":\"https:\/\/www.games4all.ee\/et\/#\/schema\/logo\/image\/\"},\"sameAs\":[\"https:\/\/www.facebook.com\/Games4All.ee\"]}]}<\/script>\n<!-- \/ Yoast SEO plugin. -->","yoast_head_json":{"title":"CATAN - Linnad ja r\u00fc\u00fctlid | Lauam\u00e4ngud | Games4all","description":"Osta CATAN - Linnad ja r\u00fc\u00fctlid hinnaga 43,99 \u20ac. Sisaldab reegleid inglise, vene ja eesti keeles PDF-is. Kiire kohaletoimetamine Omniva v\u00f5i Smartpostiga.","robots":{"index":"index","follow":"follow","max-snippet":"max-snippet:-1","max-image-preview":"max-image-preview:large","max-video-preview":"max-video-preview:-1"},"canonical":"https:\/\/www.games4all.ee\/et\/toode\/catan-linnad-ja-ruutlid\/","og_locale":"et_EE","og_type":"article","og_title":"CATAN - Linnad ja r\u00fc\u00fctlid | Lauam\u00e4ngud | Games4all","og_description":"Osta CATAN - Linnad ja r\u00fc\u00fctlid hinnaga 43,99 \u20ac. Sisaldab reegleid inglise, vene ja eesti keeles PDF-is. Kiire kohaletoimetamine Omniva v\u00f5i Smartpostiga.","og_url":"https:\/\/www.games4all.ee\/et\/toode\/catan-linnad-ja-ruutlid\/","og_site_name":"Games4all","article_publisher":"https:\/\/www.facebook.com\/Games4All.ee","article_modified_time":"2026-01-21T09:58:48+00:00","og_image":[{"width":550,"height":601,"url":"https:\/\/www.games4all.ee\/wp-content\/uploads\/2021\/04\/catan-knights-and-castles-board-game-games4all.jpg","type":"image\/jpeg"}],"twitter_card":"summary_large_image","twitter_misc":{"Est. reading time":"2 minutit"},"schema":{"@context":"https:\/\/schema.org","@graph":[{"@type":["WebPage","ItemPage"],"@id":"https:\/\/www.games4all.ee\/et\/toode\/catan-linnad-ja-ruutlid\/","url":"https:\/\/www.games4all.ee\/et\/toode\/catan-linnad-ja-ruutlid\/","name":"CATAN - Linnad ja r\u00fc\u00fctlid | Lauam\u00e4ngud | Games4all","isPartOf":{"@id":"https:\/\/www.games4all.ee\/et\/#website"},"primaryImageOfPage":{"@id":"https:\/\/www.games4all.ee\/et\/toode\/catan-linnad-ja-ruutlid\/#primaryimage"},"image":{"@id":"https:\/\/www.games4all.ee\/et\/toode\/catan-linnad-ja-ruutlid\/#primaryimage"},"thumbnailUrl":"https:\/\/www.games4all.ee\/wp-content\/uploads\/2021\/04\/catan-knights-and-castles-board-game-games4all.jpg","datePublished":"2021-04-21T11:11:30+00:00","dateModified":"2026-01-21T09:58:48+00:00","description":"Osta CATAN - Linnad ja r\u00fc\u00fctlid hinnaga 43,99 \u20ac. Sisaldab reegleid inglise, vene ja eesti keeles PDF-is. Kiire kohaletoimetamine Omniva v\u00f5i Smartpostiga.","breadcrumb":{"@id":"https:\/\/www.games4all.ee\/et\/toode\/catan-linnad-ja-ruutlid\/#breadcrumb"},"inLanguage":"et","potentialAction":[{"@type":"ReadAction","target":["https:\/\/www.games4all.ee\/et\/toode\/catan-linnad-ja-ruutlid\/"]}]},{"@type":"ImageObject","inLanguage":"et","@id":"https:\/\/www.games4all.ee\/et\/toode\/catan-linnad-ja-ruutlid\/#primaryimage","url":"https:\/\/www.games4all.ee\/wp-content\/uploads\/2021\/04\/catan-knights-and-castles-board-game-games4all.jpg","contentUrl":"https:\/\/www.games4all.ee\/wp-content\/uploads\/2021\/04\/catan-knights-and-castles-board-game-games4all.jpg","width":550,"height":601,"caption":"Catan Cities and Knights laienduslauam\u00e4ngu karp keskaegsete r\u00fc\u00fctlitega, kes ratsutavad kuldse p\u00e4ikeseloojangu poole, strateegiline lauam\u00e4ng, mida m\u00fc\u00fcakse Eestis ja Tallinnas."},{"@type":"BreadcrumbList","@id":"https:\/\/www.games4all.ee\/et\/toode\/catan-linnad-ja-ruutlid\/#breadcrumb","itemListElement":[{"@type":"ListItem","position":1,"name":"\u0413\u043b\u0430\u0432\u043d\u0430\u044f \u0441\u0442\u0440\u0430\u043d\u0438\u0446\u0430","item":"https:\/\/www.games4all.ee\/et\/"},{"@type":"ListItem","position":2,"name":"M\u00e4ngude pood","item":"https:\/\/www.games4all.ee\/et\/mangude-pood\/"},{"@type":"ListItem","position":3,"name":"CATAN &#8211; Linnad ja r\u00fc\u00fctlid"}]},{"@type":"WebSite","@id":"https:\/\/www.games4all.ee\/et\/#website","url":"https:\/\/www.games4all.ee\/et\/","name":"Games4all","description":"Board games and more in Estonia","publisher":{"@id":"https:\/\/www.games4all.ee\/et\/#organization"},"potentialAction":[{"@type":"SearchAction","target":{"@type":"EntryPoint","urlTemplate":"https:\/\/www.games4all.ee\/et\/?s={search_term_string}"},"query-input":{"@type":"PropertyValueSpecification","valueRequired":true,"valueName":"search_term_string"}}],"inLanguage":"et"},{"@type":"Organization","@id":"https:\/\/www.games4all.ee\/et\/#organization","name":"Andan Group O\u00dc","url":"https:\/\/www.games4all.ee\/et\/","logo":{"@type":"ImageObject","inLanguage":"et","@id":"https:\/\/www.games4all.ee\/et\/#\/schema\/logo\/image\/","url":"https:\/\/www.games4all.ee\/wp-content\/uploads\/2023\/07\/GAMES4ALL-LOGO-1.png","contentUrl":"https:\/\/www.games4all.ee\/wp-content\/uploads\/2023\/07\/GAMES4ALL-LOGO-1.png","width":500,"height":500,"caption":"Andan Group O\u00dc"},"image":{"@id":"https:\/\/www.games4all.ee\/et\/#\/schema\/logo\/image\/"},"sameAs":["https:\/\/www.facebook.com\/Games4All.ee"]}]}},"_links":{"self":[{"href":"https:\/\/www.games4all.ee\/et\/wp-json\/wp\/v2\/product\/1888","targetHints":{"allow":["GET"]}}],"collection":[{"href":"https:\/\/www.games4all.ee\/et\/wp-json\/wp\/v2\/product"}],"about":[{"href":"https:\/\/www.games4all.ee\/et\/wp-json\/wp\/v2\/types\/product"}],"replies":[{"embeddable":true,"href":"https:\/\/www.games4all.ee\/et\/wp-json\/wp\/v2\/comments?post=1888"}],"wp:featuredmedia":[{"embeddable":true,"href":"https:\/\/www.games4all.ee\/et\/wp-json\/wp\/v2\/media\/3558"}],"wp:attachment":[{"href":"https:\/\/www.games4all.ee\/et\/wp-json\/wp\/v2\/media?parent=1888"}],"wp:term":[{"taxonomy":"product_brand","embeddable":true,"href":"https:\/\/www.games4all.ee\/et\/wp-json\/wp\/v2\/product_brand?post=1888"},{"taxonomy":"product_cat","embeddable":true,"href":"https:\/\/www.games4all.ee\/et\/wp-json\/wp\/v2\/product_cat?post=1888"},{"taxonomy":"product_tag","embeddable":true,"href":"https:\/\/www.games4all.ee\/et\/wp-json\/wp\/v2\/product_tag?post=1888"}],"curies":[{"name":"wp","href":"https:\/\/api.w.org\/{rel}","templated":true}]}}