{"id":1875,"date":"2021-04-21T11:07:40","date_gmt":"2021-04-21T09:07:40","guid":{"rendered":"https:\/\/www.games4all.ee\/product\/catan-koloniseerijad\/"},"modified":"2025-11-23T15:37:36","modified_gmt":"2025-11-23T13:37:36","slug":"catan-koloniseerijad","status":"publish","type":"product","link":"https:\/\/www.games4all.ee\/et\/toode\/catan-koloniseerijad\/","title":{"rendered":"Catan (Koloniseerijad)"},"content":{"rendered":"<p data-start=\"320\" data-end=\"725\">\u201eCatan (Koloniseerijad)\u201c on \u00fcks maailma legendaarsemaid <strong data-start=\"365\" data-end=\"380\">lauam\u00e4nge<\/strong>, mida armastavad pered, strateegiaf\u00e4nnid ja m\u00e4ngu\u00f5htute seltskonnad \u00fcle <strong data-start=\"445\" data-end=\"456\">Eesti <\/strong> ja <strong data-start=\"461\" data-end=\"472\">Tallinna<\/strong>. Selles auhinnatud klassikas astuvad m\u00e4ngijad Catani saart uurivate ja arendavate asunike rolli. Ehitate teid, asutate asulaid, uuendate linnu ja peate nutikaid tehinguid \u2013 k\u00f5ike seda samal ajal v\u00e4\u00e4rtuslike ressursside p\u00e4rast v\u00f5isteldes konkurentidega.<\/p>\n<p data-start=\"727\" data-end=\"1025\">Igast sessioonist saab elav lugu: nisup\u00f5llud, metsad, karjamaad, kaevandused ja telliskivikarj\u00e4\u00e4rid kujundavad teie strateegiat ja teed v\u00f5iduni. T\u00e4nu modulaarsele m\u00e4ngulauale ei tundu kaks m\u00e4ngu kunagi \u00fchesugused \u2013 iga voor pakub uusi v\u00e4ljakutseid, uusi taktikalisi valikuid ja p\u00f5nevaid m\u00e4ngijatevahelisi interaktsioone.<\/p>\n<p data-start=\"1027\" data-end=\"1407\">\u201eCatan\u201c tasakaalustab ideaalselt strateegia, l\u00e4bir\u00e4\u00e4kimised, planeerimise ja s\u00f5braliku rivaalitsemise. Reeglid on algajatele piisavalt lihtsad, kuid taktikaline s\u00fcgavus hoiab kogenud m\u00e4ngijaid aastaid kaasatuna. Olenemata sellest, kas m\u00e4ngite hubast m\u00e4ngu\u00f5htut <strong data-start=\"1264\" data-end=\"1275\">Tallinnas<\/strong>, tutvustate uustulnukatele moodsaid lauam\u00e4nge v\u00f5i toote koosviibimistele v\u00f5istluslikku l\u00f5bu, pakub \u201eCatan (Koloniseerijad)\u201c alati meeldej\u00e4\u00e4vaid hetki.<\/p>\n<p data-start=\"1409\" data-end=\"1674\">M\u00e4ng soodustab suhtlemist, nutikat ressursside haldamist ja kriitilist m\u00f5tlemist \u2013 mist\u00f5ttu sobib see suurep\u00e4raselt nii t\u00e4iskasvanutele, teismelistele kui ka segagruppidele. Kui m\u00e4ngima hakkad, saad kohe aru, miks \u201eCatanist\u201c on saanud ajatu bestseller kogu maailmas.<\/p>\n<p>&nbsp;<\/p>\n<ul>\n<li>Reeglid PDF: <a href=\"https:\/\/www.games4all.ee\/wp-content\/uploads\/2021\/04\/catan_5-6_2020_rules_ENG.pdf\">Inglise 5-6 m\u00e4ngijat reeglid,<\/a> <a href=\"https:\/\/www.games4all.ee\/wp-content\/uploads\/2021\/04\/catan_base_rules_2020_ENG.pdf\">Inglise reeglid,<\/a> <a href=\"https:\/\/www.games4all.ee\/wp-content\/uploads\/2021\/04\/CATAN_Base_rules_2016_web-RUS.pdf\">Vene,<\/a> <a href=\"https:\/\/www.games4all.ee\/wp-content\/uploads\/2021\/04\/Catan_Almanach_RUS-web.pdf\">Vene Almanach<\/a><\/li>\n<li>M\u00e4ngijate arv: 3-4<\/li>\n<li>Kestus: 45 kuni 90 minutit<\/li>\n<li>Vanus: 10+<\/li>\n<\/ul>\n<p>Tuletame meelde, et ostes meilt m\u00e4ngu &#8220;Catan (Koloniseerijad)&#8221;, saate automaatselt meeldivaid boonuseid, n\u00e4iteks:<\/p>\n<ul>\n<li>Kiire kohaletoimetamine <a href=\"https:\/\/www.omniva.ee\">Omniva <\/a> pakiautomaadiga<\/li>\n<li>Tarne 3-7 t\u00f6\u00f6p\u00e4eva jooksul<\/li>\n<li>Kvaliteedi tagamine<\/li>\n<li><a href=\"https:\/\/www.games4all.ee\/et\/muugitingimused\/\">Tagastamisv\u00f5imalus <\/a> 14 p\u00e4eva jooksul alates k\u00e4ttesaamisest<\/li>\n<\/ul>\n","protected":false},"excerpt":{"rendered":"<h2>Catan \u2013 ikooniline kaubanduse ja seikluste strateegiline lauam\u00e4ng Eestis ja Tallinnas!<\/h2>\n<ul>\n<li>Reeglid PDF: <a href=\"https:\/\/www.games4all.ee\/wp-content\/uploads\/2021\/04\/catan_5-6_2020_rules_ENG.pdf\">Inglise 5-6 m\u00e4ngijat reeglid,<\/a> <a href=\"https:\/\/www.games4all.ee\/wp-content\/uploads\/2021\/04\/catan_base_rules_2020_ENG.pdf\">Inglise reeglid,<\/a> <a href=\"https:\/\/www.games4all.ee\/wp-content\/uploads\/2021\/04\/CATAN_Base_rules_2016_web-RUS.pdf\">Vene,<\/a> <a href=\"https:\/\/www.games4all.ee\/wp-content\/uploads\/2021\/04\/Catan_Almanach_RUS-web.pdf\">Vene Almanach<\/a><\/li>\n<li>M\u00e4ngijate arv: 3-4<\/li>\n<li>Kestus: 45 kuni 90 minutit<\/li>\n<li>Vanus: 10+<\/li>\n<\/ul>\n","protected":false},"featured_media":3552,"comment_status":"open","ping_status":"closed","template":"","meta":{"om_disable_all_campaigns":false,"site-sidebar-layout":"default","site-content-layout":"","ast-site-content-layout":"default","site-content-style":"default","site-sidebar-style":"default","ast-global-header-display":"","ast-banner-title-visibility":"","ast-main-header-display":"","ast-hfb-above-header-display":"","ast-hfb-below-header-display":"","ast-hfb-mobile-header-display":"","site-post-title":"","ast-breadcrumbs-content":"","ast-featured-img":"","footer-sml-layout":"","ast-disable-related-posts":"","theme-transparent-header-meta":"default","adv-header-id-meta":"","stick-header-meta":"","header-above-stick-meta":"","header-main-stick-meta":"","header-below-stick-meta":"","astra-migrate-meta-layouts":"set","ast-page-background-enabled":"default","ast-page-background-meta":{"desktop":{"background-color":"var(--ast-global-color-4)","background-image":"","background-repeat":"repeat","background-position":"center center","background-size":"auto","background-attachment":"scroll","background-type":"","background-media":"","overlay-type":"","overlay-color":"","overlay-opacity":"","overlay-gradient":""},"tablet":{"background-color":"","background-image":"","background-repeat":"repeat","background-position":"center center","background-size":"auto","background-attachment":"scroll","background-type":"","background-media":"","overlay-type":"","overlay-color":"","overlay-opacity":"","overlay-gradient":""},"mobile":{"background-color":"","background-image":"","background-repeat":"repeat","background-position":"center center","background-size":"auto","background-attachment":"scroll","background-type":"","background-media":"","overlay-type":"","overlay-color":"","overlay-opacity":"","overlay-gradient":""}},"ast-content-background-meta":{"desktop":{"background-color":"var(--ast-global-color-5)","background-image":"","background-repeat":"repeat","background-position":"center center","background-size":"auto","background-attachment":"scroll","background-type":"","background-media":"","overlay-type":"","overlay-color":"","overlay-opacity":"","overlay-gradient":""},"tablet":{"background-color":"var(--ast-global-color-5)","background-image":"","background-repeat":"repeat","background-position":"center center","background-size":"auto","background-attachment":"scroll","background-type":"","background-media":"","overlay-type":"","overlay-color":"","overlay-opacity":"","overlay-gradient":""},"mobile":{"background-color":"var(--ast-global-color-5)","background-image":"","background-repeat":"repeat","background-position":"center center","background-size":"auto","background-attachment":"scroll","background-type":"","background-media":"","overlay-type":"","overlay-color":"","overlay-opacity":"","overlay-gradient":""}}},"product_brand":[],"product_cat":[42],"product_tag":[],"class_list":{"0":"post-1875","1":"product","2":"type-product","3":"status-publish","4":"has-post-thumbnail","6":"product_cat-lauamangud","7":"desktop-align-center","8":"tablet-align-left","9":"mobile-align-center","11":"first","12":"instock","13":"sale","14":"purchasable","15":"product-type-simple"},"yoast_head":"<!-- This site is optimized with the Yoast SEO plugin v27.2 - https:\/\/yoast.com\/product\/yoast-seo-wordpress\/ -->\n<title>Catan (Koloniseerijad) | Lauam\u00e4ngud | Lauam\u00e4ngu pood Eestis - Games4all<\/title>\n<meta name=\"description\" content=\"Osta Catan (Koloniseerijad) lauam\u00e4ng Eestis hinnaga 45,99 \u20ac. Sisaldab reegleid inglise, vene ja eesti keeles PDF-failina. Kiire kohaletoimetamine Omniva.\" \/>\n<meta name=\"robots\" content=\"index, follow, max-snippet:-1, max-image-preview:large, max-video-preview:-1\" \/>\n<link rel=\"canonical\" href=\"https:\/\/www.games4all.ee\/et\/toode\/catan-koloniseerijad\/\" \/>\n<meta property=\"og:locale\" content=\"et_EE\" \/>\n<meta property=\"og:type\" content=\"article\" \/>\n<meta property=\"og:title\" content=\"Catan (Koloniseerijad) | Lauam\u00e4ngud | Lauam\u00e4ngu pood Eestis - Games4all\" \/>\n<meta property=\"og:description\" content=\"Osta Catan (Koloniseerijad) lauam\u00e4ng Eestis hinnaga 45,99 \u20ac. Sisaldab reegleid inglise, vene ja eesti keeles PDF-failina. Kiire kohaletoimetamine Omniva.\" \/>\n<meta property=\"og:url\" content=\"https:\/\/www.games4all.ee\/et\/toode\/catan-koloniseerijad\/\" \/>\n<meta property=\"og:site_name\" content=\"Games4all\" \/>\n<meta property=\"article:publisher\" content=\"https:\/\/www.facebook.com\/Games4All.ee\" \/>\n<meta property=\"article:modified_time\" content=\"2025-11-23T13:37:36+00:00\" \/>\n<meta property=\"og:image\" content=\"https:\/\/www.games4all.ee\/wp-content\/uploads\/2021\/04\/catan-board-game-games4all.jpg\" \/>\n\t<meta property=\"og:image:width\" content=\"550\" \/>\n\t<meta property=\"og:image:height\" content=\"601\" \/>\n\t<meta property=\"og:image:type\" content=\"image\/jpeg\" \/>\n<meta name=\"twitter:card\" content=\"summary_large_image\" \/>\n<meta name=\"twitter:label1\" content=\"Est. reading time\" \/>\n\t<meta name=\"twitter:data1\" content=\"2 minutit\" \/>\n<script type=\"application\/ld+json\" class=\"yoast-schema-graph\">{\"@context\":\"https:\/\/schema.org\",\"@graph\":[{\"@type\":[\"WebPage\",\"ItemPage\"],\"@id\":\"https:\/\/www.games4all.ee\/et\/toode\/catan-koloniseerijad\/\",\"url\":\"https:\/\/www.games4all.ee\/et\/toode\/catan-koloniseerijad\/\",\"name\":\"Catan (Koloniseerijad) | Lauam\u00e4ngud | Lauam\u00e4ngu pood Eestis - Games4all\",\"isPartOf\":{\"@id\":\"https:\/\/www.games4all.ee\/et\/#website\"},\"primaryImageOfPage\":{\"@id\":\"https:\/\/www.games4all.ee\/et\/toode\/catan-koloniseerijad\/#primaryimage\"},\"image\":{\"@id\":\"https:\/\/www.games4all.ee\/et\/toode\/catan-koloniseerijad\/#primaryimage\"},\"thumbnailUrl\":\"https:\/\/www.games4all.ee\/wp-content\/uploads\/2021\/04\/catan-board-game-games4all.jpg\",\"datePublished\":\"2021-04-21T09:07:40+00:00\",\"dateModified\":\"2025-11-23T13:37:36+00:00\",\"description\":\"Osta Catan (Koloniseerijad) lauam\u00e4ng Eestis hinnaga 45,99 \u20ac. Sisaldab reegleid inglise, vene ja eesti keeles PDF-failina. Kiire kohaletoimetamine Omniva.\",\"breadcrumb\":{\"@id\":\"https:\/\/www.games4all.ee\/et\/toode\/catan-koloniseerijad\/#breadcrumb\"},\"inLanguage\":\"et\",\"potentialAction\":[{\"@type\":\"ReadAction\",\"target\":[\"https:\/\/www.games4all.ee\/et\/toode\/catan-koloniseerijad\/\"]}]},{\"@type\":\"ImageObject\",\"inLanguage\":\"et\",\"@id\":\"https:\/\/www.games4all.ee\/et\/toode\/catan-koloniseerijad\/#primaryimage\",\"url\":\"https:\/\/www.games4all.ee\/wp-content\/uploads\/2021\/04\/catan-board-game-games4all.jpg\",\"contentUrl\":\"https:\/\/www.games4all.ee\/wp-content\/uploads\/2021\/04\/catan-board-game-games4all.jpg\",\"width\":550,\"height\":601,\"caption\":\"Catan lauam\u00e4ngukarp, kus asunikud p\u00e4ikeseloojangul m\u00f6\u00f6da p\u00f5lde jalutavad, ikooniline strateegiam\u00e4ngu karp, mida m\u00fc\u00fcakse Eestis ja Tallinnas.\"},{\"@type\":\"BreadcrumbList\",\"@id\":\"https:\/\/www.games4all.ee\/et\/toode\/catan-koloniseerijad\/#breadcrumb\",\"itemListElement\":[{\"@type\":\"ListItem\",\"position\":1,\"name\":\"\u0413\u043b\u0430\u0432\u043d\u0430\u044f \u0441\u0442\u0440\u0430\u043d\u0438\u0446\u0430\",\"item\":\"https:\/\/www.games4all.ee\/et\/\"},{\"@type\":\"ListItem\",\"position\":2,\"name\":\"M\u00e4ngude pood\",\"item\":\"https:\/\/www.games4all.ee\/et\/mangude-pood\/\"},{\"@type\":\"ListItem\",\"position\":3,\"name\":\"Catan (Koloniseerijad)\"}]},{\"@type\":\"WebSite\",\"@id\":\"https:\/\/www.games4all.ee\/et\/#website\",\"url\":\"https:\/\/www.games4all.ee\/et\/\",\"name\":\"Games4all\",\"description\":\"Board games and more in Estonia\",\"publisher\":{\"@id\":\"https:\/\/www.games4all.ee\/et\/#organization\"},\"potentialAction\":[{\"@type\":\"SearchAction\",\"target\":{\"@type\":\"EntryPoint\",\"urlTemplate\":\"https:\/\/www.games4all.ee\/et\/?s={search_term_string}\"},\"query-input\":{\"@type\":\"PropertyValueSpecification\",\"valueRequired\":true,\"valueName\":\"search_term_string\"}}],\"inLanguage\":\"et\"},{\"@type\":\"Organization\",\"@id\":\"https:\/\/www.games4all.ee\/et\/#organization\",\"name\":\"Andan Group O\u00dc\",\"url\":\"https:\/\/www.games4all.ee\/et\/\",\"logo\":{\"@type\":\"ImageObject\",\"inLanguage\":\"et\",\"@id\":\"https:\/\/www.games4all.ee\/et\/#\/schema\/logo\/image\/\",\"url\":\"https:\/\/www.games4all.ee\/wp-content\/uploads\/2023\/07\/GAMES4ALL-LOGO-1.png\",\"contentUrl\":\"https:\/\/www.games4all.ee\/wp-content\/uploads\/2023\/07\/GAMES4ALL-LOGO-1.png\",\"width\":500,\"height\":500,\"caption\":\"Andan Group O\u00dc\"},\"image\":{\"@id\":\"https:\/\/www.games4all.ee\/et\/#\/schema\/logo\/image\/\"},\"sameAs\":[\"https:\/\/www.facebook.com\/Games4All.ee\"]}]}<\/script>\n<!-- \/ Yoast SEO plugin. -->","yoast_head_json":{"title":"Catan (Koloniseerijad) | Lauam\u00e4ngud | Lauam\u00e4ngu pood Eestis - Games4all","description":"Osta Catan (Koloniseerijad) lauam\u00e4ng Eestis hinnaga 45,99 \u20ac. Sisaldab reegleid inglise, vene ja eesti keeles PDF-failina. Kiire kohaletoimetamine Omniva.","robots":{"index":"index","follow":"follow","max-snippet":"max-snippet:-1","max-image-preview":"max-image-preview:large","max-video-preview":"max-video-preview:-1"},"canonical":"https:\/\/www.games4all.ee\/et\/toode\/catan-koloniseerijad\/","og_locale":"et_EE","og_type":"article","og_title":"Catan (Koloniseerijad) | Lauam\u00e4ngud | Lauam\u00e4ngu pood Eestis - Games4all","og_description":"Osta Catan (Koloniseerijad) lauam\u00e4ng Eestis hinnaga 45,99 \u20ac. Sisaldab reegleid inglise, vene ja eesti keeles PDF-failina. Kiire kohaletoimetamine Omniva.","og_url":"https:\/\/www.games4all.ee\/et\/toode\/catan-koloniseerijad\/","og_site_name":"Games4all","article_publisher":"https:\/\/www.facebook.com\/Games4All.ee","article_modified_time":"2025-11-23T13:37:36+00:00","og_image":[{"width":550,"height":601,"url":"https:\/\/www.games4all.ee\/wp-content\/uploads\/2021\/04\/catan-board-game-games4all.jpg","type":"image\/jpeg"}],"twitter_card":"summary_large_image","twitter_misc":{"Est. reading time":"2 minutit"},"schema":{"@context":"https:\/\/schema.org","@graph":[{"@type":["WebPage","ItemPage"],"@id":"https:\/\/www.games4all.ee\/et\/toode\/catan-koloniseerijad\/","url":"https:\/\/www.games4all.ee\/et\/toode\/catan-koloniseerijad\/","name":"Catan (Koloniseerijad) | Lauam\u00e4ngud | Lauam\u00e4ngu pood Eestis - Games4all","isPartOf":{"@id":"https:\/\/www.games4all.ee\/et\/#website"},"primaryImageOfPage":{"@id":"https:\/\/www.games4all.ee\/et\/toode\/catan-koloniseerijad\/#primaryimage"},"image":{"@id":"https:\/\/www.games4all.ee\/et\/toode\/catan-koloniseerijad\/#primaryimage"},"thumbnailUrl":"https:\/\/www.games4all.ee\/wp-content\/uploads\/2021\/04\/catan-board-game-games4all.jpg","datePublished":"2021-04-21T09:07:40+00:00","dateModified":"2025-11-23T13:37:36+00:00","description":"Osta Catan (Koloniseerijad) lauam\u00e4ng Eestis hinnaga 45,99 \u20ac. Sisaldab reegleid inglise, vene ja eesti keeles PDF-failina. Kiire kohaletoimetamine Omniva.","breadcrumb":{"@id":"https:\/\/www.games4all.ee\/et\/toode\/catan-koloniseerijad\/#breadcrumb"},"inLanguage":"et","potentialAction":[{"@type":"ReadAction","target":["https:\/\/www.games4all.ee\/et\/toode\/catan-koloniseerijad\/"]}]},{"@type":"ImageObject","inLanguage":"et","@id":"https:\/\/www.games4all.ee\/et\/toode\/catan-koloniseerijad\/#primaryimage","url":"https:\/\/www.games4all.ee\/wp-content\/uploads\/2021\/04\/catan-board-game-games4all.jpg","contentUrl":"https:\/\/www.games4all.ee\/wp-content\/uploads\/2021\/04\/catan-board-game-games4all.jpg","width":550,"height":601,"caption":"Catan lauam\u00e4ngukarp, kus asunikud p\u00e4ikeseloojangul m\u00f6\u00f6da p\u00f5lde jalutavad, ikooniline strateegiam\u00e4ngu karp, mida m\u00fc\u00fcakse Eestis ja Tallinnas."},{"@type":"BreadcrumbList","@id":"https:\/\/www.games4all.ee\/et\/toode\/catan-koloniseerijad\/#breadcrumb","itemListElement":[{"@type":"ListItem","position":1,"name":"\u0413\u043b\u0430\u0432\u043d\u0430\u044f \u0441\u0442\u0440\u0430\u043d\u0438\u0446\u0430","item":"https:\/\/www.games4all.ee\/et\/"},{"@type":"ListItem","position":2,"name":"M\u00e4ngude pood","item":"https:\/\/www.games4all.ee\/et\/mangude-pood\/"},{"@type":"ListItem","position":3,"name":"Catan (Koloniseerijad)"}]},{"@type":"WebSite","@id":"https:\/\/www.games4all.ee\/et\/#website","url":"https:\/\/www.games4all.ee\/et\/","name":"Games4all","description":"Board games and more in Estonia","publisher":{"@id":"https:\/\/www.games4all.ee\/et\/#organization"},"potentialAction":[{"@type":"SearchAction","target":{"@type":"EntryPoint","urlTemplate":"https:\/\/www.games4all.ee\/et\/?s={search_term_string}"},"query-input":{"@type":"PropertyValueSpecification","valueRequired":true,"valueName":"search_term_string"}}],"inLanguage":"et"},{"@type":"Organization","@id":"https:\/\/www.games4all.ee\/et\/#organization","name":"Andan Group O\u00dc","url":"https:\/\/www.games4all.ee\/et\/","logo":{"@type":"ImageObject","inLanguage":"et","@id":"https:\/\/www.games4all.ee\/et\/#\/schema\/logo\/image\/","url":"https:\/\/www.games4all.ee\/wp-content\/uploads\/2023\/07\/GAMES4ALL-LOGO-1.png","contentUrl":"https:\/\/www.games4all.ee\/wp-content\/uploads\/2023\/07\/GAMES4ALL-LOGO-1.png","width":500,"height":500,"caption":"Andan Group O\u00dc"},"image":{"@id":"https:\/\/www.games4all.ee\/et\/#\/schema\/logo\/image\/"},"sameAs":["https:\/\/www.facebook.com\/Games4All.ee"]}]}},"_links":{"self":[{"href":"https:\/\/www.games4all.ee\/et\/wp-json\/wp\/v2\/product\/1875","targetHints":{"allow":["GET"]}}],"collection":[{"href":"https:\/\/www.games4all.ee\/et\/wp-json\/wp\/v2\/product"}],"about":[{"href":"https:\/\/www.games4all.ee\/et\/wp-json\/wp\/v2\/types\/product"}],"replies":[{"embeddable":true,"href":"https:\/\/www.games4all.ee\/et\/wp-json\/wp\/v2\/comments?post=1875"}],"wp:featuredmedia":[{"embeddable":true,"href":"https:\/\/www.games4all.ee\/et\/wp-json\/wp\/v2\/media\/3552"}],"wp:attachment":[{"href":"https:\/\/www.games4all.ee\/et\/wp-json\/wp\/v2\/media?parent=1875"}],"wp:term":[{"taxonomy":"product_brand","embeddable":true,"href":"https:\/\/www.games4all.ee\/et\/wp-json\/wp\/v2\/product_brand?post=1875"},{"taxonomy":"product_cat","embeddable":true,"href":"https:\/\/www.games4all.ee\/et\/wp-json\/wp\/v2\/product_cat?post=1875"},{"taxonomy":"product_tag","embeddable":true,"href":"https:\/\/www.games4all.ee\/et\/wp-json\/wp\/v2\/product_tag?post=1875"}],"curies":[{"name":"wp","href":"https:\/\/api.w.org\/{rel}","templated":true}]}}