{"id":187,"date":"2019-07-20T05:46:05","date_gmt":"2019-07-20T02:46:05","guid":{"rendered":"https:\/\/www.games4all.ee\/product\/dixit-odyssey\/"},"modified":"2024-12-16T22:35:56","modified_gmt":"2024-12-16T20:35:56","slug":"dixit-odyssey","status":"publish","type":"product","link":"https:\/\/www.games4all.ee\/et\/toode\/dixit-odyssey\/","title":{"rendered":"Dixit Od\u00fcsseia"},"content":{"rendered":"<p><span class=\"tlid-translation translation\" lang=\"ru\"><span class=\"\" title=\"\">Lauam\u00e4ng Dixit Odyssey aitab teil avastada auhinnatud lauam\u00e4ngu Dixiti v\u00e4ge: avage piltide saladused, v\u00e4ltige vastaste seatud l\u00f5kse ja laske oma kujutlusv\u00f5imel lennata!<\/span> <span class=\"\" title=\"\">Selles uues m\u00e4ngus saad sa m\u00e4ngida kuni 12 m\u00e4ngijaga, avastada uusi reeglivariante ning vallutada uusi v\u00f5luvaid maailmasid!<\/span><\/span><\/p>\n<p>Reeglid: <a href=\"https:\/\/www.games4all.ee\/wp-content\/uploads\/2019\/07\/DIXIT_ODYSSEY_RULES_EN_BD.pdf\">Inglise (PDF)<\/a>\/<a href=\"https:\/\/www.games4all.ee\/wp-content\/uploads\/2019\/07\/rules_dixit-odyssey_rus.pdf\">Vene (PDF)<\/a>\/Eesti (komplektis)<\/p>\n<p>Tuletame meelde, et meilt m\u00e4ngu &#8220;Dixit Od\u00fcsseia&#8221; ostes saate automaatselt meeldivaid boonuseid, n\u00e4iteks:<\/p>\n<p>\u2014 Kiire kohaletoimetamine <a href=\"https:\/\/www.omniva.ee\">Omniva<\/a> v\u00f5i Smartposti postiautomaadiga<br \/>\n&#8211; Kohaletoimetamine 3-7 t\u00f6\u00f6p\u00e4eva jooksul<br \/>\n&#8211; Kvaliteedi tagamine<br \/>\n&#8211; Tagastamise <a href=\"https:\/\/www.games4all.ee\/et\/muugitingimused\/\">v\u00f5imalus<\/a> 14 p\u00e4eva jooksul p\u00e4rast k\u00e4ttesaamist<\/p>\n<p><span class=\"tlid-translation translation\" lang=\"ru\"><span class=\"\" title=\"\">V\u00e4ljaandja Libellud<\/span><br \/>\n<span class=\"\" title=\"\">M\u00e4ngu kestvus 30 min<\/span><br \/>\n<span class=\"\" title=\"\">M\u00e4ngijad 3-6<\/span><br \/>\n<span class=\"\" title=\"\">Vanus 8+<\/span><\/span><br \/>\nLaius: 27,5 cm<br \/>\nPikkus: 30 cm<br \/>\nK\u00f5rgus: 6 cm<br \/>\nMaterjal: papp, plastik<\/p>\n<p>Kauba kohaletoimetamine 3-7 toopaeva jooksul<\/p>\n","protected":false},"excerpt":{"rendered":"<h2><span class=\"tlid-translation translation\" lang=\"ru\"><span class=\"\" title=\"\">Lauam\u00e4ng Dixit Odyssey aitab teil avastada auhinnatud lauam\u00e4ngu Dixiti v\u00e4ge: avage piltide saladused, v\u00e4ltige vastaste seatud l\u00f5kse ja laske oma kujutlusv\u00f5imel lennata!<\/span> <span class=\"\" title=\"\">Selles uues m\u00e4ngus saad sa m\u00e4ngida kuni 12 m\u00e4ngijaga, avastada uusi reeglivariante ning vallutada uusi v\u00f5luvaid maailmasid!<\/span><\/span><\/h2>\n<h3>Tuletame meelde, et meilt m\u00e4ngu &#8220;Dixit Od\u00fcsseia&#8221; ostes saate automaatselt meeldivaid boonuseid, n\u00e4iteks:<\/h3>\n<h3>\u2014 Kiire kohaletoimetamine <a href=\"https:\/\/www.omniva.ee\">Omniva<\/a> v\u00f5i Smartposti postiautomaadiga<br \/>\n&#8211; Kohaletoimetamine 3-7 t\u00f6\u00f6p\u00e4eva jooksul<br \/>\n&#8211; Kvaliteedi tagamine<br \/>\n&#8211; Tagastamise <a href=\"https:\/\/www.games4all.ee\/ru\/%d1%83%d1%81%d0%bb%d0%be%d0%b2%d0%b8%d1%8f-%d0%bf%d1%80%d0%be%d0%b4%d0%b0%d0%b6\/\">v\u00f5imalus<\/a> 14 p\u00e4eva jooksul p\u00e4rast k\u00e4ttesaamist<\/h3>\n","protected":false},"featured_media":168,"comment_status":"closed","ping_status":"closed","template":"","meta":{"om_disable_all_campaigns":false,"site-sidebar-layout":"default","site-content-layout":"","ast-site-content-layout":"default","site-content-style":"default","site-sidebar-style":"default","ast-global-header-display":"","ast-banner-title-visibility":"","ast-main-header-display":"","ast-hfb-above-header-display":"","ast-hfb-below-header-display":"","ast-hfb-mobile-header-display":"","site-post-title":"","ast-breadcrumbs-content":"","ast-featured-img":"","footer-sml-layout":"","ast-disable-related-posts":"","theme-transparent-header-meta":"default","adv-header-id-meta":"","stick-header-meta":"","header-above-stick-meta":"","header-main-stick-meta":"","header-below-stick-meta":"","astra-migrate-meta-layouts":"set","ast-page-background-enabled":"default","ast-page-background-meta":{"desktop":{"background-color":"var(--ast-global-color-4)","background-image":"","background-repeat":"repeat","background-position":"center center","background-size":"auto","background-attachment":"scroll","background-type":"","background-media":"","overlay-type":"","overlay-color":"","overlay-opacity":"","overlay-gradient":""},"tablet":{"background-color":"","background-image":"","background-repeat":"repeat","background-position":"center center","background-size":"auto","background-attachment":"scroll","background-type":"","background-media":"","overlay-type":"","overlay-color":"","overlay-opacity":"","overlay-gradient":""},"mobile":{"background-color":"","background-image":"","background-repeat":"repeat","background-position":"center center","background-size":"auto","background-attachment":"scroll","background-type":"","background-media":"","overlay-type":"","overlay-color":"","overlay-opacity":"","overlay-gradient":""}},"ast-content-background-meta":{"desktop":{"background-color":"var(--ast-global-color-5)","background-image":"","background-repeat":"repeat","background-position":"center center","background-size":"auto","background-attachment":"scroll","background-type":"","background-media":"","overlay-type":"","overlay-color":"","overlay-opacity":"","overlay-gradient":""},"tablet":{"background-color":"var(--ast-global-color-5)","background-image":"","background-repeat":"repeat","background-position":"center center","background-size":"auto","background-attachment":"scroll","background-type":"","background-media":"","overlay-type":"","overlay-color":"","overlay-opacity":"","overlay-gradient":""},"mobile":{"background-color":"var(--ast-global-color-5)","background-image":"","background-repeat":"repeat","background-position":"center center","background-size":"auto","background-attachment":"scroll","background-type":"","background-media":"","overlay-type":"","overlay-color":"","overlay-opacity":"","overlay-gradient":""}}},"product_brand":[],"product_cat":[42,121],"product_tag":[],"class_list":{"0":"post-187","1":"product","2":"type-product","3":"status-publish","4":"has-post-thumbnail","6":"product_cat-lauamangud","7":"product_cat-mangud-vene-keeles","8":"desktop-align-center","9":"tablet-align-left","10":"mobile-align-center","12":"first","13":"onbackorder","14":"purchasable","15":"product-type-simple"},"yoast_head":"<!-- This site is optimized with the Yoast SEO plugin v27.2 - https:\/\/yoast.com\/product\/yoast-seo-wordpress\/ -->\n<title>Dixit Od\u00fcsseia | Lauam\u00e4ngud | Parim m\u00e4ngu e-pood Eestis - Games4all<\/title>\n<meta name=\"description\" content=\"| Hind: 33\u20ac | Osta lauam\u00e4ng Dixit Odyssey veebipoest Games4all | Kiire kohaletoimetamine Omniva pakiautomaadiga!\" \/>\n<meta name=\"robots\" content=\"index, follow, max-snippet:-1, max-image-preview:large, max-video-preview:-1\" \/>\n<link rel=\"canonical\" href=\"https:\/\/www.games4all.ee\/et\/toode\/dixit-odyssey\/\" \/>\n<meta property=\"og:locale\" content=\"et_EE\" \/>\n<meta property=\"og:type\" content=\"article\" \/>\n<meta property=\"og:title\" content=\"Dixit Od\u00fcsseia | Lauam\u00e4ngud | Parim m\u00e4ngu e-pood Eestis - Games4all\" \/>\n<meta property=\"og:description\" content=\"| Hind: 33\u20ac | Osta lauam\u00e4ng Dixit Odyssey veebipoest Games4all | Kiire kohaletoimetamine Omniva pakiautomaadiga!\" \/>\n<meta property=\"og:url\" content=\"https:\/\/www.games4all.ee\/et\/toode\/dixit-odyssey\/\" \/>\n<meta property=\"og:site_name\" content=\"Games4all\" \/>\n<meta property=\"article:publisher\" content=\"https:\/\/www.facebook.com\/Games4All.ee\" \/>\n<meta property=\"article:modified_time\" content=\"2024-12-16T20:35:56+00:00\" \/>\n<meta property=\"og:image\" content=\"https:\/\/www.games4all.ee\/wp-content\/uploads\/2019\/07\/dixit-odiseja.png\" \/>\n\t<meta property=\"og:image:width\" content=\"800\" \/>\n\t<meta property=\"og:image:height\" content=\"800\" \/>\n\t<meta property=\"og:image:type\" content=\"image\/png\" \/>\n<meta name=\"twitter:card\" content=\"summary_large_image\" \/>\n<meta name=\"twitter:label1\" content=\"Est. reading time\" \/>\n\t<meta name=\"twitter:data1\" content=\"1 minut\" \/>\n<script type=\"application\/ld+json\" class=\"yoast-schema-graph\">{\"@context\":\"https:\/\/schema.org\",\"@graph\":[{\"@type\":[\"WebPage\",\"ItemPage\"],\"@id\":\"https:\/\/www.games4all.ee\/et\/toode\/dixit-odyssey\/\",\"url\":\"https:\/\/www.games4all.ee\/et\/toode\/dixit-odyssey\/\",\"name\":\"Dixit Od\u00fcsseia | Lauam\u00e4ngud | Parim m\u00e4ngu e-pood Eestis - Games4all\",\"isPartOf\":{\"@id\":\"https:\/\/www.games4all.ee\/et\/#website\"},\"primaryImageOfPage\":{\"@id\":\"https:\/\/www.games4all.ee\/et\/toode\/dixit-odyssey\/#primaryimage\"},\"image\":{\"@id\":\"https:\/\/www.games4all.ee\/et\/toode\/dixit-odyssey\/#primaryimage\"},\"thumbnailUrl\":\"https:\/\/www.games4all.ee\/wp-content\/uploads\/2019\/07\/dixit-odiseja.png\",\"datePublished\":\"2019-07-20T02:46:05+00:00\",\"dateModified\":\"2024-12-16T20:35:56+00:00\",\"description\":\"| Hind: 33\u20ac | Osta lauam\u00e4ng Dixit Odyssey veebipoest Games4all | Kiire kohaletoimetamine Omniva pakiautomaadiga!\",\"breadcrumb\":{\"@id\":\"https:\/\/www.games4all.ee\/et\/toode\/dixit-odyssey\/#breadcrumb\"},\"inLanguage\":\"et\",\"potentialAction\":[{\"@type\":\"ReadAction\",\"target\":[\"https:\/\/www.games4all.ee\/et\/toode\/dixit-odyssey\/\"]}]},{\"@type\":\"ImageObject\",\"inLanguage\":\"et\",\"@id\":\"https:\/\/www.games4all.ee\/et\/toode\/dixit-odyssey\/#primaryimage\",\"url\":\"https:\/\/www.games4all.ee\/wp-content\/uploads\/2019\/07\/dixit-odiseja.png\",\"contentUrl\":\"https:\/\/www.games4all.ee\/wp-content\/uploads\/2019\/07\/dixit-odiseja.png\",\"width\":800,\"height\":800,\"caption\":\"dixit_Od\u00fcsseia\"},{\"@type\":\"BreadcrumbList\",\"@id\":\"https:\/\/www.games4all.ee\/et\/toode\/dixit-odyssey\/#breadcrumb\",\"itemListElement\":[{\"@type\":\"ListItem\",\"position\":1,\"name\":\"\u0413\u043b\u0430\u0432\u043d\u0430\u044f \u0441\u0442\u0440\u0430\u043d\u0438\u0446\u0430\",\"item\":\"https:\/\/www.games4all.ee\/et\/\"},{\"@type\":\"ListItem\",\"position\":2,\"name\":\"M\u00e4ngude pood\",\"item\":\"https:\/\/www.games4all.ee\/et\/mangude-pood\/\"},{\"@type\":\"ListItem\",\"position\":3,\"name\":\"Dixit Od\u00fcsseia\"}]},{\"@type\":\"WebSite\",\"@id\":\"https:\/\/www.games4all.ee\/et\/#website\",\"url\":\"https:\/\/www.games4all.ee\/et\/\",\"name\":\"Games4all\",\"description\":\"Board games and more in Estonia\",\"publisher\":{\"@id\":\"https:\/\/www.games4all.ee\/et\/#organization\"},\"potentialAction\":[{\"@type\":\"SearchAction\",\"target\":{\"@type\":\"EntryPoint\",\"urlTemplate\":\"https:\/\/www.games4all.ee\/et\/?s={search_term_string}\"},\"query-input\":{\"@type\":\"PropertyValueSpecification\",\"valueRequired\":true,\"valueName\":\"search_term_string\"}}],\"inLanguage\":\"et\"},{\"@type\":\"Organization\",\"@id\":\"https:\/\/www.games4all.ee\/et\/#organization\",\"name\":\"Andan Group O\u00dc\",\"url\":\"https:\/\/www.games4all.ee\/et\/\",\"logo\":{\"@type\":\"ImageObject\",\"inLanguage\":\"et\",\"@id\":\"https:\/\/www.games4all.ee\/et\/#\/schema\/logo\/image\/\",\"url\":\"https:\/\/www.games4all.ee\/wp-content\/uploads\/2023\/07\/GAMES4ALL-LOGO-1.png\",\"contentUrl\":\"https:\/\/www.games4all.ee\/wp-content\/uploads\/2023\/07\/GAMES4ALL-LOGO-1.png\",\"width\":500,\"height\":500,\"caption\":\"Andan Group O\u00dc\"},\"image\":{\"@id\":\"https:\/\/www.games4all.ee\/et\/#\/schema\/logo\/image\/\"},\"sameAs\":[\"https:\/\/www.facebook.com\/Games4All.ee\"]}]}<\/script>\n<!-- \/ Yoast SEO plugin. -->","yoast_head_json":{"title":"Dixit Od\u00fcsseia | Lauam\u00e4ngud | Parim m\u00e4ngu e-pood Eestis - Games4all","description":"| Hind: 33\u20ac | Osta lauam\u00e4ng Dixit Odyssey veebipoest Games4all | Kiire kohaletoimetamine Omniva pakiautomaadiga!","robots":{"index":"index","follow":"follow","max-snippet":"max-snippet:-1","max-image-preview":"max-image-preview:large","max-video-preview":"max-video-preview:-1"},"canonical":"https:\/\/www.games4all.ee\/et\/toode\/dixit-odyssey\/","og_locale":"et_EE","og_type":"article","og_title":"Dixit Od\u00fcsseia | Lauam\u00e4ngud | Parim m\u00e4ngu e-pood Eestis - Games4all","og_description":"| Hind: 33\u20ac | Osta lauam\u00e4ng Dixit Odyssey veebipoest Games4all | Kiire kohaletoimetamine Omniva pakiautomaadiga!","og_url":"https:\/\/www.games4all.ee\/et\/toode\/dixit-odyssey\/","og_site_name":"Games4all","article_publisher":"https:\/\/www.facebook.com\/Games4All.ee","article_modified_time":"2024-12-16T20:35:56+00:00","og_image":[{"width":800,"height":800,"url":"https:\/\/www.games4all.ee\/wp-content\/uploads\/2019\/07\/dixit-odiseja.png","type":"image\/png"}],"twitter_card":"summary_large_image","twitter_misc":{"Est. reading time":"1 minut"},"schema":{"@context":"https:\/\/schema.org","@graph":[{"@type":["WebPage","ItemPage"],"@id":"https:\/\/www.games4all.ee\/et\/toode\/dixit-odyssey\/","url":"https:\/\/www.games4all.ee\/et\/toode\/dixit-odyssey\/","name":"Dixit Od\u00fcsseia | Lauam\u00e4ngud | Parim m\u00e4ngu e-pood Eestis - Games4all","isPartOf":{"@id":"https:\/\/www.games4all.ee\/et\/#website"},"primaryImageOfPage":{"@id":"https:\/\/www.games4all.ee\/et\/toode\/dixit-odyssey\/#primaryimage"},"image":{"@id":"https:\/\/www.games4all.ee\/et\/toode\/dixit-odyssey\/#primaryimage"},"thumbnailUrl":"https:\/\/www.games4all.ee\/wp-content\/uploads\/2019\/07\/dixit-odiseja.png","datePublished":"2019-07-20T02:46:05+00:00","dateModified":"2024-12-16T20:35:56+00:00","description":"| Hind: 33\u20ac | Osta lauam\u00e4ng Dixit Odyssey veebipoest Games4all | Kiire kohaletoimetamine Omniva pakiautomaadiga!","breadcrumb":{"@id":"https:\/\/www.games4all.ee\/et\/toode\/dixit-odyssey\/#breadcrumb"},"inLanguage":"et","potentialAction":[{"@type":"ReadAction","target":["https:\/\/www.games4all.ee\/et\/toode\/dixit-odyssey\/"]}]},{"@type":"ImageObject","inLanguage":"et","@id":"https:\/\/www.games4all.ee\/et\/toode\/dixit-odyssey\/#primaryimage","url":"https:\/\/www.games4all.ee\/wp-content\/uploads\/2019\/07\/dixit-odiseja.png","contentUrl":"https:\/\/www.games4all.ee\/wp-content\/uploads\/2019\/07\/dixit-odiseja.png","width":800,"height":800,"caption":"dixit_Od\u00fcsseia"},{"@type":"BreadcrumbList","@id":"https:\/\/www.games4all.ee\/et\/toode\/dixit-odyssey\/#breadcrumb","itemListElement":[{"@type":"ListItem","position":1,"name":"\u0413\u043b\u0430\u0432\u043d\u0430\u044f \u0441\u0442\u0440\u0430\u043d\u0438\u0446\u0430","item":"https:\/\/www.games4all.ee\/et\/"},{"@type":"ListItem","position":2,"name":"M\u00e4ngude pood","item":"https:\/\/www.games4all.ee\/et\/mangude-pood\/"},{"@type":"ListItem","position":3,"name":"Dixit Od\u00fcsseia"}]},{"@type":"WebSite","@id":"https:\/\/www.games4all.ee\/et\/#website","url":"https:\/\/www.games4all.ee\/et\/","name":"Games4all","description":"Board games and more in Estonia","publisher":{"@id":"https:\/\/www.games4all.ee\/et\/#organization"},"potentialAction":[{"@type":"SearchAction","target":{"@type":"EntryPoint","urlTemplate":"https:\/\/www.games4all.ee\/et\/?s={search_term_string}"},"query-input":{"@type":"PropertyValueSpecification","valueRequired":true,"valueName":"search_term_string"}}],"inLanguage":"et"},{"@type":"Organization","@id":"https:\/\/www.games4all.ee\/et\/#organization","name":"Andan Group O\u00dc","url":"https:\/\/www.games4all.ee\/et\/","logo":{"@type":"ImageObject","inLanguage":"et","@id":"https:\/\/www.games4all.ee\/et\/#\/schema\/logo\/image\/","url":"https:\/\/www.games4all.ee\/wp-content\/uploads\/2023\/07\/GAMES4ALL-LOGO-1.png","contentUrl":"https:\/\/www.games4all.ee\/wp-content\/uploads\/2023\/07\/GAMES4ALL-LOGO-1.png","width":500,"height":500,"caption":"Andan Group O\u00dc"},"image":{"@id":"https:\/\/www.games4all.ee\/et\/#\/schema\/logo\/image\/"},"sameAs":["https:\/\/www.facebook.com\/Games4All.ee"]}]}},"_links":{"self":[{"href":"https:\/\/www.games4all.ee\/et\/wp-json\/wp\/v2\/product\/187","targetHints":{"allow":["GET"]}}],"collection":[{"href":"https:\/\/www.games4all.ee\/et\/wp-json\/wp\/v2\/product"}],"about":[{"href":"https:\/\/www.games4all.ee\/et\/wp-json\/wp\/v2\/types\/product"}],"replies":[{"embeddable":true,"href":"https:\/\/www.games4all.ee\/et\/wp-json\/wp\/v2\/comments?post=187"}],"wp:featuredmedia":[{"embeddable":true,"href":"https:\/\/www.games4all.ee\/et\/wp-json\/wp\/v2\/media\/168"}],"wp:attachment":[{"href":"https:\/\/www.games4all.ee\/et\/wp-json\/wp\/v2\/media?parent=187"}],"wp:term":[{"taxonomy":"product_brand","embeddable":true,"href":"https:\/\/www.games4all.ee\/et\/wp-json\/wp\/v2\/product_brand?post=187"},{"taxonomy":"product_cat","embeddable":true,"href":"https:\/\/www.games4all.ee\/et\/wp-json\/wp\/v2\/product_cat?post=187"},{"taxonomy":"product_tag","embeddable":true,"href":"https:\/\/www.games4all.ee\/et\/wp-json\/wp\/v2\/product_tag?post=187"}],"curies":[{"name":"wp","href":"https:\/\/api.w.org\/{rel}","templated":true}]}}