{"id":1639,"date":"2021-02-16T17:12:16","date_gmt":"2021-02-16T15:17:58","guid":{"rendered":"https:\/\/www.games4all.ee\/product\/koodinimed\/"},"modified":"2023-11-03T09:10:44","modified_gmt":"2023-11-03T07:10:44","slug":"codenames-estonian","status":"publish","type":"product","link":"https:\/\/www.games4all.ee\/et\/toode\/codenames-estonian\/","title":{"rendered":"Koodinimed"},"content":{"rendered":"<p>Lauam\u00e4ng, mis paiskus v\u00e4lkkiirelt populaarsete m\u00e4ngude tippu. V\u00f5ib-olla saab sellest teie ettev\u00f5tte lemmikm\u00e4ng? See on mitmek\u00fclgne, erutab ja \u00e4ratab l\u00e4rmakas s\u00f5prade seltskonnas elevust v\u00f5i mitmekesistab originaalsel viisil pere\u00f5htut.<\/p>\n<p>Reeglid on lihtsad: vaja on kahte meeskonda ja kahte kaptenit, kelle eesm\u00e4rk on leida kaardil olevate koodnimede alt v\u00f5imalikult kiiresti oma agendid.<br \/>\nAgendi nime n\u00e4eb ainult kapten. Ta teeb \u00fches\u00f5nalise vihje, mis \u00fchendab v\u00e4ljakul mitu kaarti, ja n\u00e4itab, mitu s\u00f5na ta \u00fchendas. M\u00e4ngijad \u00fcritavad oma meeskonna s\u00f5nu \u00e4ra arvata, v\u00e4ltides samas vastastele kuuluvaid kaarte. Hoiduge kohtumisest tapjaga, kelle kaart on ka v\u00e4ljakul.<\/p>\n<p>M\u00e4ngu &#8220;Koodinimed&#8221; asemel muutke monotoonne vaba aja veetmine uueks meelelahutuseks!<\/p>\n<p>M\u00e4ngijate arv: 2-8 + \/<br \/>\nkonkurentsiv\u00f5imeline m\u00e4ngijate arv: 4-8 +<br \/>\nVanus: 10+<br \/>\nM\u00e4ngu kestus: 15 min.<\/p>\n<p>Tuletame meelde, et ostes meilt m\u00e4ngu &#8220;Codenames&#8221;, saate automaatselt meeldivaid boonuseid, n\u00e4iteks:<\/p>\n<p>&#8211; Kiire kohaletoimetamine <a href=\"https:\/\/www.omniva.ee\">Omniva<\/a> v\u00f5i Smartposti pakiautomaadiga<br \/>\n&#8211; Kvaliteedi tagamine<br \/>\n&#8211; <a href=\"https:\/\/www.games4all.ee\/terms-of-sales\/\">V\u00f5imalus<\/a> naasta 14 p\u00e4eva jooksul p\u00e4rast k\u00e4ttesaamist<br \/>\n&#8211; Tarne 3-7 t\u00f6\u00f6p\u00e4eva jooksul.<\/p>\n","protected":false},"excerpt":{"rendered":"<h2>M\u00e4ngu &#8220;Koodinimed&#8221; asemel muutke monotoonne vaba aja veetmine uueks meelelahutuseks!<\/h2>\n<h2>M\u00e4ngijate arv: 2-8 + \/<br \/>\nkonkurentsiv\u00f5imeline m\u00e4ngijate arv: 4-8 +<br \/>\nVanus: 10+<br \/>\nM\u00e4ngu kestus: 15 min.<\/h2>\n","protected":false},"featured_media":1567,"comment_status":"open","ping_status":"closed","template":"","meta":{"om_disable_all_campaigns":false,"site-sidebar-layout":"default","site-content-layout":"","ast-site-content-layout":"default","site-content-style":"default","site-sidebar-style":"default","ast-global-header-display":"","ast-banner-title-visibility":"","ast-main-header-display":"","ast-hfb-above-header-display":"","ast-hfb-below-header-display":"","ast-hfb-mobile-header-display":"","site-post-title":"","ast-breadcrumbs-content":"","ast-featured-img":"","footer-sml-layout":"","ast-disable-related-posts":"","theme-transparent-header-meta":"default","adv-header-id-meta":"","stick-header-meta":"","header-above-stick-meta":"","header-main-stick-meta":"","header-below-stick-meta":"","astra-migrate-meta-layouts":"default","ast-page-background-enabled":"default","ast-page-background-meta":{"desktop":{"background-color":"var(--ast-global-color-4)","background-image":"","background-repeat":"repeat","background-position":"center center","background-size":"auto","background-attachment":"scroll","background-type":"","background-media":"","overlay-type":"","overlay-color":"","overlay-opacity":"","overlay-gradient":""},"tablet":{"background-color":"","background-image":"","background-repeat":"repeat","background-position":"center center","background-size":"auto","background-attachment":"scroll","background-type":"","background-media":"","overlay-type":"","overlay-color":"","overlay-opacity":"","overlay-gradient":""},"mobile":{"background-color":"","background-image":"","background-repeat":"repeat","background-position":"center center","background-size":"auto","background-attachment":"scroll","background-type":"","background-media":"","overlay-type":"","overlay-color":"","overlay-opacity":"","overlay-gradient":""}},"ast-content-background-meta":{"desktop":{"background-color":"var(--ast-global-color-5)","background-image":"","background-repeat":"repeat","background-position":"center center","background-size":"auto","background-attachment":"scroll","background-type":"","background-media":"","overlay-type":"","overlay-color":"","overlay-opacity":"","overlay-gradient":""},"tablet":{"background-color":"var(--ast-global-color-5)","background-image":"","background-repeat":"repeat","background-position":"center center","background-size":"auto","background-attachment":"scroll","background-type":"","background-media":"","overlay-type":"","overlay-color":"","overlay-opacity":"","overlay-gradient":""},"mobile":{"background-color":"var(--ast-global-color-5)","background-image":"","background-repeat":"repeat","background-position":"center center","background-size":"auto","background-attachment":"scroll","background-type":"","background-media":"","overlay-type":"","overlay-color":"","overlay-opacity":"","overlay-gradient":""}}},"product_brand":[],"product_cat":[42],"product_tag":[109],"class_list":{"0":"post-1639","1":"product","2":"type-product","3":"status-publish","4":"has-post-thumbnail","6":"product_cat-lauamangud","7":"product_tag-uus","8":"desktop-align-center","9":"tablet-align-left","10":"mobile-align-center","12":"first","13":"instock","14":"sale","15":"taxable","16":"shipping-taxable","17":"purchasable","18":"product-type-simple"},"yoast_head":"<!-- This site is optimized with the Yoast SEO plugin v27.2 - https:\/\/yoast.com\/product\/yoast-seo-wordpress\/ -->\n<title>Koodinimed | Lauam\u00e4ngud | Saatmine sisaldub - Games4all<\/title>\n<meta name=\"description\" content=\"| Hind: 21,95\u20ac | Osta lauam\u00e4ng Koodinimed lauam\u00e4ngude veebipoest Games4all Kiire kohaletoimetamine Omniva pakiautomaadiga!\" \/>\n<meta name=\"robots\" content=\"index, follow, max-snippet:-1, max-image-preview:large, max-video-preview:-1\" \/>\n<link rel=\"canonical\" href=\"https:\/\/www.games4all.ee\/toode\/codenames-estonian\/\" \/>\n<meta property=\"og:locale\" content=\"et_EE\" \/>\n<meta property=\"og:type\" content=\"article\" \/>\n<meta property=\"og:title\" content=\"Koodinimed | Lauam\u00e4ngud | Saatmine sisaldub - Games4all\" \/>\n<meta property=\"og:description\" content=\"| Hind: 21,95\u20ac | Osta lauam\u00e4ng Koodinimed lauam\u00e4ngude veebipoest Games4all Kiire kohaletoimetamine Omniva pakiautomaadiga!\" \/>\n<meta property=\"og:url\" content=\"https:\/\/www.games4all.ee\/toode\/codenames-estonian\/\" \/>\n<meta property=\"og:site_name\" content=\"Games4all\" \/>\n<meta property=\"article:publisher\" content=\"https:\/\/www.facebook.com\/Games4All.ee\" \/>\n<meta property=\"article:modified_time\" content=\"2023-11-03T07:10:44+00:00\" \/>\n<meta property=\"og:image\" content=\"https:\/\/www.games4all.ee\/wp-content\/uploads\/2021\/02\/PhotoRoom_20210203_121015-768x1024.png\" \/>\n\t<meta property=\"og:image:width\" content=\"768\" \/>\n\t<meta property=\"og:image:height\" content=\"1024\" \/>\n\t<meta property=\"og:image:type\" content=\"image\/png\" \/>\n<meta name=\"twitter:card\" content=\"summary_large_image\" \/>\n<meta name=\"twitter:label1\" content=\"Est. reading time\" \/>\n\t<meta name=\"twitter:data1\" content=\"1 minut\" \/>\n<script type=\"application\/ld+json\" class=\"yoast-schema-graph\">{\"@context\":\"https:\/\/schema.org\",\"@graph\":[{\"@type\":[\"WebPage\",\"ItemPage\"],\"@id\":\"https:\/\/www.games4all.ee\/toode\/codenames-estonian\/\",\"url\":\"https:\/\/www.games4all.ee\/toode\/codenames-estonian\/\",\"name\":\"Koodinimed | Lauam\u00e4ngud | Saatmine sisaldub - Games4all\",\"isPartOf\":{\"@id\":\"https:\/\/www.games4all.ee\/et\/#website\"},\"primaryImageOfPage\":{\"@id\":\"https:\/\/www.games4all.ee\/toode\/codenames-estonian\/#primaryimage\"},\"image\":{\"@id\":\"https:\/\/www.games4all.ee\/toode\/codenames-estonian\/#primaryimage\"},\"thumbnailUrl\":\"https:\/\/www.games4all.ee\/wp-content\/uploads\/2021\/02\/PhotoRoom_20210203_121015.png\",\"datePublished\":\"2021-02-16T15:17:58+00:00\",\"dateModified\":\"2023-11-03T07:10:44+00:00\",\"description\":\"| Hind: 21,95\u20ac | Osta lauam\u00e4ng Koodinimed lauam\u00e4ngude veebipoest Games4all Kiire kohaletoimetamine Omniva pakiautomaadiga!\",\"breadcrumb\":{\"@id\":\"https:\/\/www.games4all.ee\/toode\/codenames-estonian\/#breadcrumb\"},\"inLanguage\":\"et\",\"potentialAction\":[{\"@type\":\"ReadAction\",\"target\":[\"https:\/\/www.games4all.ee\/toode\/codenames-estonian\/\"]}]},{\"@type\":\"ImageObject\",\"inLanguage\":\"et\",\"@id\":\"https:\/\/www.games4all.ee\/toode\/codenames-estonian\/#primaryimage\",\"url\":\"https:\/\/www.games4all.ee\/wp-content\/uploads\/2021\/02\/PhotoRoom_20210203_121015.png\",\"contentUrl\":\"https:\/\/www.games4all.ee\/wp-content\/uploads\/2021\/02\/PhotoRoom_20210203_121015.png\",\"width\":1512,\"height\":2016,\"caption\":\"Codenames_Games4All\"},{\"@type\":\"BreadcrumbList\",\"@id\":\"https:\/\/www.games4all.ee\/toode\/codenames-estonian\/#breadcrumb\",\"itemListElement\":[{\"@type\":\"ListItem\",\"position\":1,\"name\":\"\u0413\u043b\u0430\u0432\u043d\u0430\u044f \u0441\u0442\u0440\u0430\u043d\u0438\u0446\u0430\",\"item\":\"https:\/\/www.games4all.ee\/et\/\"},{\"@type\":\"ListItem\",\"position\":2,\"name\":\"M\u00e4ngude pood\",\"item\":\"https:\/\/www.games4all.ee\/et\/mangude-pood\/\"},{\"@type\":\"ListItem\",\"position\":3,\"name\":\"Koodinimed\"}]},{\"@type\":\"WebSite\",\"@id\":\"https:\/\/www.games4all.ee\/et\/#website\",\"url\":\"https:\/\/www.games4all.ee\/et\/\",\"name\":\"Games4all\",\"description\":\"Board games and more in Estonia\",\"publisher\":{\"@id\":\"https:\/\/www.games4all.ee\/et\/#organization\"},\"potentialAction\":[{\"@type\":\"SearchAction\",\"target\":{\"@type\":\"EntryPoint\",\"urlTemplate\":\"https:\/\/www.games4all.ee\/et\/?s={search_term_string}\"},\"query-input\":{\"@type\":\"PropertyValueSpecification\",\"valueRequired\":true,\"valueName\":\"search_term_string\"}}],\"inLanguage\":\"et\"},{\"@type\":\"Organization\",\"@id\":\"https:\/\/www.games4all.ee\/et\/#organization\",\"name\":\"Andan Group O\u00dc\",\"url\":\"https:\/\/www.games4all.ee\/et\/\",\"logo\":{\"@type\":\"ImageObject\",\"inLanguage\":\"et\",\"@id\":\"https:\/\/www.games4all.ee\/et\/#\/schema\/logo\/image\/\",\"url\":\"https:\/\/www.games4all.ee\/wp-content\/uploads\/2023\/07\/GAMES4ALL-LOGO-1.png\",\"contentUrl\":\"https:\/\/www.games4all.ee\/wp-content\/uploads\/2023\/07\/GAMES4ALL-LOGO-1.png\",\"width\":500,\"height\":500,\"caption\":\"Andan Group O\u00dc\"},\"image\":{\"@id\":\"https:\/\/www.games4all.ee\/et\/#\/schema\/logo\/image\/\"},\"sameAs\":[\"https:\/\/www.facebook.com\/Games4All.ee\"]}]}<\/script>\n<!-- \/ Yoast SEO plugin. -->","yoast_head_json":{"title":"Koodinimed | Lauam\u00e4ngud | Saatmine sisaldub - Games4all","description":"| Hind: 21,95\u20ac | Osta lauam\u00e4ng Koodinimed lauam\u00e4ngude veebipoest Games4all Kiire kohaletoimetamine Omniva pakiautomaadiga!","robots":{"index":"index","follow":"follow","max-snippet":"max-snippet:-1","max-image-preview":"max-image-preview:large","max-video-preview":"max-video-preview:-1"},"canonical":"https:\/\/www.games4all.ee\/toode\/codenames-estonian\/","og_locale":"et_EE","og_type":"article","og_title":"Koodinimed | Lauam\u00e4ngud | Saatmine sisaldub - Games4all","og_description":"| Hind: 21,95\u20ac | Osta lauam\u00e4ng Koodinimed lauam\u00e4ngude veebipoest Games4all Kiire kohaletoimetamine Omniva pakiautomaadiga!","og_url":"https:\/\/www.games4all.ee\/toode\/codenames-estonian\/","og_site_name":"Games4all","article_publisher":"https:\/\/www.facebook.com\/Games4All.ee","article_modified_time":"2023-11-03T07:10:44+00:00","og_image":[{"width":768,"height":1024,"url":"https:\/\/www.games4all.ee\/wp-content\/uploads\/2021\/02\/PhotoRoom_20210203_121015-768x1024.png","type":"image\/png"}],"twitter_card":"summary_large_image","twitter_misc":{"Est. reading time":"1 minut"},"schema":{"@context":"https:\/\/schema.org","@graph":[{"@type":["WebPage","ItemPage"],"@id":"https:\/\/www.games4all.ee\/toode\/codenames-estonian\/","url":"https:\/\/www.games4all.ee\/toode\/codenames-estonian\/","name":"Koodinimed | Lauam\u00e4ngud | Saatmine sisaldub - Games4all","isPartOf":{"@id":"https:\/\/www.games4all.ee\/et\/#website"},"primaryImageOfPage":{"@id":"https:\/\/www.games4all.ee\/toode\/codenames-estonian\/#primaryimage"},"image":{"@id":"https:\/\/www.games4all.ee\/toode\/codenames-estonian\/#primaryimage"},"thumbnailUrl":"https:\/\/www.games4all.ee\/wp-content\/uploads\/2021\/02\/PhotoRoom_20210203_121015.png","datePublished":"2021-02-16T15:17:58+00:00","dateModified":"2023-11-03T07:10:44+00:00","description":"| Hind: 21,95\u20ac | Osta lauam\u00e4ng Koodinimed lauam\u00e4ngude veebipoest Games4all Kiire kohaletoimetamine Omniva pakiautomaadiga!","breadcrumb":{"@id":"https:\/\/www.games4all.ee\/toode\/codenames-estonian\/#breadcrumb"},"inLanguage":"et","potentialAction":[{"@type":"ReadAction","target":["https:\/\/www.games4all.ee\/toode\/codenames-estonian\/"]}]},{"@type":"ImageObject","inLanguage":"et","@id":"https:\/\/www.games4all.ee\/toode\/codenames-estonian\/#primaryimage","url":"https:\/\/www.games4all.ee\/wp-content\/uploads\/2021\/02\/PhotoRoom_20210203_121015.png","contentUrl":"https:\/\/www.games4all.ee\/wp-content\/uploads\/2021\/02\/PhotoRoom_20210203_121015.png","width":1512,"height":2016,"caption":"Codenames_Games4All"},{"@type":"BreadcrumbList","@id":"https:\/\/www.games4all.ee\/toode\/codenames-estonian\/#breadcrumb","itemListElement":[{"@type":"ListItem","position":1,"name":"\u0413\u043b\u0430\u0432\u043d\u0430\u044f \u0441\u0442\u0440\u0430\u043d\u0438\u0446\u0430","item":"https:\/\/www.games4all.ee\/et\/"},{"@type":"ListItem","position":2,"name":"M\u00e4ngude pood","item":"https:\/\/www.games4all.ee\/et\/mangude-pood\/"},{"@type":"ListItem","position":3,"name":"Koodinimed"}]},{"@type":"WebSite","@id":"https:\/\/www.games4all.ee\/et\/#website","url":"https:\/\/www.games4all.ee\/et\/","name":"Games4all","description":"Board games and more in Estonia","publisher":{"@id":"https:\/\/www.games4all.ee\/et\/#organization"},"potentialAction":[{"@type":"SearchAction","target":{"@type":"EntryPoint","urlTemplate":"https:\/\/www.games4all.ee\/et\/?s={search_term_string}"},"query-input":{"@type":"PropertyValueSpecification","valueRequired":true,"valueName":"search_term_string"}}],"inLanguage":"et"},{"@type":"Organization","@id":"https:\/\/www.games4all.ee\/et\/#organization","name":"Andan Group O\u00dc","url":"https:\/\/www.games4all.ee\/et\/","logo":{"@type":"ImageObject","inLanguage":"et","@id":"https:\/\/www.games4all.ee\/et\/#\/schema\/logo\/image\/","url":"https:\/\/www.games4all.ee\/wp-content\/uploads\/2023\/07\/GAMES4ALL-LOGO-1.png","contentUrl":"https:\/\/www.games4all.ee\/wp-content\/uploads\/2023\/07\/GAMES4ALL-LOGO-1.png","width":500,"height":500,"caption":"Andan Group O\u00dc"},"image":{"@id":"https:\/\/www.games4all.ee\/et\/#\/schema\/logo\/image\/"},"sameAs":["https:\/\/www.facebook.com\/Games4All.ee"]}]}},"_links":{"self":[{"href":"https:\/\/www.games4all.ee\/et\/wp-json\/wp\/v2\/product\/1639","targetHints":{"allow":["GET"]}}],"collection":[{"href":"https:\/\/www.games4all.ee\/et\/wp-json\/wp\/v2\/product"}],"about":[{"href":"https:\/\/www.games4all.ee\/et\/wp-json\/wp\/v2\/types\/product"}],"replies":[{"embeddable":true,"href":"https:\/\/www.games4all.ee\/et\/wp-json\/wp\/v2\/comments?post=1639"}],"wp:featuredmedia":[{"embeddable":true,"href":"https:\/\/www.games4all.ee\/et\/wp-json\/wp\/v2\/media\/1567"}],"wp:attachment":[{"href":"https:\/\/www.games4all.ee\/et\/wp-json\/wp\/v2\/media?parent=1639"}],"wp:term":[{"taxonomy":"product_brand","embeddable":true,"href":"https:\/\/www.games4all.ee\/et\/wp-json\/wp\/v2\/product_brand?post=1639"},{"taxonomy":"product_cat","embeddable":true,"href":"https:\/\/www.games4all.ee\/et\/wp-json\/wp\/v2\/product_cat?post=1639"},{"taxonomy":"product_tag","embeddable":true,"href":"https:\/\/www.games4all.ee\/et\/wp-json\/wp\/v2\/product_tag?post=1639"}],"curies":[{"name":"wp","href":"https:\/\/api.w.org\/{rel}","templated":true}]}}