{"id":1590,"date":"2021-02-10T11:59:52","date_gmt":"2021-02-10T09:59:52","guid":{"rendered":"https:\/\/www.games4all.ee\/?post_type=product&#038;p=1590"},"modified":"2025-11-23T15:05:53","modified_gmt":"2025-11-23T13:05:53","slug":"ainult-uks","status":"publish","type":"product","link":"https:\/\/www.games4all.ee\/et\/toode\/ainult-uks\/","title":{"rendered":"Ainult \u00fcks"},"content":{"rendered":"<p data-start=\"179\" data-end=\"614\">\u201e<strong data-start=\"208\" data-end=\"222\">Ainult \u00dcks<\/strong>&#8221; on geniaalselt lihtne ja metsikult meelelahutuslik koost\u00f6\u00f6p\u00f5hine <strong data-start=\"284\" data-end=\"298\">lauam\u00e4ng<\/strong>, mis sobib ideaalselt peredele, s\u00f5pruskondadele ja seltskondadele \u00fcle <strong data-start=\"354\" data-end=\"365\">Eesti <\/strong> ja <strong data-start=\"370\" data-end=\"381\">Tallinna<\/strong>. Selles nutikas s\u00f5naarvamisseikluses t\u00f6\u00f6tavad k\u00f5ik koos, et aidata \u00fchel m\u00e4ngijal \u00e4ra arvata salas\u00f5na \u2013 kasutades igalt meeskonnakaaslaselt ainult <em data-start=\"497\" data-end=\"502\">\u00fchte<\/em> unikaalset vihjet. Aga siin on \u00fcks keerdk\u00e4ik: kui kaks m\u00e4ngijat kirjutavad sama vihje, siis m\u00f5lemad langevad v\u00e4lja!<\/p>\n<p data-start=\"616\" data-end=\"1076\">See l\u00f5bus pinge loovuse ja meeskonnat\u00f6\u00f6 vahel muudab \u201eAinult \u00fcks\u2019i\u201c l\u00f5putult korduvm\u00e4ngitavaks. Iga voor muutub m\u00e4nguliseks v\u00e4ljakutseks, mis on t\u00e4is naeru, \u00fcllatusi ja nutikat m\u00f5tlemist. M\u00e4ng on \u00fclikiire \u00f5pitav, lihtne \u00fcles seada ning ideaalne nii algajatele kui ka kogenud lauam\u00e4nguf\u00e4nnidele. Olenemata sellest, kas korraldad pidu <strong data-start=\"944\" data-end=\"955\">Tallinnas<\/strong>, veedad aega s\u00f5pradega v\u00f5i otsid kiiret ja kaasahaaravat peretegevust, pakub \u201eAinult \u00fcks\u201c kohest elevust.   <\/p>\n<p data-start=\"1078\" data-end=\"1302\">Selle koost\u00f6\u00f6aldis iseloom teeb selle ideaalseks ka segavanuses gruppidele \u2013 k\u00f5ik panustavad, k\u00f5ik naeravad ja k\u00f5ik v\u00f5idavad koos. Vaid 20 minutiga m\u00e4ngu kohta on see suurep\u00e4rane valik soojenduseks, m\u00e4ngu\u00f5htuteks v\u00f5i reisimiseks. <\/p>\n<ul>\n<li data-start=\"1078\" data-end=\"1302\">M\u00e4ngu kestus: 20 min<\/li>\n<li data-start=\"1078\" data-end=\"1302\">M\u00e4ngijate arv: 3-7<\/li>\n<li data-start=\"1078\" data-end=\"1302\">Vanus: 8+<\/li>\n<\/ul>\n<p>Tuletame teile meelde, et meilt m\u00e4ngu \u201eAinult \u00fcks\u201c ostmisel saate boonuseid, n\u00e4iteks:<\/p>\n<ul>\n<li>Kiire kohaletoimetamine <a href=\"https:\/\/www.omniva.ee\">Omniva <\/a> v\u00f5i Smartposti pakiautomaadiga<\/li>\n<li>Kvaliteedi garantii<\/li>\n<li><a href=\"https:\/\/www.games4all.ee\/et\/muugitingimused\/\">Tagastamise <\/a> v\u00f5imalus 14 p\u00e4eva jooksul p\u00e4rast k\u00e4ttesaamist<\/li>\n<li>Kauba kohaletoimetamine 3-7 toopaeva jooksul.<\/li>\n<\/ul>\n","protected":false},"excerpt":{"rendered":"<h2>Ainult \u00fcks \u2013 l\u00f5bus ja kiire lauam\u00e4ng nutikaks s\u00f5nam\u00e4nguks Eestis ja Tallinnas!<\/h2>\n<ul>\n<li>Aeg = 20 minutit<\/li>\n<li>M\u00e4ngijaid = 3\u20137<\/li>\n<li>Vanus = 8+<\/li>\n<\/ul>\n","protected":false},"featured_media":1493,"comment_status":"open","ping_status":"closed","template":"","meta":{"om_disable_all_campaigns":false,"site-sidebar-layout":"default","site-content-layout":"","ast-site-content-layout":"default","site-content-style":"default","site-sidebar-style":"default","ast-global-header-display":"","ast-banner-title-visibility":"","ast-main-header-display":"","ast-hfb-above-header-display":"","ast-hfb-below-header-display":"","ast-hfb-mobile-header-display":"","site-post-title":"","ast-breadcrumbs-content":"","ast-featured-img":"","footer-sml-layout":"","ast-disable-related-posts":"","theme-transparent-header-meta":"default","adv-header-id-meta":"","stick-header-meta":"","header-above-stick-meta":"","header-main-stick-meta":"","header-below-stick-meta":"","astra-migrate-meta-layouts":"set","ast-page-background-enabled":"default","ast-page-background-meta":{"desktop":{"background-color":"var(--ast-global-color-4)","background-image":"","background-repeat":"repeat","background-position":"center center","background-size":"auto","background-attachment":"scroll","background-type":"","background-media":"","overlay-type":"","overlay-color":"","overlay-opacity":"","overlay-gradient":""},"tablet":{"background-color":"","background-image":"","background-repeat":"repeat","background-position":"center center","background-size":"auto","background-attachment":"scroll","background-type":"","background-media":"","overlay-type":"","overlay-color":"","overlay-opacity":"","overlay-gradient":""},"mobile":{"background-color":"","background-image":"","background-repeat":"repeat","background-position":"center center","background-size":"auto","background-attachment":"scroll","background-type":"","background-media":"","overlay-type":"","overlay-color":"","overlay-opacity":"","overlay-gradient":""}},"ast-content-background-meta":{"desktop":{"background-color":"var(--ast-global-color-5)","background-image":"","background-repeat":"repeat","background-position":"center center","background-size":"auto","background-attachment":"scroll","background-type":"","background-media":"","overlay-type":"","overlay-color":"","overlay-opacity":"","overlay-gradient":""},"tablet":{"background-color":"var(--ast-global-color-5)","background-image":"","background-repeat":"repeat","background-position":"center center","background-size":"auto","background-attachment":"scroll","background-type":"","background-media":"","overlay-type":"","overlay-color":"","overlay-opacity":"","overlay-gradient":""},"mobile":{"background-color":"var(--ast-global-color-5)","background-image":"","background-repeat":"repeat","background-position":"center center","background-size":"auto","background-attachment":"scroll","background-type":"","background-media":"","overlay-type":"","overlay-color":"","overlay-opacity":"","overlay-gradient":""}}},"product_brand":[],"product_cat":[42],"product_tag":[],"class_list":{"0":"post-1590","1":"product","2":"type-product","3":"status-publish","4":"has-post-thumbnail","6":"product_cat-lauamangud","7":"desktop-align-center","8":"tablet-align-left","9":"mobile-align-center","11":"first","12":"instock","13":"sale","14":"purchasable","15":"product-type-simple"},"yoast_head":"<!-- This site is optimized with the Yoast SEO plugin v27.2 - https:\/\/yoast.com\/product\/yoast-seo-wordpress\/ -->\n<title>Ainult \u00fcks | Parim lauam\u00e4ngude pood Eesti | Tallinn - Games4all<\/title>\n<meta name=\"description\" content=\"Ainult \u00fcks | Hind: 25,99\u20ac | Osta Interneti-lauam\u00e4ngude poest Just One lauam\u00e4ng. Kiire kohaletoimetamine pakiautomaadiga | Games4all\" \/>\n<meta name=\"robots\" content=\"index, follow, max-snippet:-1, max-image-preview:large, max-video-preview:-1\" \/>\n<link rel=\"canonical\" href=\"https:\/\/www.games4all.ee\/et\/toode\/ainult-uks\/\" \/>\n<meta property=\"og:locale\" content=\"et_EE\" \/>\n<meta property=\"og:type\" content=\"article\" \/>\n<meta property=\"og:title\" content=\"Ainult \u00fcks | Parim lauam\u00e4ngude pood Eesti | Tallinn - Games4all\" \/>\n<meta property=\"og:description\" content=\"Ainult \u00fcks | Hind: 25,99\u20ac | Osta Interneti-lauam\u00e4ngude poest Just One lauam\u00e4ng. Kiire kohaletoimetamine pakiautomaadiga | Games4all\" \/>\n<meta property=\"og:url\" content=\"https:\/\/www.games4all.ee\/et\/toode\/ainult-uks\/\" \/>\n<meta property=\"og:site_name\" content=\"Games4all\" \/>\n<meta property=\"article:publisher\" content=\"https:\/\/www.facebook.com\/Games4All.ee\" \/>\n<meta property=\"article:modified_time\" content=\"2025-11-23T13:05:53+00:00\" \/>\n<meta property=\"og:image\" content=\"https:\/\/www.games4all.ee\/wp-content\/uploads\/2021\/02\/PhotoRoom_20210203_120336-768x1024.png\" \/>\n\t<meta property=\"og:image:width\" content=\"768\" \/>\n\t<meta property=\"og:image:height\" content=\"1024\" \/>\n\t<meta property=\"og:image:type\" content=\"image\/png\" \/>\n<meta name=\"twitter:card\" content=\"summary_large_image\" \/>\n<meta name=\"twitter:label1\" content=\"Est. reading time\" \/>\n\t<meta name=\"twitter:data1\" content=\"1 minut\" \/>\n<script type=\"application\/ld+json\" class=\"yoast-schema-graph\">{\"@context\":\"https:\/\/schema.org\",\"@graph\":[{\"@type\":[\"WebPage\",\"ItemPage\"],\"@id\":\"https:\/\/www.games4all.ee\/et\/toode\/ainult-uks\/\",\"url\":\"https:\/\/www.games4all.ee\/et\/toode\/ainult-uks\/\",\"name\":\"Ainult \u00fcks | Parim lauam\u00e4ngude pood Eesti | Tallinn - Games4all\",\"isPartOf\":{\"@id\":\"https:\/\/www.games4all.ee\/et\/#website\"},\"primaryImageOfPage\":{\"@id\":\"https:\/\/www.games4all.ee\/et\/toode\/ainult-uks\/#primaryimage\"},\"image\":{\"@id\":\"https:\/\/www.games4all.ee\/et\/toode\/ainult-uks\/#primaryimage\"},\"thumbnailUrl\":\"https:\/\/www.games4all.ee\/wp-content\/uploads\/2021\/02\/PhotoRoom_20210203_120336.png\",\"datePublished\":\"2021-02-10T09:59:52+00:00\",\"dateModified\":\"2025-11-23T13:05:53+00:00\",\"description\":\"Ainult \u00fcks | Hind: 25,99\u20ac | Osta Interneti-lauam\u00e4ngude poest Just One lauam\u00e4ng. Kiire kohaletoimetamine pakiautomaadiga | Games4all\",\"breadcrumb\":{\"@id\":\"https:\/\/www.games4all.ee\/et\/toode\/ainult-uks\/#breadcrumb\"},\"inLanguage\":\"et\",\"potentialAction\":[{\"@type\":\"ReadAction\",\"target\":[\"https:\/\/www.games4all.ee\/et\/toode\/ainult-uks\/\"]}]},{\"@type\":\"ImageObject\",\"inLanguage\":\"et\",\"@id\":\"https:\/\/www.games4all.ee\/et\/toode\/ainult-uks\/#primaryimage\",\"url\":\"https:\/\/www.games4all.ee\/wp-content\/uploads\/2021\/02\/PhotoRoom_20210203_120336.png\",\"contentUrl\":\"https:\/\/www.games4all.ee\/wp-content\/uploads\/2021\/02\/PhotoRoom_20210203_120336.png\",\"width\":1512,\"height\":2016,\"caption\":\"Eesti lauam\u00e4ngu \u201cAinult \u00dcks\u201d karp v\u00e4rvilise kolmnurkse kujundusega, peom\u00e4ngu auhinnam\u00e4rgiga, m\u00fc\u00fcgil Eestis ja Tallinnas.\"},{\"@type\":\"BreadcrumbList\",\"@id\":\"https:\/\/www.games4all.ee\/et\/toode\/ainult-uks\/#breadcrumb\",\"itemListElement\":[{\"@type\":\"ListItem\",\"position\":1,\"name\":\"\u0413\u043b\u0430\u0432\u043d\u0430\u044f \u0441\u0442\u0440\u0430\u043d\u0438\u0446\u0430\",\"item\":\"https:\/\/www.games4all.ee\/et\/\"},{\"@type\":\"ListItem\",\"position\":2,\"name\":\"M\u00e4ngude pood\",\"item\":\"https:\/\/www.games4all.ee\/et\/mangude-pood\/\"},{\"@type\":\"ListItem\",\"position\":3,\"name\":\"Ainult \u00fcks\"}]},{\"@type\":\"WebSite\",\"@id\":\"https:\/\/www.games4all.ee\/et\/#website\",\"url\":\"https:\/\/www.games4all.ee\/et\/\",\"name\":\"Games4all\",\"description\":\"Board games and more in Estonia\",\"publisher\":{\"@id\":\"https:\/\/www.games4all.ee\/et\/#organization\"},\"potentialAction\":[{\"@type\":\"SearchAction\",\"target\":{\"@type\":\"EntryPoint\",\"urlTemplate\":\"https:\/\/www.games4all.ee\/et\/?s={search_term_string}\"},\"query-input\":{\"@type\":\"PropertyValueSpecification\",\"valueRequired\":true,\"valueName\":\"search_term_string\"}}],\"inLanguage\":\"et\"},{\"@type\":\"Organization\",\"@id\":\"https:\/\/www.games4all.ee\/et\/#organization\",\"name\":\"Andan Group O\u00dc\",\"url\":\"https:\/\/www.games4all.ee\/et\/\",\"logo\":{\"@type\":\"ImageObject\",\"inLanguage\":\"et\",\"@id\":\"https:\/\/www.games4all.ee\/et\/#\/schema\/logo\/image\/\",\"url\":\"https:\/\/www.games4all.ee\/wp-content\/uploads\/2023\/07\/GAMES4ALL-LOGO-1.png\",\"contentUrl\":\"https:\/\/www.games4all.ee\/wp-content\/uploads\/2023\/07\/GAMES4ALL-LOGO-1.png\",\"width\":500,\"height\":500,\"caption\":\"Andan Group O\u00dc\"},\"image\":{\"@id\":\"https:\/\/www.games4all.ee\/et\/#\/schema\/logo\/image\/\"},\"sameAs\":[\"https:\/\/www.facebook.com\/Games4All.ee\"]}]}<\/script>\n<!-- \/ Yoast SEO plugin. -->","yoast_head_json":{"title":"Ainult \u00fcks | Parim lauam\u00e4ngude pood Eesti | Tallinn - Games4all","description":"Ainult \u00fcks | Hind: 25,99\u20ac | Osta Interneti-lauam\u00e4ngude poest Just One lauam\u00e4ng. Kiire kohaletoimetamine pakiautomaadiga | Games4all","robots":{"index":"index","follow":"follow","max-snippet":"max-snippet:-1","max-image-preview":"max-image-preview:large","max-video-preview":"max-video-preview:-1"},"canonical":"https:\/\/www.games4all.ee\/et\/toode\/ainult-uks\/","og_locale":"et_EE","og_type":"article","og_title":"Ainult \u00fcks | Parim lauam\u00e4ngude pood Eesti | Tallinn - Games4all","og_description":"Ainult \u00fcks | Hind: 25,99\u20ac | Osta Interneti-lauam\u00e4ngude poest Just One lauam\u00e4ng. Kiire kohaletoimetamine pakiautomaadiga | Games4all","og_url":"https:\/\/www.games4all.ee\/et\/toode\/ainult-uks\/","og_site_name":"Games4all","article_publisher":"https:\/\/www.facebook.com\/Games4All.ee","article_modified_time":"2025-11-23T13:05:53+00:00","og_image":[{"width":768,"height":1024,"url":"https:\/\/www.games4all.ee\/wp-content\/uploads\/2021\/02\/PhotoRoom_20210203_120336-768x1024.png","type":"image\/png"}],"twitter_card":"summary_large_image","twitter_misc":{"Est. reading time":"1 minut"},"schema":{"@context":"https:\/\/schema.org","@graph":[{"@type":["WebPage","ItemPage"],"@id":"https:\/\/www.games4all.ee\/et\/toode\/ainult-uks\/","url":"https:\/\/www.games4all.ee\/et\/toode\/ainult-uks\/","name":"Ainult \u00fcks | Parim lauam\u00e4ngude pood Eesti | Tallinn - Games4all","isPartOf":{"@id":"https:\/\/www.games4all.ee\/et\/#website"},"primaryImageOfPage":{"@id":"https:\/\/www.games4all.ee\/et\/toode\/ainult-uks\/#primaryimage"},"image":{"@id":"https:\/\/www.games4all.ee\/et\/toode\/ainult-uks\/#primaryimage"},"thumbnailUrl":"https:\/\/www.games4all.ee\/wp-content\/uploads\/2021\/02\/PhotoRoom_20210203_120336.png","datePublished":"2021-02-10T09:59:52+00:00","dateModified":"2025-11-23T13:05:53+00:00","description":"Ainult \u00fcks | Hind: 25,99\u20ac | Osta Interneti-lauam\u00e4ngude poest Just One lauam\u00e4ng. Kiire kohaletoimetamine pakiautomaadiga | Games4all","breadcrumb":{"@id":"https:\/\/www.games4all.ee\/et\/toode\/ainult-uks\/#breadcrumb"},"inLanguage":"et","potentialAction":[{"@type":"ReadAction","target":["https:\/\/www.games4all.ee\/et\/toode\/ainult-uks\/"]}]},{"@type":"ImageObject","inLanguage":"et","@id":"https:\/\/www.games4all.ee\/et\/toode\/ainult-uks\/#primaryimage","url":"https:\/\/www.games4all.ee\/wp-content\/uploads\/2021\/02\/PhotoRoom_20210203_120336.png","contentUrl":"https:\/\/www.games4all.ee\/wp-content\/uploads\/2021\/02\/PhotoRoom_20210203_120336.png","width":1512,"height":2016,"caption":"Eesti lauam\u00e4ngu \u201cAinult \u00dcks\u201d karp v\u00e4rvilise kolmnurkse kujundusega, peom\u00e4ngu auhinnam\u00e4rgiga, m\u00fc\u00fcgil Eestis ja Tallinnas."},{"@type":"BreadcrumbList","@id":"https:\/\/www.games4all.ee\/et\/toode\/ainult-uks\/#breadcrumb","itemListElement":[{"@type":"ListItem","position":1,"name":"\u0413\u043b\u0430\u0432\u043d\u0430\u044f \u0441\u0442\u0440\u0430\u043d\u0438\u0446\u0430","item":"https:\/\/www.games4all.ee\/et\/"},{"@type":"ListItem","position":2,"name":"M\u00e4ngude pood","item":"https:\/\/www.games4all.ee\/et\/mangude-pood\/"},{"@type":"ListItem","position":3,"name":"Ainult \u00fcks"}]},{"@type":"WebSite","@id":"https:\/\/www.games4all.ee\/et\/#website","url":"https:\/\/www.games4all.ee\/et\/","name":"Games4all","description":"Board games and more in Estonia","publisher":{"@id":"https:\/\/www.games4all.ee\/et\/#organization"},"potentialAction":[{"@type":"SearchAction","target":{"@type":"EntryPoint","urlTemplate":"https:\/\/www.games4all.ee\/et\/?s={search_term_string}"},"query-input":{"@type":"PropertyValueSpecification","valueRequired":true,"valueName":"search_term_string"}}],"inLanguage":"et"},{"@type":"Organization","@id":"https:\/\/www.games4all.ee\/et\/#organization","name":"Andan Group O\u00dc","url":"https:\/\/www.games4all.ee\/et\/","logo":{"@type":"ImageObject","inLanguage":"et","@id":"https:\/\/www.games4all.ee\/et\/#\/schema\/logo\/image\/","url":"https:\/\/www.games4all.ee\/wp-content\/uploads\/2023\/07\/GAMES4ALL-LOGO-1.png","contentUrl":"https:\/\/www.games4all.ee\/wp-content\/uploads\/2023\/07\/GAMES4ALL-LOGO-1.png","width":500,"height":500,"caption":"Andan Group O\u00dc"},"image":{"@id":"https:\/\/www.games4all.ee\/et\/#\/schema\/logo\/image\/"},"sameAs":["https:\/\/www.facebook.com\/Games4All.ee"]}]}},"_links":{"self":[{"href":"https:\/\/www.games4all.ee\/et\/wp-json\/wp\/v2\/product\/1590","targetHints":{"allow":["GET"]}}],"collection":[{"href":"https:\/\/www.games4all.ee\/et\/wp-json\/wp\/v2\/product"}],"about":[{"href":"https:\/\/www.games4all.ee\/et\/wp-json\/wp\/v2\/types\/product"}],"replies":[{"embeddable":true,"href":"https:\/\/www.games4all.ee\/et\/wp-json\/wp\/v2\/comments?post=1590"}],"wp:featuredmedia":[{"embeddable":true,"href":"https:\/\/www.games4all.ee\/et\/wp-json\/wp\/v2\/media\/1493"}],"wp:attachment":[{"href":"https:\/\/www.games4all.ee\/et\/wp-json\/wp\/v2\/media?parent=1590"}],"wp:term":[{"taxonomy":"product_brand","embeddable":true,"href":"https:\/\/www.games4all.ee\/et\/wp-json\/wp\/v2\/product_brand?post=1590"},{"taxonomy":"product_cat","embeddable":true,"href":"https:\/\/www.games4all.ee\/et\/wp-json\/wp\/v2\/product_cat?post=1590"},{"taxonomy":"product_tag","embeddable":true,"href":"https:\/\/www.games4all.ee\/et\/wp-json\/wp\/v2\/product_tag?post=1590"}],"curies":[{"name":"wp","href":"https:\/\/api.w.org\/{rel}","templated":true}]}}