{"id":65,"date":"2019-07-19T16:55:00","date_gmt":"2019-07-19T13:55:00","guid":{"rendered":"https:\/\/www.games4all.ee\/?page_id=65"},"modified":"2019-07-21T18:39:59","modified_gmt":"2019-07-21T15:39:59","slug":"kasutustingimused","status":"publish","type":"page","link":"https:\/\/www.games4all.ee\/et\/kasutustingimused\/","title":{"rendered":"Kasutustingimused"},"content":{"rendered":"\n<ol class=\"wp-block-list\"><li>Internetipoes saab osta kaupu valides \u00f5ige toode ja lisades toode ostukorvi. toodet ei saa osta, kui selle juures on m\u00e4rge&#8221;Sellist varianti kaupa pole rohkem laos, aga saadaval on teised variandid&#8221;. Kui Teid huvitab kaup, mis hetkel ei ole saadaval, soovitame v\u00f5tta meiega \u00fchendust meiliaadressil daniil.andangroup@gmail.com v\u00f5i telefoni teel +372 58069708, et saada infot kaupa saabumise kohta v\u00f5i esitada eritellimus.<\/li><li>Kaupade fotod on illustratiivse t\u00e4hendusega.<\/li><li>Kaupade hind ja k\u00e4ttesaadavus v\u00f5ivad muutuda.<br>\nOstja suhtes rakenduvad hinnad, mis on kehtivad tellimuse esitamisel. Kui tellimuse t\u00e4itmine ei ole v\u00f5imalik, siis v\u00f5tab internetipood ostjaga \u00fchendust ning tagastab raha. Internetipood j\u00e4tab endale  \u00f5iguse keelduda tehingust, kui hind oli m\u00e4rgitud vale( tehniline probleem, viga jne).Sellisel juhul tagastatakse raha kliendile.<br>\n4.Kui ostjal on kehtiv sooduskood, siis tasub vajutada lingil&#8221;Lisada korvi&#8221;, sisestada sooduskood  lahtris &#8220;Kupong&#8221; ja vajutada nuppu &#8220;OK&#8221;. S\u00fcsteem kuvab Teile uue soodushinna.<\/li><li>Ostja valib k\u00e4ttesaamisviisi ning -koha (Smartpost, Omniva). Kohaletoimetamistasud lisatakse kauba hinnale.<\/li><li>Kaupade eest saab tasuda pangalingi kaudu v\u00f5i \u00fclekandega.Kui kauba eest ei tasuta kahe p\u00e4eva jooksul, siis omab internetipood \u00f5igust t\u00fchistada tellimus.<\/li><li>Internetipoe partneriks ning maksete(pangalingi maksed ning kaardimaksed) vahendajaks on Maksekeskus AS.<\/li><li>Ostja kannab vastutust andmete \u00f5igsuse eest.M\u00fc\u00fcja ei vastuta tagaj\u00e4rgede eest, mis on p\u00f5hjustatud valesti esitatud andmete t\u00f5ttu.<\/li><li>Kaup toimetatakse ostjani 2-10 t\u00f6\u00f6p\u00e4eva jooksul.<\/li><li>Kui Te soovite osta kaupa firmana, siis t\u00e4ites ostukorvis lahtrit&#8221;Nimi v\u00f5i firma nimi&#8221;, Sisestage firma nimi ning lahtris &#8220;Perekonnanimi&#8221; sisestage f\u00fc\u00fcsilise isiku nimi, kellega saab vajadusel kontakteeruda.<\/li><li>Ostja omab \u00f5igust 14 p\u00e4eva jooksul teavitada internetipoodi soovist taganeda ostust.<br>\nTagastatav kaup peab olema originaalses komplektatsioonis, originaalpakendis ning olema kasutamata.Ostja tagastab kauba ja katab transpordikulud. Kauba peab tagastama www.games4all.ee aadressil Marati 3, Tallinn. Tagastades kaupa, palume saata meil aadressil daniil.andangroup@gmail.com sisuga: tagastatav kaup, arve number, pangakonto number, kuhu tuleb tagastada raha. Raha tagastatakse mitte kauem, kui 14 p\u00e4eva jooksul peale kauba tagastust.<br>\nKui Teil tekib k\u00fcsimusi, te soovite konsultatsiooni kauba kohta, palume \u00fchendust v\u00f5tta meiega meiliaadressil daniil.andangroup@gmail.com  v\u00f5i telefoni teel +372 58069708.<\/li><\/ol>\n","protected":false},"excerpt":{"rendered":"<p>Internetipoes saab osta kaupu valides \u00f5ige toode ja lisades toode ostukorvi. toodet ei saa osta, kui selle juures on m\u00e4rge&#8221;Sellist varianti kaupa pole rohkem laos, aga saadaval on teised variandid&#8221;. Kui Teid huvitab kaup, mis hetkel ei ole saadaval, soovitame v\u00f5tta meiega \u00fchendust meiliaadressil daniil.andangroup@gmail.com v\u00f5i telefoni teel +372 58069708, et saada infot kaupa saabumise [&hellip;]<\/p>\n","protected":false},"author":1,"featured_media":0,"parent":0,"menu_order":0,"comment_status":"closed","ping_status":"closed","template":"","meta":{"om_disable_all_campaigns":false,"site-sidebar-layout":"default","site-content-layout":"","ast-site-content-layout":"default","site-content-style":"default","site-sidebar-style":"default","ast-global-header-display":"","ast-banner-title-visibility":"","ast-main-header-display":"","ast-hfb-above-header-display":"","ast-hfb-below-header-display":"","ast-hfb-mobile-header-display":"","site-post-title":"","ast-breadcrumbs-content":"","ast-featured-img":"","footer-sml-layout":"","ast-disable-related-posts":"","theme-transparent-header-meta":"","adv-header-id-meta":"","stick-header-meta":"","header-above-stick-meta":"","header-main-stick-meta":"","header-below-stick-meta":"","astra-migrate-meta-layouts":"default","ast-page-background-enabled":"default","ast-page-background-meta":{"desktop":{"background-color":"var(--ast-global-color-4)","background-image":"","background-repeat":"repeat","background-position":"center center","background-size":"auto","background-attachment":"scroll","background-type":"","background-media":"","overlay-type":"","overlay-color":"","overlay-opacity":"","overlay-gradient":""},"tablet":{"background-color":"","background-image":"","background-repeat":"repeat","background-position":"center center","background-size":"auto","background-attachment":"scroll","background-type":"","background-media":"","overlay-type":"","overlay-color":"","overlay-opacity":"","overlay-gradient":""},"mobile":{"background-color":"","background-image":"","background-repeat":"repeat","background-position":"center center","background-size":"auto","background-attachment":"scroll","background-type":"","background-media":"","overlay-type":"","overlay-color":"","overlay-opacity":"","overlay-gradient":""}},"ast-content-background-meta":{"desktop":{"background-color":"var(--ast-global-color-5)","background-image":"","background-repeat":"repeat","background-position":"center center","background-size":"auto","background-attachment":"scroll","background-type":"","background-media":"","overlay-type":"","overlay-color":"","overlay-opacity":"","overlay-gradient":""},"tablet":{"background-color":"var(--ast-global-color-5)","background-image":"","background-repeat":"repeat","background-position":"center center","background-size":"auto","background-attachment":"scroll","background-type":"","background-media":"","overlay-type":"","overlay-color":"","overlay-opacity":"","overlay-gradient":""},"mobile":{"background-color":"var(--ast-global-color-5)","background-image":"","background-repeat":"repeat","background-position":"center center","background-size":"auto","background-attachment":"scroll","background-type":"","background-media":"","overlay-type":"","overlay-color":"","overlay-opacity":"","overlay-gradient":""}},"footnotes":""},"class_list":["post-65","page","type-page","status-publish","hentry"],"yoast_head":"<!-- This site is optimized with the Yoast SEO plugin v27.2 - https:\/\/yoast.com\/product\/yoast-seo-wordpress\/ -->\n<title>Kasutustingimused | Games4all<\/title>\n<meta name=\"robots\" content=\"noindex, follow\" \/>\n<meta property=\"og:locale\" content=\"et_EE\" \/>\n<meta property=\"og:type\" content=\"article\" \/>\n<meta property=\"og:title\" content=\"Kasutustingimused | Games4all\" \/>\n<meta property=\"og:description\" content=\"Internetipoes saab osta kaupu valides \u00f5ige toode ja lisades toode ostukorvi. toodet ei saa osta, kui selle juures on m\u00e4rge&#8221;Sellist varianti kaupa pole rohkem laos, aga saadaval on teised variandid&#8221;. Kui Teid huvitab kaup, mis hetkel ei ole saadaval, soovitame v\u00f5tta meiega \u00fchendust meiliaadressil daniil.andangroup@gmail.com v\u00f5i telefoni teel +372 58069708, et saada infot kaupa saabumise [&hellip;]\" \/>\n<meta property=\"og:url\" content=\"https:\/\/www.games4all.ee\/terms-and-conditions\/\" \/>\n<meta property=\"og:site_name\" content=\"Games4all\" \/>\n<meta property=\"article:publisher\" content=\"https:\/\/www.facebook.com\/Games4All.ee\" \/>\n<meta property=\"article:modified_time\" content=\"2019-07-21T15:39:59+00:00\" \/>\n<meta name=\"twitter:card\" content=\"summary_large_image\" \/>\n<meta name=\"twitter:label1\" content=\"Est. reading time\" \/>\n\t<meta name=\"twitter:data1\" content=\"2 minutit\" \/>\n<script type=\"application\/ld+json\" class=\"yoast-schema-graph\">{\"@context\":\"https:\/\/schema.org\",\"@graph\":[{\"@type\":\"WebPage\",\"@id\":\"https:\/\/www.games4all.ee\/terms-and-conditions\/\",\"url\":\"https:\/\/www.games4all.ee\/terms-and-conditions\/\",\"name\":\"Kasutustingimused | Games4all\",\"isPartOf\":{\"@id\":\"https:\/\/www.games4all.ee\/et\/#website\"},\"datePublished\":\"2019-07-19T13:55:00+00:00\",\"dateModified\":\"2019-07-21T15:39:59+00:00\",\"breadcrumb\":{\"@id\":\"https:\/\/www.games4all.ee\/terms-and-conditions\/#breadcrumb\"},\"inLanguage\":\"et\",\"potentialAction\":[{\"@type\":\"ReadAction\",\"target\":[\"https:\/\/www.games4all.ee\/terms-and-conditions\/\"]}]},{\"@type\":\"BreadcrumbList\",\"@id\":\"https:\/\/www.games4all.ee\/terms-and-conditions\/#breadcrumb\",\"itemListElement\":[{\"@type\":\"ListItem\",\"position\":1,\"name\":\"\u0413\u043b\u0430\u0432\u043d\u0430\u044f \u0441\u0442\u0440\u0430\u043d\u0438\u0446\u0430\",\"item\":\"https:\/\/www.games4all.ee\/et\/\"},{\"@type\":\"ListItem\",\"position\":2,\"name\":\"Kasutustingimused\"}]},{\"@type\":\"WebSite\",\"@id\":\"https:\/\/www.games4all.ee\/et\/#website\",\"url\":\"https:\/\/www.games4all.ee\/et\/\",\"name\":\"Games4all\",\"description\":\"Board games and more in Estonia\",\"publisher\":{\"@id\":\"https:\/\/www.games4all.ee\/et\/#organization\"},\"potentialAction\":[{\"@type\":\"SearchAction\",\"target\":{\"@type\":\"EntryPoint\",\"urlTemplate\":\"https:\/\/www.games4all.ee\/et\/?s={search_term_string}\"},\"query-input\":{\"@type\":\"PropertyValueSpecification\",\"valueRequired\":true,\"valueName\":\"search_term_string\"}}],\"inLanguage\":\"et\"},{\"@type\":\"Organization\",\"@id\":\"https:\/\/www.games4all.ee\/et\/#organization\",\"name\":\"Andan Group O\u00dc\",\"url\":\"https:\/\/www.games4all.ee\/et\/\",\"logo\":{\"@type\":\"ImageObject\",\"inLanguage\":\"et\",\"@id\":\"https:\/\/www.games4all.ee\/et\/#\/schema\/logo\/image\/\",\"url\":\"https:\/\/www.games4all.ee\/wp-content\/uploads\/2023\/07\/GAMES4ALL-LOGO-1.png\",\"contentUrl\":\"https:\/\/www.games4all.ee\/wp-content\/uploads\/2023\/07\/GAMES4ALL-LOGO-1.png\",\"width\":500,\"height\":500,\"caption\":\"Andan Group O\u00dc\"},\"image\":{\"@id\":\"https:\/\/www.games4all.ee\/et\/#\/schema\/logo\/image\/\"},\"sameAs\":[\"https:\/\/www.facebook.com\/Games4All.ee\"]}]}<\/script>\n<!-- \/ Yoast SEO plugin. -->","yoast_head_json":{"title":"Kasutustingimused | Games4all","robots":{"index":"noindex","follow":"follow"},"og_locale":"et_EE","og_type":"article","og_title":"Kasutustingimused | Games4all","og_description":"Internetipoes saab osta kaupu valides \u00f5ige toode ja lisades toode ostukorvi. toodet ei saa osta, kui selle juures on m\u00e4rge&#8221;Sellist varianti kaupa pole rohkem laos, aga saadaval on teised variandid&#8221;. Kui Teid huvitab kaup, mis hetkel ei ole saadaval, soovitame v\u00f5tta meiega \u00fchendust meiliaadressil daniil.andangroup@gmail.com v\u00f5i telefoni teel +372 58069708, et saada infot kaupa saabumise [&hellip;]","og_url":"https:\/\/www.games4all.ee\/terms-and-conditions\/","og_site_name":"Games4all","article_publisher":"https:\/\/www.facebook.com\/Games4All.ee","article_modified_time":"2019-07-21T15:39:59+00:00","twitter_card":"summary_large_image","twitter_misc":{"Est. reading time":"2 minutit"},"schema":{"@context":"https:\/\/schema.org","@graph":[{"@type":"WebPage","@id":"https:\/\/www.games4all.ee\/terms-and-conditions\/","url":"https:\/\/www.games4all.ee\/terms-and-conditions\/","name":"Kasutustingimused | Games4all","isPartOf":{"@id":"https:\/\/www.games4all.ee\/et\/#website"},"datePublished":"2019-07-19T13:55:00+00:00","dateModified":"2019-07-21T15:39:59+00:00","breadcrumb":{"@id":"https:\/\/www.games4all.ee\/terms-and-conditions\/#breadcrumb"},"inLanguage":"et","potentialAction":[{"@type":"ReadAction","target":["https:\/\/www.games4all.ee\/terms-and-conditions\/"]}]},{"@type":"BreadcrumbList","@id":"https:\/\/www.games4all.ee\/terms-and-conditions\/#breadcrumb","itemListElement":[{"@type":"ListItem","position":1,"name":"\u0413\u043b\u0430\u0432\u043d\u0430\u044f \u0441\u0442\u0440\u0430\u043d\u0438\u0446\u0430","item":"https:\/\/www.games4all.ee\/et\/"},{"@type":"ListItem","position":2,"name":"Kasutustingimused"}]},{"@type":"WebSite","@id":"https:\/\/www.games4all.ee\/et\/#website","url":"https:\/\/www.games4all.ee\/et\/","name":"Games4all","description":"Board games and more in Estonia","publisher":{"@id":"https:\/\/www.games4all.ee\/et\/#organization"},"potentialAction":[{"@type":"SearchAction","target":{"@type":"EntryPoint","urlTemplate":"https:\/\/www.games4all.ee\/et\/?s={search_term_string}"},"query-input":{"@type":"PropertyValueSpecification","valueRequired":true,"valueName":"search_term_string"}}],"inLanguage":"et"},{"@type":"Organization","@id":"https:\/\/www.games4all.ee\/et\/#organization","name":"Andan Group O\u00dc","url":"https:\/\/www.games4all.ee\/et\/","logo":{"@type":"ImageObject","inLanguage":"et","@id":"https:\/\/www.games4all.ee\/et\/#\/schema\/logo\/image\/","url":"https:\/\/www.games4all.ee\/wp-content\/uploads\/2023\/07\/GAMES4ALL-LOGO-1.png","contentUrl":"https:\/\/www.games4all.ee\/wp-content\/uploads\/2023\/07\/GAMES4ALL-LOGO-1.png","width":500,"height":500,"caption":"Andan Group O\u00dc"},"image":{"@id":"https:\/\/www.games4all.ee\/et\/#\/schema\/logo\/image\/"},"sameAs":["https:\/\/www.facebook.com\/Games4All.ee"]}]}},"_links":{"self":[{"href":"https:\/\/www.games4all.ee\/et\/wp-json\/wp\/v2\/pages\/65","targetHints":{"allow":["GET"]}}],"collection":[{"href":"https:\/\/www.games4all.ee\/et\/wp-json\/wp\/v2\/pages"}],"about":[{"href":"https:\/\/www.games4all.ee\/et\/wp-json\/wp\/v2\/types\/page"}],"author":[{"embeddable":true,"href":"https:\/\/www.games4all.ee\/et\/wp-json\/wp\/v2\/users\/1"}],"replies":[{"embeddable":true,"href":"https:\/\/www.games4all.ee\/et\/wp-json\/wp\/v2\/comments?post=65"}],"version-history":[{"count":2,"href":"https:\/\/www.games4all.ee\/et\/wp-json\/wp\/v2\/pages\/65\/revisions"}],"predecessor-version":[{"id":259,"href":"https:\/\/www.games4all.ee\/et\/wp-json\/wp\/v2\/pages\/65\/revisions\/259"}],"wp:attachment":[{"href":"https:\/\/www.games4all.ee\/et\/wp-json\/wp\/v2\/media?parent=65"}],"curies":[{"name":"wp","href":"https:\/\/api.w.org\/{rel}","templated":true}]}}