{"id":61,"date":"2019-07-19T16:10:04","date_gmt":"2019-07-19T13:10:04","guid":{"rendered":"https:\/\/www.games4all.ee\/?page_id=61"},"modified":"2019-07-29T13:45:51","modified_gmt":"2019-07-29T10:45:51","slug":"privaatsuspoliitika","status":"publish","type":"page","link":"https:\/\/www.games4all.ee\/et\/privaatsuspoliitika\/","title":{"rendered":"Privaatsuspoliitika"},"content":{"rendered":"\n<p><strong>ISIKUANDMETE T\u00d6\u00d6TLEMINE<\/strong><br> Veebipoe Games4all isikuandmete vastutav t\u00f6\u00f6tleja on <strong>www.games4all.ee<\/strong> (registrikood <strong>14751276<\/strong>) asukohaga <strong>Marati 3, Tallinn, tel +37258069708<\/strong> ja e-kiri daniil.andangroup@gmail.com.<\/p>\n\n\n\n<p><strong>Milliseid isikuandmeid t\u00f6\u00f6deldakse<\/strong><br> \u2212 nimi, telefoninumber ja e-posti aadress;<br> \u2212 kauba kohaletoimetamise aadress;<br> \u2212 pangakonto number;<br> \u2212 kaupade ja teenuste maksumus ja maksetega seotud andmed (ostuajalugu);<br> \u2212 klienditoe andmed.<\/p>\n\n\n\n<p><strong>Mis eesm\u00e4rgil isikuandmeid t\u00f6\u00f6deldakse<\/strong><br> Isikuandmeid kasutatakse kliendi tellimuste haldamiseks ja kauba kohaletoimetamiseks.<br> Ostuajaloo andmeid (ostu kuup\u00e4ev, kaup, kogus, kliendi andmed) kasutatakse ostetud kaupade ja<br> teenuste \u00fclevaate koostamiseks ning kliendieelistuste anal\u00fc\u00fcsimiseks.<br> Pangakonto numbrit kasutatakse kliendile maksete tagastamiseks.<br> Isikuandmeid nagu e-post, telefoni nr, kliendi nimi, t\u00f6\u00f6deldakse selleks, et lahendada kaupade ja<br> teenuste osutamise seonduvaid k\u00fcsimusi (klienditugi).<br> Veebipoe kasutaja IP-aadressi v\u00f5i teisi v\u00f5rguidentifikaatoreid t\u00f6\u00f6deldakse veebipoe kui<br> info\u00fchiskonna teenuse osutamiseks ning veebikasutusstatistika tegemiseks.<\/p>\n\n\n\n<p><strong>\u00d5iguslik alus<\/strong><br> Isikuandmete t\u00f6\u00f6tlemine toimub kliendiga s\u00f5lmitud lepingu t\u00e4itmise eesm\u00e4rgil.<br> Isikuandmete t\u00f6\u00f6tlemine toimub juriidilise kohustuse t\u00e4itmiseks (nt raamatupidamine ja<br> tarbijavaidluste lahendamine).<\/p>\n\n\n\n<p><strong>Vastuv\u00f5tjad, kellele isikuandmed edastatakse<\/strong><br> Isikuandmed edastatakse veebipoe klienditoele ostude ja ostuajaloo haldamiseks ja<br> kliendiprobleemide lahendamiseks. <br> Nimi, telefoninumber ja e-posti aadress edastatakse kliendi poolt valitud transporditeenuse<br> pakkujale. Kui tegemist on kulleriga kohale toimetatava kaubaga, siis edastatakse lisaks<br> kontaktandmetele ka kliendi aadress.<br> Kui veebipoe raamatupidamine toimub teenusepakkuja poolt, siis edastatakse isikuandmed<br> teenusepakkujale raamatupidamistoimingute tegemiseks.<br> Isikuandmeid v\u00f5idakse edastada infotehnoloogia teenuste pakkujatele, kui see on vajalik<br> veebipoe funktsionaalsuse v\u00f5i andmemajutuse tagamiseks.<br> Andan group O\u00dc on isikuandmete vastutav t\u00f6\u00f6tleja, Andan group O\u00dc edastab  maksete teostamiseks vajalikud isikuandmed volitatud t\u00f6\u00f6tleja  Maksekeskus AS-le <\/p>\n\n\n\n<p><br> Isikuandmed edastatakse veebipoe klienditoele ostude ja ostuajaloo haldamiseks ja<br> kliendiprobleemide lahendamiseks. <br> Nimi, telefoninumber ja e-posti aadress edastatakse kliendi poolt valitud transporditeenuse<br> pakkujale. Kui tegemist on kulleriga kohale toimetatava kaubaga, siis edastatakse lisaks<br> kontaktandmetele ka kliendi aadress.<br> Kui veebipoe raamatupidamine toimub teenusepakkuja poolt, siis edastatakse isikuandmed<br> teenusepakkujale raamatupidamistoimingute tegemiseks.<br> Isikuandmeid v\u00f5idakse edastada infotehnoloogia teenuste pakkujatele, kui see on vajalik<br> veebipoe funktsionaalsuse v\u00f5i andmemajutuse tagamiseks. <\/p>\n\n\n\n<p><strong>Turvalisus ja andmetele ligip\u00e4\u00e4s<\/strong><br> Isikuandmeid hoitakse zone.ee serverites, mis asuvad Euroopa Liidu liikmesriigi v\u00f5i Euroopa Liidu<br> majanduspiirkonnaga liitunud riikide territooriumil. Andmeid v\u00f5idakse edastada riikidesse, mille<br> andmekaitse taset on Euroopa Komisjon hinnanud piisavaks ning USA ettev\u00f5tetele, kes on<br> liitund andmekaitse kilbi (Privacy Shield) raamistikuga.<br> Juurdep\u00e4\u00e4s isikuandmetele on veebipoe t\u00f6\u00f6tajatel, kes saavad isikuandmetega tutvuda selleks, et<br> lahendada veebipoe kasutamisega seonduvaid tehnilisi k\u00fcsimusi ning osutada klienditoe teenust.<br> Veebipood rakendab asjakohaseid f\u00fc\u00fcsilisi, organisatsioonilisi ja infotehnilisi turvameetmeid, et<br> kaitsta isikuandmeid juhusliku v\u00f5i ebaseadusliku h\u00e4vitamise, kaotsimineku, muutmise v\u00f5i loata<br> juurdep\u00e4\u00e4su ja avalikustamise eest.<br> Isikuandmete edastamine veebipoe volitatud t\u00f6\u00f6tlejatele (nt transporditeenuse pakkuja ja<br> andmemajutus) toimub veebipoe ja volitatud t\u00f6\u00f6tlejatega s\u00f5lmitud lepingute alusel. Volitatud<br> t\u00f6\u00f6tlejaid on kohustatud tagama isikuandmete t\u00f6\u00f6tlemisel asjakohased kaitsemeetmed.<\/p>\n\n\n\n<p><strong>Isikuandmetega tutvumine ja parandamine<\/strong><br> Isikuandmetega saab tutvuda ja teha parandusi veebipoe kasutajaprofiilis. Kui ost on sooritatud<br> ilma kasutajakontota, siis saab tutvuda isikuandmetega klinditoe vahendusel.<\/p>\n\n\n\n<p><strong>N\u00f5usoleku tagasiv\u00f5tmine<\/strong><br> Kui isikundmete t\u00f6\u00f6tlemine toimub kliendi n\u00f5usoleku alusel, siis on kliendil \u00f5igus n\u00f5usolek<br> tagasi v\u00f5tta teavitades sellest kliendituge e-posti teel. <\/p>\n\n\n\n<p><strong>S\u00e4ilitamine<\/strong><br> Veebipoe kliendikonto sulgemisel kustutatakse isikuandmed, va juhul kui selliseid andmeid on<br> vaja s\u00e4ilitada raamatupidamise jaoks v\u00f5i tarbijavaidluste lahendamiseks.<br> Kui veebipoes on ost sooritatud ilma kliendikontota, siis s\u00e4ilitatakse ostuajalugu kolm aastat.<br> Maksetega ja tarbijavaidlustega seotud vaidluste korral s\u00e4ilitatakse isikuandmed kuni n\u00f5ude<br> t\u00e4itmiseni v\u00f5i aegumist\u00e4htaja l\u00f5puni.<br> Raamatupidamise jaoks vajalikud isikuandmed s\u00e4ilitatakse seitse aastat. <\/p>\n\n\n\n<p><strong>Kustutamine<\/strong><br> Isikuandmete kustutamiseks tuleb v\u00f5tta \u00fchendust klienditoega e-posti teel. Kustutamistaotlusele<br> vastatakse mitte hiljem kui kuu aja jooksul ning t\u00e4psustakse andmete kustutamise perioodi.<\/p>\n\n\n\n<p><strong>\u00dclekandmine<\/strong><br> E-posti teel esitatud isikuandmete \u00fclekandmise taotlusele vastatakse hiljemalt kuu aja jooksul.<br> Klienditugi tuvastab isikusamasuse ja teavitab isikuandmetest, mis kuuluvad \u00fclekandmisele.<\/p>\n\n\n\n<p><strong>Otseturustusteated<\/strong><br> E-kirja aadressi ja telefoninumbrit kasutatakse otseturundusteadete saatmiseks, kui klient on<br> andnud vastava n\u00f5usoleku. Kui klient ei soovi saada otseturustusteateid, siis tuleb valida e-kirja<br> jaluses vastav viide v\u00f5i v\u00f5tta \u00fchendust klienditoega.<\/p>\n\n\n\n<p><strong>Vaidluste lahendamine<\/strong><br> Isikuandmete t\u00f6\u00f6tlemisega seotud vaidluste lahendamine toimub klienditoe vahendusel<br> (www.games4all.ee , Marati 3, Tallinn, daniil.andangroup@gmail.com). J\u00e4relevalveasutus on Eesti Andmekaitse Inspektsioon (info@aki.ee).<\/p>\n","protected":false},"excerpt":{"rendered":"<p>ISIKUANDMETE T\u00d6\u00d6TLEMINE Veebipoe Games4all isikuandmete vastutav t\u00f6\u00f6tleja on www.games4all.ee (registrikood 14751276) asukohaga Marati 3, Tallinn, tel +37258069708 ja e-kiri daniil.andangroup@gmail.com. Milliseid isikuandmeid t\u00f6\u00f6deldakse \u2212 nimi, telefoninumber ja e-posti aadress; \u2212 kauba kohaletoimetamise aadress; \u2212 pangakonto number; \u2212 kaupade ja teenuste maksumus ja maksetega seotud andmed (ostuajalugu); \u2212 klienditoe andmed. Mis eesm\u00e4rgil isikuandmeid t\u00f6\u00f6deldakse Isikuandmeid kasutatakse [&hellip;]<\/p>\n","protected":false},"author":1,"featured_media":0,"parent":0,"menu_order":0,"comment_status":"closed","ping_status":"closed","template":"","meta":{"om_disable_all_campaigns":false,"site-sidebar-layout":"default","site-content-layout":"","ast-site-content-layout":"default","site-content-style":"default","site-sidebar-style":"default","ast-global-header-display":"","ast-banner-title-visibility":"","ast-main-header-display":"","ast-hfb-above-header-display":"","ast-hfb-below-header-display":"","ast-hfb-mobile-header-display":"","site-post-title":"","ast-breadcrumbs-content":"","ast-featured-img":"","footer-sml-layout":"","ast-disable-related-posts":"","theme-transparent-header-meta":"","adv-header-id-meta":"","stick-header-meta":"","header-above-stick-meta":"","header-main-stick-meta":"","header-below-stick-meta":"","astra-migrate-meta-layouts":"default","ast-page-background-enabled":"default","ast-page-background-meta":{"desktop":{"background-color":"var(--ast-global-color-4)","background-image":"","background-repeat":"repeat","background-position":"center center","background-size":"auto","background-attachment":"scroll","background-type":"","background-media":"","overlay-type":"","overlay-color":"","overlay-opacity":"","overlay-gradient":""},"tablet":{"background-color":"","background-image":"","background-repeat":"repeat","background-position":"center center","background-size":"auto","background-attachment":"scroll","background-type":"","background-media":"","overlay-type":"","overlay-color":"","overlay-opacity":"","overlay-gradient":""},"mobile":{"background-color":"","background-image":"","background-repeat":"repeat","background-position":"center center","background-size":"auto","background-attachment":"scroll","background-type":"","background-media":"","overlay-type":"","overlay-color":"","overlay-opacity":"","overlay-gradient":""}},"ast-content-background-meta":{"desktop":{"background-color":"var(--ast-global-color-5)","background-image":"","background-repeat":"repeat","background-position":"center center","background-size":"auto","background-attachment":"scroll","background-type":"","background-media":"","overlay-type":"","overlay-color":"","overlay-opacity":"","overlay-gradient":""},"tablet":{"background-color":"var(--ast-global-color-5)","background-image":"","background-repeat":"repeat","background-position":"center center","background-size":"auto","background-attachment":"scroll","background-type":"","background-media":"","overlay-type":"","overlay-color":"","overlay-opacity":"","overlay-gradient":""},"mobile":{"background-color":"var(--ast-global-color-5)","background-image":"","background-repeat":"repeat","background-position":"center center","background-size":"auto","background-attachment":"scroll","background-type":"","background-media":"","overlay-type":"","overlay-color":"","overlay-opacity":"","overlay-gradient":""}},"footnotes":""},"class_list":["post-61","page","type-page","status-publish","hentry"],"yoast_head":"<!-- This site is optimized with the Yoast SEO plugin v27.2 - https:\/\/yoast.com\/product\/yoast-seo-wordpress\/ -->\n<title>Privaatsuspoliitika | Games4all<\/title>\n<meta name=\"robots\" content=\"noindex, follow\" \/>\n<meta property=\"og:locale\" content=\"et_EE\" \/>\n<meta property=\"og:type\" content=\"article\" \/>\n<meta property=\"og:title\" content=\"Privaatsuspoliitika | Games4all\" \/>\n<meta property=\"og:description\" content=\"ISIKUANDMETE T\u00d6\u00d6TLEMINE Veebipoe Games4all isikuandmete vastutav t\u00f6\u00f6tleja on www.games4all.ee (registrikood 14751276) asukohaga Marati 3, Tallinn, tel +37258069708 ja e-kiri daniil.andangroup@gmail.com. Milliseid isikuandmeid t\u00f6\u00f6deldakse \u2212 nimi, telefoninumber ja e-posti aadress; \u2212 kauba kohaletoimetamise aadress; \u2212 pangakonto number; \u2212 kaupade ja teenuste maksumus ja maksetega seotud andmed (ostuajalugu); \u2212 klienditoe andmed. Mis eesm\u00e4rgil isikuandmeid t\u00f6\u00f6deldakse Isikuandmeid kasutatakse [&hellip;]\" \/>\n<meta property=\"og:url\" content=\"https:\/\/www.games4all.ee\/privacy-policy\/\" \/>\n<meta property=\"og:site_name\" content=\"Games4all\" \/>\n<meta property=\"article:publisher\" content=\"https:\/\/www.facebook.com\/Games4All.ee\" \/>\n<meta property=\"article:modified_time\" content=\"2019-07-29T10:45:51+00:00\" \/>\n<meta name=\"twitter:card\" content=\"summary_large_image\" \/>\n<meta name=\"twitter:label1\" content=\"Est. reading time\" \/>\n\t<meta name=\"twitter:data1\" content=\"3 minutit\" \/>\n<script type=\"application\/ld+json\" class=\"yoast-schema-graph\">{\"@context\":\"https:\/\/schema.org\",\"@graph\":[{\"@type\":\"WebPage\",\"@id\":\"https:\/\/www.games4all.ee\/privacy-policy\/\",\"url\":\"https:\/\/www.games4all.ee\/privacy-policy\/\",\"name\":\"Privaatsuspoliitika | Games4all\",\"isPartOf\":{\"@id\":\"https:\/\/www.games4all.ee\/et\/#website\"},\"datePublished\":\"2019-07-19T13:10:04+00:00\",\"dateModified\":\"2019-07-29T10:45:51+00:00\",\"breadcrumb\":{\"@id\":\"https:\/\/www.games4all.ee\/privacy-policy\/#breadcrumb\"},\"inLanguage\":\"et\",\"potentialAction\":[{\"@type\":\"ReadAction\",\"target\":[\"https:\/\/www.games4all.ee\/privacy-policy\/\"]}]},{\"@type\":\"BreadcrumbList\",\"@id\":\"https:\/\/www.games4all.ee\/privacy-policy\/#breadcrumb\",\"itemListElement\":[{\"@type\":\"ListItem\",\"position\":1,\"name\":\"\u0413\u043b\u0430\u0432\u043d\u0430\u044f \u0441\u0442\u0440\u0430\u043d\u0438\u0446\u0430\",\"item\":\"https:\/\/www.games4all.ee\/et\/\"},{\"@type\":\"ListItem\",\"position\":2,\"name\":\"Privaatsuspoliitika\"}]},{\"@type\":\"WebSite\",\"@id\":\"https:\/\/www.games4all.ee\/et\/#website\",\"url\":\"https:\/\/www.games4all.ee\/et\/\",\"name\":\"Games4all\",\"description\":\"Board games and more in Estonia\",\"publisher\":{\"@id\":\"https:\/\/www.games4all.ee\/et\/#organization\"},\"potentialAction\":[{\"@type\":\"SearchAction\",\"target\":{\"@type\":\"EntryPoint\",\"urlTemplate\":\"https:\/\/www.games4all.ee\/et\/?s={search_term_string}\"},\"query-input\":{\"@type\":\"PropertyValueSpecification\",\"valueRequired\":true,\"valueName\":\"search_term_string\"}}],\"inLanguage\":\"et\"},{\"@type\":\"Organization\",\"@id\":\"https:\/\/www.games4all.ee\/et\/#organization\",\"name\":\"Andan Group O\u00dc\",\"url\":\"https:\/\/www.games4all.ee\/et\/\",\"logo\":{\"@type\":\"ImageObject\",\"inLanguage\":\"et\",\"@id\":\"https:\/\/www.games4all.ee\/et\/#\/schema\/logo\/image\/\",\"url\":\"https:\/\/www.games4all.ee\/wp-content\/uploads\/2023\/07\/GAMES4ALL-LOGO-1.png\",\"contentUrl\":\"https:\/\/www.games4all.ee\/wp-content\/uploads\/2023\/07\/GAMES4ALL-LOGO-1.png\",\"width\":500,\"height\":500,\"caption\":\"Andan Group O\u00dc\"},\"image\":{\"@id\":\"https:\/\/www.games4all.ee\/et\/#\/schema\/logo\/image\/\"},\"sameAs\":[\"https:\/\/www.facebook.com\/Games4All.ee\"]}]}<\/script>\n<!-- \/ Yoast SEO plugin. -->","yoast_head_json":{"title":"Privaatsuspoliitika | Games4all","robots":{"index":"noindex","follow":"follow"},"og_locale":"et_EE","og_type":"article","og_title":"Privaatsuspoliitika | Games4all","og_description":"ISIKUANDMETE T\u00d6\u00d6TLEMINE Veebipoe Games4all isikuandmete vastutav t\u00f6\u00f6tleja on www.games4all.ee (registrikood 14751276) asukohaga Marati 3, Tallinn, tel +37258069708 ja e-kiri daniil.andangroup@gmail.com. Milliseid isikuandmeid t\u00f6\u00f6deldakse \u2212 nimi, telefoninumber ja e-posti aadress; \u2212 kauba kohaletoimetamise aadress; \u2212 pangakonto number; \u2212 kaupade ja teenuste maksumus ja maksetega seotud andmed (ostuajalugu); \u2212 klienditoe andmed. Mis eesm\u00e4rgil isikuandmeid t\u00f6\u00f6deldakse Isikuandmeid kasutatakse [&hellip;]","og_url":"https:\/\/www.games4all.ee\/privacy-policy\/","og_site_name":"Games4all","article_publisher":"https:\/\/www.facebook.com\/Games4All.ee","article_modified_time":"2019-07-29T10:45:51+00:00","twitter_card":"summary_large_image","twitter_misc":{"Est. reading time":"3 minutit"},"schema":{"@context":"https:\/\/schema.org","@graph":[{"@type":"WebPage","@id":"https:\/\/www.games4all.ee\/privacy-policy\/","url":"https:\/\/www.games4all.ee\/privacy-policy\/","name":"Privaatsuspoliitika | Games4all","isPartOf":{"@id":"https:\/\/www.games4all.ee\/et\/#website"},"datePublished":"2019-07-19T13:10:04+00:00","dateModified":"2019-07-29T10:45:51+00:00","breadcrumb":{"@id":"https:\/\/www.games4all.ee\/privacy-policy\/#breadcrumb"},"inLanguage":"et","potentialAction":[{"@type":"ReadAction","target":["https:\/\/www.games4all.ee\/privacy-policy\/"]}]},{"@type":"BreadcrumbList","@id":"https:\/\/www.games4all.ee\/privacy-policy\/#breadcrumb","itemListElement":[{"@type":"ListItem","position":1,"name":"\u0413\u043b\u0430\u0432\u043d\u0430\u044f \u0441\u0442\u0440\u0430\u043d\u0438\u0446\u0430","item":"https:\/\/www.games4all.ee\/et\/"},{"@type":"ListItem","position":2,"name":"Privaatsuspoliitika"}]},{"@type":"WebSite","@id":"https:\/\/www.games4all.ee\/et\/#website","url":"https:\/\/www.games4all.ee\/et\/","name":"Games4all","description":"Board games and more in Estonia","publisher":{"@id":"https:\/\/www.games4all.ee\/et\/#organization"},"potentialAction":[{"@type":"SearchAction","target":{"@type":"EntryPoint","urlTemplate":"https:\/\/www.games4all.ee\/et\/?s={search_term_string}"},"query-input":{"@type":"PropertyValueSpecification","valueRequired":true,"valueName":"search_term_string"}}],"inLanguage":"et"},{"@type":"Organization","@id":"https:\/\/www.games4all.ee\/et\/#organization","name":"Andan Group O\u00dc","url":"https:\/\/www.games4all.ee\/et\/","logo":{"@type":"ImageObject","inLanguage":"et","@id":"https:\/\/www.games4all.ee\/et\/#\/schema\/logo\/image\/","url":"https:\/\/www.games4all.ee\/wp-content\/uploads\/2023\/07\/GAMES4ALL-LOGO-1.png","contentUrl":"https:\/\/www.games4all.ee\/wp-content\/uploads\/2023\/07\/GAMES4ALL-LOGO-1.png","width":500,"height":500,"caption":"Andan Group O\u00dc"},"image":{"@id":"https:\/\/www.games4all.ee\/et\/#\/schema\/logo\/image\/"},"sameAs":["https:\/\/www.facebook.com\/Games4All.ee"]}]}},"_links":{"self":[{"href":"https:\/\/www.games4all.ee\/et\/wp-json\/wp\/v2\/pages\/61","targetHints":{"allow":["GET"]}}],"collection":[{"href":"https:\/\/www.games4all.ee\/et\/wp-json\/wp\/v2\/pages"}],"about":[{"href":"https:\/\/www.games4all.ee\/et\/wp-json\/wp\/v2\/types\/page"}],"author":[{"embeddable":true,"href":"https:\/\/www.games4all.ee\/et\/wp-json\/wp\/v2\/users\/1"}],"replies":[{"embeddable":true,"href":"https:\/\/www.games4all.ee\/et\/wp-json\/wp\/v2\/comments?post=61"}],"version-history":[{"count":5,"href":"https:\/\/www.games4all.ee\/et\/wp-json\/wp\/v2\/pages\/61\/revisions"}],"predecessor-version":[{"id":348,"href":"https:\/\/www.games4all.ee\/et\/wp-json\/wp\/v2\/pages\/61\/revisions\/348"}],"wp:attachment":[{"href":"https:\/\/www.games4all.ee\/et\/wp-json\/wp\/v2\/media?parent=61"}],"curies":[{"name":"wp","href":"https:\/\/api.w.org\/{rel}","templated":true}]}}