{"id":302,"date":"2019-07-24T23:12:40","date_gmt":"2019-07-24T20:12:40","guid":{"rendered":"https:\/\/www.games4all.ee\/?page_id=302"},"modified":"2019-07-29T13:56:16","modified_gmt":"2019-07-29T10:56:16","slug":"muugitingimused","status":"publish","type":"page","link":"https:\/\/www.games4all.ee\/et\/muugitingimused\/","title":{"rendered":"M\u00fc\u00fcgitingimused"},"content":{"rendered":"\n<p>\nVeebipoe GAMES4ALL.EE (edaspidi Veebipood) omanik on O\u00dc ANDAN GROUP (registrikood 14751276), asukohaga Tallinn, Marati 3, 11712 Harjumaa.<br><\/p>\n\n\n\n<p><strong>M\u00fc\u00fcgilepingu kehtivus, kauba-ja hinnainfo<\/strong><\/p>\n\n\n\n<p> K\u00f5ik maksed v\u00f5etakse vastu eurodes <br><\/p>\n\n\n\n<p>M\u00fc\u00fcgitingimused kehtivad Veebipoest kaupade ostmisel.<br><\/p>\n\n\n\n<p>Veebipoes m\u00fc\u00fcdavate toodete hinnad on m\u00e4rgitud toodete juurde. Hinnale lisandub tasu kauba k\u00e4ttetoimetamise eest.<br><\/p>\n\n\n\n<p>Kauba k\u00e4ttetoimetamise tasu s\u00f5ltub ostja asukohast ning k\u00e4ttetoimetamise viisist. K\u00e4ttetoimetamise tasu kuvatakse ostjale tellimuse vormistamisel.<br><\/p>\n\n\n\n<p>Teave kauba kohta on esitatud Veebipoes vahetult kauba juures.<br><\/p>\n\n\n\n<p><strong>Tellimuse vormistamine<\/strong><br><\/p>\n\n\n\n<p>Kauba tellimiseks tuleb lisada soovitud tooted ostukorvi.Tellimuse vormistamiseks tuleb t\u00e4ita n\u00f5utud andmev\u00e4ljad ning valida sobiv toodete kohaletoimetamise viis. Seej\u00e4rel kuvatakse ekraanile tasu suurus, mille saab tasuda pangalingi kaudu v\u00f5i muu makselahenduse abil.&nbsp;<br><\/p>\n\n\n\n<p>Leping j\u00f5ustub alates tasumisele kuuluva summa laekumisest Veebipoe arvelduskontole.&nbsp;<br><\/p>\n\n\n\n<p>Kui tellitud kaupa ei ole v\u00f5imalik tarnida seoses kauba l\u00f5ppemisega v\u00f5i muul p\u00f5hjusel, teavitatakse sellest ostjat esimesel v\u00f5imalusel ning tagastatakse tasutud raha (sh kauba k\u00e4ttetoimetamise kulud) viivitamata, kuid mitte hiljem kui 14 p\u00e4eva jooksul teate saatmisest.&nbsp;<br><\/p>\n\n\n\n<p><strong>Kohaletoimetamine<\/strong><br><\/p>\n\n\n\n<p>Kaupu saadetakse j\u00e4rgmistesse riikidesse: Eesti<br><\/p>\n\n\n\n<p>Kauba saatmiskulud kannab ostja ning vastav hinnainfo on kuvatud saatmisviisi juures.<br><\/p>\n\n\n\n<p>Eestisisesed saadetised j\u00f5uavad \u00fcldjuhul ostja m\u00e4\u00e4ratud sihtpunkti 3-7 t\u00f6\u00f6p\u00e4eva jooksul alates m\u00fc\u00fcgilepingu j\u00f5ustumist.<br><\/p>\n\n\n\n<p>Erandlikel juhtumitel on \u00f5igus kaup kohale toimetada kuni 45 kalendrip\u00e4eva jooksul.<br><\/p>\n\n\n\n<p><strong>Taganemis\u00f5igus<\/strong><br><\/p>\n\n\n\n<p>P\u00e4rast tellimuse k\u00e4ttesaamist on ostjal \u00f5igus e-poes s\u00f5lmitud lepingust taganeda 14 p\u00e4eva jooksul [olenevalt toodetest ei pruugi ostjal taganemise \u00f5igust olla, vastavad tooted ja teenused tuleb sellisel juhul loetleda ning need peavad vastama v\u00f5la\u00f5igusseaduse\u00a7 53 lg-s 4 loetletud tingimustele].<br><\/p>\n\n\n\n<p>Taganemis\u00f5igus ei kohaldu, kui ostjaks on juriidiline isik.<br><\/p>\n\n\n\n<p>14-p\u00e4evase tagastamis\u00f5iguse kasutamiseks ei tohi tellitud kaupa kasutada muul viisil kui on vajalik kauba olemuses, omadustes ja toimimises veendumiseks viisil nagu see on lubatud kauba testimiseks f\u00fc\u00fcsilises poes.&nbsp;<br><\/p>\n\n\n\n<p>Kui kaupa on kasutatud muuks otstarbeks kui on vajalik kauba olemuses, omadustes ja toimimises veendumiseks v\u00f5i sellel on kasutamise v\u00f5i kulumise m\u00e4rke, on Veebipoel \u00f5igus alandada tagastatavat tasu vastavalt kauba v\u00e4\u00e4rtuse v\u00e4henemisele.&nbsp;<br><\/p>\n\n\n\n<p>Kauba tagastamiseks tuleb esitada kauba ostmisest vabas vormis taganemise avaldus,  ning saata see e-posti aadressile <a href=\"mailto:daniil.andangroup@gmail.com\">daniil.andangroup@gmail.com<\/a> hiljemalt 14 p\u00e4eva jooksul kauba k\u00e4ttesaamisest.<br><\/p>\n\n\n\n<p>Kauba tagastamise kulud kannab ostja, v\u00e4lja arvatud juhul, kui tagastamise p\u00f5hjus seisneb asjaolus, et tagastamisele kuuluv asi ei vasta tellitule (nt vale v\u00f5i defektiga asi).<br><\/p>\n\n\n\n<p>Ostja peab kauba tagastama avalduse esitamisele j\u00e4rgneva 14 p\u00e4eva jooksul v\u00f5i esitama t\u00f5endi, et ta on eelnimetatud perioodi jooksul kauba \u00fcle andnud kauba vedajale.&nbsp;<br><\/p>\n\n\n\n<p>Veebipood tagastab tagastatava kauba k\u00e4ttesaamisel ostjale viivitamata, kuid mitte hiljem kui 14 p\u00e4eva m\u00f6\u00f6dumisel arvates taganemisavalduse saamisest, k\u00f5ik ostjalt lepingu alusel saadud tasud.<br><\/p>\n\n\n\n<p>Veebipood v\u00f5ib keelduda tagasimaksete tegemisest seni, kuni on lepingu esemeks oleva asja tagasi saanud v\u00f5i kuni ostja on esitanud t\u00f5endid, et onasja tagasi saatnud, s\u00f5ltuvalt sellest, kumb toimub varem.<br><\/p>\n\n\n\n<p>Kui ostja on s\u00f5naselgelt valinud Veebipoe pakutud k\u00f5ige odavamast tavap\u00e4rasest asja k\u00e4ttetoimetamise viisist erineva k\u00e4ttetoimetamise viisi, ei pea Veebipood tarbijale tagastama kulu, mis \u00fcletab tavap\u00e4rase k\u00e4ttetoimetamise viisiga seotud kulu.<br><\/p>\n\n\n\n<p>Veebipoel on \u00f5igus taganeda m\u00fc\u00fcgitehingust ning n\u00f5uda ostjalt tagasi kaup, kui kauba hind veebipoes on eksituse t\u00f5ttu m\u00e4rgitud oluliselt alla kauba turuhinna.&nbsp;<br><\/p>\n\n\n\n<p><strong>Pretensiooni esitamise \u00f5igus<\/strong><br><\/p>\n\n\n\n<p>Veebipood vastutab ostjale m\u00fc\u00fcdud kauba lepingutingimustele mittevastavuse v\u00f5i puuduse eest, mis oli olemas juba asja \u00fcleandmise hetkel ning mis ilmneb kuni \u00fche kuu jooksul, alates kauba \u00fcleandmisest ostjale. Vastava eelduse \u00fcmberl\u00fckkamine on Veebipoe kohustus.<br><\/p>\n\n\n\n<p>Ostjal on \u00f5igus puuduse ilmnemisel p\u00f6\u00f6rduda hiljemalt kahe kuu jooksul veebipoe poole, saates e-kirja&nbsp; aadressile <a href=\"mailto:daniil.andangroup@gmail.com\">daniil.andangroup@gmail.com<\/a> v\u00f5i helistada telefonil: +372 58069708.<br><\/p>\n\n\n\n<p>Veebipood ei vastuta puuduste eest, mis on tekkinud p\u00e4rast kauba \u00fcleandmist ostjale.<br><\/p>\n\n\n\n<p>Kui Veebipoest ostetud kaubal on puudused, mille eest Veebipood vastutab, parandab v\u00f5i asendab Veebipood puudusega kauba.Kui kaupa ei ole v\u00f5imalik parandada ega asendada,tagastab Veebipood ostjale k\u00f5ik m\u00fc\u00fcgilepinguga kaasnenud tasud.<br><\/p>\n\n\n\n<p>Veebipood vastab tarbija esitatud kaebusele kirjalikult v\u00f5i kirjalikku taasesitamist v\u00f5imaldavas vormis 15 p\u00e4eva jooksul.<br><\/p>\n\n\n\n<p><strong>Otseturustus ja isikuandmete t\u00f6\u00f6tlemine<\/strong>&nbsp;<br><\/p>\n\n\n\n<p>Veebipood kasutab ostja poolt sisestatud isikuandmeid (sh nimi, telefoninumber, aadress, e-maili aadress, pangarekvisiidid) ainult tellimuse t\u00f6\u00f6tlemiseks ning kauba ostjale saatmiseks.Veebipood edastab isikuandmeid veoteenust pakkuvale ettev\u00f5tetele selleks, et kohale toimetada kaupa.<\/p>\n\n\n\n<p>Veebipood saadab ostjale uudiskirju ning pakkumisi ostja e-maili aadressile ainult juhul, kui ostja on selleks avaldanud soovi sisestades veebilehel e-kirja aadressi ning andnud teada oma soovist otsepostituse teadete saamiseks.<br><\/p>\n\n\n\n<p>Ostjal on igal ajal v\u00f5imalik loobuda e-postile saadetavatest pakkumistest ja uudiskirjadest andes sellest meile teada e-kirja teel v\u00f5i j\u00e4rgides pakkumisi sisaldava e-kirjas toodud juhiseid.<\/p>\n\n\n\n<p><strong>Kasutustingimused<\/strong><\/p>\n\n\n\n<p>Internetipoes saab osta kaupu valides \u00f5ige toode ja lisades toode ostukorvi. toodet ei saa osta, kui selle juures on m\u00e4rge&#8221;Sellist varianti kaupa pole rohkem laos, aga saadaval on teised variandid&#8221;. Kui Teid huvitab kaup, mis hetkel ei ole saadaval, soovitame v\u00f5tta meiega \u00fchendust meiliaadressil daniil.andangroup@gmail.com v\u00f5i telefoni teel +372 58069708, et saada infot kaupa saabumise kohta v\u00f5i esitada eritellimus.<br>\nKaupade fotod on illustratiivse t\u00e4hendusega.<br>\nKaupade hind ja k\u00e4ttesaadavus v\u00f5ivad muutuda.<br>\nOstja suhtes rakenduvad hinnad, mis on kehtivad tellimuse esitamisel. Kui tellimuse t\u00e4itmine ei ole v\u00f5imalik, siis v\u00f5tab internetipood ostjaga \u00fchendust ning tagastab raha. Internetipood j\u00e4tab endale  \u00f5iguse keelduda tehingust, kui hind oli m\u00e4rgitud vale( tehniline probleem, viga jne).Sellisel juhul tagastatakse raha kliendile.<br>\nKui ostjal on kehtiv sooduskood, siis tasub vajutada lingil&#8221;Lisada korvi&#8221;, sisestada sooduskood  lahtris &#8220;Kupong&#8221; ja vajutada nuppu &#8220;OK&#8221;. S\u00fcsteem kuvab Teile uue soodushinna.<br>\nOstja valib k\u00e4ttesaamisviisi ning -koha (Smartpost, Omniva). Kohaletoimetamistasud lisatakse kauba hinnale.<br>\nKaupade eest saab tasuda pangalingi kaudu v\u00f5i \u00fclekandega.Kui kauba eest ei tasuta kahe p\u00e4eva jooksul, siis omab internetipood \u00f5igust t\u00fchistada tellimus.<br>\nInternetipoe partneriks ning maksete(pangalingi maksed ning kaardimaksed) vahendajaks on Maksekeskus AS.<br>\nOstja kannab vastutust andmete \u00f5igsuse eest.M\u00fc\u00fcja ei vastuta tagaj\u00e4rgede eest, mis on p\u00f5hjustatud valesti esitatud andmete t\u00f5ttu.<br>\nKaup toimetatakse ostjani 2-10 t\u00f6\u00f6p\u00e4eva jooksul.<br>\nKui Te soovite osta kaupa firmana, siis t\u00e4ites ostukorvis lahtrit&#8221;Nimi v\u00f5i firma nimi&#8221;, Sisestage firma nimi ning lahtris &#8220;Perekonnanimi&#8221; sisestage f\u00fc\u00fcsilise isiku nimi, kellega saab vajadusel kontakteeruda.<br>\nOstja omab \u00f5igust 14 p\u00e4eva jooksul teavitada internetipoodi soovist taganeda ostust.<br>\nTagastatav kaup peab olema originaalses komplektatsioonis, originaalpakendis ning olema kasutamata.Ostja tagastab kauba ja katab transpordikulud. Kauba peab tagastama www.games4all.ee aadressil Marati 3, Tallinn. Tagastades kaupa, palume saata meil aadressil daniil.andangroup@gmail.com sisuga: tagastatav kaup, arve number, pangakonto number, kuhu tuleb tagastada raha. Raha tagastatakse mitte kauem, kui 14 p\u00e4eva jooksul peale kauba tagastust.<br>\nKui Teil tekib k\u00fcsimusi, te soovite konsultatsiooni kauba kohta, palume \u00fchendust v\u00f5tta meiega meiliaadressil daniil.andangroup@gmail.com  v\u00f5i telefoni teel +372 58069708.<strong><br><\/strong><\/p>\n\n\n\n<p><strong>Vaidluste lahendamine<\/strong><br><\/p>\n\n\n\n<p>Kui ostjal on Veebipoe osas pretensioone, tuleb need saata e-kirja aadressile <a href=\"mailto:daniil.andangroup@gmail.com\">daniil.andangroup@gmail.com<\/a> v\u00f5i helistada telefonil: +372 58069708.&nbsp;<br><\/p>\n\n\n\n<p>Kui ostja ja Veebipood ei suuda lahenda vaidlust kokkuleppe teel, siis on ostjal v\u00f5imalik p\u00f6\u00f6rduda Tarbijavaidluste komisjoni poole. Menetlustingimustega saab tutvuda ning avaldust esitada siin. Tarbijavaidluste komisjoni p\u00e4devuses on lahendada ostja ja Veebipoe vahel s\u00f5lmitud lepingust tulenevaid vaidlusi. Ostja kaebuse l\u00e4bivaatamine komisjonis on tasuta.<br><\/p>\n\n\n\n<p>Ostja v\u00f5ib p\u00f6\u00f6rduda Euroopa Liidu tarbijavaidlusi lahendava platvormi poole.<br><\/p>\n","protected":false},"excerpt":{"rendered":"<p>Veebipoe GAMES4ALL.EE (edaspidi Veebipood) omanik on O\u00dc ANDAN GROUP (registrikood 14751276), asukohaga Tallinn, Marati 3, 11712 Harjumaa. M\u00fc\u00fcgilepingu kehtivus, kauba-ja hinnainfo K\u00f5ik maksed v\u00f5etakse vastu eurodes M\u00fc\u00fcgitingimused kehtivad Veebipoest kaupade ostmisel. Veebipoes m\u00fc\u00fcdavate toodete hinnad on m\u00e4rgitud toodete juurde. Hinnale lisandub tasu kauba k\u00e4ttetoimetamise eest. Kauba k\u00e4ttetoimetamise tasu s\u00f5ltub ostja asukohast ning k\u00e4ttetoimetamise viisist. K\u00e4ttetoimetamise [&hellip;]<\/p>\n","protected":false},"author":1,"featured_media":0,"parent":0,"menu_order":0,"comment_status":"closed","ping_status":"closed","template":"","meta":{"om_disable_all_campaigns":false,"site-sidebar-layout":"default","site-content-layout":"","ast-site-content-layout":"default","site-content-style":"default","site-sidebar-style":"default","ast-global-header-display":"","ast-banner-title-visibility":"","ast-main-header-display":"","ast-hfb-above-header-display":"","ast-hfb-below-header-display":"","ast-hfb-mobile-header-display":"","site-post-title":"","ast-breadcrumbs-content":"","ast-featured-img":"","footer-sml-layout":"","ast-disable-related-posts":"","theme-transparent-header-meta":"","adv-header-id-meta":"","stick-header-meta":"","header-above-stick-meta":"","header-main-stick-meta":"","header-below-stick-meta":"","astra-migrate-meta-layouts":"default","ast-page-background-enabled":"default","ast-page-background-meta":{"desktop":{"background-color":"var(--ast-global-color-4)","background-image":"","background-repeat":"repeat","background-position":"center center","background-size":"auto","background-attachment":"scroll","background-type":"","background-media":"","overlay-type":"","overlay-color":"","overlay-opacity":"","overlay-gradient":""},"tablet":{"background-color":"","background-image":"","background-repeat":"repeat","background-position":"center center","background-size":"auto","background-attachment":"scroll","background-type":"","background-media":"","overlay-type":"","overlay-color":"","overlay-opacity":"","overlay-gradient":""},"mobile":{"background-color":"","background-image":"","background-repeat":"repeat","background-position":"center center","background-size":"auto","background-attachment":"scroll","background-type":"","background-media":"","overlay-type":"","overlay-color":"","overlay-opacity":"","overlay-gradient":""}},"ast-content-background-meta":{"desktop":{"background-color":"var(--ast-global-color-5)","background-image":"","background-repeat":"repeat","background-position":"center center","background-size":"auto","background-attachment":"scroll","background-type":"","background-media":"","overlay-type":"","overlay-color":"","overlay-opacity":"","overlay-gradient":""},"tablet":{"background-color":"var(--ast-global-color-5)","background-image":"","background-repeat":"repeat","background-position":"center center","background-size":"auto","background-attachment":"scroll","background-type":"","background-media":"","overlay-type":"","overlay-color":"","overlay-opacity":"","overlay-gradient":""},"mobile":{"background-color":"var(--ast-global-color-5)","background-image":"","background-repeat":"repeat","background-position":"center center","background-size":"auto","background-attachment":"scroll","background-type":"","background-media":"","overlay-type":"","overlay-color":"","overlay-opacity":"","overlay-gradient":""}},"footnotes":""},"class_list":["post-302","page","type-page","status-publish","hentry"],"yoast_head":"<!-- This site is optimized with the Yoast SEO plugin v27.2 - https:\/\/yoast.com\/product\/yoast-seo-wordpress\/ -->\n<title>M\u00fc\u00fcgitingimused | Games4all<\/title>\n<meta name=\"robots\" content=\"noindex, follow\" \/>\n<meta property=\"og:locale\" content=\"et_EE\" \/>\n<meta property=\"og:type\" content=\"article\" \/>\n<meta property=\"og:title\" content=\"M\u00fc\u00fcgitingimused | Games4all\" \/>\n<meta property=\"og:description\" content=\"Veebipoe GAMES4ALL.EE (edaspidi Veebipood) omanik on O\u00dc ANDAN GROUP (registrikood 14751276), asukohaga Tallinn, Marati 3, 11712 Harjumaa. M\u00fc\u00fcgilepingu kehtivus, kauba-ja hinnainfo K\u00f5ik maksed v\u00f5etakse vastu eurodes M\u00fc\u00fcgitingimused kehtivad Veebipoest kaupade ostmisel. Veebipoes m\u00fc\u00fcdavate toodete hinnad on m\u00e4rgitud toodete juurde. Hinnale lisandub tasu kauba k\u00e4ttetoimetamise eest. Kauba k\u00e4ttetoimetamise tasu s\u00f5ltub ostja asukohast ning k\u00e4ttetoimetamise viisist. K\u00e4ttetoimetamise [&hellip;]\" \/>\n<meta property=\"og:url\" content=\"https:\/\/www.games4all.ee\/terms-of-sales\/\" \/>\n<meta property=\"og:site_name\" content=\"Games4all\" \/>\n<meta property=\"article:publisher\" content=\"https:\/\/www.facebook.com\/Games4All.ee\" \/>\n<meta property=\"article:modified_time\" content=\"2019-07-29T10:56:16+00:00\" \/>\n<meta name=\"twitter:card\" content=\"summary_large_image\" \/>\n<meta name=\"twitter:label1\" content=\"Est. reading time\" \/>\n\t<meta name=\"twitter:data1\" content=\"6 minutit\" \/>\n<script type=\"application\/ld+json\" class=\"yoast-schema-graph\">{\"@context\":\"https:\/\/schema.org\",\"@graph\":[{\"@type\":\"WebPage\",\"@id\":\"https:\/\/www.games4all.ee\/terms-of-sales\/\",\"url\":\"https:\/\/www.games4all.ee\/terms-of-sales\/\",\"name\":\"M\u00fc\u00fcgitingimused | Games4all\",\"isPartOf\":{\"@id\":\"https:\/\/www.games4all.ee\/et\/#website\"},\"datePublished\":\"2019-07-24T20:12:40+00:00\",\"dateModified\":\"2019-07-29T10:56:16+00:00\",\"breadcrumb\":{\"@id\":\"https:\/\/www.games4all.ee\/terms-of-sales\/#breadcrumb\"},\"inLanguage\":\"et\",\"potentialAction\":[{\"@type\":\"ReadAction\",\"target\":[\"https:\/\/www.games4all.ee\/terms-of-sales\/\"]}]},{\"@type\":\"BreadcrumbList\",\"@id\":\"https:\/\/www.games4all.ee\/terms-of-sales\/#breadcrumb\",\"itemListElement\":[{\"@type\":\"ListItem\",\"position\":1,\"name\":\"\u0413\u043b\u0430\u0432\u043d\u0430\u044f \u0441\u0442\u0440\u0430\u043d\u0438\u0446\u0430\",\"item\":\"https:\/\/www.games4all.ee\/et\/\"},{\"@type\":\"ListItem\",\"position\":2,\"name\":\"M\u00fc\u00fcgitingimused\"}]},{\"@type\":\"WebSite\",\"@id\":\"https:\/\/www.games4all.ee\/et\/#website\",\"url\":\"https:\/\/www.games4all.ee\/et\/\",\"name\":\"Games4all\",\"description\":\"Board games and more in Estonia\",\"publisher\":{\"@id\":\"https:\/\/www.games4all.ee\/et\/#organization\"},\"potentialAction\":[{\"@type\":\"SearchAction\",\"target\":{\"@type\":\"EntryPoint\",\"urlTemplate\":\"https:\/\/www.games4all.ee\/et\/?s={search_term_string}\"},\"query-input\":{\"@type\":\"PropertyValueSpecification\",\"valueRequired\":true,\"valueName\":\"search_term_string\"}}],\"inLanguage\":\"et\"},{\"@type\":\"Organization\",\"@id\":\"https:\/\/www.games4all.ee\/et\/#organization\",\"name\":\"Andan Group O\u00dc\",\"url\":\"https:\/\/www.games4all.ee\/et\/\",\"logo\":{\"@type\":\"ImageObject\",\"inLanguage\":\"et\",\"@id\":\"https:\/\/www.games4all.ee\/et\/#\/schema\/logo\/image\/\",\"url\":\"https:\/\/www.games4all.ee\/wp-content\/uploads\/2023\/07\/GAMES4ALL-LOGO-1.png\",\"contentUrl\":\"https:\/\/www.games4all.ee\/wp-content\/uploads\/2023\/07\/GAMES4ALL-LOGO-1.png\",\"width\":500,\"height\":500,\"caption\":\"Andan Group O\u00dc\"},\"image\":{\"@id\":\"https:\/\/www.games4all.ee\/et\/#\/schema\/logo\/image\/\"},\"sameAs\":[\"https:\/\/www.facebook.com\/Games4All.ee\"]}]}<\/script>\n<!-- \/ Yoast SEO plugin. -->","yoast_head_json":{"title":"M\u00fc\u00fcgitingimused | Games4all","robots":{"index":"noindex","follow":"follow"},"og_locale":"et_EE","og_type":"article","og_title":"M\u00fc\u00fcgitingimused | Games4all","og_description":"Veebipoe GAMES4ALL.EE (edaspidi Veebipood) omanik on O\u00dc ANDAN GROUP (registrikood 14751276), asukohaga Tallinn, Marati 3, 11712 Harjumaa. M\u00fc\u00fcgilepingu kehtivus, kauba-ja hinnainfo K\u00f5ik maksed v\u00f5etakse vastu eurodes M\u00fc\u00fcgitingimused kehtivad Veebipoest kaupade ostmisel. Veebipoes m\u00fc\u00fcdavate toodete hinnad on m\u00e4rgitud toodete juurde. Hinnale lisandub tasu kauba k\u00e4ttetoimetamise eest. Kauba k\u00e4ttetoimetamise tasu s\u00f5ltub ostja asukohast ning k\u00e4ttetoimetamise viisist. K\u00e4ttetoimetamise [&hellip;]","og_url":"https:\/\/www.games4all.ee\/terms-of-sales\/","og_site_name":"Games4all","article_publisher":"https:\/\/www.facebook.com\/Games4All.ee","article_modified_time":"2019-07-29T10:56:16+00:00","twitter_card":"summary_large_image","twitter_misc":{"Est. reading time":"6 minutit"},"schema":{"@context":"https:\/\/schema.org","@graph":[{"@type":"WebPage","@id":"https:\/\/www.games4all.ee\/terms-of-sales\/","url":"https:\/\/www.games4all.ee\/terms-of-sales\/","name":"M\u00fc\u00fcgitingimused | Games4all","isPartOf":{"@id":"https:\/\/www.games4all.ee\/et\/#website"},"datePublished":"2019-07-24T20:12:40+00:00","dateModified":"2019-07-29T10:56:16+00:00","breadcrumb":{"@id":"https:\/\/www.games4all.ee\/terms-of-sales\/#breadcrumb"},"inLanguage":"et","potentialAction":[{"@type":"ReadAction","target":["https:\/\/www.games4all.ee\/terms-of-sales\/"]}]},{"@type":"BreadcrumbList","@id":"https:\/\/www.games4all.ee\/terms-of-sales\/#breadcrumb","itemListElement":[{"@type":"ListItem","position":1,"name":"\u0413\u043b\u0430\u0432\u043d\u0430\u044f \u0441\u0442\u0440\u0430\u043d\u0438\u0446\u0430","item":"https:\/\/www.games4all.ee\/et\/"},{"@type":"ListItem","position":2,"name":"M\u00fc\u00fcgitingimused"}]},{"@type":"WebSite","@id":"https:\/\/www.games4all.ee\/et\/#website","url":"https:\/\/www.games4all.ee\/et\/","name":"Games4all","description":"Board games and more in Estonia","publisher":{"@id":"https:\/\/www.games4all.ee\/et\/#organization"},"potentialAction":[{"@type":"SearchAction","target":{"@type":"EntryPoint","urlTemplate":"https:\/\/www.games4all.ee\/et\/?s={search_term_string}"},"query-input":{"@type":"PropertyValueSpecification","valueRequired":true,"valueName":"search_term_string"}}],"inLanguage":"et"},{"@type":"Organization","@id":"https:\/\/www.games4all.ee\/et\/#organization","name":"Andan Group O\u00dc","url":"https:\/\/www.games4all.ee\/et\/","logo":{"@type":"ImageObject","inLanguage":"et","@id":"https:\/\/www.games4all.ee\/et\/#\/schema\/logo\/image\/","url":"https:\/\/www.games4all.ee\/wp-content\/uploads\/2023\/07\/GAMES4ALL-LOGO-1.png","contentUrl":"https:\/\/www.games4all.ee\/wp-content\/uploads\/2023\/07\/GAMES4ALL-LOGO-1.png","width":500,"height":500,"caption":"Andan Group O\u00dc"},"image":{"@id":"https:\/\/www.games4all.ee\/et\/#\/schema\/logo\/image\/"},"sameAs":["https:\/\/www.facebook.com\/Games4All.ee"]}]}},"_links":{"self":[{"href":"https:\/\/www.games4all.ee\/et\/wp-json\/wp\/v2\/pages\/302","targetHints":{"allow":["GET"]}}],"collection":[{"href":"https:\/\/www.games4all.ee\/et\/wp-json\/wp\/v2\/pages"}],"about":[{"href":"https:\/\/www.games4all.ee\/et\/wp-json\/wp\/v2\/types\/page"}],"author":[{"embeddable":true,"href":"https:\/\/www.games4all.ee\/et\/wp-json\/wp\/v2\/users\/1"}],"replies":[{"embeddable":true,"href":"https:\/\/www.games4all.ee\/et\/wp-json\/wp\/v2\/comments?post=302"}],"version-history":[{"count":3,"href":"https:\/\/www.games4all.ee\/et\/wp-json\/wp\/v2\/pages\/302\/revisions"}],"predecessor-version":[{"id":351,"href":"https:\/\/www.games4all.ee\/et\/wp-json\/wp\/v2\/pages\/302\/revisions\/351"}],"wp:attachment":[{"href":"https:\/\/www.games4all.ee\/et\/wp-json\/wp\/v2\/media?parent=302"}],"curies":[{"name":"wp","href":"https:\/\/api.w.org\/{rel}","templated":true}]}}