{"id":264,"date":"2019-07-22T14:44:54","date_gmt":"2019-07-22T11:44:54","guid":{"rendered":"https:\/\/www.games4all.ee\/?page_id=264"},"modified":"2021-02-05T16:36:00","modified_gmt":"2021-02-05T14:36:00","slug":"meist","status":"publish","type":"page","link":"https:\/\/www.games4all.ee\/et\/meist\/","title":{"rendered":"Meist"},"content":{"rendered":"\n<p>Games4 All &#8211; Lauam\u00e4ngude pood ja rohkem m\u00e4ngude kohta Eestis.<\/p>\n\n\n\n<p>Oleme alati \u00f5nnelikud, kui leiame teile parima m\u00e4ngu v\u00f5i aitame teid kingitusega s\u00f5brale v\u00f5i pereliikmele. Meie kaupluses on suur valik m\u00e4nge lastele ja t\u00e4iskasvanutele. Meil on ka p\u00f5nevaid m\u00e4nge suurele s\u00f5pruskonnale.<\/p>\n\n\n\n<p>Meie pood pakub j\u00e4rgmist t\u00fc\u00fcpi m\u00e4nge: <br>-Kaardim\u00e4ngud t\u00e4helepanu ja reaktsioonikiiruse jaoks v\u00f5i m\u00e4ngud punktide jaoks<br>-Lauam\u00e4ngud erinevatel teemadel  <br>-Uue p\u00f5lvkonna domino m\u00e4ngud<\/p>\n\n\n\n<p>Aitame teid meeleldi m\u00e4ngu valikul ja pakume teile selged ja arusaadavad m\u00e4ngureeglid. Meie meeskond korraldab ka lauam\u00e4ngu\u00f5htuid ja k\u00fclastame koole, et lastega m\u00e4nge m\u00e4ngida.<\/p>\n\n\n\n<p>Meie meeskond aitab teid hea meelega, kui teil on m\u00e4ngudega seoses raskusi v\u00f5i k\u00fcsimusi.<\/p>\n\n\n\n<div class=\"wp-block-button\"><a class=\"wp-block-button__link has-very-dark-gray-color has-luminous-vivid-amber-background-color has-text-color has-background\" href=\"https:\/\/www.games4all.ee\/shop\/\">Poodi<\/a><\/div>\n","protected":false},"excerpt":{"rendered":"<p>Games4 All &#8211; Lauam\u00e4ngude pood ja rohkem m\u00e4ngude kohta Eestis. Oleme alati \u00f5nnelikud, kui leiame teile parima m\u00e4ngu v\u00f5i aitame teid kingitusega s\u00f5brale v\u00f5i pereliikmele. Meie kaupluses on suur valik m\u00e4nge lastele ja t\u00e4iskasvanutele. Meil on ka p\u00f5nevaid m\u00e4nge suurele s\u00f5pruskonnale. Meie pood pakub j\u00e4rgmist t\u00fc\u00fcpi m\u00e4nge: -Kaardim\u00e4ngud t\u00e4helepanu ja reaktsioonikiiruse jaoks v\u00f5i m\u00e4ngud punktide [&hellip;]<\/p>\n","protected":false},"author":1,"featured_media":0,"parent":0,"menu_order":0,"comment_status":"closed","ping_status":"open","template":"","meta":{"om_disable_all_campaigns":false,"site-sidebar-layout":"default","site-content-layout":"","ast-site-content-layout":"default","site-content-style":"default","site-sidebar-style":"default","ast-global-header-display":"","ast-banner-title-visibility":"","ast-main-header-display":"","ast-hfb-above-header-display":"","ast-hfb-below-header-display":"","ast-hfb-mobile-header-display":"","site-post-title":"","ast-breadcrumbs-content":"","ast-featured-img":"","footer-sml-layout":"","ast-disable-related-posts":"","theme-transparent-header-meta":"","adv-header-id-meta":"","stick-header-meta":"","header-above-stick-meta":"","header-main-stick-meta":"","header-below-stick-meta":"","astra-migrate-meta-layouts":"default","ast-page-background-enabled":"default","ast-page-background-meta":{"desktop":{"background-color":"var(--ast-global-color-4)","background-image":"","background-repeat":"repeat","background-position":"center center","background-size":"auto","background-attachment":"scroll","background-type":"","background-media":"","overlay-type":"","overlay-color":"","overlay-opacity":"","overlay-gradient":""},"tablet":{"background-color":"","background-image":"","background-repeat":"repeat","background-position":"center center","background-size":"auto","background-attachment":"scroll","background-type":"","background-media":"","overlay-type":"","overlay-color":"","overlay-opacity":"","overlay-gradient":""},"mobile":{"background-color":"","background-image":"","background-repeat":"repeat","background-position":"center center","background-size":"auto","background-attachment":"scroll","background-type":"","background-media":"","overlay-type":"","overlay-color":"","overlay-opacity":"","overlay-gradient":""}},"ast-content-background-meta":{"desktop":{"background-color":"var(--ast-global-color-5)","background-image":"","background-repeat":"repeat","background-position":"center center","background-size":"auto","background-attachment":"scroll","background-type":"","background-media":"","overlay-type":"","overlay-color":"","overlay-opacity":"","overlay-gradient":""},"tablet":{"background-color":"var(--ast-global-color-5)","background-image":"","background-repeat":"repeat","background-position":"center center","background-size":"auto","background-attachment":"scroll","background-type":"","background-media":"","overlay-type":"","overlay-color":"","overlay-opacity":"","overlay-gradient":""},"mobile":{"background-color":"var(--ast-global-color-5)","background-image":"","background-repeat":"repeat","background-position":"center center","background-size":"auto","background-attachment":"scroll","background-type":"","background-media":"","overlay-type":"","overlay-color":"","overlay-opacity":"","overlay-gradient":""}},"footnotes":""},"class_list":["post-264","page","type-page","status-publish","hentry"],"yoast_head":"<!-- This site is optimized with the Yoast SEO plugin v27.2 - https:\/\/yoast.com\/product\/yoast-seo-wordpress\/ -->\n<title>Meist | Games4all<\/title>\n<meta name=\"robots\" content=\"noindex, follow\" \/>\n<meta property=\"og:locale\" content=\"et_EE\" \/>\n<meta property=\"og:type\" content=\"article\" \/>\n<meta property=\"og:title\" content=\"Meist | Games4all\" \/>\n<meta property=\"og:description\" content=\"Games4 All &#8211; Lauam\u00e4ngude pood ja rohkem m\u00e4ngude kohta Eestis. Oleme alati \u00f5nnelikud, kui leiame teile parima m\u00e4ngu v\u00f5i aitame teid kingitusega s\u00f5brale v\u00f5i pereliikmele. Meie kaupluses on suur valik m\u00e4nge lastele ja t\u00e4iskasvanutele. Meil on ka p\u00f5nevaid m\u00e4nge suurele s\u00f5pruskonnale. Meie pood pakub j\u00e4rgmist t\u00fc\u00fcpi m\u00e4nge: -Kaardim\u00e4ngud t\u00e4helepanu ja reaktsioonikiiruse jaoks v\u00f5i m\u00e4ngud punktide [&hellip;]\" \/>\n<meta property=\"og:url\" content=\"https:\/\/www.games4all.ee\/about-us\/\" \/>\n<meta property=\"og:site_name\" content=\"Games4all\" \/>\n<meta property=\"article:publisher\" content=\"https:\/\/www.facebook.com\/Games4All.ee\" \/>\n<meta property=\"article:modified_time\" content=\"2021-02-05T14:36:00+00:00\" \/>\n<meta name=\"twitter:card\" content=\"summary_large_image\" \/>\n<meta name=\"twitter:label1\" content=\"Est. reading time\" \/>\n\t<meta name=\"twitter:data1\" content=\"1 minut\" \/>\n<script type=\"application\/ld+json\" class=\"yoast-schema-graph\">{\"@context\":\"https:\/\/schema.org\",\"@graph\":[{\"@type\":\"WebPage\",\"@id\":\"https:\/\/www.games4all.ee\/about-us\/\",\"url\":\"https:\/\/www.games4all.ee\/about-us\/\",\"name\":\"Meist | Games4all\",\"isPartOf\":{\"@id\":\"https:\/\/www.games4all.ee\/et\/#website\"},\"datePublished\":\"2019-07-22T11:44:54+00:00\",\"dateModified\":\"2021-02-05T14:36:00+00:00\",\"breadcrumb\":{\"@id\":\"https:\/\/www.games4all.ee\/about-us\/#breadcrumb\"},\"inLanguage\":\"et\",\"potentialAction\":[{\"@type\":\"ReadAction\",\"target\":[\"https:\/\/www.games4all.ee\/about-us\/\"]}]},{\"@type\":\"BreadcrumbList\",\"@id\":\"https:\/\/www.games4all.ee\/about-us\/#breadcrumb\",\"itemListElement\":[{\"@type\":\"ListItem\",\"position\":1,\"name\":\"\u0413\u043b\u0430\u0432\u043d\u0430\u044f \u0441\u0442\u0440\u0430\u043d\u0438\u0446\u0430\",\"item\":\"https:\/\/www.games4all.ee\/et\/\"},{\"@type\":\"ListItem\",\"position\":2,\"name\":\"Meist\"}]},{\"@type\":\"WebSite\",\"@id\":\"https:\/\/www.games4all.ee\/et\/#website\",\"url\":\"https:\/\/www.games4all.ee\/et\/\",\"name\":\"Games4all\",\"description\":\"Board games and more in Estonia\",\"publisher\":{\"@id\":\"https:\/\/www.games4all.ee\/et\/#organization\"},\"potentialAction\":[{\"@type\":\"SearchAction\",\"target\":{\"@type\":\"EntryPoint\",\"urlTemplate\":\"https:\/\/www.games4all.ee\/et\/?s={search_term_string}\"},\"query-input\":{\"@type\":\"PropertyValueSpecification\",\"valueRequired\":true,\"valueName\":\"search_term_string\"}}],\"inLanguage\":\"et\"},{\"@type\":\"Organization\",\"@id\":\"https:\/\/www.games4all.ee\/et\/#organization\",\"name\":\"Andan Group O\u00dc\",\"url\":\"https:\/\/www.games4all.ee\/et\/\",\"logo\":{\"@type\":\"ImageObject\",\"inLanguage\":\"et\",\"@id\":\"https:\/\/www.games4all.ee\/et\/#\/schema\/logo\/image\/\",\"url\":\"https:\/\/www.games4all.ee\/wp-content\/uploads\/2023\/07\/GAMES4ALL-LOGO-1.png\",\"contentUrl\":\"https:\/\/www.games4all.ee\/wp-content\/uploads\/2023\/07\/GAMES4ALL-LOGO-1.png\",\"width\":500,\"height\":500,\"caption\":\"Andan Group O\u00dc\"},\"image\":{\"@id\":\"https:\/\/www.games4all.ee\/et\/#\/schema\/logo\/image\/\"},\"sameAs\":[\"https:\/\/www.facebook.com\/Games4All.ee\"]}]}<\/script>\n<!-- \/ Yoast SEO plugin. -->","yoast_head_json":{"title":"Meist | Games4all","robots":{"index":"noindex","follow":"follow"},"og_locale":"et_EE","og_type":"article","og_title":"Meist | Games4all","og_description":"Games4 All &#8211; Lauam\u00e4ngude pood ja rohkem m\u00e4ngude kohta Eestis. Oleme alati \u00f5nnelikud, kui leiame teile parima m\u00e4ngu v\u00f5i aitame teid kingitusega s\u00f5brale v\u00f5i pereliikmele. Meie kaupluses on suur valik m\u00e4nge lastele ja t\u00e4iskasvanutele. Meil on ka p\u00f5nevaid m\u00e4nge suurele s\u00f5pruskonnale. Meie pood pakub j\u00e4rgmist t\u00fc\u00fcpi m\u00e4nge: -Kaardim\u00e4ngud t\u00e4helepanu ja reaktsioonikiiruse jaoks v\u00f5i m\u00e4ngud punktide [&hellip;]","og_url":"https:\/\/www.games4all.ee\/about-us\/","og_site_name":"Games4all","article_publisher":"https:\/\/www.facebook.com\/Games4All.ee","article_modified_time":"2021-02-05T14:36:00+00:00","twitter_card":"summary_large_image","twitter_misc":{"Est. reading time":"1 minut"},"schema":{"@context":"https:\/\/schema.org","@graph":[{"@type":"WebPage","@id":"https:\/\/www.games4all.ee\/about-us\/","url":"https:\/\/www.games4all.ee\/about-us\/","name":"Meist | Games4all","isPartOf":{"@id":"https:\/\/www.games4all.ee\/et\/#website"},"datePublished":"2019-07-22T11:44:54+00:00","dateModified":"2021-02-05T14:36:00+00:00","breadcrumb":{"@id":"https:\/\/www.games4all.ee\/about-us\/#breadcrumb"},"inLanguage":"et","potentialAction":[{"@type":"ReadAction","target":["https:\/\/www.games4all.ee\/about-us\/"]}]},{"@type":"BreadcrumbList","@id":"https:\/\/www.games4all.ee\/about-us\/#breadcrumb","itemListElement":[{"@type":"ListItem","position":1,"name":"\u0413\u043b\u0430\u0432\u043d\u0430\u044f \u0441\u0442\u0440\u0430\u043d\u0438\u0446\u0430","item":"https:\/\/www.games4all.ee\/et\/"},{"@type":"ListItem","position":2,"name":"Meist"}]},{"@type":"WebSite","@id":"https:\/\/www.games4all.ee\/et\/#website","url":"https:\/\/www.games4all.ee\/et\/","name":"Games4all","description":"Board games and more in Estonia","publisher":{"@id":"https:\/\/www.games4all.ee\/et\/#organization"},"potentialAction":[{"@type":"SearchAction","target":{"@type":"EntryPoint","urlTemplate":"https:\/\/www.games4all.ee\/et\/?s={search_term_string}"},"query-input":{"@type":"PropertyValueSpecification","valueRequired":true,"valueName":"search_term_string"}}],"inLanguage":"et"},{"@type":"Organization","@id":"https:\/\/www.games4all.ee\/et\/#organization","name":"Andan Group O\u00dc","url":"https:\/\/www.games4all.ee\/et\/","logo":{"@type":"ImageObject","inLanguage":"et","@id":"https:\/\/www.games4all.ee\/et\/#\/schema\/logo\/image\/","url":"https:\/\/www.games4all.ee\/wp-content\/uploads\/2023\/07\/GAMES4ALL-LOGO-1.png","contentUrl":"https:\/\/www.games4all.ee\/wp-content\/uploads\/2023\/07\/GAMES4ALL-LOGO-1.png","width":500,"height":500,"caption":"Andan Group O\u00dc"},"image":{"@id":"https:\/\/www.games4all.ee\/et\/#\/schema\/logo\/image\/"},"sameAs":["https:\/\/www.facebook.com\/Games4All.ee"]}]}},"_links":{"self":[{"href":"https:\/\/www.games4all.ee\/et\/wp-json\/wp\/v2\/pages\/264","targetHints":{"allow":["GET"]}}],"collection":[{"href":"https:\/\/www.games4all.ee\/et\/wp-json\/wp\/v2\/pages"}],"about":[{"href":"https:\/\/www.games4all.ee\/et\/wp-json\/wp\/v2\/types\/page"}],"author":[{"embeddable":true,"href":"https:\/\/www.games4all.ee\/et\/wp-json\/wp\/v2\/users\/1"}],"replies":[{"embeddable":true,"href":"https:\/\/www.games4all.ee\/et\/wp-json\/wp\/v2\/comments?post=264"}],"version-history":[{"count":18,"href":"https:\/\/www.games4all.ee\/et\/wp-json\/wp\/v2\/pages\/264\/revisions"}],"predecessor-version":[{"id":1582,"href":"https:\/\/www.games4all.ee\/et\/wp-json\/wp\/v2\/pages\/264\/revisions\/1582"}],"wp:attachment":[{"href":"https:\/\/www.games4all.ee\/et\/wp-json\/wp\/v2\/media?parent=264"}],"curies":[{"name":"wp","href":"https:\/\/api.w.org\/{rel}","templated":true}]}}